{"id":4018,"date":"2022-03-18T09:22:08","date_gmt":"2022-03-18T08:22:08","guid":{"rendered":"https:\/\/semmelweis.hu\/parodontologia\/?page_id=4018"},"modified":"2022-09-27T12:44:27","modified_gmt":"2022-09-27T10:44:27","slug":"betegjogi-kepviselo","status":"publish","type":"page","link":"https:\/\/semmelweis.hu\/parodontologia\/betegellatas\/betegjogi-kepviselo\/","title":{"rendered":"Betegjogi k\u00e9pvisel\u0151"},"content":{"rendered":"<p>Panasz\u00e1val fordulhat a ter\u00fcletileg illet\u00e9kes betegjogi k\u00e9pvisel\u0151h\u00f6z is.\u00a0<\/p>\n<p><strong>A JOGV\u00c9DELMI K\u00c9PVISEL\u0150 AZ INTEGR\u00c1LT JOGV\u00c9DELMI SZOLG\u00c1LAT (IJSZ) MUNKAT\u00c1RSA.\u00a0A JOGV\u00c9DELMI K\u00c9PVISEL\u0150 AZ EG\u00c9SZS\u00c9G\u00dcGYI INT\u00c9ZM\u00c9NYT\u0150L F\u00dcGGETLEN SZEM\u00c9LY.<\/strong><\/p>\n<p><strong>Ter\u00fcletileg illet\u00e9kes betegjogi k\u00e9pvisel\u0151:<br \/>\nDr. Lengyel Ingrid<\/strong><\/p>\n<p><strong>Telefonsz\u00e1ma: 0620\/4899-609<br \/>\n<\/strong>melyen el\u00e9rhet\u0151:<br \/>\n<em>h\u00e9tf\u0151t\u0151l-cs\u00fct\u00f6rt\u00f6kig<\/em>\u00a008:00 \u2013 16:30,\u00a0<br \/>\n<em>p\u00e9nteken<\/em>\u00a008:00 \u2013 14:00 \u00f3ra k\u00f6z\u00f6tt<\/p>\n<p><strong>E-mail c\u00edme:\u00a0<\/strong><a href=\"mailto:ingrid.lengyel@ijb.emmi.gov.hu\">ingrid.lengyel@ijsz.bm.gov.hu<\/a><\/p>\n<p><strong>Fogad\u00f3\u00f3ra<\/strong>: telefonos egyeztet\u00e9st k\u00f6vet\u0151en\u00a0<\/p>\n<p>A fenti el\u00e9rhet\u0151s\u00e9gek sikertelens\u00e9ge eset\u00e9n az <strong><u>IJSZ z\u00f6ldsz\u00e1ma h\u00edvhat\u00f3<\/u>: 06\/80\/620-055<\/strong><\/p>\n","protected":false},"excerpt":{"rendered":"<p>Panasz\u00e1val fordulhat a ter\u00fcletileg illet\u00e9kes betegjogi k\u00e9pvisel\u0151h\u00f6z is.\u00a0 A JOGV\u00c9DELMI K\u00c9PVISEL\u0150 AZ INTEGR\u00c1LT JOGV\u00c9DELMI SZOLG\u00c1LAT (IJSZ) MUNKAT\u00c1RSA.\u00a0A JOGV\u00c9DELMI K\u00c9PVISEL\u0150 AZ EG\u00c9SZS\u00c9G\u00dcGYI INT\u00c9ZM\u00c9NYT\u0150L F\u00dcGGETLEN SZEM\u00c9LY. Ter\u00fcletileg illet\u00e9kes betegjogi k\u00e9pvisel\u0151: Dr. Lengyel Ingrid Telefonsz\u00e1ma: 0620\/4899-609 melyen el\u00e9rhet\u0151: h\u00e9tf\u0151t\u0151l-cs\u00fct\u00f6rt\u00f6kig\u00a008:00 \u2013 16:30,\u00a0 p\u00e9nteken\u00a008:00 \u2013 14:00 \u00f3ra k\u00f6z\u00f6tt E-mail c\u00edme:\u00a0 <a href=\"mailto:ingrid.lengyel@ijb.emmi.gov.hu\">ingrid.lengyel@ijsz.bm.gov.hu<\/a> Fogad\u00f3\u00f3ra: telefonos egyeztet\u00e9st k\u00f6vet\u0151en\u00a0 A fenti el\u00e9rhet\u0151s\u00e9gek sikertelens\u00e9ge eset\u00e9n az &hellip;<\/p>\n","protected":false},"author":101509,"featured_media":0,"parent":2089,"menu_order":7,"comment_status":"closed","ping_status":"closed","template":"","meta":{"_acf_changed":false,"footnotes":""},"categories":[],"tags":[],"class_list":["post-4018","page","type-page","status-publish","hentry"],"acf":[],"_links":{"self":[{"href":"https:\/\/semmelweis.hu\/parodontologia\/wp-json\/wp\/v2\/pages\/4018","targetHints":{"allow":["GET"]}}],"collection":[{"href":"https:\/\/semmelweis.hu\/parodontologia\/wp-json\/wp\/v2\/pages"}],"about":[{"href":"https:\/\/semmelweis.hu\/parodontologia\/wp-json\/wp\/v2\/types\/page"}],"author":[{"embeddable":true,"href":"https:\/\/semmelweis.hu\/parodontologia\/wp-json\/wp\/v2\/users\/101509"}],"replies":[{"embeddable":true,"href":"https:\/\/semmelweis.hu\/parodontologia\/wp-json\/wp\/v2\/comments?post=4018"}],"version-history":[{"count":3,"href":"https:\/\/semmelweis.hu\/parodontologia\/wp-json\/wp\/v2\/pages\/4018\/revisions"}],"predecessor-version":[{"id":4146,"href":"https:\/\/semmelweis.hu\/parodontologia\/wp-json\/wp\/v2\/pages\/4018\/revisions\/4146"}],"up":[{"embeddable":true,"href":"https:\/\/semmelweis.hu\/parodontologia\/wp-json\/wp\/v2\/pages\/2089"}],"wp:attachment":[{"href":"https:\/\/semmelweis.hu\/parodontologia\/wp-json\/wp\/v2\/media?parent=4018"}],"wp:term":[{"taxonomy":"category","embeddable":true,"href":"https:\/\/semmelweis.hu\/parodontologia\/wp-json\/wp\/v2\/categories?post=4018"},{"taxonomy":"post_tag","embeddable":true,"href":"https:\/\/semmelweis.hu\/parodontologia\/wp-json\/wp\/v2\/tags?post=4018"}],"curies":[{"name":"wp","href":"https:\/\/api.w.org\/{rel}","templated":true}]}}