{"id":3130,"date":"2020-09-07T17:37:17","date_gmt":"2020-09-07T15:37:17","guid":{"rendered":"https:\/\/semmelweis.hu\/parodontologia\/?page_id=3130"},"modified":"2022-01-19T13:55:53","modified_gmt":"2022-01-19T12:55:53","slug":"uj-szabaly","status":"publish","type":"page","link":"https:\/\/semmelweis.hu\/parodontologia\/munkatarsak\/uj-szabaly\/","title":{"rendered":"J\u00e1rv\u00e1ny\u00fcgyi utas\u00edt\u00e1sok, ir\u00e1nymutat\u00e1sok munkat\u00e1rsainknak"},"content":{"rendered":"","protected":true},"excerpt":{"rendered":"","protected":true},"author":356,"featured_media":0,"parent":31,"menu_order":0,"comment_status":"closed","ping_status":"closed","template":"","meta":{"_acf_changed":false,"footnotes":""},"categories":[],"tags":[],"class_list":["post-3130","page","type-page","status-publish","post-password-required","hentry"],"acf":[],"_links":{"self":[{"href":"https:\/\/semmelweis.hu\/parodontologia\/wp-json\/wp\/v2\/pages\/3130","targetHints":{"allow":["GET"]}}],"collection":[{"href":"https:\/\/semmelweis.hu\/parodontologia\/wp-json\/wp\/v2\/pages"}],"about":[{"href":"https:\/\/semmelweis.hu\/parodontologia\/wp-json\/wp\/v2\/types\/page"}],"author":[{"embeddable":true,"href":"https:\/\/semmelweis.hu\/parodontologia\/wp-json\/wp\/v2\/users\/356"}],"replies":[{"embeddable":true,"href":"https:\/\/semmelweis.hu\/parodontologia\/wp-json\/wp\/v2\/comments?post=3130"}],"version-history":[{"count":11,"href":"https:\/\/semmelweis.hu\/parodontologia\/wp-json\/wp\/v2\/pages\/3130\/revisions"}],"predecessor-version":[{"id":3965,"href":"https:\/\/semmelweis.hu\/parodontologia\/wp-json\/wp\/v2\/pages\/3130\/revisions\/3965"}],"up":[{"embeddable":true,"href":"https:\/\/semmelweis.hu\/parodontologia\/wp-json\/wp\/v2\/pages\/31"}],"wp:attachment":[{"href":"https:\/\/semmelweis.hu\/parodontologia\/wp-json\/wp\/v2\/media?parent=3130"}],"wp:term":[{"taxonomy":"category","embeddable":true,"href":"https:\/\/semmelweis.hu\/parodontologia\/wp-json\/wp\/v2\/categories?post=3130"},{"taxonomy":"post_tag","embeddable":true,"href":"https:\/\/semmelweis.hu\/parodontologia\/wp-json\/wp\/v2\/tags?post=3130"}],"curies":[{"name":"wp","href":"https:\/\/api.w.org\/{rel}","templated":true}]}}