{"id":3044,"date":"2020-08-19T11:10:36","date_gmt":"2020-08-19T09:10:36","guid":{"rendered":"https:\/\/semmelweis.hu\/parodontologia\/?page_id=3044"},"modified":"2025-03-13T10:43:16","modified_gmt":"2025-03-13T09:43:16","slug":"hallgatoi-elegedettseg","status":"publish","type":"page","link":"https:\/\/semmelweis.hu\/parodontologia\/oktatas\/hallgatoi-elegedettseg\/","title":{"rendered":"Hallgat\u00f3i el\u00e9gedetts\u00e9g"},"content":{"rendered":"<p><span style=\"font-size: 24pt\"><strong>Hallgat\u00f3i el\u00e9gedetts\u00e9gm\u00e9r\u00e9s adatai \u00e9s elemz\u00e9se<\/strong><\/span><\/p>\n<p>&nbsp;<\/p>\n<p>Klinik\u00e1nk elk\u00f6telezett a hallgat\u00f3i visszajelz\u00e9sek \u00e9sszer\u0171 figyelembe v\u00e9tel\u00e9re, \u00e9s k\u00e9ri, b\u00e1tor\u00edtja a hallgat\u00f3kat, hogy \u00e9ljenek az \u00e9rt\u00e9kel\u00e9s lehet\u0151s\u00e9g\u00e9vel. K\u00f6sz\u00f6nj\u00fck minden hallgat\u00f3 \u00e9rt\u00e9kes v\u00e9lem\u00e9ny\u00e9t a\u00a0<strong>2024\/25. tan\u00e9v 1. f\u00e9l\u00e9v\u00e9ben is.<\/strong><\/p>\n<p><a href=\"https:\/\/semmelweis.hu\/parodontologia\/files\/2025\/03\/hu-FOKOPDK387_1M-2024_25_1-subject-1.pdf\">Parodontol\u00f3gia I-FOKOPDK387_1M_subject<\/a><\/p>\n<p><a href=\"https:\/\/semmelweis.hu\/parodontologia\/files\/2025\/03\/hu-FOKOPDK387_3M-2024_25_1-subject-1.pdf\">Parodontol\u00f3gia III-FOKOPDK387_3M_subject<\/a><\/p>\n<p><a href=\"https:\/\/semmelweis.hu\/parodontologia\/files\/2025\/03\/hu-FOKOPDK387_1M-2024_25_1-practical-1.pdf\">Parodontol\u00f3gia I-FOKOPDK387_1M_practical<\/a><\/p>\n<p><a href=\"https:\/\/semmelweis.hu\/parodontologia\/files\/2025\/03\/hu-FOKOPDK387_3M-2024_25_1-practical-1.pdf\">Parodontol\u00f3gia III-FOKOPDK387_3M_practical<\/a><\/p>\n<p>Klinik\u00e1nk int\u00e9zked\u00e9si terv\u00e9t az al\u00e1bbi linken tekinthetik meg:<\/p>\n<p><a href=\"https:\/\/semmelweis.hu\/parodontologia\/files\/2025\/03\/intezkedesi-terv-magyar-2024_2025-OSZ.pdf\">Int\u00e9zked\u00e9si terv<\/a><\/p>\n<hr \/>\n<p>Klinik\u00e1nk elk\u00f6telezett a hallgat\u00f3i visszajelz\u00e9sek \u00e9sszer\u0171 figyelembe v\u00e9tel\u00e9re, \u00e9s k\u00e9ri, b\u00e1tor\u00edtja a hallgat\u00f3kat, hogy \u00e9ljenek az \u00e9rt\u00e9kel\u00e9s lehet\u0151s\u00e9g\u00e9vel. K\u00f6sz\u00f6nj\u00fck minden hallgat\u00f3 \u00e9rt\u00e9kes v\u00e9lem\u00e9ny\u00e9t a\u00a0<strong>2023\/24. tan\u00e9v 2. f\u00e9l\u00e9v\u00e9ben is<\/strong>.<\/p>\n<p><a href=\"https:\/\/semmelweis.hu\/parodontologia\/files\/2024\/09\/Parodontologia-II-FOKOPDK213_2M.pdf\">Parodontol\u00f3gia II-FOKOPDK213_2M<\/a><\/p>\n<p><a href=\"https:\/\/semmelweis.hu\/parodontologia\/files\/2024\/09\/Parodontologia-IV-FOKOPDK213_4M.pdf\">Parodontol\u00f3gia IV-FOKOPDK213_4M<\/a><\/p>\n<p><a href=\"https:\/\/semmelweis.hu\/parodontologia\/files\/2024\/09\/Parodontologia-II-FOKOPDK213_2M_.pdf\">Parodontol\u00f3gia II-FOKOPDK213_2M_<\/a><\/p>\n<p><a href=\"https:\/\/semmelweis.hu\/parodontologia\/files\/2024\/09\/Parodontologia-IV-FOKOPDK213_4M_.pdf\">Parodontol\u00f3gia IV-FOKOPDK213_4M_<\/a><\/p>\n<p>Klinik\u00e1nk int\u00e9zked\u00e9si terv\u00e9t az al\u00e1bbi linken tekinthetik meg:<\/p>\n<p><a href=\"https:\/\/semmelweis.hu\/parodontologia\/files\/2024\/09\/Intezkedesi-Terv-2023_2024_II.pdf\">Int\u00e9zked\u00e9si terv 2023_2024_II.<\/a><\/p>\n<hr \/>\n<p>Klinik\u00e1nk elk\u00f6telezett a hallgat\u00f3i visszajelz\u00e9sek \u00e9sszer\u0171 figyelembe v\u00e9tel\u00e9re, \u00e9s k\u00e9ri, b\u00e1tor\u00edtja a hallgat\u00f3kat, hogy \u00e9ljenek az \u00e9rt\u00e9kel\u00e9s lehet\u0151s\u00e9g\u00e9vel. K\u00f6sz\u00f6nj\u00fck minden hallgat\u00f3 \u00e9rt\u00e9kes v\u00e9lem\u00e9ny\u00e9t a\u00a0<strong>2023\/24. tan\u00e9v 1. f\u00e9l\u00e9v\u00e9ben is<\/strong>.<\/p>\n<p><a href=\"https:\/\/semmelweis.hu\/parodontologia\/files\/2024\/03\/Parodontologia-I-FOKOPDK213_1M.pdf\">Parodontol\u00f3gia I-FOKOPDK213_1M<\/a><\/p>\n<p><a href=\"https:\/\/semmelweis.hu\/parodontologia\/files\/2024\/03\/Parodontologia-III-FOKOPDK213_3M.pdf\">Parodontol\u00f3gia III-FOKOPDK213_3M<\/a><\/p>\n<p><a href=\"https:\/\/semmelweis.hu\/parodontologia\/files\/2024\/03\/Parodontologia-I-FOKOPDK213_1M-1.pdf\">Parodontol\u00f3gia I-FOKOPDK213_1M<\/a><\/p>\n<p><a href=\"https:\/\/semmelweis.hu\/parodontologia\/files\/2024\/03\/Parodontologia-III-FOKOPDK213_3M-1.pdf\">Parodontol\u00f3gia III-FOKOPDK213_3M<\/a><\/p>\n<p>A hallgat\u00f3i el\u00e9gedetts\u00e9gm\u00e9r\u00e9s eredm\u00e9nyeit az al\u00e1bbi linken tekinthetik meg:<\/p>\n<p><a href=\"https:\/\/semmelweis.hu\/parodontologia\/files\/2024\/03\/Intezkedesi-terv-2023_2024-1.pdf\">Int\u00e9zked\u00e9si terv 2023_2024<\/a><\/p>\n<hr \/>\n<p>Klinik\u00e1nk elk\u00f6telezett a hallgat\u00f3i visszajelz\u00e9sek \u00e9sszer\u0171 figyelembe v\u00e9tel\u00e9re, \u00e9s k\u00e9ri, b\u00e1tor\u00edtja a hallgat\u00f3kat, hogy \u00e9ljenek az \u00e9rt\u00e9kel\u00e9s lehet\u0151s\u00e9g\u00e9vel. K\u00f6sz\u00f6nj\u00fck minden hallgat\u00f3 \u00e9rt\u00e9kes v\u00e9lem\u00e9ny\u00e9t a\u00a0<strong>2022\/23. tan\u00e9v 2. f\u00e9l\u00e9v\u00e9ben is<\/strong>.<\/p>\n<p>A hallgat\u00f3i el\u00e9gedetts\u00e9gm\u00e9r\u00e9s eredm\u00e9nyeit az al\u00e1bbi linken tekinthetik meg:<\/p>\n<p><a href=\"https:\/\/semmelweis.hu\/parodontologia\/files\/2023\/09\/Parodontologia-II-FOKOPDK213_2M-1.pdf\">Parodontol\u00f3gia II-FOKOPDK213_2M (1)<\/a><\/p>\n<p><a href=\"https:\/\/semmelweis.hu\/parodontologia\/files\/2023\/09\/Parodontologia-II-FOKOPDK213_2M.pdf\">Parodontol\u00f3gia II-FOKOPDK213_2M<\/a><\/p>\n<p><a href=\"https:\/\/semmelweis.hu\/parodontologia\/files\/2023\/09\/Parodontologia-IV-FOKOPDK213_4M.pdf\">Parodontol\u00f3gia IV-FOKOPDK213_4M<\/a><\/p>\n<p><a href=\"https:\/\/semmelweis.hu\/parodontologia\/files\/2023\/09\/Parodontologia-IV-FOKOPDK213_4M-1.pdf\">Parodontol\u00f3gia IV-FOKOPDK213_4M (1)<\/a><\/p>\n<p>Klinik\u00e1nk int\u00e9zked\u00e9si terv\u00e9t az al\u00e1bbi linken tekinthetik meg:<\/p>\n<p><a href=\"https:\/\/semmelweis.hu\/parodontologia\/files\/2023\/09\/Intezkedesi-terv.pdf\">Int\u00e9zked\u00e9si terv<\/a><\/p>\n<hr \/>\n<p>Klinik\u00e1nk elk\u00f6telezett a hallgat\u00f3i visszajelz\u00e9sek \u00e9sszer\u0171 figyelembe v\u00e9tel\u00e9re, \u00e9s k\u00e9ri, b\u00e1tor\u00edtja a hallgat\u00f3kat, hogy \u00e9ljenek az \u00e9rt\u00e9kel\u00e9s lehet\u0151s\u00e9g\u00e9vel. K\u00f6sz\u00f6nj\u00fck minden hallgat\u00f3 \u00e9rt\u00e9kes v\u00e9lem\u00e9ny\u00e9t a\u00a0<strong>2022\/23. tan\u00e9v 1. f\u00e9l\u00e9v\u00e9ben is<\/strong>.<\/p>\n<p>A hallgat\u00f3i el\u00e9gedetts\u00e9gm\u00e9r\u00e9s eredm\u00e9nyeit az al\u00e1bbi linken tekinthetik meg:<\/p>\n<p><a href=\"https:\/\/semmelweis.hu\/parodontologia\/files\/2023\/03\/Parodontologia-I-FOKOPDK213_1M.pdf\">Parodontol\u00f3gia I-FOKOPDK213_1M<\/a><\/p>\n<p><a href=\"https:\/\/semmelweis.hu\/parodontologia\/files\/2023\/03\/Parodontologia-I-FOKOPDK213_1M-1.pdf\">Parodontol\u00f3gia I-FOKOPDK213_1M (1)<\/a><\/p>\n<p><a href=\"https:\/\/semmelweis.hu\/parodontologia\/files\/2023\/03\/Parodontologia-III-FOKOPDK213_3M.pdf\">Parodontol\u00f3gia III-FOKOPDK213_3M<\/a><\/p>\n<p><a href=\"https:\/\/semmelweis.hu\/parodontologia\/files\/2023\/03\/Parodontologia-III-FOKOPDK213_3M-1.pdf\">Parodontol\u00f3gia III-FOKOPDK213_3M (1)<\/a><\/p>\n<p>Klinik\u00e1nk int\u00e9zked\u00e9si terv\u00e9t az al\u00e1bbi linken tekinthetik meg:<\/p>\n<p><a href=\"https:\/\/semmelweis.hu\/parodontologia\/files\/2023\/03\/intezkedesi-terv-magyar-2022-23-osz.pdf\">int\u00e9zked\u00e9si terv magyar 2022-23 \u0151sz<\/a><\/p>\n<hr \/>\n<p>Klinik\u00e1nk elk\u00f6telezett a hallgat\u00f3i visszajelz\u00e9sek \u00e9sszer\u0171 figyelembe v\u00e9tel\u00e9re, \u00e9s k\u00e9ri, b\u00e1tor\u00edtja a hallgat\u00f3kat, hogy \u00e9ljenek az \u00e9rt\u00e9kel\u00e9s lehet\u0151s\u00e9g\u00e9vel. K\u00f6sz\u00f6nj\u00fck minden hallgat\u00f3 \u00e9rt\u00e9kes v\u00e9lem\u00e9ny\u00e9t a\u00a0<strong>2021\/22. tan\u00e9v 2. f\u00e9l\u00e9v\u00e9ben is<\/strong>.<\/p>\n<p>A hallgat\u00f3i el\u00e9gedetts\u00e9gm\u00e9r\u00e9s eredm\u00e9nyeit az al\u00e1bbi linken tekinthetik meg:<\/p>\n<p><a href=\"https:\/\/semmelweis.hu\/parodontologia\/files\/2022\/09\/Parodontologia_II.FOKOPDK213_2M.pdf\">Parodontol\u00f3gia_II.FOKOPDK213_2M<\/a><\/p>\n<p><a href=\"https:\/\/semmelweis.hu\/parodontologia\/files\/2022\/09\/Parodontologia_II.-FOKOPDK213_2M-gyakorlat.pdf\">Parodontol\u00f3gia_II.-FOKOPDK213_2M gyakorlat<\/a><\/p>\n<p>Klinik\u00e1nk int\u00e9zked\u00e9si terv\u00e9t az al\u00e1bbi linkre kattintva \u00e9rhetik el:<\/p>\n<p><a href=\"https:\/\/semmelweis.hu\/parodontologia\/files\/2022\/09\/Intezkedesi-terv-magyar.pdf\">Int\u00e9zked\u00e9si terv magyar<\/a><\/p>\n<p>K\u00f6sz\u00f6nj\u00fck minden hallgat\u00f3 \u00e9rt\u00e9kes v\u00e9lem\u00e9ny\u00e9t a <strong>2021\/22-es tan\u00e9v 1. f\u00e9l\u00e9v\u00e9ben<\/strong> is.<\/p>\n<p>A hallgat\u00f3i el\u00e9gedetts\u00e9gm\u00e9r\u00e9s eredm\u00e9nyeit az al\u00e1bbi linken tekinthetik meg:<\/p>\n<p><a href=\"https:\/\/semmelweis.hu\/parodontologia\/files\/2022\/03\/Parodontologia_I.-FOKOPDK213_1M.pdf\">Parodontol\u00f3gia_I.-FOKOPDK213_1M<\/a><\/p>\n<p><a href=\"https:\/\/semmelweis.hu\/parodontologia\/files\/2022\/03\/Parodontologia_III.-FOKOPDK213_3M.pdf\">Parodontol\u00f3gia_III.-FOKOPDK213_3M<\/a><\/p>\n<p>A Klinika int\u00e9zked\u00e9si terv\u00e9t az al\u00e1bbi linkre kattintva \u00e9rhetik el:<\/p>\n<p><a href=\"https:\/\/semmelweis.hu\/parodontologia\/files\/2022\/03\/intezkedesi-terv-magyar.pdf\">int\u00e9zked\u00e9si terv magyar<\/a><\/p>\n<p>A <strong>2020\/21-es tan\u00e9v 2. f\u00e9l\u00e9v\u00e9ben<\/strong> is k\u00f6sz\u00f6nj\u00fck hallgat\u00f3inknak az Oktat\u00f3i Munka Hallgat\u00f3i V\u00e9lem\u00e9nyez\u00e9s\u00e9t. Klinik\u00e1nk int\u00e9zked\u00e9si terv\u00e9t az al\u00e1bbi linkre kattintva \u00e9rhetik el:<\/p>\n<p><a href=\"https:\/\/semmelweis.hu\/parodontologia\/files\/2021\/09\/int\u00e9zked\u00e9si-terv-2020-21-tavaszi-f\u00e9l\u00e9v.pdf\">int\u00e9zked\u00e9si terv 2020-21 tavaszi f\u00e9l\u00e9v<\/a><\/p>\n<p>A hallgat\u00f3i el\u00e9gedetts\u00e9gm\u00e9r\u00e9s eredm\u00e9nyeit az al\u00e1bbi linkekre kattintva \u00e9rhetik el:<\/p>\n<p><a href=\"https:\/\/semmelweis.hu\/parodontologia\/files\/2021\/09\/Parodontol\u00f3gia-II.-4.-\u00e9vfolyam.pdf\">Parodontol\u00f3gia II. 4. \u00e9vfolyam<\/a><\/p>\n<p><a href=\"https:\/\/semmelweis.hu\/parodontologia\/files\/2021\/09\/Parodontol\u00f3gia-IV.-5.-\u00e9vfolyam.pdf\">Parodontol\u00f3gia IV. 5. \u00e9vfolyam<\/a><\/p>\n<p>&nbsp;<\/p>\n<hr \/>\n<p>Klinik\u00e1nk elk\u00f6telezett a hallgat\u00f3i visszajelz\u00e9sek \u00e9sszer\u0171 figyelembe v\u00e9tel\u00e9re, \u00e9s k\u00e9ri, b\u00e1tor\u00edtja a hallgat\u00f3kat, hogy \u00e9ljenek az \u00e9rt\u00e9kel\u00e9s lehet\u0151s\u00e9g\u00e9vel. K\u00f6sz\u00f6nj\u00fck minden hallgat\u00f3 \u00e9rt\u00e9kes v\u00e9lem\u00e9ny\u00e9t a <span style=\"text-decoration: underline\"><strong>2020\/21. tan\u00e9v 1. f\u00e9l\u00e9v\u00e9ben is<\/strong><\/span>.<\/p>\n<p><span style=\"color: #333333\"><a href=\"https:\/\/semmelweis.hu\/parodontologia\/intezkedesi-terv-20-osz-paro\/\" target=\"_blank\" rel=\"noopener noreferrer\">Erre a linkre kattintva<\/a> olvashatj\u00e1k az \u00e9rt\u00e9kel\u00e9st \u00e9s a Klinika cselekv\u00e9si terv\u00e9t 2020\/21 \u0151szi f\u00e9l\u00e9vben.<\/span><\/p>\n<p>Az al\u00e1bbi linkekre kattintva el\u00e9rhet\u0151ek a Hallgat\u00f3i el\u00e9gedetts\u00e9gm\u00e9r\u00e9s eredm\u00e9nyei:<\/p>\n<p><a href=\"https:\/\/semmelweis.hu\/parodontologia\/parodontologia_i-fokopdk213_1m\/\" target=\"_blank\" rel=\"noopener noreferrer\">Parodontol\u00f3gia I. t\u00e1rgy (propedeutika) 4. \u00e9vfolyam, 2020<\/a><\/p>\n<p><a href=\"https:\/\/semmelweis.hu\/parodontologia\/parodontologia_iii-fokopdk213_3m\/\" target=\"_blank\" rel=\"noopener noreferrer\">Parodontol\u00f3gia III. t\u00e1rgy, 5. \u00e9vfolyam (2020)<\/a><\/p>\n<p>&nbsp;<\/p>\n<hr \/>\n<p>K\u00f6sz\u00f6nj\u00fck minden hallgat\u00f3 \u00e9rt\u00e9kes v\u00e9lem\u00e9ny\u00e9t a <span style=\"text-decoration: underline\"><strong>2019\/20. tan\u00e9v 2. f\u00e9l\u00e9v\u00e9ben is<\/strong><\/span>.<\/p>\n<p><a href=\"https:\/\/semmelweis.hu\/parodontologia\/hallgatoi-elegedettsegmeres-adatai-es-elemzese-magyar-honlap\/\" target=\"_blank\" rel=\"noopener noreferrer\">Erre a linkre kattintva<\/a> olvashatj\u00e1k az \u00e9rt\u00e9kel\u00e9st \u00e9s a Klinika cselekv\u00e9si terv\u00e9t 2019\/20 tavaszi f\u00e9l\u00e9vben.<\/p>\n<p>Az al\u00e1bbi linkekre kattintva el\u00e9rhet\u0151ek a Hallgat\u00f3i el\u00e9gedetts\u00e9gm\u00e9r\u00e9s eredm\u00e9nyei:<\/p>\n<p><a href=\"https:\/\/semmelweis.hu\/parodontologia\/parodontologia-ii\/\">Parodontol\u00f3gia II. tant\u00e1rgy, 4. \u00e9vfolyam, 2020.<\/a><\/p>\n<p><a href=\"https:\/\/semmelweis.hu\/parodontologia\/parodontologia-iv\/\">Parodontol\u00f3gia IV. tant\u00e1rgy, 5 \u00e9vfolyam, 2020.<\/a><\/p>\n<p>&nbsp;<\/p>\n<p>&nbsp;<\/p>\n","protected":false},"excerpt":{"rendered":"<p>Hallgat\u00f3i el\u00e9gedetts\u00e9gm\u00e9r\u00e9s adatai \u00e9s elemz\u00e9se &nbsp; Klinik\u00e1nk elk\u00f6telezett a hallgat\u00f3i visszajelz\u00e9sek \u00e9sszer\u0171 figyelembe v\u00e9tel\u00e9re, \u00e9s k\u00e9ri, b\u00e1tor\u00edtja a hallgat\u00f3kat, hogy \u00e9ljenek az \u00e9rt\u00e9kel\u00e9s lehet\u0151s\u00e9g\u00e9vel. K\u00f6sz\u00f6nj\u00fck minden hallgat\u00f3 \u00e9rt\u00e9kes v\u00e9lem\u00e9ny\u00e9t a\u00a02024\/25. tan\u00e9v 1. f\u00e9l\u00e9v\u00e9ben is. <a href=\"https:\/\/semmelweis.hu\/parodontologia\/files\/2025\/03\/hu-FOKOPDK387_1M-2024_25_1-subject-1.pdf\">Parodontol\u00f3gia I-FOKOPDK387_1M_subject<\/a> <a href=\"https:\/\/semmelweis.hu\/parodontologia\/files\/2025\/03\/hu-FOKOPDK387_3M-2024_25_1-subject-1.pdf\">Parodontol\u00f3gia III-FOKOPDK387_3M_subject<\/a> <a href=\"https:\/\/semmelweis.hu\/parodontologia\/files\/2025\/03\/hu-FOKOPDK387_1M-2024_25_1-practical-1.pdf\">Parodontol\u00f3gia I-FOKOPDK387_1M_practical<\/a> <a href=\"https:\/\/semmelweis.hu\/parodontologia\/files\/2025\/03\/hu-FOKOPDK387_3M-2024_25_1-practical-1.pdf\">Parodontol\u00f3gia III-FOKOPDK387_3M_practical<\/a> Klinik\u00e1nk int\u00e9zked\u00e9si terv\u00e9t az al\u00e1bbi linken tekinthetik meg: <a href=\"https:\/\/semmelweis.hu\/parodontologia\/files\/2025\/03\/intezkedesi-terv-magyar-2024_2025-OSZ.pdf\">Int\u00e9zked\u00e9si terv<\/a> Klinik\u00e1nk elk\u00f6telezett a hallgat\u00f3i visszajelz\u00e9sek \u00e9sszer\u0171 figyelembe v\u00e9tel\u00e9re, \u00e9s k\u00e9ri, b\u00e1tor\u00edtja a hallgat\u00f3kat, &hellip;<\/p>\n","protected":false},"author":356,"featured_media":0,"parent":30,"menu_order":5,"comment_status":"closed","ping_status":"closed","template":"","meta":{"_acf_changed":false,"footnotes":""},"categories":[],"tags":[],"class_list":["post-3044","page","type-page","status-publish","hentry"],"acf":[],"_links":{"self":[{"href":"https:\/\/semmelweis.hu\/parodontologia\/wp-json\/wp\/v2\/pages\/3044","targetHints":{"allow":["GET"]}}],"collection":[{"href":"https:\/\/semmelweis.hu\/parodontologia\/wp-json\/wp\/v2\/pages"}],"about":[{"href":"https:\/\/semmelweis.hu\/parodontologia\/wp-json\/wp\/v2\/types\/page"}],"author":[{"embeddable":true,"href":"https:\/\/semmelweis.hu\/parodontologia\/wp-json\/wp\/v2\/users\/356"}],"replies":[{"embeddable":true,"href":"https:\/\/semmelweis.hu\/parodontologia\/wp-json\/wp\/v2\/comments?post=3044"}],"version-history":[{"count":11,"href":"https:\/\/semmelweis.hu\/parodontologia\/wp-json\/wp\/v2\/pages\/3044\/revisions"}],"predecessor-version":[{"id":4829,"href":"https:\/\/semmelweis.hu\/parodontologia\/wp-json\/wp\/v2\/pages\/3044\/revisions\/4829"}],"up":[{"embeddable":true,"href":"https:\/\/semmelweis.hu\/parodontologia\/wp-json\/wp\/v2\/pages\/30"}],"wp:attachment":[{"href":"https:\/\/semmelweis.hu\/parodontologia\/wp-json\/wp\/v2\/media?parent=3044"}],"wp:term":[{"taxonomy":"category","embeddable":true,"href":"https:\/\/semmelweis.hu\/parodontologia\/wp-json\/wp\/v2\/categories?post=3044"},{"taxonomy":"post_tag","embeddable":true,"href":"https:\/\/semmelweis.hu\/parodontologia\/wp-json\/wp\/v2\/tags?post=3044"}],"curies":[{"name":"wp","href":"https:\/\/api.w.org\/{rel}","templated":true}]}}