{"id":30,"date":"2012-10-01T09:47:39","date_gmt":"2012-10-01T07:47:39","guid":{"rendered":"http:\/\/semmelweis-egyetem.hu\/parodontologia\/?page_id=30"},"modified":"2019-09-11T15:07:04","modified_gmt":"2019-09-11T13:07:04","slug":"oktatas","status":"publish","type":"page","link":"https:\/\/semmelweis.hu\/parodontologia\/oktatas\/","title":{"rendered":"Oktat\u00e1s"},"content":{"rendered":"<p><a href=\"https:\/\/semmelweis.hu\/parodontologia\/oktatas\/tantargyi-leirasok\/\">Tant\u00e1rgyle\u00edr\u00e1sok<\/a><\/p>\n<p><a href=\"https:\/\/semmelweis.hu\/parodontologia\/iv-evfolyam\/\">IV. \u00e9vfolyam<\/a><\/p>\n<p><a href=\"https:\/\/semmelweis.hu\/parodontologia\/v-evfolyam\/\">V. \u00e9vfolyam<\/a><\/p>\n<p><a href=\"https:\/\/semmelweis.hu\/parodontologia\/4th-year\/\">4th year<\/a><\/p>\n<p><a href=\"https:\/\/semmelweis.hu\/parodontologia\/5th-year\/\">5th-year<\/a><\/p>\n<p><a href=\"https:\/\/semmelweis.hu\/parodontologia\/szakdolgozat-diploma-work\/\">Szakdolgozat \/Diploma work<\/a><\/p>\n<p><a href=\"https:\/\/semmelweis.hu\/parodontologia\/posztgradualis-kepzes\/\">Posztgradu\u00e1lis k\u00e9pz\u00e9s<\/a><\/p>\n","protected":false},"excerpt":{"rendered":"<p><a href=\"https:\/\/semmelweis.hu\/parodontologia\/oktatas\/tantargyi-leirasok\/\">Tant\u00e1rgyle\u00edr\u00e1sok<\/a><br \/>\n<a href=\"https:\/\/semmelweis.hu\/parodontologia\/iv-evfolyam\/\">IV. \u00e9vfolyam<\/a><br \/>\n<a href=\"https:\/\/semmelweis.hu\/parodontologia\/v-evfolyam\/\">V. \u00e9vfolyam<\/a><br \/>\n<a href=\"https:\/\/semmelweis.hu\/parodontologia\/4th-year\/\">4th year<\/a><br \/>\n<a href=\"https:\/\/semmelweis.hu\/parodontologia\/5th-year\/\">5th-year<\/a><br \/>\n<a href=\"https:\/\/semmelweis.hu\/parodontologia\/szakdolgozat-diploma-work\/\">Szakdolgozat \/Diploma work<\/a><br \/>\n<a href=\"https:\/\/semmelweis.hu\/parodontologia\/posztgradualis-kepzes\/\">Posztgradu\u00e1lis k\u00e9pz\u00e9s<\/a><\/p>\n","protected":false},"author":99,"featured_media":0,"parent":0,"menu_order":3,"comment_status":"open","ping_status":"closed","template":"","meta":{"_acf_changed":false,"footnotes":""},"categories":[],"tags":[],"class_list":["post-30","page","type-page","status-publish","hentry"],"acf":[],"_links":{"self":[{"href":"https:\/\/semmelweis.hu\/parodontologia\/wp-json\/wp\/v2\/pages\/30","targetHints":{"allow":["GET"]}}],"collection":[{"href":"https:\/\/semmelweis.hu\/parodontologia\/wp-json\/wp\/v2\/pages"}],"about":[{"href":"https:\/\/semmelweis.hu\/parodontologia\/wp-json\/wp\/v2\/types\/page"}],"author":[{"embeddable":true,"href":"https:\/\/semmelweis.hu\/parodontologia\/wp-json\/wp\/v2\/users\/99"}],"replies":[{"embeddable":true,"href":"https:\/\/semmelweis.hu\/parodontologia\/wp-json\/wp\/v2\/comments?post=30"}],"version-history":[{"count":8,"href":"https:\/\/semmelweis.hu\/parodontologia\/wp-json\/wp\/v2\/pages\/30\/revisions"}],"predecessor-version":[{"id":2015,"href":"https:\/\/semmelweis.hu\/parodontologia\/wp-json\/wp\/v2\/pages\/30\/revisions\/2015"}],"wp:attachment":[{"href":"https:\/\/semmelweis.hu\/parodontologia\/wp-json\/wp\/v2\/media?parent=30"}],"wp:term":[{"taxonomy":"category","embeddable":true,"href":"https:\/\/semmelweis.hu\/parodontologia\/wp-json\/wp\/v2\/categories?post=30"},{"taxonomy":"post_tag","embeddable":true,"href":"https:\/\/semmelweis.hu\/parodontologia\/wp-json\/wp\/v2\/tags?post=30"}],"curies":[{"name":"wp","href":"https:\/\/api.w.org\/{rel}","templated":true}]}}