{"id":2913,"date":"2020-03-18T11:59:00","date_gmt":"2020-03-18T10:59:00","guid":{"rendered":"http:\/\/semmelweis.hu\/parodontologia\/?page_id=2913"},"modified":"2020-11-27T13:11:31","modified_gmt":"2020-11-27T12:11:31","slug":"covid19","status":"publish","type":"page","link":"https:\/\/semmelweis.hu\/parodontologia\/covid19\/","title":{"rendered":"COVID19"},"content":{"rendered":"<p style=\"text-align: center\"><a class=\"btn\" href=\"https:\/\/semmelweis.hu\/koronavirus\/\" target=\"_blank\" rel=\"noopener noreferrer\">A Semmelweis Egyetem koronav\u00edrussal kapcsolatos oldala <br \/>\nide kattintva el\u00e9rhet\u0151<\/a><\/p>\n<p>&nbsp;<\/p>\n<p style=\"text-align: center\"><a class=\"btn\" href=\"https:\/\/semmelweis.hu\/koronavirus\/files\/2020\/11\/COVID-19-betegtajekoztato-2020-11-26.pdf\" target=\"_blank\" rel=\"noopener noreferrer\">Inform\u00e1ci\u00f3k COVID-19 t\u00fcnetek eset\u00e9n: Mikor mit tehet\u00fcnk?<br \/>\nide kattintva el\u00e9rhet\u0151 a SE Pulmonol\u00f3giai Klinika \u00e9s a Magatart\u00e1studom\u00e1nyi Int\u00e9zet betegt\u00e1j\u00e9koztat\u00f3ja<\/a><\/p>\n<hr \/>\n<p>&nbsp;<\/p>\n<p style=\"text-align: center\"><span style=\"font-size: 18pt\"><strong>Tov\u00e1bbi fontos \u00e9s hasznos inform\u00e1ci\u00f3k:<\/strong><\/span><\/p>\n<p>Mit tegy\u00fcnk betegs\u00e9g eset\u00e9n?<\/p>\n<p><a href=\"https:\/\/semmelweis.hu\/parodontologia\/files\/2020\/11\/tunetmentes_beteg_eseten_teendok_infografika-page-001.jpg\"><img loading=\"lazy\" decoding=\"async\" class=\"alignnone  wp-image-3342\" src=\"https:\/\/semmelweis.hu\/parodontologia\/files\/2020\/11\/tunetmentes_beteg_eseten_teendok_infografika-page-001-212x300.jpg\" alt=\"\" width=\"605\" height=\"856\" srcset=\"https:\/\/semmelweis.hu\/parodontologia\/files\/2020\/11\/tunetmentes_beteg_eseten_teendok_infografika-page-001-212x300.jpg 212w, https:\/\/semmelweis.hu\/parodontologia\/files\/2020\/11\/tunetmentes_beteg_eseten_teendok_infografika-page-001-724x1024.jpg 724w, https:\/\/semmelweis.hu\/parodontologia\/files\/2020\/11\/tunetmentes_beteg_eseten_teendok_infografika-page-001-768x1087.jpg 768w, https:\/\/semmelweis.hu\/parodontologia\/files\/2020\/11\/tunetmentes_beteg_eseten_teendok_infografika-page-001-753x1066.jpg 753w, https:\/\/semmelweis.hu\/parodontologia\/files\/2020\/11\/tunetmentes_beteg_eseten_teendok_infografika-page-001.jpg 848w\" sizes=\"auto, (max-width: 605px) 100vw, 605px\" \/><\/a><\/p>\n<p><a href=\"https:\/\/semmelweis.hu\/parodontologia\/files\/2020\/11\/tunetes_beteg_eseten_teendok_infografika-page-001_0.jpg\"><img loading=\"lazy\" decoding=\"async\" class=\"alignnone  wp-image-3341\" src=\"https:\/\/semmelweis.hu\/parodontologia\/files\/2020\/11\/tunetes_beteg_eseten_teendok_infografika-page-001_0-197x300.jpg\" alt=\"\" width=\"605\" height=\"921\" srcset=\"https:\/\/semmelweis.hu\/parodontologia\/files\/2020\/11\/tunetes_beteg_eseten_teendok_infografika-page-001_0-197x300.jpg 197w, https:\/\/semmelweis.hu\/parodontologia\/files\/2020\/11\/tunetes_beteg_eseten_teendok_infografika-page-001_0-672x1024.jpg 672w, https:\/\/semmelweis.hu\/parodontologia\/files\/2020\/11\/tunetes_beteg_eseten_teendok_infografika-page-001_0-768x1171.jpg 768w, https:\/\/semmelweis.hu\/parodontologia\/files\/2020\/11\/tunetes_beteg_eseten_teendok_infografika-page-001_0-753x1148.jpg 753w, https:\/\/semmelweis.hu\/parodontologia\/files\/2020\/11\/tunetes_beteg_eseten_teendok_infografika-page-001_0.jpg 787w\" sizes=\"auto, (max-width: 605px) 100vw, 605px\" \/><\/a><\/p>\n<p>&nbsp;<\/p>\n<hr \/>\n<p><a href=\"https:\/\/semmelweis.hu\/parodontologia\/files\/2020\/03\/COVID19_megelozes_12pontja_20200315.jpg\"><img loading=\"lazy\" decoding=\"async\" class=\"alignnone wp-image-2936\" src=\"https:\/\/semmelweis.hu\/parodontologia\/files\/2020\/03\/COVID19_megelozes_12pontja_20200315.jpg\" alt=\"\" width=\"604\" height=\"854\" srcset=\"https:\/\/semmelweis.hu\/parodontologia\/files\/2020\/03\/COVID19_megelozes_12pontja_20200315.jpg 596w, https:\/\/semmelweis.hu\/parodontologia\/files\/2020\/03\/COVID19_megelozes_12pontja_20200315-212x300.jpg 212w\" sizes=\"auto, (max-width: 604px) 100vw, 604px\" \/><\/a><\/p>\n<p><a href=\"https:\/\/semmelweis.hu\/parodontologia\/files\/2020\/03\/COVID19_kezmosas_menete_1_20020314.jpg\"><img loading=\"lazy\" decoding=\"async\" class=\"alignnone wp-image-2927\" src=\"https:\/\/semmelweis.hu\/parodontologia\/files\/2020\/03\/COVID19_kezmosas_menete_1_20020314.jpg\" alt=\"\" width=\"604\" height=\"854\" srcset=\"https:\/\/semmelweis.hu\/parodontologia\/files\/2020\/03\/COVID19_kezmosas_menete_1_20020314.jpg 1240w, https:\/\/semmelweis.hu\/parodontologia\/files\/2020\/03\/COVID19_kezmosas_menete_1_20020314-212x300.jpg 212w, https:\/\/semmelweis.hu\/parodontologia\/files\/2020\/03\/COVID19_kezmosas_menete_1_20020314-724x1024.jpg 724w, https:\/\/semmelweis.hu\/parodontologia\/files\/2020\/03\/COVID19_kezmosas_menete_1_20020314-768x1086.jpg 768w, https:\/\/semmelweis.hu\/parodontologia\/files\/2020\/03\/COVID19_kezmosas_menete_1_20020314-1086x1536.jpg 1086w, https:\/\/semmelweis.hu\/parodontologia\/files\/2020\/03\/COVID19_kezmosas_menete_1_20020314-753x1065.jpg 753w\" sizes=\"auto, (max-width: 604px) 100vw, 604px\" \/><\/a><\/p>\n<p><a href=\"https:\/\/semmelweis.hu\/parodontologia\/files\/2020\/03\/COVID19_helyes_kohoges_gyerek_20200315.jpg\"><img loading=\"lazy\" decoding=\"async\" class=\"alignnone wp-image-2924\" src=\"https:\/\/semmelweis.hu\/parodontologia\/files\/2020\/03\/COVID19_helyes_kohoges_gyerek_20200315.jpg\" alt=\"\" width=\"604\" height=\"854\" srcset=\"https:\/\/semmelweis.hu\/parodontologia\/files\/2020\/03\/COVID19_helyes_kohoges_gyerek_20200315.jpg 1240w, https:\/\/semmelweis.hu\/parodontologia\/files\/2020\/03\/COVID19_helyes_kohoges_gyerek_20200315-212x300.jpg 212w, https:\/\/semmelweis.hu\/parodontologia\/files\/2020\/03\/COVID19_helyes_kohoges_gyerek_20200315-724x1024.jpg 724w, https:\/\/semmelweis.hu\/parodontologia\/files\/2020\/03\/COVID19_helyes_kohoges_gyerek_20200315-768x1086.jpg 768w, https:\/\/semmelweis.hu\/parodontologia\/files\/2020\/03\/COVID19_helyes_kohoges_gyerek_20200315-1086x1536.jpg 1086w, https:\/\/semmelweis.hu\/parodontologia\/files\/2020\/03\/COVID19_helyes_kohoges_gyerek_20200315-753x1065.jpg 753w\" sizes=\"auto, (max-width: 604px) 100vw, 604px\" \/><\/a><\/p>\n<p>&nbsp;<\/p>\n","protected":false},"excerpt":{"rendered":"<p><a class=\"btn\" href=\"https:\/\/semmelweis.hu\/koronavirus\/\" target=\"_blank\" rel=\"noopener noreferrer\">A Semmelweis Egyetem koronav\u00edrussal kapcsolatos oldala ide kattintva el\u00e9rhet\u0151<\/a> &nbsp; <a class=\"btn\" href=\"https:\/\/semmelweis.hu\/koronavirus\/files\/2020\/11\/COVID-19-betegtajekoztato-2020-11-26.pdf\" target=\"_blank\" rel=\"noopener noreferrer\">Inform\u00e1ci\u00f3k COVID-19 t\u00fcnetek eset\u00e9n: Mikor mit tehet\u00fcnk? ide kattintva el\u00e9rhet\u0151 a SE Pulmonol\u00f3giai Klinika \u00e9s a Magatart\u00e1studom\u00e1nyi Int\u00e9zet betegt\u00e1j\u00e9koztat\u00f3ja<\/a> &nbsp; Tov\u00e1bbi fontos \u00e9s hasznos inform\u00e1ci\u00f3k: Mit tegy\u00fcnk betegs\u00e9g eset\u00e9n? <a href=\"https:\/\/semmelweis.hu\/parodontologia\/files\/2020\/11\/tunetmentes_beteg_eseten_teendok_infografika-page-001.jpg\"><\/a> <a href=\"https:\/\/semmelweis.hu\/parodontologia\/files\/2020\/11\/tunetes_beteg_eseten_teendok_infografika-page-001_0.jpg\"><\/a> &nbsp; <a href=\"https:\/\/semmelweis.hu\/parodontologia\/files\/2020\/03\/COVID19_megelozes_12pontja_20200315.jpg\"><\/a> <a href=\"https:\/\/semmelweis.hu\/parodontologia\/files\/2020\/03\/COVID19_kezmosas_menete_1_20020314.jpg\"><\/a> <a href=\"https:\/\/semmelweis.hu\/parodontologia\/files\/2020\/03\/COVID19_helyes_kohoges_gyerek_20200315.jpg\"><\/a> &hellip;<\/p>\n","protected":false},"author":101509,"featured_media":0,"parent":0,"menu_order":0,"comment_status":"closed","ping_status":"closed","template":"","meta":{"_acf_changed":false,"footnotes":""},"categories":[],"tags":[],"class_list":["post-2913","page","type-page","status-publish","hentry"],"acf":[],"_links":{"self":[{"href":"https:\/\/semmelweis.hu\/parodontologia\/wp-json\/wp\/v2\/pages\/2913","targetHints":{"allow":["GET"]}}],"collection":[{"href":"https:\/\/semmelweis.hu\/parodontologia\/wp-json\/wp\/v2\/pages"}],"about":[{"href":"https:\/\/semmelweis.hu\/parodontologia\/wp-json\/wp\/v2\/types\/page"}],"author":[{"embeddable":true,"href":"https:\/\/semmelweis.hu\/parodontologia\/wp-json\/wp\/v2\/users\/101509"}],"replies":[{"embeddable":true,"href":"https:\/\/semmelweis.hu\/parodontologia\/wp-json\/wp\/v2\/comments?post=2913"}],"version-history":[{"count":11,"href":"https:\/\/semmelweis.hu\/parodontologia\/wp-json\/wp\/v2\/pages\/2913\/revisions"}],"predecessor-version":[{"id":3423,"href":"https:\/\/semmelweis.hu\/parodontologia\/wp-json\/wp\/v2\/pages\/2913\/revisions\/3423"}],"wp:attachment":[{"href":"https:\/\/semmelweis.hu\/parodontologia\/wp-json\/wp\/v2\/media?parent=2913"}],"wp:term":[{"taxonomy":"category","embeddable":true,"href":"https:\/\/semmelweis.hu\/parodontologia\/wp-json\/wp\/v2\/categories?post=2913"},{"taxonomy":"post_tag","embeddable":true,"href":"https:\/\/semmelweis.hu\/parodontologia\/wp-json\/wp\/v2\/tags?post=2913"}],"curies":[{"name":"wp","href":"https:\/\/api.w.org\/{rel}","templated":true}]}}