{"id":2892,"date":"2020-03-08T11:12:25","date_gmt":"2020-03-08T10:12:25","guid":{"rendered":"http:\/\/semmelweis.hu\/parodontologia\/?page_id=2892"},"modified":"2020-11-23T19:55:06","modified_gmt":"2020-11-23T18:55:06","slug":"munkaugyi-tajekoztato","status":"publish","type":"page","link":"https:\/\/semmelweis.hu\/parodontologia\/munkatarsak\/munkaugyi-tajekoztato\/","title":{"rendered":"T\u00e1j\u00e9koztat\u00f3 anyagok, ir\u00e1nymutat\u00e1sok munkat\u00e1rsainknak"},"content":{"rendered":"","protected":true},"excerpt":{"rendered":"","protected":true},"author":101509,"featured_media":0,"parent":31,"menu_order":3,"comment_status":"closed","ping_status":"closed","template":"","meta":{"_acf_changed":false,"footnotes":""},"categories":[],"tags":[],"class_list":["post-2892","page","type-page","status-publish","post-password-required","hentry"],"acf":[],"_links":{"self":[{"href":"https:\/\/semmelweis.hu\/parodontologia\/wp-json\/wp\/v2\/pages\/2892","targetHints":{"allow":["GET"]}}],"collection":[{"href":"https:\/\/semmelweis.hu\/parodontologia\/wp-json\/wp\/v2\/pages"}],"about":[{"href":"https:\/\/semmelweis.hu\/parodontologia\/wp-json\/wp\/v2\/types\/page"}],"author":[{"embeddable":true,"href":"https:\/\/semmelweis.hu\/parodontologia\/wp-json\/wp\/v2\/users\/101509"}],"replies":[{"embeddable":true,"href":"https:\/\/semmelweis.hu\/parodontologia\/wp-json\/wp\/v2\/comments?post=2892"}],"version-history":[{"count":10,"href":"https:\/\/semmelweis.hu\/parodontologia\/wp-json\/wp\/v2\/pages\/2892\/revisions"}],"predecessor-version":[{"id":3413,"href":"https:\/\/semmelweis.hu\/parodontologia\/wp-json\/wp\/v2\/pages\/2892\/revisions\/3413"}],"up":[{"embeddable":true,"href":"https:\/\/semmelweis.hu\/parodontologia\/wp-json\/wp\/v2\/pages\/31"}],"wp:attachment":[{"href":"https:\/\/semmelweis.hu\/parodontologia\/wp-json\/wp\/v2\/media?parent=2892"}],"wp:term":[{"taxonomy":"category","embeddable":true,"href":"https:\/\/semmelweis.hu\/parodontologia\/wp-json\/wp\/v2\/categories?post=2892"},{"taxonomy":"post_tag","embeddable":true,"href":"https:\/\/semmelweis.hu\/parodontologia\/wp-json\/wp\/v2\/tags?post=2892"}],"curies":[{"name":"wp","href":"https:\/\/api.w.org\/{rel}","templated":true}]}}