{"id":2886,"date":"2020-03-08T11:08:59","date_gmt":"2020-03-08T10:08:59","guid":{"rendered":"http:\/\/semmelweis.hu\/parodontologia\/?page_id=2886"},"modified":"2020-03-08T11:10:53","modified_gmt":"2020-03-08T10:10:53","slug":"kezmosas-es-kezfertotlenites","status":"publish","type":"page","link":"https:\/\/semmelweis.hu\/parodontologia\/betegellatas\/kezmosas-es-kezfertotlenites\/","title":{"rendered":"K\u00e9zmos\u00e1s \u00e9s k\u00e9zfert\u0151tlen\u00edt\u00e9s"},"content":{"rendered":"<p><a href=\"https:\/\/semmelweis.hu\/parodontologia\/files\/2020\/03\/k\u00e9zmos\u00e1s.png\">6<img loading=\"lazy\" decoding=\"async\" class=\"alignnone wp-image-2885 size-full\" src=\"https:\/\/semmelweis.hu\/parodontologia\/files\/2020\/03\/k\u00e9zmos\u00e1s.png\" alt=\"\" width=\"596\" height=\"842\" srcset=\"https:\/\/semmelweis.hu\/parodontologia\/files\/2020\/03\/k\u00e9zmos\u00e1s.png 596w, https:\/\/semmelweis.hu\/parodontologia\/files\/2020\/03\/k\u00e9zmos\u00e1s-212x300.png 212w\" sizes=\"auto, (max-width: 596px) 100vw, 596px\" \/><\/a><\/p>\n<p><a href=\"https:\/\/semmelweis.hu\/parodontologia\/files\/2020\/03\/Artboard-1.png\"><img loading=\"lazy\" decoding=\"async\" class=\"alignnone wp-image-2884 size-full\" src=\"https:\/\/semmelweis.hu\/parodontologia\/files\/2020\/03\/Artboard-1.png\" alt=\"\" width=\"596\" height=\"842\" srcset=\"https:\/\/semmelweis.hu\/parodontologia\/files\/2020\/03\/Artboard-1.png 596w, https:\/\/semmelweis.hu\/parodontologia\/files\/2020\/03\/Artboard-1-212x300.png 212w\" sizes=\"auto, (max-width: 596px) 100vw, 596px\" \/><\/a><\/p>\n","protected":false},"excerpt":{"rendered":"<p><a href=\"https:\/\/semmelweis.hu\/parodontologia\/files\/2020\/03\/k\u00e9zmos\u00e1s.png\">6<\/a><br \/>\n<a href=\"https:\/\/semmelweis.hu\/parodontologia\/files\/2020\/03\/Artboard-1.png\"><\/a><\/p>\n","protected":false},"author":101509,"featured_media":0,"parent":2089,"menu_order":6,"comment_status":"closed","ping_status":"closed","template":"","meta":{"_acf_changed":false,"footnotes":""},"categories":[],"tags":[],"class_list":["post-2886","page","type-page","status-publish","hentry"],"acf":[],"_links":{"self":[{"href":"https:\/\/semmelweis.hu\/parodontologia\/wp-json\/wp\/v2\/pages\/2886","targetHints":{"allow":["GET"]}}],"collection":[{"href":"https:\/\/semmelweis.hu\/parodontologia\/wp-json\/wp\/v2\/pages"}],"about":[{"href":"https:\/\/semmelweis.hu\/parodontologia\/wp-json\/wp\/v2\/types\/page"}],"author":[{"embeddable":true,"href":"https:\/\/semmelweis.hu\/parodontologia\/wp-json\/wp\/v2\/users\/101509"}],"replies":[{"embeddable":true,"href":"https:\/\/semmelweis.hu\/parodontologia\/wp-json\/wp\/v2\/comments?post=2886"}],"version-history":[{"count":2,"href":"https:\/\/semmelweis.hu\/parodontologia\/wp-json\/wp\/v2\/pages\/2886\/revisions"}],"predecessor-version":[{"id":2891,"href":"https:\/\/semmelweis.hu\/parodontologia\/wp-json\/wp\/v2\/pages\/2886\/revisions\/2891"}],"up":[{"embeddable":true,"href":"https:\/\/semmelweis.hu\/parodontologia\/wp-json\/wp\/v2\/pages\/2089"}],"wp:attachment":[{"href":"https:\/\/semmelweis.hu\/parodontologia\/wp-json\/wp\/v2\/media?parent=2886"}],"wp:term":[{"taxonomy":"category","embeddable":true,"href":"https:\/\/semmelweis.hu\/parodontologia\/wp-json\/wp\/v2\/categories?post=2886"},{"taxonomy":"post_tag","embeddable":true,"href":"https:\/\/semmelweis.hu\/parodontologia\/wp-json\/wp\/v2\/tags?post=2886"}],"curies":[{"name":"wp","href":"https:\/\/api.w.org\/{rel}","templated":true}]}}