{"id":2794,"date":"2020-02-05T13:13:23","date_gmt":"2020-02-05T12:13:23","guid":{"rendered":"http:\/\/semmelweis.hu\/parodontologia\/?page_id=2794"},"modified":"2026-02-25T12:05:52","modified_gmt":"2026-02-25T11:05:52","slug":"rotacio","status":"publish","type":"page","link":"https:\/\/semmelweis.hu\/parodontologia\/oktatas\/v-evfolyam\/rotacio\/","title":{"rendered":"Rot\u00e1ci\u00f3"},"content":{"rendered":"<p style=\"text-align: left\"><span style=\"font-size: 24pt\"><strong>2026.<\/strong><\/span><\/p>\n<p style=\"text-align: left\"><span style=\"text-decoration: underline\">Rot\u00e1ci\u00f3 (Parodontol\u00f3gia IV. klinikai gyakorlat) beoszt\u00e1s\u00a0<br \/>\n<\/span><\/p>\n<p style=\"text-align: left\">A gyakorlat pontosan 8.00 \u00f3rakor kezd\u0151dik a IV. emeleten.\u00a0 A napi gyakorlatr\u00f3l szem\u00e9lyenk\u00e9nt &#8222;Penzumlapot&#8221; kell kit\u00f6lteni.<\/p>\n<p style=\"text-align: left\">Mindkett\u0151 a 412. sz. kartonoz\u00f3 szob\u00e1ban lesz elhelyezve, a Penzumlapot <span style=\"text-decoration: underline\">a napos felv\u00e9teles orvos <\/span>fogja \u00f6n\u00f6knek ellenjegyezni (minden nap).\u00a0<span style=\"color: #ffffff\">napi betegforgalmat is mindig figyelembe v\u00e9ve- maximum 14.00 \u00f3r\u00e1ig tart.<\/span><\/p>\n<p style=\"text-align: left\">J\u00f3 munk\u00e1t k\u00edv\u00e1nunk!<\/p>\n<p>&nbsp;<\/p>\n<table style=\"width: 54.1723%;height: 3981px\" width=\"447\">\n<tbody>\n<tr>\n<td style=\"width: 6.12245%\" width=\"64\">\u00a0<\/td>\n<td style=\"text-align: center;width: 28.9316%\" width=\"80\">Neptun k\u00f3d<\/td>\n<td style=\"text-align: center;width: 23.7695%\" width=\"111\"><strong>1. csoport<\/strong><\/td>\n<td style=\"text-align: center;width: 41.0564%\" width=\"192\">Csoport tagjai\u00a0<\/td>\n<\/tr>\n<tr>\n<td style=\"width: 6.12245%\">1<\/td>\n<td style=\"text-align: center;width: 28.9316%\">POZ5U8<\/td>\n<td style=\"text-align: center;width: 23.7695%\" rowspan=\"10\">febru\u00e1r 9-10-11<\/td>\n<td style=\"text-align: center;width: 41.0564%\">Horv\u00e1th Zsuzsanna<\/td>\n<\/tr>\n<tr>\n<td style=\"width: 6.12245%\">2<\/td>\n<td style=\"text-align: center;width: 28.9316%\">H41PA3<\/td>\n<td style=\"text-align: center;width: 41.0564%\">Nagyap\u00e1ti Kl\u00e1ra<\/td>\n<\/tr>\n<tr>\n<td style=\"width: 6.12245%\">3<\/td>\n<td style=\"text-align: center;width: 28.9316%\">MWMMK5<\/td>\n<td style=\"text-align: center;width: 41.0564%\">Hanczik Henrik Arnold<\/td>\n<\/tr>\n<tr>\n<td style=\"width: 6.12245%\">4<\/td>\n<td style=\"text-align: center;width: 28.9316%\">WKBX4G<\/td>\n<td style=\"text-align: center;width: 41.0564%\">Kalm\u00e1r T\u00edmea M\u00e1ria<\/td>\n<\/tr>\n<tr>\n<td style=\"width: 6.12245%\">5<\/td>\n<td style=\"text-align: center;width: 28.9316%\">MZ56KH<\/td>\n<td style=\"text-align: center;width: 41.0564%\">\u00d6lvedy Csan\u00e1d<\/td>\n<\/tr>\n<tr>\n<td style=\"width: 6.12245%\">6<\/td>\n<td style=\"text-align: center;width: 28.9316%\">KYJUUY<\/td>\n<td style=\"text-align: center;width: 41.0564%\">M\u00e1rton Kata<\/td>\n<\/tr>\n<tr>\n<td style=\"width: 6.12245%\">7<\/td>\n<td style=\"text-align: center;width: 28.9316%\">ATYY6I<\/td>\n<td style=\"text-align: center;width: 41.0564%\">R\u00e1duly T\u00fcnde X\u00e9nia<\/td>\n<\/tr>\n<tr>\n<td style=\"width: 6.12245%\">8<\/td>\n<td style=\"text-align: center;width: 28.9316%\">A6JGLH<\/td>\n<td style=\"text-align: center;width: 41.0564%\">Csord\u00e1s Dorottya<\/td>\n<\/tr>\n<tr>\n<td style=\"width: 6.12245%\">9<\/td>\n<td style=\"text-align: center;width: 28.9316%\">SPVOQV<\/td>\n<td style=\"text-align: center;width: 41.0564%\">Veres Csilla Vivien<\/td>\n<\/tr>\n<tr>\n<td style=\"width: 6.12245%\">10<\/td>\n<td style=\"text-align: center;width: 28.9316%\">HE4D4N<\/td>\n<td style=\"text-align: center;width: 41.0564%\">Kov\u00e1cs Petra<\/td>\n<\/tr>\n<tr>\n<td style=\"width: 6.12245%\">\u00a0<\/td>\n<td style=\"text-align: center;width: 28.9316%\">\u00a0<\/td>\n<td style=\"text-align: center;width: 23.7695%\">\u00a0<\/td>\n<td style=\"text-align: center;width: 41.0564%\">\u00a0<\/td>\n<\/tr>\n<tr>\n<td style=\"width: 6.12245%\">\u00a0<\/td>\n<td style=\"text-align: center;width: 28.9316%\">Neptun k\u00f3d<\/td>\n<td style=\"text-align: center;width: 23.7695%\"><strong>2. csoport<\/strong><\/td>\n<td style=\"text-align: center;width: 41.0564%\">Csoport tagjai\u00a0<\/td>\n<\/tr>\n<tr>\n<td style=\"width: 6.12245%\">1<\/td>\n<td style=\"text-align: center;width: 28.9316%\">LPLZZR<\/td>\n<td style=\"text-align: center;width: 23.7695%\" rowspan=\"9\">febru\u00e1r 12-13-16<\/td>\n<td style=\"text-align: center;width: 41.0564%\">Kir\u00e1ly \u00c1gnes<\/td>\n<\/tr>\n<tr>\n<td style=\"width: 6.12245%\">2<\/td>\n<td style=\"text-align: center;width: 28.9316%\">CS0LY4<\/td>\n<td style=\"text-align: center;width: 41.0564%\">R\u00e1duly Adrienn<\/td>\n<\/tr>\n<tr>\n<td style=\"width: 6.12245%\">3<\/td>\n<td style=\"text-align: center;width: 28.9316%\">G58TFQ<\/td>\n<td style=\"text-align: center;width: 41.0564%\">R\u00e1cz Johanna<\/td>\n<\/tr>\n<tr>\n<td style=\"width: 6.12245%\">4<\/td>\n<td style=\"text-align: center;width: 28.9316%\">VA7JEA<\/td>\n<td style=\"text-align: center;width: 41.0564%\">Szab\u00f3 Szonja Zs\u00f3fia<\/td>\n<\/tr>\n<tr>\n<td style=\"width: 6.12245%\">5<\/td>\n<td style=\"text-align: center;width: 28.9316%\">IUNNE6<\/td>\n<td style=\"text-align: center;width: 41.0564%\">Ver\u00e9b M\u00e1t\u00e9 M\u00e1ty\u00e1s<\/td>\n<\/tr>\n<tr>\n<td style=\"width: 6.12245%\">6<\/td>\n<td style=\"text-align: center;width: 28.9316%\">QNXH9A<\/td>\n<td style=\"text-align: center;width: 41.0564%\">M\u00e9rey-K\u00e1d\u00e1r Kinga M\u00e1lna<\/td>\n<\/tr>\n<tr>\n<td style=\"width: 6.12245%\">7<\/td>\n<td style=\"text-align: center;width: 28.9316%\">BR8R3D<\/td>\n<td style=\"text-align: center;width: 41.0564%\">Pakuts \u00c1gnes<\/td>\n<\/tr>\n<tr>\n<td style=\"width: 6.12245%\">8<\/td>\n<td style=\"text-align: center;width: 28.9316%\">J9KQIW<\/td>\n<td style=\"text-align: center;width: 41.0564%\">Nov\u00e1k Nanda Eliza<\/td>\n<\/tr>\n<tr>\n<td style=\"width: 6.12245%\">9<\/td>\n<td style=\"text-align: center;width: 28.9316%\">CRNSJM<\/td>\n<td style=\"text-align: center;width: 41.0564%\">Phan Thi Xuan Vi Viola<\/td>\n<\/tr>\n<tr>\n<td style=\"width: 6.12245%\">\u00a0<\/td>\n<td style=\"text-align: center;width: 28.9316%\">\u00a0<\/td>\n<td style=\"text-align: center;width: 23.7695%\">\u00a0<\/td>\n<td style=\"text-align: center;width: 41.0564%\">\u00a0<\/td>\n<\/tr>\n<tr>\n<td style=\"width: 6.12245%\">\u00a0<\/td>\n<td style=\"text-align: center;width: 28.9316%\">Neptun k\u00f3d<\/td>\n<td style=\"text-align: center;width: 23.7695%\"><strong>3. csoport<\/strong><\/td>\n<td style=\"text-align: center;width: 41.0564%\">Csoport tagjai\u00a0<\/td>\n<\/tr>\n<tr>\n<td style=\"width: 6.12245%\">1<\/td>\n<td style=\"text-align: center;width: 28.9316%\">B2PDQP<\/td>\n<td style=\"text-align: center;width: 23.7695%\" rowspan=\"10\">febru\u00e1r 17-18-19<\/td>\n<td style=\"text-align: center;width: 41.0564%\">Pog\u00e1ny Lilla<\/td>\n<\/tr>\n<tr>\n<td style=\"width: 6.12245%\">2<\/td>\n<td style=\"text-align: center;width: 28.9316%\">JIFWFC<\/td>\n<td style=\"text-align: center;width: 41.0564%\">Komondi Kata<\/td>\n<\/tr>\n<tr>\n<td style=\"width: 6.12245%\">3<\/td>\n<td style=\"text-align: center;width: 28.9316%\">ZWHJT0<\/td>\n<td style=\"text-align: center;width: 41.0564%\">Kerekes Dominika<\/td>\n<\/tr>\n<tr>\n<td style=\"width: 6.12245%\">4<\/td>\n<td style=\"text-align: center;width: 28.9316%\">IMMP6C<\/td>\n<td style=\"text-align: center;width: 41.0564%\">Jakab J\u00falia<\/td>\n<\/tr>\n<tr>\n<td style=\"width: 6.12245%\">5<\/td>\n<td style=\"text-align: center;width: 28.9316%\">XBCEK9<\/td>\n<td style=\"text-align: center;width: 41.0564%\">Kis Hanna R\u00f3za<\/td>\n<\/tr>\n<tr>\n<td style=\"width: 6.12245%\">6<\/td>\n<td style=\"text-align: center;width: 28.9316%\">QDQYEO<\/td>\n<td style=\"text-align: center;width: 41.0564%\">Feh\u00e9r J\u00e1zmin<\/td>\n<\/tr>\n<tr>\n<td style=\"width: 6.12245%\">7<\/td>\n<td style=\"text-align: center;width: 28.9316%\">Z3LUJT<\/td>\n<td style=\"text-align: center;width: 41.0564%\">Hamp\u00f3 Helga<\/td>\n<\/tr>\n<tr>\n<td style=\"width: 6.12245%\">8<\/td>\n<td style=\"text-align: center;width: 28.9316%\">QYCMEP<\/td>\n<td style=\"text-align: center;width: 41.0564%\">Hangonyi P\u00e9ter Zolt\u00e1n<\/td>\n<\/tr>\n<tr>\n<td style=\"width: 6.12245%\">9<\/td>\n<td style=\"text-align: center;width: 28.9316%\">BFT7G5<\/td>\n<td style=\"text-align: center;width: 41.0564%\">Erd\u00e9lyi Csilla<\/td>\n<\/tr>\n<tr>\n<td style=\"width: 6.12245%\">10<\/td>\n<td style=\"text-align: center;width: 28.9316%\">A48KPP<\/td>\n<td style=\"text-align: center;width: 41.0564%\">Szab\u00f3 Anett<\/td>\n<\/tr>\n<tr>\n<td style=\"width: 6.12245%\">\u00a0<\/td>\n<td style=\"text-align: center;width: 28.9316%\">\u00a0<\/td>\n<td style=\"text-align: center;width: 23.7695%\">\u00a0<\/td>\n<td style=\"text-align: center;width: 41.0564%\">\u00a0<\/td>\n<\/tr>\n<tr>\n<td style=\"width: 6.12245%\">\u00a0<\/td>\n<td style=\"text-align: center;width: 28.9316%\">Neptun k\u00f3d<\/td>\n<td style=\"text-align: center;width: 23.7695%\"><strong>4. csoport<\/strong><\/td>\n<td style=\"text-align: center;width: 41.0564%\">Csoport tagjai\u00a0<\/td>\n<\/tr>\n<tr>\n<td style=\"width: 6.12245%\">1<\/td>\n<td style=\"text-align: center;width: 28.9316%\">FO5DQX<\/td>\n<td style=\"text-align: center;width: 23.7695%\" rowspan=\"10\">febru\u00e1r 20-23-24<\/td>\n<td style=\"text-align: center;width: 41.0564%\">Er\u0151s Vivien<\/td>\n<\/tr>\n<tr>\n<td style=\"width: 6.12245%\">2<\/td>\n<td style=\"text-align: center;width: 28.9316%\">XM07BP<\/td>\n<td style=\"text-align: center;width: 41.0564%\">Szombati Vivien<\/td>\n<\/tr>\n<tr>\n<td style=\"width: 6.12245%\">3<\/td>\n<td style=\"text-align: center;width: 28.9316%\">Q3N67V<\/td>\n<td style=\"text-align: center;width: 41.0564%\">Liposits Zal\u00e1n<\/td>\n<\/tr>\n<tr>\n<td style=\"width: 6.12245%\">4<\/td>\n<td style=\"text-align: center;width: 28.9316%\">CEXM2P<\/td>\n<td style=\"text-align: center;width: 41.0564%\">Lendvai Andr\u00e1s<\/td>\n<\/tr>\n<tr>\n<td style=\"width: 6.12245%\">5<\/td>\n<td style=\"text-align: center;width: 28.9316%\">UTCOCB<\/td>\n<td style=\"text-align: center;width: 41.0564%\">Lakatos Linda<\/td>\n<\/tr>\n<tr>\n<td style=\"width: 6.12245%\">6<\/td>\n<td style=\"text-align: center;width: 28.9316%\">TDEC60<\/td>\n<td style=\"text-align: center;width: 41.0564%\">Zoltai Tamara Panna<\/td>\n<\/tr>\n<tr>\n<td style=\"width: 6.12245%\">7<\/td>\n<td style=\"text-align: center;width: 28.9316%\">FP7IMZ<\/td>\n<td style=\"text-align: center;width: 41.0564%\">Majoros Gr\u00e9ta Lili<\/td>\n<\/tr>\n<tr>\n<td style=\"width: 6.12245%\">8<\/td>\n<td style=\"text-align: center;width: 28.9316%\">E3ASNH<\/td>\n<td style=\"text-align: center;width: 41.0564%\">Keszthelyi Emese \u00c1gnes<\/td>\n<\/tr>\n<tr>\n<td style=\"width: 6.12245%\">9<\/td>\n<td style=\"text-align: center;width: 28.9316%\">G4VLSY<\/td>\n<td style=\"text-align: center;width: 41.0564%\">Kasza Luca Fanni<\/td>\n<\/tr>\n<tr>\n<td style=\"width: 6.12245%\">10<\/td>\n<td style=\"text-align: center;width: 28.9316%\">C5X5FE<\/td>\n<td style=\"text-align: center;width: 41.0564%\">Hoffer Judit<\/td>\n<\/tr>\n<tr>\n<td style=\"width: 6.12245%\">\u00a0<\/td>\n<td style=\"text-align: center;width: 28.9316%\">\u00a0<\/td>\n<td style=\"text-align: center;width: 23.7695%\">\u00a0<\/td>\n<td style=\"text-align: center;width: 41.0564%\">\u00a0<\/td>\n<\/tr>\n<tr>\n<td style=\"width: 6.12245%\">\u00a0<\/td>\n<td style=\"text-align: center;width: 28.9316%\">Neptun k\u00f3d<\/td>\n<td style=\"text-align: center;width: 23.7695%\"><strong>5. csoport<\/strong><\/td>\n<td style=\"text-align: center;width: 41.0564%\">Csoport tagjai\u00a0<\/td>\n<\/tr>\n<tr>\n<td style=\"width: 6.12245%\">1<\/td>\n<td style=\"text-align: center;width: 28.9316%\">W9G2DS<\/td>\n<td style=\"text-align: center;width: 23.7695%\" rowspan=\"10\">febru\u00e1r 25-26-27<\/td>\n<td style=\"text-align: center;width: 41.0564%\">Koroknai M\u00f3nika<\/td>\n<\/tr>\n<tr>\n<td style=\"width: 6.12245%\">2<\/td>\n<td style=\"text-align: center;width: 28.9316%\">UIX906<\/td>\n<td style=\"text-align: center;width: 41.0564%\">Fodor Zs\u00f3fia Franciska<\/td>\n<\/tr>\n<tr>\n<td style=\"width: 6.12245%\">3<\/td>\n<td style=\"text-align: center;width: 28.9316%\">C4PKB6<\/td>\n<td style=\"text-align: center;width: 41.0564%\">Losonczi M\u00e1rta<\/td>\n<\/tr>\n<tr>\n<td style=\"width: 6.12245%\">4<\/td>\n<td style=\"text-align: center;width: 28.9316%\">XSQF93<\/td>\n<td style=\"text-align: center;width: 41.0564%\">\u00c1kontz-Kiss Leticia \u00c1gnes<\/td>\n<\/tr>\n<tr>\n<td style=\"width: 6.12245%\">5<\/td>\n<td style=\"text-align: center;width: 28.9316%\">N8IOZ5<\/td>\n<td style=\"text-align: center;width: 41.0564%\">Dr. Frei Tam\u00e1s<\/td>\n<\/tr>\n<tr>\n<td style=\"width: 6.12245%\">6<\/td>\n<td style=\"text-align: center;width: 28.9316%\">Y77E5Y<\/td>\n<td style=\"text-align: center;width: 41.0564%\">Lesk\u00f3 Eszter R\u00f3zsa<\/td>\n<\/tr>\n<tr>\n<td style=\"width: 6.12245%\">7<\/td>\n<td style=\"text-align: center;width: 28.9316%\">NTRX1Q<\/td>\n<td style=\"text-align: center;width: 41.0564%\">Bukov\u00e1cz D\u00f3ra<\/td>\n<\/tr>\n<tr>\n<td style=\"width: 6.12245%\">8<\/td>\n<td style=\"text-align: center;width: 28.9316%\">BNASQT<\/td>\n<td style=\"text-align: center;width: 41.0564%\">Labancz Laura<\/td>\n<\/tr>\n<tr>\n<td style=\"width: 6.12245%\">9<\/td>\n<td style=\"text-align: center;width: 28.9316%\">AE95OV<\/td>\n<td style=\"text-align: center;width: 41.0564%\">Bani Eszter<\/td>\n<\/tr>\n<tr>\n<td style=\"width: 6.12245%\">10<\/td>\n<td style=\"text-align: center;width: 28.9316%\">Y0W7J7<\/td>\n<td style=\"text-align: center;width: 41.0564%\">Gilly Krist\u00f3f Gyula<\/td>\n<\/tr>\n<tr>\n<td style=\"width: 6.12245%\">\u00a0<\/td>\n<td style=\"text-align: center;width: 28.9316%\">\u00a0<\/td>\n<td style=\"text-align: center;width: 23.7695%\">\u00a0<\/td>\n<td style=\"text-align: center;width: 41.0564%\">\u00a0<\/td>\n<\/tr>\n<tr>\n<td style=\"width: 6.12245%\">\u00a0<\/td>\n<td style=\"text-align: center;width: 28.9316%\">Neptun k\u00f3d<\/td>\n<td style=\"text-align: center;width: 23.7695%\"><strong>6. csoport<\/strong><\/td>\n<td style=\"text-align: center;width: 41.0564%\">Csoport tagjai\u00a0<\/td>\n<\/tr>\n<tr>\n<td style=\"width: 6.12245%\">1<\/td>\n<td style=\"text-align: center;width: 28.9316%\">GD6MVW<\/td>\n<td style=\"text-align: center;width: 23.7695%\" rowspan=\"11\">m\u00e1rcius 2-3-4<\/td>\n<td style=\"text-align: center;width: 41.0564%\">Varga Pongr\u00e1c J\u00e1nos<\/td>\n<\/tr>\n<tr>\n<td style=\"width: 6.12245%\">2<\/td>\n<td style=\"text-align: center;width: 28.9316%\">CSDLDY<\/td>\n<td style=\"text-align: center;width: 41.0564%\">Zentai D\u00e1niel M\u00e1rk<\/td>\n<\/tr>\n<tr>\n<td style=\"width: 6.12245%\">3<\/td>\n<td style=\"text-align: center;width: 28.9316%\">UVCD8L<\/td>\n<td style=\"text-align: center;width: 41.0564%\">De\u00e1k Attila Gergely<\/td>\n<\/tr>\n<tr>\n<td style=\"width: 6.12245%\">4<\/td>\n<td style=\"text-align: center;width: 28.9316%\">WFI59R<\/td>\n<td style=\"text-align: center;width: 41.0564%\">Foki D\u00e1niel<\/td>\n<\/tr>\n<tr>\n<td style=\"width: 6.12245%\">5<\/td>\n<td style=\"text-align: center;width: 28.9316%\">WPM8BY<\/td>\n<td style=\"text-align: center;width: 41.0564%\">N\u00e9meth Krist\u00f3f<\/td>\n<\/tr>\n<tr>\n<td style=\"width: 6.12245%\">6<\/td>\n<td style=\"text-align: center;width: 28.9316%\">IK3ZTG<\/td>\n<td style=\"text-align: center;width: 41.0564%\">Csik Dorka<\/td>\n<\/tr>\n<tr>\n<td style=\"width: 6.12245%\">7<\/td>\n<td style=\"text-align: center;width: 28.9316%\">DVQGF2<\/td>\n<td style=\"text-align: center;width: 41.0564%\">Gyurk\u00f3 Flavia Victoria<\/td>\n<\/tr>\n<tr>\n<td style=\"width: 6.12245%\">8<\/td>\n<td style=\"text-align: center;width: 28.9316%\">EDPRC5<\/td>\n<td style=\"text-align: center;width: 41.0564%\">Guly\u00e1s Fanni Zsuzsa<\/td>\n<\/tr>\n<tr>\n<td style=\"width: 6.12245%\">9<\/td>\n<td style=\"text-align: center;width: 28.9316%\">F9X55D<\/td>\n<td style=\"text-align: center;width: 41.0564%\">G\u00fcnter Csenge \u00c1gota<\/td>\n<\/tr>\n<tr>\n<td style=\"width: 6.12245%\">10<\/td>\n<td style=\"text-align: center;width: 28.9316%\">VF8PN3<\/td>\n<td style=\"text-align: center;width: 41.0564%\">Kuslics Anna<\/td>\n<\/tr>\n<tr>\n<td style=\"width: 6.12245%\">11<\/td>\n<td style=\"text-align: center;width: 28.9316%\">LQ2QYN<\/td>\n<td style=\"text-align: center;width: 41.0564%\">Dr. Bogd\u00e1n Tam\u00e1s<\/td>\n<\/tr>\n<tr>\n<td style=\"width: 6.12245%\">\u00a0<\/td>\n<td style=\"text-align: center;width: 28.9316%\">\u00a0<\/td>\n<td style=\"text-align: center;width: 23.7695%\">\u00a0<\/td>\n<td style=\"text-align: center;width: 41.0564%\">\u00a0<\/td>\n<\/tr>\n<tr>\n<td style=\"width: 6.12245%\">\u00a0<\/td>\n<td style=\"text-align: center;width: 28.9316%\">Neptun k\u00f3d<\/td>\n<td style=\"text-align: center;width: 23.7695%\"><strong>7. csoport<\/strong><\/td>\n<td style=\"text-align: center;width: 41.0564%\">Csoport tagjai\u00a0<\/td>\n<\/tr>\n<tr>\n<td style=\"width: 6.12245%\">1<\/td>\n<td style=\"text-align: center;width: 28.9316%\">BQWEWQ<\/td>\n<td style=\"text-align: center;width: 23.7695%\" rowspan=\"10\">m\u00e1rcius 5-6-9<\/td>\n<td style=\"text-align: center;width: 41.0564%\">Eyassu S\u00e1ra<\/td>\n<\/tr>\n<tr>\n<td style=\"width: 6.12245%\">2<\/td>\n<td style=\"text-align: center;width: 28.9316%\">CITQLP<\/td>\n<td style=\"text-align: center;width: 41.0564%\">Bortny\u00e1k Zs\u00f3fia Julianna<\/td>\n<\/tr>\n<tr>\n<td style=\"width: 6.12245%\">3<\/td>\n<td style=\"text-align: center;width: 28.9316%\">ILAQQD<\/td>\n<td style=\"text-align: center;width: 41.0564%\">Csofcsics Vir\u00e1g<\/td>\n<\/tr>\n<tr>\n<td style=\"width: 6.12245%\">4<\/td>\n<td style=\"text-align: center;width: 28.9316%\">YS9556<\/td>\n<td style=\"text-align: center;width: 41.0564%\">Nagy Nelli<\/td>\n<\/tr>\n<tr>\n<td style=\"width: 6.12245%\">5<\/td>\n<td style=\"text-align: center;width: 28.9316%\">RCCS8Q<\/td>\n<td style=\"text-align: center;width: 41.0564%\">Balogh S\u00e1ra Panna<\/td>\n<\/tr>\n<tr>\n<td style=\"width: 6.12245%\">6<\/td>\n<td style=\"text-align: center;width: 28.9316%\">HI3HE0<\/td>\n<td style=\"text-align: center;width: 41.0564%\">HI3HE0<\/td>\n<\/tr>\n<tr>\n<td style=\"width: 6.12245%\">7<\/td>\n<td style=\"text-align: center;width: 28.9316%\">E8P3MJ<\/td>\n<td style=\"text-align: center;width: 41.0564%\">E8P3MJ<\/td>\n<\/tr>\n<tr>\n<td style=\"width: 6.12245%\">8<\/td>\n<td style=\"text-align: center;width: 28.9316%\">FT8X3O<\/td>\n<td style=\"text-align: center;width: 41.0564%\">FT8X3O<\/td>\n<\/tr>\n<tr>\n<td style=\"width: 6.12245%\">9<\/td>\n<td style=\"text-align: center;width: 28.9316%\">TVD2MN<\/td>\n<td style=\"text-align: center;width: 41.0564%\">TVD2MN<\/td>\n<\/tr>\n<tr>\n<td style=\"width: 6.12245%\">10<\/td>\n<td style=\"text-align: center;width: 28.9316%\">JCOIVG<\/td>\n<td style=\"text-align: center;width: 41.0564%\">JCOIVG<\/td>\n<\/tr>\n<tr>\n<td style=\"width: 6.12245%\">\u00a0<\/td>\n<td style=\"text-align: center;width: 28.9316%\">\u00a0<\/td>\n<td style=\"text-align: center;width: 23.7695%\">\u00a0<\/td>\n<td style=\"text-align: center;width: 41.0564%\">\u00a0<\/td>\n<\/tr>\n<tr>\n<td style=\"width: 6.12245%\">\u00a0<\/td>\n<td style=\"text-align: center;width: 28.9316%\">Neptun k\u00f3d<\/td>\n<td style=\"text-align: center;width: 23.7695%\"><strong>8. csoport<\/strong><\/td>\n<td style=\"text-align: center;width: 41.0564%\">Csoport tagjai\u00a0<\/td>\n<\/tr>\n<tr>\n<td style=\"width: 6.12245%\">1<\/td>\n<td style=\"text-align: center;width: 28.9316%\">HRXJIM<\/td>\n<td style=\"text-align: center;width: 23.7695%\" rowspan=\"10\">m\u00e1rcius 10-11-12<\/td>\n<td style=\"text-align: center;width: 41.0564%\">Sz\u00f6ll\u0151si Eszter<\/td>\n<\/tr>\n<tr>\n<td style=\"width: 6.12245%\">2<\/td>\n<td style=\"text-align: center;width: 28.9316%\">RCPIES<\/td>\n<td style=\"text-align: center;width: 41.0564%\">Tompa Stella<\/td>\n<\/tr>\n<tr>\n<td style=\"width: 6.12245%\">3<\/td>\n<td style=\"text-align: center;width: 28.9316%\">D40VSQ<\/td>\n<td style=\"text-align: center;width: 41.0564%\">Sitery M\u00e1rton<\/td>\n<\/tr>\n<tr>\n<td style=\"width: 6.12245%\">4<\/td>\n<td style=\"text-align: center;width: 28.9316%\">JZAOV9<\/td>\n<td style=\"text-align: center;width: 41.0564%\">N\u00e9meth M\u00e1rk Ferenc<\/td>\n<\/tr>\n<tr>\n<td style=\"width: 6.12245%\">5<\/td>\n<td style=\"text-align: center;width: 28.9316%\">SP8FBW<\/td>\n<td style=\"text-align: center;width: 41.0564%\">G\u00e1lov\u00e1 Evelin<\/td>\n<\/tr>\n<tr>\n<td style=\"width: 6.12245%\">6<\/td>\n<td style=\"text-align: center;width: 28.9316%\">BIK04N<\/td>\n<td style=\"text-align: center;width: 41.0564%\">Dr. Meilinger-Dobra M\u00f3nika<\/td>\n<\/tr>\n<tr>\n<td style=\"width: 6.12245%\">7<\/td>\n<td style=\"text-align: center;width: 28.9316%\">Z5A4XB<\/td>\n<td style=\"text-align: center;width: 41.0564%\">Petes Andrea<\/td>\n<\/tr>\n<tr>\n<td style=\"width: 6.12245%\">8<\/td>\n<td style=\"text-align: center;width: 28.9316%\">PGFCI3<\/td>\n<td style=\"text-align: center;width: 41.0564%\">P\u00e1rk\u00e1nyi Zs\u00f3fia M\u00e1ria<\/td>\n<\/tr>\n<tr>\n<td style=\"width: 6.12245%\">9<\/td>\n<td style=\"text-align: center;width: 28.9316%\">NOGSJ7<\/td>\n<td style=\"text-align: center;width: 41.0564%\">Monoki Zs\u00f3fia<\/td>\n<\/tr>\n<tr>\n<td style=\"width: 6.12245%\">10<\/td>\n<td style=\"text-align: center;width: 28.9316%\">HM5TW0<\/td>\n<td style=\"text-align: center;width: 41.0564%\">Kelemen Ad\u00e9l<\/td>\n<\/tr>\n<tr>\n<td style=\"width: 6.12245%\">\u00a0<\/td>\n<td style=\"text-align: center;width: 28.9316%\">Neptun k\u00f3d<\/td>\n<td style=\"text-align: center;width: 23.7695%\"><strong>9. csoport<\/strong><\/td>\n<td style=\"text-align: center;width: 41.0564%\">Csoport tagjai\u00a0<\/td>\n<\/tr>\n<tr>\n<td style=\"width: 6.12245%\">1<\/td>\n<td style=\"text-align: center;width: 28.9316%\">FVULD0<\/td>\n<td style=\"text-align: center;width: 23.7695%\" rowspan=\"10\">m\u00e1rcius 13-16-17<\/td>\n<td style=\"text-align: center;width: 41.0564%\">H\u00e9jja Istv\u00e1n Tam\u00e1s<\/td>\n<\/tr>\n<tr>\n<td style=\"width: 6.12245%\">2<\/td>\n<td style=\"text-align: center;width: 28.9316%\">SDQXVG<\/td>\n<td style=\"text-align: center;width: 41.0564%\">Kelen Domonkos Andr\u00e1s<\/td>\n<\/tr>\n<tr>\n<td style=\"width: 6.12245%\">3<\/td>\n<td style=\"text-align: center;width: 28.9316%\">N5A1TM<\/td>\n<td style=\"text-align: center;width: 41.0564%\">Horv\u00e1th Anna<\/td>\n<\/tr>\n<tr>\n<td style=\"width: 6.12245%\">4<\/td>\n<td style=\"text-align: center;width: 28.9316%\">VLRVWD<\/td>\n<td style=\"text-align: center;width: 41.0564%\">Kov\u00e1cs Bal\u00e1zs<\/td>\n<\/tr>\n<tr>\n<td style=\"width: 6.12245%\">5<\/td>\n<td style=\"text-align: center;width: 28.9316%\">WO7RGI<\/td>\n<td style=\"text-align: center;width: 41.0564%\">Tarr Norbert \u00c1kos<\/td>\n<\/tr>\n<tr>\n<td style=\"width: 6.12245%\">6<\/td>\n<td style=\"text-align: center;width: 28.9316%\">T1NZ5U<\/td>\n<td style=\"text-align: center;width: 41.0564%\">Kozma Kata<\/td>\n<\/tr>\n<tr>\n<td style=\"width: 6.12245%\">7<\/td>\n<td style=\"text-align: center;width: 28.9316%\">BFFX17<\/td>\n<td style=\"text-align: center;width: 41.0564%\">Sz\u00e9csi D\u00e1niel L\u00e1szl\u00f3<\/td>\n<\/tr>\n<tr>\n<td style=\"width: 6.12245%\">8<\/td>\n<td style=\"text-align: center;width: 28.9316%\">SZ52BE<\/td>\n<td style=\"text-align: center;width: 41.0564%\">Pap-Korona Rita<\/td>\n<\/tr>\n<tr>\n<td style=\"width: 6.12245%\">9<\/td>\n<td style=\"text-align: center;width: 28.9316%\">CPCWVD<\/td>\n<td style=\"text-align: center;width: 41.0564%\">K\u00e1rp\u00e1ti M\u00e1rton Tam\u00e1s<\/td>\n<\/tr>\n<tr>\n<td style=\"width: 6.12245%\">10<\/td>\n<td style=\"text-align: center;width: 28.9316%\">D3OW88<\/td>\n<td style=\"text-align: center;width: 41.0564%\">T\u00f6r\u00f6k Vikt\u00f3ria Dorottya<\/td>\n<\/tr>\n<\/tbody>\n<\/table>\n","protected":false},"excerpt":{"rendered":"<p>2026. Rot\u00e1ci\u00f3 (Parodontol\u00f3gia IV. klinikai gyakorlat) beoszt\u00e1s\u00a0 A gyakorlat pontosan 8.00 \u00f3rakor kezd\u0151dik a IV. emeleten.\u00a0 A napi gyakorlatr\u00f3l szem\u00e9lyenk\u00e9nt &#8222;Penzumlapot&#8221; kell kit\u00f6lteni. Mindkett\u0151 a 412. sz. kartonoz\u00f3 szob\u00e1ban lesz elhelyezve, a Penzumlapot a napos felv\u00e9teles orvos fogja \u00f6n\u00f6knek ellenjegyezni (minden nap).\u00a0napi betegforgalmat is mindig figyelembe v\u00e9ve- maximum 14.00 \u00f3r\u00e1ig tart. J\u00f3 munk\u00e1t k\u00edv\u00e1nunk! &nbsp; &hellip;<\/p>\n","protected":false},"author":356,"featured_media":0,"parent":36,"menu_order":0,"comment_status":"closed","ping_status":"closed","template":"","meta":{"_acf_changed":false,"footnotes":""},"categories":[],"tags":[],"class_list":["post-2794","page","type-page","status-publish","hentry"],"acf":[],"_links":{"self":[{"href":"https:\/\/semmelweis.hu\/parodontologia\/wp-json\/wp\/v2\/pages\/2794","targetHints":{"allow":["GET"]}}],"collection":[{"href":"https:\/\/semmelweis.hu\/parodontologia\/wp-json\/wp\/v2\/pages"}],"about":[{"href":"https:\/\/semmelweis.hu\/parodontologia\/wp-json\/wp\/v2\/types\/page"}],"author":[{"embeddable":true,"href":"https:\/\/semmelweis.hu\/parodontologia\/wp-json\/wp\/v2\/users\/356"}],"replies":[{"embeddable":true,"href":"https:\/\/semmelweis.hu\/parodontologia\/wp-json\/wp\/v2\/comments?post=2794"}],"version-history":[{"count":12,"href":"https:\/\/semmelweis.hu\/parodontologia\/wp-json\/wp\/v2\/pages\/2794\/revisions"}],"predecessor-version":[{"id":4908,"href":"https:\/\/semmelweis.hu\/parodontologia\/wp-json\/wp\/v2\/pages\/2794\/revisions\/4908"}],"up":[{"embeddable":true,"href":"https:\/\/semmelweis.hu\/parodontologia\/wp-json\/wp\/v2\/pages\/36"}],"wp:attachment":[{"href":"https:\/\/semmelweis.hu\/parodontologia\/wp-json\/wp\/v2\/media?parent=2794"}],"wp:term":[{"taxonomy":"category","embeddable":true,"href":"https:\/\/semmelweis.hu\/parodontologia\/wp-json\/wp\/v2\/categories?post=2794"},{"taxonomy":"post_tag","embeddable":true,"href":"https:\/\/semmelweis.hu\/parodontologia\/wp-json\/wp\/v2\/tags?post=2794"}],"curies":[{"name":"wp","href":"https:\/\/api.w.org\/{rel}","templated":true}]}}