{"id":2704,"date":"2019-11-13T12:29:41","date_gmt":"2019-11-13T11:29:41","guid":{"rendered":"http:\/\/semmelweis.hu\/parodontologia\/?page_id=2704"},"modified":"2020-01-05T19:11:42","modified_gmt":"2020-01-05T18:11:42","slug":"betegelegedettsegi-kerdoiv","status":"publish","type":"page","link":"https:\/\/semmelweis.hu\/parodontologia\/betegellatas\/betegelegedettsegi-kerdoiv\/","title":{"rendered":"Betegel\u00e9gedetts\u00e9gi k\u00e9rd\u0151\u00edv"},"content":{"rendered":"<p>\n<!-- iframe plugin v.4.9 wordpress.org\/plugins\/iframe\/ -->\n<iframe loading=\"lazy\" src=\"https:\/\/docs.google.com\/forms\/d\/e\/1FAIpQLScbxPQN4-tzi2YnDD8mJd4eG2cCsmPcEtFHqZTAhS7FBsDhlQ\/viewform?embedded=true\" width=\"100%\" height=\"2500\" scrolling=\"yes\" class=\"iframe-class\" frameborder=\"0\"><\/iframe>\nBet\u00f6lt\u00e9s\u2026<\/p>\n","protected":false},"excerpt":{"rendered":"<p>Bet\u00f6lt\u00e9s\u2026<\/p>\n","protected":false},"author":101509,"featured_media":0,"parent":2089,"menu_order":5,"comment_status":"closed","ping_status":"closed","template":"","meta":{"_acf_changed":false,"footnotes":""},"categories":[],"tags":[],"class_list":["post-2704","page","type-page","status-publish","hentry"],"acf":[],"_links":{"self":[{"href":"https:\/\/semmelweis.hu\/parodontologia\/wp-json\/wp\/v2\/pages\/2704","targetHints":{"allow":["GET"]}}],"collection":[{"href":"https:\/\/semmelweis.hu\/parodontologia\/wp-json\/wp\/v2\/pages"}],"about":[{"href":"https:\/\/semmelweis.hu\/parodontologia\/wp-json\/wp\/v2\/types\/page"}],"author":[{"embeddable":true,"href":"https:\/\/semmelweis.hu\/parodontologia\/wp-json\/wp\/v2\/users\/101509"}],"replies":[{"embeddable":true,"href":"https:\/\/semmelweis.hu\/parodontologia\/wp-json\/wp\/v2\/comments?post=2704"}],"version-history":[{"count":9,"href":"https:\/\/semmelweis.hu\/parodontologia\/wp-json\/wp\/v2\/pages\/2704\/revisions"}],"predecessor-version":[{"id":2773,"href":"https:\/\/semmelweis.hu\/parodontologia\/wp-json\/wp\/v2\/pages\/2704\/revisions\/2773"}],"up":[{"embeddable":true,"href":"https:\/\/semmelweis.hu\/parodontologia\/wp-json\/wp\/v2\/pages\/2089"}],"wp:attachment":[{"href":"https:\/\/semmelweis.hu\/parodontologia\/wp-json\/wp\/v2\/media?parent=2704"}],"wp:term":[{"taxonomy":"category","embeddable":true,"href":"https:\/\/semmelweis.hu\/parodontologia\/wp-json\/wp\/v2\/categories?post=2704"},{"taxonomy":"post_tag","embeddable":true,"href":"https:\/\/semmelweis.hu\/parodontologia\/wp-json\/wp\/v2\/tags?post=2704"}],"curies":[{"name":"wp","href":"https:\/\/api.w.org\/{rel}","templated":true}]}}