{"id":2575,"date":"2019-09-18T14:45:38","date_gmt":"2019-09-18T12:45:38","guid":{"rendered":"http:\/\/semmelweis.hu\/parodontologia\/?page_id=2575"},"modified":"2020-10-27T09:42:07","modified_gmt":"2020-10-27T08:42:07","slug":"minosegiranyitas","status":"publish","type":"page","link":"https:\/\/semmelweis.hu\/parodontologia\/a-klinikarol\/minosegiranyitas\/","title":{"rendered":"Min\u0151s\u00e9gir\u00e1ny\u00edt\u00e1s"},"content":{"rendered":"<p>A Parodontol\u00f3giai Klinika ISO 9001:2015 szabv\u00e1ny szerint tan\u00fas\u00edtott szervezeti egys\u00e9g, min\u0151s\u00e9gir\u00e1ny\u00edt\u00e1si rendszere megfelel az ISO 9001:2015 \u00e9s a Magyar Eg\u00e9szs\u00e9g\u00fcgyi Ell\u00e1t\u00e1si Standardok 1.0v (MEES) k\u00f6vetelm\u00e9nyeinek.<\/p>\n<p>Az egyetem Integr\u00e1lt Ir\u00e1ny\u00edt\u00e1si Rendszer\u00e9r\u0151l b\u0151vebb inform\u00e1ci\u00f3t a Semmelweis Egyetem k\u00f6zponti honlapj\u00e1n tal\u00e1lhat, ahonnan a tan\u00fas\u00edtv\u00e1nyok is let\u00f6lthet\u0151k (dokumentumok f\u00fcl).<\/p>\n<p><a href=\"https:\/\/semmelweis.hu\/az-egyetemrol\/semmelweis-egyetem-minosegiranyitasi-rendszer\/\" target=\"_blank\" rel=\"noopener noreferrer\"><strong>Tov\u00e1bb az egyetem k\u00f6zponti honlapj\u00e1ra \u2192<\/strong><\/a><\/p>\n<hr \/>\n<p><strong>EGYETEMI MUNKAT\u00c1RSAKNAK: <\/strong><\/p>\n<p><a href=\"https:\/\/semmelweis.hu\/minoseg\/mir-dokumentacio\/fok\/parodontologiai-klinika\/\" target=\"_blank\" rel=\"noopener noreferrer\">A klinik\u00e1nk Szervezeti \u00dcgyrendje \u00e9s Egys\u00e9gszint\u0171 M\u0171k\u00f6d\u00e9si Szab\u00e1lyzata a Semmelweis Egyetem Integr\u00e1lt Ir\u00e1ny\u00edt\u00e1si Rendszer alhonlapon \u00e9rhet\u0151 el.<\/a> <br \/>\n<span style=\"font-size: 18pt;color: #ff0000\"><strong>!<\/strong><\/span> <strong>A fel\u00fclet csak az egyetem bels\u0151 h\u00e1l\u00f3zat\u00e1b\u00f3l \u00e9rhet\u0151 el.<\/strong><\/p>\n<p><a class=\"btn\" href=\"https:\/\/semmelweis.hu\/minoseg\/mir-dokumentacio\/fok\/parodontologiai-klinika\/\" target=\"_blank\" rel=\"noopener noreferrer\">Tov\u00e1bb az IIR honlapra<\/a><\/p>\n<hr \/>\n<p><strong>A KLINIKA MUNKAT\u00c1RSAINAK:<\/strong><\/p>\n<p>A Klinika 2020. \u00e9vi Min\u0151s\u00e9gc\u00e9ljai a felel\u0151s\u00f6kkel \u00e9s a hat\u00e1rid\u0151kkel <a href=\"https:\/\/semmelweis.hu\/parodontologia\/minosegcelok-2020-se-paro-mc-2020\/\" target=\"_blank\" rel=\"noopener noreferrer\"><strong>itt olvashat\u00f3k.<\/strong><\/a><\/p>\n<hr \/>\n<p>A Klinika Munkautas\u00edt\u00e1sai (protokollok) pap\u00edr alapon a 434. sz\u00e1m\u00fa igazgat\u00f3i titk\u00e1rs\u00e1gon tekinthet\u0151k meg, online pedig az al\u00e1bbi linkeken \u00e9rhet\u0151k el jelsz\u00f3val v\u00e9dve. A jelsz\u00f3t a klinika munkat\u00e1rsai az igazgat\u00f3i titk\u00e1rs\u00e1gon kaphatj\u00e1k meg.<\/p>\n<p><strong>A Parodontol\u00f3giai Klinika Munkautas\u00edt\u00e1sai<\/strong><\/p>\n<table style=\"width: 102.549%;height: 747px\">\n<thead>\n<tr style=\"height: 91px\">\n<td style=\"text-align: center;vertical-align: middle;width: 58.5878%;height: 91px\"><strong>C\u00edm<\/strong><\/td>\n<td style=\"text-align: center;vertical-align: middle;width: 12.3092%;height: 91px\"><strong>\u00c9rv\u00e9nyess\u00e9g kezdete<\/strong><\/td>\n<td style=\"text-align: center;vertical-align: middle;width: 18.7977%;height: 91px\"><strong>Utols\u00f3 \u00e1tvizsg\u00e1l\u00e1s\/ m\u00f3dos\u00edt\u00e1s d\u00e1tuma<\/strong><\/td>\n<td style=\"text-align: center;vertical-align: middle;width: 10.1145%;height: 91px\"><strong>V\u00e1ltoz\u00e1st mutat\u00f3 sz\u00f6veg<\/strong><\/td>\n<\/tr>\n<\/thead>\n<tbody>\n<tr style=\"height: 81px\">\n<td style=\"width: 58.5878%;height: 81px\">\n<p><a href=\"https:\/\/semmelweis.hu\/parodontologia\/files\/2019\/09\/SE-FOK-PARO-MU-01-fedlappal-2.pdf\"><strong>SE-FOK-PARO-MU-01<\/strong> Foglalkoz\u00e1s-eg\u00e9szs\u00e9g\u00fcgyi orvosi alkalmass\u00e1gi vizsg\u00e1latok rendje<\/a><\/p>\n<\/td>\n<td style=\"width: 12.3092%;height: 81px\">\n<p>2010.07.01.<\/p>\n<\/td>\n<td style=\"width: 18.7977%;height: 81px\">\n<p>2019.06.01.<\/p>\n<\/td>\n<td style=\"width: 10.1145%;height: 81px\">\n<p>&nbsp;<\/p>\n<\/td>\n<\/tr>\n<tr style=\"height: 141px\">\n<td style=\"width: 58.5878%;height: 141px\">\n<p><a href=\"https:\/\/semmelweis.hu\/parodontologia\/teljes-se-fok-paro-mu-02-2020\/\" target=\"_blank\" rel=\"noopener noreferrer\"><strong>SE-FOK-PARO-MU-02<\/strong> Egy\u00e9ni v\u00e9d\u0151eszk\u00f6z juttat\u00e1s rendje<\/a><\/p>\n<\/td>\n<td style=\"width: 12.3092%;height: 141px\">\n<p>2010.07.01.<\/p>\n<\/td>\n<td style=\"width: 18.7977%;height: 141px\">\n<p><strong><span style=\"color: #ff0000\">2020.09.01<\/span><\/strong><\/p>\n<p>&nbsp;<\/p>\n<\/td>\n<td style=\"width: 10.1145%;height: 141px\">\n<p>A v\u00e1ltoz\u00e1st kiemelve mutat\u00f3 file-ok. <a href=\"https:\/\/semmelweis.hu\/parodontologia\/se-fok-paro-mu-02-2020\/\" target=\"_blank\" rel=\"noopener noreferrer\">sz\u00f6veg<\/a> | <a href=\"https:\/\/semmelweis.hu\/parodontologia\/se-fok-paro-mu-02-m01-2020\/\" target=\"_blank\" rel=\"noopener noreferrer\">mell\u00e9klet<\/a><\/p>\n<\/td>\n<\/tr>\n<tr style=\"height: 111px\">\n<td style=\"width: 58.5878%;height: 111px\">\n<p><a href=\"https:\/\/semmelweis.hu\/parodontologia\/files\/2019\/09\/MU-03-fedlappal.pdf\"><strong>SE-FOK-PARO-MU-03<\/strong> Kutat\u00e1si tev\u00e9kenys\u00e9g szab\u00e1lyoz\u00e1sa<\/a>\u00a0<\/p>\n<\/td>\n<td style=\"width: 12.3092%;height: 111px\">\n<p>2014.09.01.<\/p>\n<\/td>\n<td style=\"width: 18.7977%;height: 111px\">\n<p>2017.08.30.<\/p>\n<\/td>\n<td style=\"width: 10.1145%;height: 111px\">\n<p>&nbsp;<\/p>\n<\/td>\n<\/tr>\n<tr style=\"height: 51px\">\n<td style=\"width: 58.5878%;height: 51px\">\n<p><a href=\"https:\/\/semmelweis.hu\/parodontologia\/mu-04-2020\/\" target=\"_blank\" rel=\"noopener noreferrer\"><strong>SE-FOK-PARO-MU-04<\/strong> Gradu\u00e1lis, posztgradu\u00e1lis k\u00e9pz\u00e9s<\/a><\/p>\n<\/td>\n<td style=\"width: 12.3092%;height: 51px\">\n<p>2018.01.01.<\/p>\n<\/td>\n<td style=\"width: 18.7977%;height: 51px\">\n<p><span style=\"color: #ff0000\">2020.08.01<\/span><\/p>\n<\/td>\n<td style=\"width: 10.1145%;height: 51px\">\n<p><a href=\"https:\/\/semmelweis.hu\/parodontologia\/se-fok-paro-mu-04v4\/\" target=\"_blank\" rel=\"noopener noreferrer\">word file a v\u00e1ltoz\u00e1sok k\u00f6vet\u00e9s\u00e9hez<\/a><\/p>\n<\/td>\n<\/tr>\n<tr style=\"height: 51px\">\n<td style=\"width: 58.5878%;height: 51px\">\n<p><a href=\"https:\/\/semmelweis.hu\/parodontologia\/files\/2019\/09\/PARO-MU-05-fedlappal.pdf\"><strong>SE-FOK-PARO-MU-05<\/strong> Implantol\u00f3giai betegell\u00e1t\u00e1s<\/a><\/p>\n<\/td>\n<td style=\"width: 12.3092%;height: 51px\">\n<p>2019.09.01.<\/p>\n<\/td>\n<td style=\"width: 18.7977%;height: 51px\">\n<p>2019.09.01.<\/p>\n<\/td>\n<td style=\"width: 10.1145%;height: 51px\">\n<p>&nbsp;<\/p>\n<\/td>\n<\/tr>\n<tr style=\"height: 81px\">\n<td style=\"width: 58.5878%;height: 81px\">\n<p><a href=\"https:\/\/semmelweis.hu\/parodontologia\/files\/2019\/09\/PARO-MU-06-fedlappal.pdf\"><strong>SE-FOK-PARO-MU-06<\/strong> Parodont\u00e1lis betegek nem seb\u00e9szi \u00e9s seb\u00e9szi ell\u00e1t\u00e1sa<\/a><\/p>\n<\/td>\n<td style=\"width: 12.3092%;height: 81px\">\n<p>2019.08.01.<\/p>\n<\/td>\n<td style=\"width: 18.7977%;height: 81px\">\n<p>2019.08.01.<\/p>\n<\/td>\n<td style=\"width: 10.1145%;height: 81px\">\n<p>&nbsp;<\/p>\n<\/td>\n<\/tr>\n<tr style=\"height: 51px\">\n<td style=\"width: 58.5878%;height: 51px\">\n<p><a href=\"https:\/\/semmelweis.hu\/parodontologia\/files\/2019\/09\/PARO-MU-07-fedlappal.pdf\"><strong>SE-FOK-PARO-MU-07<\/strong> Lelt\u00e1roz\u00e1s<\/a><\/p>\n<\/td>\n<td style=\"width: 12.3092%;height: 51px\">\n<p>2017.09.01.<\/p>\n<\/td>\n<td style=\"width: 18.7977%;height: 51px\">\n<p><span style=\"color: #ff0000\">2020.09.01.<\/span><\/p>\n<\/td>\n<td style=\"width: 10.1145%;height: 51px\">\n<p><span style=\"color: #ff0000\">v\u00e1ltozatlan<\/span><\/p>\n<\/td>\n<\/tr>\n<\/tbody>\n<\/table>\n","protected":false},"excerpt":{"rendered":"<p>A Parodontol\u00f3giai Klinika ISO 9001:2015 szabv\u00e1ny szerint tan\u00fas\u00edtott szervezeti egys\u00e9g, min\u0151s\u00e9gir\u00e1ny\u00edt\u00e1si rendszere megfelel az ISO 9001:2015 \u00e9s a Magyar Eg\u00e9szs\u00e9g\u00fcgyi Ell\u00e1t\u00e1si Standardok 1.0v (MEES) k\u00f6vetelm\u00e9nyeinek. Az egyetem Integr\u00e1lt Ir\u00e1ny\u00edt\u00e1si Rendszer\u00e9r\u0151l b\u0151vebb inform\u00e1ci\u00f3t a Semmelweis Egyetem k\u00f6zponti honlapj\u00e1n tal\u00e1lhat, ahonnan a tan\u00fas\u00edtv\u00e1nyok is let\u00f6lthet\u0151k (dokumentumok f\u00fcl). <a href=\"https:\/\/semmelweis.hu\/az-egyetemrol\/semmelweis-egyetem-minosegiranyitasi-rendszer\/\" target=\"_blank\" rel=\"noopener noreferrer\">Tov\u00e1bb az egyetem k\u00f6zponti honlapj\u00e1ra \u2192<\/a> EGYETEMI MUNKAT\u00c1RSAKNAK: <a href=\"https:\/\/semmelweis.hu\/minoseg\/mir-dokumentacio\/fok\/parodontologiai-klinika\/\" target=\"_blank\" rel=\"noopener noreferrer\">A klinik\u00e1nk Szervezeti \u00dcgyrendje \u00e9s Egys\u00e9gszint\u0171 M\u0171k\u00f6d\u00e9si Szab\u00e1lyzata a Semmelweis Egyetem Integr\u00e1lt Ir\u00e1ny\u00edt\u00e1si Rendszer alhonlapon \u00e9rhet\u0151 el.<\/a> ! A fel\u00fclet csak az egyetem bels\u0151 h\u00e1l\u00f3zat\u00e1b\u00f3l &hellip;<\/p>\n","protected":false},"author":356,"featured_media":0,"parent":2408,"menu_order":3,"comment_status":"closed","ping_status":"closed","template":"","meta":{"_acf_changed":false,"footnotes":""},"categories":[],"tags":[],"class_list":["post-2575","page","type-page","status-publish","hentry"],"acf":[],"_links":{"self":[{"href":"https:\/\/semmelweis.hu\/parodontologia\/wp-json\/wp\/v2\/pages\/2575","targetHints":{"allow":["GET"]}}],"collection":[{"href":"https:\/\/semmelweis.hu\/parodontologia\/wp-json\/wp\/v2\/pages"}],"about":[{"href":"https:\/\/semmelweis.hu\/parodontologia\/wp-json\/wp\/v2\/types\/page"}],"author":[{"embeddable":true,"href":"https:\/\/semmelweis.hu\/parodontologia\/wp-json\/wp\/v2\/users\/356"}],"replies":[{"embeddable":true,"href":"https:\/\/semmelweis.hu\/parodontologia\/wp-json\/wp\/v2\/comments?post=2575"}],"version-history":[{"count":12,"href":"https:\/\/semmelweis.hu\/parodontologia\/wp-json\/wp\/v2\/pages\/2575\/revisions"}],"predecessor-version":[{"id":3017,"href":"https:\/\/semmelweis.hu\/parodontologia\/wp-json\/wp\/v2\/pages\/2575\/revisions\/3017"}],"up":[{"embeddable":true,"href":"https:\/\/semmelweis.hu\/parodontologia\/wp-json\/wp\/v2\/pages\/2408"}],"wp:attachment":[{"href":"https:\/\/semmelweis.hu\/parodontologia\/wp-json\/wp\/v2\/media?parent=2575"}],"wp:term":[{"taxonomy":"category","embeddable":true,"href":"https:\/\/semmelweis.hu\/parodontologia\/wp-json\/wp\/v2\/categories?post=2575"},{"taxonomy":"post_tag","embeddable":true,"href":"https:\/\/semmelweis.hu\/parodontologia\/wp-json\/wp\/v2\/tags?post=2575"}],"curies":[{"name":"wp","href":"https:\/\/api.w.org\/{rel}","templated":true}]}}