{"id":2481,"date":"2019-09-11T14:57:00","date_gmt":"2019-09-11T12:57:00","guid":{"rendered":"http:\/\/semmelweis.hu\/parodontologia\/?page_id=2481"},"modified":"2024-03-12T12:20:35","modified_gmt":"2024-03-12T11:20:35","slug":"diplomarbeit","status":"publish","type":"page","link":"https:\/\/semmelweis.hu\/parodontologia\/de\/lehre-2\/diplomarbeit\/","title":{"rendered":"Diplomarbeit"},"content":{"rendered":"<p>Prof. D\u0151ri Ferenc: Knochenersatzmaterialien in der chirurgischen Behandlung von parodontalen intraoss\u00e4ren L\u00e4sionen<\/p>\n<p>2025. Prof. Dr. Windisch P\u00e9ter: Methoden der alvelo\u00e4ren preservation au parodontal besch\u00e4digten preservation <strong>Cecilia Lang<\/strong><\/p>\n<p>2024. Dr. Csif\u00f3-Nagy Bor\u00f3ka: Die Rolle der unterst\u00fctzende Nachsorgetherapie in der komplexen Parodontalbehandlung<\/p>\n<p>2024. Prof. D\u0151ri Ferenc: Schmelz-Matrix Derivaten in der chirurgischen Behandlung von parodontalen Lasionen<\/p>\n<p>2023. Prof. D\u0151ri Ferenc: Schmelz-Matrix Derivaten in der chirurgischen Behandlung von parodontalen Lasionen<\/p>\n<p>2022. Prof. D\u0151ri Ferenc: Schmelz-Matrix Derivaten in der chirurgischen Behandlung von parodontalen Lasionen<\/p>\n<p><strong>2021. Dr. D\u0151ri Ferenc\u00a0\u00a0Knochenersatzmaterialien in der chirurgischen Behandlung von parodontalen intraoss\u00e4ren L\u00e4sionen \/ Marc Thomas H\u0151ner<\/strong><\/p>\n<p><strong>2021: Dr. D\u0151ri Ferenc: Resective und regenerative chirurgische Behandlungsm\u00f6glichkeiten von Furkationsdefekten \/ Sven H\u0151ner<\/strong><\/p>\n<p>2020. Dr. D\u0151ri Ferenc\u00a0 Anwendung von \u201ePlatelet Rich Fibrin\u201d bei parodontalchirurgischen Eingriffen\u00a0\u00a0<\/p>\n<p><strong>2019.<\/strong> <strong>Dr. D\u0151ri Ferenc: Die biologische Rolle des thrombocytenreichen Fibrin in der parodontalen Wundheilung \/ Tobias Janson<\/strong><\/p>\n<p>2018. Dr. D\u0151ri Ferenc\u00a0 Prothetische Restaurationsm\u00f6glichkeiten bei Patienten mit behandelter<\/p>\n<p>2017. Dr. D\u0151ri Ferenc\u00a0 Orale Pr\u00e4kanzerosen. Die Parodontologische Anwendung der Thrombocytenreichen Fibrin<\/p>\n<p>&nbsp;<\/p>\n","protected":false},"excerpt":{"rendered":"<p>Prof. D\u0151ri Ferenc: Knochenersatzmaterialien in der chirurgischen Behandlung von parodontalen intraoss\u00e4ren L\u00e4sionen 2025. Prof. Dr. Windisch P\u00e9ter: Methoden der alvelo\u00e4ren preservation au parodontal besch\u00e4digten preservation Cecilia Lang 2024. Dr. Csif\u00f3-Nagy Bor\u00f3ka: Die Rolle der unterst\u00fctzende Nachsorgetherapie in der komplexen Parodontalbehandlung 2024. Prof. D\u0151ri Ferenc: Schmelz-Matrix Derivaten in der chirurgischen Behandlung von parodontalen Lasionen 2023. Prof. &hellip;<\/p>\n","protected":false},"author":101509,"featured_media":0,"parent":2468,"menu_order":6,"comment_status":"closed","ping_status":"closed","template":"","meta":{"_acf_changed":false,"footnotes":""},"categories":[],"tags":[],"class_list":["post-2481","page","type-page","status-publish","hentry"],"acf":[],"_links":{"self":[{"href":"https:\/\/semmelweis.hu\/parodontologia\/wp-json\/wp\/v2\/pages\/2481","targetHints":{"allow":["GET"]}}],"collection":[{"href":"https:\/\/semmelweis.hu\/parodontologia\/wp-json\/wp\/v2\/pages"}],"about":[{"href":"https:\/\/semmelweis.hu\/parodontologia\/wp-json\/wp\/v2\/types\/page"}],"author":[{"embeddable":true,"href":"https:\/\/semmelweis.hu\/parodontologia\/wp-json\/wp\/v2\/users\/101509"}],"replies":[{"embeddable":true,"href":"https:\/\/semmelweis.hu\/parodontologia\/wp-json\/wp\/v2\/comments?post=2481"}],"version-history":[{"count":10,"href":"https:\/\/semmelweis.hu\/parodontologia\/wp-json\/wp\/v2\/pages\/2481\/revisions"}],"predecessor-version":[{"id":4573,"href":"https:\/\/semmelweis.hu\/parodontologia\/wp-json\/wp\/v2\/pages\/2481\/revisions\/4573"}],"up":[{"embeddable":true,"href":"https:\/\/semmelweis.hu\/parodontologia\/wp-json\/wp\/v2\/pages\/2468"}],"wp:attachment":[{"href":"https:\/\/semmelweis.hu\/parodontologia\/wp-json\/wp\/v2\/media?parent=2481"}],"wp:term":[{"taxonomy":"category","embeddable":true,"href":"https:\/\/semmelweis.hu\/parodontologia\/wp-json\/wp\/v2\/categories?post=2481"},{"taxonomy":"post_tag","embeddable":true,"href":"https:\/\/semmelweis.hu\/parodontologia\/wp-json\/wp\/v2\/tags?post=2481"}],"curies":[{"name":"wp","href":"https:\/\/api.w.org\/{rel}","templated":true}]}}