{"id":2450,"date":"2019-09-11T14:36:03","date_gmt":"2019-09-11T12:36:03","guid":{"rendered":"http:\/\/semmelweis.hu\/parodontologia\/?page_id=2450"},"modified":"2025-09-03T15:53:45","modified_gmt":"2025-09-03T13:53:45","slug":"4-studienjahr","status":"publish","type":"page","link":"https:\/\/semmelweis.hu\/parodontologia\/de\/lehre-2\/4-studienjahr\/","title":{"rendered":"4. Studienjahr"},"content":{"rendered":"<div class=\"responsive-tabs\">\n<h2 class=\"tabtitle\">2025\/26 I. Semester<\/h2>\n<div class=\"tabcontent\">\n\n<p>&nbsp;<\/p>\n<table width=\"690\">\n<tbody>\n<tr>\n<td colspan=\"2\" width=\"590\"><strong>2025\/26 I. Semester<\/strong><\/td>\n<td width=\"100\"><strong>Dienstag\u00a0\u00a0\u00a0\u00a0\u00a0\u00a0\u00a0\u00a0\u00a0 11:00-11:45<\/strong><\/td>\n<\/tr>\n<tr>\n<td>Einf\u00fchrung \u2013 Allgemeines \u00fcber Parodontalerkrankungen<\/td>\n<td>DF<\/td>\n<td>szept 02.<\/td>\n<\/tr>\n<tr>\n<td>Die Entwicklung und Anatomie des Parodonts<\/td>\n<td>DF<\/td>\n<td>szept 09.<\/td>\n<\/tr>\n<tr>\n<td>Die \u00c4tiologie der Parodontalerkrankungen<\/td>\n<td>MB<\/td>\n<td>szept 16.<\/td>\n<\/tr>\n<tr>\n<td>Lokale urs\u00e4chliche Faktoren<\/td>\n<td>DF<\/td>\n<td>szept 23.<\/td>\n<\/tr>\n<tr>\n<td>Die Mikrobiologie des dentalen Plaques<\/td>\n<td>MB<\/td>\n<td>szept 30.<\/td>\n<\/tr>\n<tr>\n<td>Der Pathomechanismus der Parodontalerkrankungen I. (Immunologie)<\/td>\n<td>MB<\/td>\n<td>okt 07.<\/td>\n<\/tr>\n<tr>\n<td>Der Pathomechanismus der Parodontalerkrankungen II.<\/td>\n<td>MB<\/td>\n<td>okt 14.<\/td>\n<\/tr>\n<tr>\n<td>Klinische und radiologische Parodontaldiagnostik. Defektmorphologie<\/td>\n<td>DF<\/td>\n<td>okt 21.<\/td>\n<\/tr>\n<tr>\n<td>Die Epidemiologie der Parodontalerkrankungen\u00a0 Indizes<\/td>\n<td>CM<\/td>\n<td>okt 28.<\/td>\n<\/tr>\n<tr>\n<td>Individuelle Mundhygiene<\/td>\n<td>CSNB<\/td>\n<td>nov 04.<\/td>\n<\/tr>\n<tr>\n<td>Lokale Plaque-Retentionsfaktoren. Gingivale und Mundschleimhautver\u00e4nderungen<\/td>\n<td>DF<\/td>\n<td>nov 11.<\/td>\n<\/tr>\n<tr>\n<td>Die allgemeinen Risikofaktoren der Parodontalerkrankungen<\/td>\n<td>PD<\/td>\n<td>nov 18.<\/td>\n<\/tr>\n<tr>\n<td>Schritte der umfassenden parodontalen Behandlung<\/td>\n<td>HA<\/td>\n<td>nov 25.<\/td>\n<\/tr>\n<tr>\n<td>Schriftliches Kolloquium<\/td>\n<td>DF<\/td>\n<td>dec 02.<\/td>\n<\/tr>\n<\/tbody>\n<\/table>\n<p>&nbsp;<\/p>\n\n<\/div><h2 class=\"tabtitle\">2024\/25 I. Semester<\/h2>\n<div class=\"tabcontent\">\n\n<table style=\"border-color: #000000;width: 100%;border-style: solid;height: 594px\">\n<tbody>\n<tr style=\"height: 120px\">\n<td style=\"width: 86.2546%;height: 120px\" colspan=\"2\" width=\"457\"><strong>IV. Jahrgang<\/strong> 45 min, Varga Vorlesungsraum<\/td>\n<td style=\"text-align: center;width: 13.6727%;height: 120px\" width=\"97\">\n<p>Dienstag<\/p>\n<p>11:00-11:45<\/p>\n<\/td>\n<\/tr>\n<tr style=\"height: 30px\">\n<td style=\"width: 76.8728%;height: 30px\">Einleitung<\/td>\n<td style=\"text-align: center;width: 9.38182%;height: 30px\">DF<\/td>\n<td style=\"text-align: center;width: 13.6727%;height: 30px\">Sept. 03.<\/td>\n<\/tr>\n<tr style=\"height: 30px\">\n<td style=\"width: 76.8728%;height: 30px\">\n<p>Ontogenese des Parodontiums. Anatomie und Histologie des <span style=\"font-family: inherit;font-size: inherit\">Parodontiums<\/span><\/p>\n<\/td>\n<td style=\"text-align: center;width: 9.38182%;height: 30px\">DF<\/td>\n<td style=\"text-align: center;width: 13.6727%;height: 30px\">Sept. 10.<\/td>\n<\/tr>\n<tr style=\"height: 30px\">\n<td style=\"width: 76.8728%;height: 30px\">Funktionelle Anatomie<\/td>\n<td style=\"text-align: center;width: 9.38182%;height: 30px\">DF<\/td>\n<td style=\"text-align: center;width: 13.6727%;height: 30px\">Sept. 17.<\/td>\n<\/tr>\n<tr style=\"height: 30px\">\n<td style=\"width: 76.8728%;height: 30px\">Pathologische Parodontalmorphologie<\/td>\n<td style=\"text-align: center;width: 9.38182%;height: 30px\">DF<\/td>\n<td style=\"text-align: center;width: 13.6727%;height: 30px\">Sept. 24.<\/td>\n<\/tr>\n<tr style=\"height: 30px\">\n<td style=\"width: 76.8728%;height: 30px\">Atiologie parodontaler Erkrankungen<\/td>\n<td style=\"text-align: center;width: 9.38182%;height: 30px\">MB<\/td>\n<td style=\"text-align: center;width: 13.6727%;height: 30px\">Okt. 01.<\/td>\n<\/tr>\n<tr style=\"height: 57px\">\n<td style=\"width: 76.8728%;height: 57px\"><a href=\"https:\/\/semmelweis.hu\/parodontologia\/files\/2024\/10\/Instrumente-2-1.pdf\">Handinstrumetente und maschinelle Instrumente f\u00fcr Scaling, <span style=\"font-family: inherit;font-size: inherit\">W\u00fcrzelglattung und Depuration<\/span><\/a><\/td>\n<td style=\"text-align: center;width: 9.38182%;height: 57px\">CSNB<\/td>\n<td style=\"text-align: center;width: 13.6727%;height: 57px\">Okt. 08.<\/td>\n<\/tr>\n<tr>\n<td style=\"width: 76.8728%\">\n<p>Atiologie. Microbiologie<\/p>\n<\/td>\n<td style=\"text-align: center;width: 9.38182%\">MB<\/td>\n<td style=\"text-align: center;width: 13.6727%\">Okt. 15.<\/td>\n<\/tr>\n<tr style=\"height: 30px\">\n<td style=\"width: 76.8728%;height: 30px\">\n<p><a href=\"https:\/\/semmelweis.hu\/parodontologia\/files\/2024\/11\/Praktische-Scaling_-vorlesung_2024-IV-jahr-handout.pdf\">Praktische Scaling \u2013 Technik mit Gracey \u2013 K\u00fcretten.<span style=\"font-family: inherit;font-size: inherit\">\u00a0Schleifen \u2013 Sch\u00e4rfen<\/span><\/a><\/p>\n<\/td>\n<td style=\"text-align: center;width: 9.38182%;height: 30px\">CZM<\/td>\n<td style=\"text-align: center;width: 13.6727%;height: 30px\">Okt. 22.<\/td>\n<\/tr>\n<tr style=\"height: 30px\">\n<td style=\"width: 76.8728%;height: 30px\">\n<p><a href=\"https:\/\/semmelweis.hu\/parodontologia\/files\/2024\/11\/Indices_2024_handout.pdf\">Indizes<\/a><\/p>\n<\/td>\n<td style=\"text-align: center;width: 9.38182%;height: 30px\">CZM<\/td>\n<td style=\"text-align: center;width: 13.6727%;height: 30px\">Okt. 29.<\/td>\n<\/tr>\n<tr style=\"height: 30px\">\n<td style=\"width: 76.8728%;height: 30px\">Zahnb\u00fcrsten, Zahnb\u00fcrsttechniken, Zahnpasten<\/td>\n<td style=\"text-align: center;width: 9.38182%;height: 30px\">MB<\/td>\n<td style=\"text-align: center;width: 13.6727%;height: 30px\">Nov. 05.<\/td>\n<\/tr>\n<tr style=\"height: 30px\">\n<td style=\"width: 76.8728%;height: 30px\">Gingivale und Mundschleimhautver\u00e4nderungen<\/td>\n<td style=\"text-align: center;width: 9.38182%;height: 30px\">DF<\/td>\n<td style=\"text-align: center;width: 13.6727%;height: 30px\">Nov. 12.<\/td>\n<\/tr>\n<tr style=\"height: 30px\">\n<td style=\"width: 76.8728%;height: 30px\">Immunbiologie<\/td>\n<td style=\"text-align: center;width: 9.38182%;height: 30px\">MB<\/td>\n<td style=\"text-align: center;width: 13.6727%;height: 30px\">Nov. 19.<\/td>\n<\/tr>\n<tr style=\"height: 30px\">\n<td style=\"width: 76.8728%;height: 30px\">Pathogenese I.<\/td>\n<td style=\"text-align: center;width: 9.38182%;height: 30px\">MB<\/td>\n<td style=\"text-align: center;width: 13.6727%;height: 30px\">Nov. 26.<\/td>\n<\/tr>\n<tr style=\"height: 57px\">\n<td style=\"width: 76.8728%;height: 57px\">Zusammenfassung<\/td>\n<td style=\"text-align: center;width: 9.38182%;height: 57px\">DF<\/td>\n<td style=\"text-align: center;width: 13.6727%;height: 57px\">Dez. 03.<\/td>\n<\/tr>\n<\/tbody>\n<\/table>\n<p>&nbsp;<\/p>\n\n<\/div><h2 class=\"tabtitle\">2023\/24 II. Semester<\/h2>\n<div class=\"tabcontent\">\n\n<table style=\"border-color: #000000;width: 100%;height: 600px\" border=\"1\">\n<tbody>\n<tr style=\"height: 120px\">\n<td style=\"width: 86.1818%;height: 120px\" colspan=\"2\" width=\"443\"><strong>IV. Jahrgang<\/strong> 45 min, Balogh Vorlesungsraum<\/td>\n<td style=\"width: 13.7455%;text-align: center;height: 120px\" width=\"76\">\n<p>Montag<\/p>\n<p>10.00-10.45\u00a0<\/p>\n<\/td>\n<\/tr>\n<tr style=\"height: 30px\">\n<td style=\"width: 77.1636%;height: 30px\">Pathogenese II.<\/td>\n<td style=\"width: 9.01821%;text-align: center;height: 30px\">MB<\/td>\n<td style=\"width: 13.7455%;text-align: center;height: 30px\">Febr.5.<\/td>\n<\/tr>\n<tr style=\"height: 30px\">\n<td style=\"width: 77.1636%;height: 30px\">Pathogenese III.<\/td>\n<td style=\"width: 9.01821%;text-align: center;height: 30px\">MB<\/td>\n<td style=\"width: 13.7455%;text-align: center;height: 30px\">Febr. 12.<\/td>\n<\/tr>\n<tr style=\"height: 30px\">\n<td style=\"width: 77.1636%;height: 30px\">HIV Infektion<\/td>\n<td style=\"width: 9.01821%;text-align: center;height: 30px\">MB<\/td>\n<td style=\"width: 13.7455%;text-align: center;height: 30px\">Febr. 19.<\/td>\n<\/tr>\n<tr style=\"height: 30px\">\n<td style=\"width: 77.1636%;height: 30px\">Antibiotika in der Parodontaltherapie<\/td>\n<td style=\"width: 9.01821%;text-align: center;height: 30px\">MB<\/td>\n<td style=\"width: 13.7455%;text-align: center;height: 30px\">Febr. 26.<\/td>\n<\/tr>\n<tr style=\"height: 30px\">\n<td style=\"width: 77.1636%;height: 30px\">Parodontal-Morphologie<\/td>\n<td style=\"width: 9.01821%;text-align: center;height: 30px\">DF<\/td>\n<td style=\"width: 13.7455%;text-align: center;height: 30px\">M\u00e4rz. 4.<\/td>\n<\/tr>\n<tr style=\"height: 30px\">\n<td style=\"width: 77.1636%;height: 30px\">FMT \u201efull mouth therapy\u201d<\/td>\n<td style=\"width: 9.01821%;text-align: center;height: 30px\">PD<\/td>\n<td style=\"width: 13.7455%;text-align: center;height: 30px\">M\u00e4rz 11.<\/td>\n<\/tr>\n<tr style=\"height: 54px\">\n<td style=\"width: 77.1636%;height: 54px\">Oralpathologische Veranderungen an Gingiva und Parodont<\/td>\n<td style=\"width: 9.01821%;text-align: center;height: 54px\">MB<\/td>\n<td style=\"width: 13.7455%;text-align: center;height: 54px\">M\u00e4rz 18.<\/td>\n<\/tr>\n<tr style=\"height: 57px\">\n<td style=\"width: 77.1636%;height: 57px\">Mundhygiene. Befunderhebung<\/td>\n<td style=\"width: 9.01821%;text-align: center;height: 57px\">CM<\/td>\n<td style=\"width: 13.7455%;text-align: center;height: 57px\">M\u00e4rz. 25.<\/td>\n<\/tr>\n<tr style=\"height: 57px\">\n<td style=\"width: 77.1636%;height: 57px\">Ostern<\/td>\n<td style=\"width: 9.01821%;text-align: center;height: 57px\">\u00a0<\/td>\n<td style=\"width: 13.7455%;text-align: center;height: 57px\">Apr. 1.<\/td>\n<\/tr>\n<tr>\n<td style=\"width: 77.1636%\">Klassifikation der parodontaler Erkrankungen<\/td>\n<td style=\"width: 9.01821%;text-align: center\">PD<\/td>\n<td style=\"width: 13.7455%;text-align: center\">Apr. 8.<\/td>\n<\/tr>\n<tr style=\"height: 30px\">\n<td style=\"width: 77.1636%;height: 30px\">Formen der Gingivitiden<\/td>\n<td style=\"width: 9.01821%;text-align: center;height: 30px\">DF<\/td>\n<td style=\"width: 13.7455%;text-align: center;height: 30px\">Apr. 15.<\/td>\n<\/tr>\n<tr style=\"height: 57px\">\n<td style=\"width: 77.1636%;height: 57px\">Parodontitis Formen<\/td>\n<td style=\"width: 9.01821%;text-align: center;height: 57px\">DF<\/td>\n<td style=\"width: 13.7455%;text-align: center;height: 57px\">Apr. 22.<\/td>\n<\/tr>\n<tr>\n<td style=\"width: 77.1636%\">Prognose parodontaler Erkrankingen<\/td>\n<td style=\"width: 9.01821%;text-align: center\">DF<\/td>\n<td style=\"width: 13.7455%;text-align: center\">Apr. 29.<\/td>\n<\/tr>\n<tr style=\"height: 30px\">\n<td style=\"width: 77.1636%;height: 45px\">Konzultation<\/td>\n<td style=\"width: 9.01821%;text-align: center;height: 45px\">DF<\/td>\n<td style=\"width: 13.7455%;text-align: center;height: 45px\">M\u00e4i. 6.<\/td>\n<\/tr>\n<\/tbody>\n<\/table>\n\n<\/div><h2 class=\"tabtitle\">2023\/24 I. Semester<\/h2>\n<div class=\"tabcontent\">\n\n<table style=\"border-color: #000000;width: 100%;border-style: solid;height: 594px\">\n<tbody>\n<tr style=\"height: 120px\">\n<td style=\"width: 86.2546%;height: 120px\" colspan=\"2\" width=\"457\"><strong>IV. Jahrgang<\/strong> 75 min, Balogh Vorlesungsraum<\/td>\n<td style=\"text-align: center;width: 13.6727%;height: 120px\" width=\"97\">\n<p>Dienstag<\/p>\n<p>11:00-12:15\u00a0<\/p>\n<\/td>\n<\/tr>\n<tr style=\"height: 30px\">\n<td style=\"width: 76.8728%;height: 30px\">Einleitung<\/td>\n<td style=\"text-align: center;width: 9.38182%;height: 30px\">DF<\/td>\n<td style=\"text-align: center;width: 13.6727%;height: 30px\">Sept. 05.<\/td>\n<\/tr>\n<tr style=\"height: 30px\">\n<td style=\"width: 76.8728%;height: 30px\">\n<p>Ontogenese des Parodontiums. Anatomie und Histologie des <span style=\"font-family: inherit;font-size: inherit\">Parodontiums<\/span><\/p>\n<\/td>\n<td style=\"text-align: center;width: 9.38182%;height: 30px\">DF<\/td>\n<td style=\"text-align: center;width: 13.6727%;height: 30px\">Sept. 12.<\/td>\n<\/tr>\n<tr style=\"height: 30px\">\n<td style=\"width: 76.8728%;height: 30px\">Funktionelle Anatomie<\/td>\n<td style=\"text-align: center;width: 9.38182%;height: 30px\">DF<\/td>\n<td style=\"text-align: center;width: 13.6727%;height: 30px\">Sept. 19.<\/td>\n<\/tr>\n<tr style=\"height: 30px\">\n<td style=\"width: 76.8728%;height: 30px\">Pathologische Parodontalmorphologie<\/td>\n<td style=\"text-align: center;width: 9.38182%;height: 30px\">DF<\/td>\n<td style=\"text-align: center;width: 13.6727%;height: 30px\">Sept. 26.<\/td>\n<\/tr>\n<tr style=\"height: 30px\">\n<td style=\"width: 76.8728%;height: 30px\">Atiologie parodontaler Erkrankungen<\/td>\n<td style=\"text-align: center;width: 9.38182%;height: 30px\">MB<\/td>\n<td style=\"text-align: center;width: 13.6727%;height: 30px\">Okt. 03.<\/td>\n<\/tr>\n<tr style=\"height: 57px\">\n<td style=\"width: 76.8728%;height: 57px\">Atiologie. Microbiologie<\/td>\n<td style=\"text-align: center;width: 9.38182%;height: 57px\">MB<\/td>\n<td style=\"text-align: center;width: 13.6727%;height: 57px\">Okt. 10.<\/td>\n<\/tr>\n<tr>\n<td style=\"width: 76.8728%\">\n<p>Handinstrumetente und maschinelle Instrumente f\u00fcr Scaling, <span style=\"font-family: inherit;font-size: inherit\">W\u00fcrzelglattung und Depuration<\/span><\/p>\n<\/td>\n<td style=\"text-align: center;width: 9.38182%\">PD<\/td>\n<td style=\"text-align: center;width: 13.6727%\">Okt. 17.<\/td>\n<\/tr>\n<tr style=\"height: 30px\">\n<td style=\"width: 76.8728%;height: 30px\">\n<p>Praktische Scaling \u2013 Technik mit Gracey \u2013 K\u00fcretten.<span style=\"font-family: inherit;font-size: inherit\">\u00a0Schleifen \u2013 Sch\u00e4rfen<\/span><\/p>\n<\/td>\n<td style=\"text-align: center;width: 9.38182%;height: 30px\">PD<\/td>\n<td style=\"text-align: center;width: 13.6727%;height: 30px\">Okt. 24.<\/td>\n<\/tr>\n<tr style=\"height: 30px\">\n<td style=\"width: 76.8728%;height: 30px\">\n<p>Indizes<\/p>\n<\/td>\n<td style=\"text-align: center;width: 9.38182%;height: 30px\">PD<\/td>\n<td style=\"text-align: center;width: 13.6727%;height: 30px\">Okt. 31.<\/td>\n<\/tr>\n<tr style=\"height: 30px\">\n<td style=\"width: 76.8728%;height: 30px\">Zahnb\u00fcrsten, Zahnb\u00fcrsttechniken, Zahnpasten<\/td>\n<td style=\"text-align: center;width: 9.38182%;height: 30px\">MB<\/td>\n<td style=\"text-align: center;width: 13.6727%;height: 30px\">Nov. 07.<\/td>\n<\/tr>\n<tr style=\"height: 30px\">\n<td style=\"width: 76.8728%;height: 30px\">Gingivale und Mundschleimhautver\u00e4nderungen<\/td>\n<td style=\"text-align: center;width: 9.38182%;height: 30px\">DF<\/td>\n<td style=\"text-align: center;width: 13.6727%;height: 30px\">Nov. 14.<\/td>\n<\/tr>\n<tr style=\"height: 30px\">\n<td style=\"width: 76.8728%;height: 30px\">Immunbiologie<\/td>\n<td style=\"text-align: center;width: 9.38182%;height: 30px\">MB<\/td>\n<td style=\"text-align: center;width: 13.6727%;height: 30px\">Nov. 21.<\/td>\n<\/tr>\n<tr style=\"height: 30px\">\n<td style=\"width: 76.8728%;height: 30px\">Pathogenese I.<\/td>\n<td style=\"text-align: center;width: 9.38182%;height: 30px\">MB<\/td>\n<td style=\"text-align: center;width: 13.6727%;height: 30px\">Nov. 28.<\/td>\n<\/tr>\n<tr style=\"height: 57px\">\n<td style=\"width: 76.8728%;height: 57px\">Zusammenfassung<\/td>\n<td style=\"text-align: center;width: 9.38182%;height: 57px\">DF<\/td>\n<td style=\"text-align: center;width: 13.6727%;height: 57px\">Dez. 05.<\/td>\n<\/tr>\n<\/tbody>\n<\/table>\n\n<\/div><h2 class=\"tabtitle\">2022\/23 II. Semester<\/h2>\n<div class=\"tabcontent\">\n\n<table style=\"border-color: #000000;width: 100%;height: 600px\" border=\"1\">\n<tbody>\n<tr style=\"height: 120px\">\n<td style=\"width: 86.1818%;height: 120px\" colspan=\"2\" width=\"443\"><strong>IV. Jahrgang<\/strong> 45 min, Balogh Vorlesungsraum<\/td>\n<td style=\"width: 13.7455%;text-align: center;height: 120px\" width=\"76\">\n<p>Montag<\/p>\n<p>10.00-10.45\u00a0<\/p>\n<\/td>\n<\/tr>\n<tr style=\"height: 30px\">\n<td style=\"width: 77.1636%;height: 30px\">Pathogenese II.<\/td>\n<td style=\"width: 9.01821%;text-align: center;height: 30px\">MB<\/td>\n<td style=\"width: 13.7455%;text-align: center;height: 30px\">Febr.6.<\/td>\n<\/tr>\n<tr style=\"height: 30px\">\n<td style=\"width: 77.1636%;height: 30px\">Pathogenese III.<\/td>\n<td style=\"width: 9.01821%;text-align: center;height: 30px\">MB<\/td>\n<td style=\"width: 13.7455%;text-align: center;height: 30px\">Febr. 13.<\/td>\n<\/tr>\n<tr style=\"height: 30px\">\n<td style=\"width: 77.1636%;height: 30px\">HIV Infektion<\/td>\n<td style=\"width: 9.01821%;text-align: center;height: 30px\">MB<\/td>\n<td style=\"width: 13.7455%;text-align: center;height: 30px\">Febr. 20.<\/td>\n<\/tr>\n<tr style=\"height: 30px\">\n<td style=\"width: 77.1636%;height: 30px\">Antibiotika in der Parodontaltherapie<\/td>\n<td style=\"width: 9.01821%;text-align: center;height: 30px\">MB<\/td>\n<td style=\"width: 13.7455%;text-align: center;height: 30px\">Febr. 27.<\/td>\n<\/tr>\n<tr style=\"height: 30px\">\n<td style=\"width: 77.1636%;height: 30px\">Parodontal-Morphologie<\/td>\n<td style=\"width: 9.01821%;text-align: center;height: 30px\">DF<\/td>\n<td style=\"width: 13.7455%;text-align: center;height: 30px\">M\u00e4rz. 6.<\/td>\n<\/tr>\n<tr style=\"height: 30px\">\n<td style=\"width: 77.1636%;height: 30px\">FMT \u201efull mouth therapy\u201d<\/td>\n<td style=\"width: 9.01821%;text-align: center;height: 30px\">PD<\/td>\n<td style=\"width: 13.7455%;text-align: center;height: 30px\">M\u00e4rz 13.<\/td>\n<\/tr>\n<tr style=\"height: 54px\">\n<td style=\"width: 77.1636%;height: 54px\">Oralpathologische Veranderungen an Gingiva und Parodont<\/td>\n<td style=\"width: 9.01821%;text-align: center;height: 54px\">MB<\/td>\n<td style=\"width: 13.7455%;text-align: center;height: 54px\">M\u00e4rz 20.<\/td>\n<\/tr>\n<tr style=\"height: 57px\">\n<td style=\"width: 77.1636%;height: 57px\">Mundhygiene. Befunderhebung<\/td>\n<td style=\"width: 9.01821%;text-align: center;height: 57px\">DF<\/td>\n<td style=\"width: 13.7455%;text-align: center;height: 57px\">M\u00e4rz. 27.<\/td>\n<\/tr>\n<tr style=\"height: 57px\">\n<td style=\"width: 77.1636%;height: 57px\">Klassifikation der parodontaler Erkrankungen<\/td>\n<td style=\"width: 9.01821%;text-align: center;height: 57px\">PD<\/td>\n<td style=\"width: 13.7455%;text-align: center;height: 57px\">Apr. 3.<\/td>\n<\/tr>\n<tr>\n<td style=\"width: 77.1636%\">Ostern<\/td>\n<td style=\"width: 9.01821%;text-align: center\">\u00a0<\/td>\n<td style=\"width: 13.7455%;text-align: center\">Apr. 10.<\/td>\n<\/tr>\n<tr style=\"height: 30px\">\n<td style=\"width: 77.1636%;height: 30px\">Formen der Gingivitiden<\/td>\n<td style=\"width: 9.01821%;text-align: center;height: 30px\">DF<\/td>\n<td style=\"width: 13.7455%;text-align: center;height: 30px\">Apr. 17.<\/td>\n<\/tr>\n<tr style=\"height: 57px\">\n<td style=\"width: 77.1636%;height: 57px\">Parodontitis Formen<\/td>\n<td style=\"width: 9.01821%;text-align: center;height: 57px\">DF<\/td>\n<td style=\"width: 13.7455%;text-align: center;height: 57px\">Apr. 24.<\/td>\n<\/tr>\n<tr>\n<td style=\"width: 77.1636%\">Erster Mai<\/td>\n<td style=\"width: 9.01821%;text-align: center\">\u00a0<\/td>\n<td style=\"width: 13.7455%;text-align: center\">M\u00e4i 1.<\/td>\n<\/tr>\n<tr style=\"height: 30px\">\n<td style=\"width: 77.1636%;height: 45px\">Prognose parodontaler Erkrankingen<\/td>\n<td style=\"width: 9.01821%;text-align: center;height: 45px\">DF<\/td>\n<td style=\"width: 13.7455%;text-align: center;height: 45px\">M\u00e4i. 8.<\/td>\n<\/tr>\n<\/tbody>\n<\/table>\n\n<\/div><h2 class=\"tabtitle\">2022\/23 I. Semester<\/h2>\n<div class=\"tabcontent\">\n\n<table style=\"border-color: #000000;width: 100%;border-style: solid;height: 594px\" width=\"100%\">\n<tbody>\n<tr style=\"height: 120px\">\n<td style=\"width: 86.2546%;height: 120px\" colspan=\"2\" width=\"457\"><strong>IV. Jahrgang<\/strong> 65 min, Varga Vorlesungsraum<\/td>\n<td style=\"text-align: center;width: 13.6727%;height: 120px\" width=\"97\">\n<p>Dienstag<\/p>\n<p>10:50-11:55\u00a0<\/p>\n<\/td>\n<\/tr>\n<tr style=\"height: 30px\">\n<td style=\"width: 76.8728%;height: 30px\">Einleitung<\/td>\n<td style=\"text-align: center;width: 9.38182%;height: 30px\">DF<\/td>\n<td style=\"text-align: center;width: 13.6727%;height: 30px\">Sept. 06.<\/td>\n<\/tr>\n<tr style=\"height: 30px\">\n<td style=\"width: 76.8728%;height: 30px\">\n<p>Ontogenese des Parodontiums. Anatomie und Histologie des <span style=\"font-family: inherit;font-size: inherit\">Parodontiums<\/span><\/p>\n<\/td>\n<td style=\"text-align: center;width: 9.38182%;height: 30px\">DF<\/td>\n<td style=\"text-align: center;width: 13.6727%;height: 30px\">Sept. 13.<\/td>\n<\/tr>\n<tr style=\"height: 30px\">\n<td style=\"width: 76.8728%;height: 30px\">Funktionelle Anatomie<\/td>\n<td style=\"text-align: center;width: 9.38182%;height: 30px\">DF<\/td>\n<td style=\"text-align: center;width: 13.6727%;height: 30px\">Sept. 20.<\/td>\n<\/tr>\n<tr style=\"height: 30px\">\n<td style=\"width: 76.8728%;height: 30px\">Pathologische Parodontalmorphologie<\/td>\n<td style=\"text-align: center;width: 9.38182%;height: 30px\">DF<\/td>\n<td style=\"text-align: center;width: 13.6727%;height: 30px\">Sept. 27.<\/td>\n<\/tr>\n<tr style=\"height: 30px\">\n<td style=\"width: 76.8728%;height: 30px\">Atiologie parodontaler Erkrankungen<\/td>\n<td style=\"text-align: center;width: 9.38182%;height: 30px\">MB<\/td>\n<td style=\"text-align: center;width: 13.6727%;height: 30px\">Okt. 04.<\/td>\n<\/tr>\n<tr style=\"height: 57px\">\n<td style=\"width: 76.8728%;height: 57px\">Atiologie. Microbiologie<\/td>\n<td style=\"text-align: center;width: 9.38182%;height: 57px\">MB<\/td>\n<td style=\"text-align: center;width: 13.6727%;height: 57px\">Okt. 11.<\/td>\n<\/tr>\n<tr>\n<td style=\"width: 76.8728%\">\n<p>Handinstrumetente und maschinelle Instrumente f\u00fcr Scaling, <span style=\"font-family: inherit;font-size: inherit\">W\u00fcrzelglattung und Depuration<\/span><\/p>\n<\/td>\n<td style=\"text-align: center;width: 9.38182%\">PD<\/td>\n<td style=\"text-align: center;width: 13.6727%\">Okt. 18.<\/td>\n<\/tr>\n<tr style=\"height: 30px\">\n<td style=\"width: 76.8728%;height: 30px\">\n<p>Praktische Scaling \u2013 Technik mit Gracey \u2013 K\u00fcretten.<span style=\"font-family: inherit;font-size: inherit\">\u00a0Schleifen \u2013 Sch\u00e4rfen<\/span><\/p>\n<\/td>\n<td style=\"text-align: center;width: 9.38182%;height: 30px\">PD<\/td>\n<td style=\"text-align: center;width: 13.6727%;height: 30px\">Okt. 25.<\/td>\n<\/tr>\n<tr style=\"height: 30px\">\n<td style=\"width: 76.8728%;height: 30px\">\n<p>alle Heiligen<\/p>\n<\/td>\n<td style=\"text-align: center;width: 9.38182%;height: 30px\">\u00a0<\/td>\n<td style=\"text-align: center;width: 13.6727%;height: 30px\">Nov. 01.<\/td>\n<\/tr>\n<tr style=\"height: 30px\">\n<td style=\"width: 76.8728%;height: 30px\">Zahnb\u00fcrsten, Zahnb\u00fcrsttechniken, Zahnpasten<\/td>\n<td style=\"text-align: center;width: 9.38182%;height: 30px\">MB<\/td>\n<td style=\"text-align: center;width: 13.6727%;height: 30px\">Nov. 08.<\/td>\n<\/tr>\n<tr style=\"height: 30px\">\n<td style=\"width: 76.8728%;height: 30px\">Gingivale und Mundschleimhautver\u00e4nderungen<\/td>\n<td style=\"text-align: center;width: 9.38182%;height: 30px\">DF<\/td>\n<td style=\"text-align: center;width: 13.6727%;height: 30px\">Nov. 15.<\/td>\n<\/tr>\n<tr style=\"height: 30px\">\n<td style=\"width: 76.8728%;height: 30px\">Immunbiologie<\/td>\n<td style=\"text-align: center;width: 9.38182%;height: 30px\">MB<\/td>\n<td style=\"text-align: center;width: 13.6727%;height: 30px\">Nov. 22.<\/td>\n<\/tr>\n<tr style=\"height: 30px\">\n<td style=\"width: 76.8728%;height: 30px\">Pathogenese I.<\/td>\n<td style=\"text-align: center;width: 9.38182%;height: 30px\">MB<\/td>\n<td style=\"text-align: center;width: 13.6727%;height: 30px\">Nov. 29.<\/td>\n<\/tr>\n<tr style=\"height: 57px\">\n<td style=\"width: 76.8728%;height: 57px\">Zusammenfassung<\/td>\n<td style=\"text-align: center;width: 9.38182%;height: 57px\">DF<\/td>\n<td style=\"text-align: center;width: 13.6727%;height: 57px\">Dez. 06.<\/td>\n<\/tr>\n<\/tbody>\n<\/table>\n<p>&nbsp;<\/p>\n<p>&nbsp;<\/p>\n<p>&nbsp;<\/p>\n<p>&nbsp;<\/p>\n<p>&nbsp;<\/p>\n<p>&nbsp;<\/p>\n<\/div><\/div>\n","protected":false},"excerpt":{"rendered":"<p>&nbsp; 2025\/26 I. Semester Dienstag\u00a0\u00a0\u00a0\u00a0\u00a0\u00a0\u00a0\u00a0\u00a0 11:00-11:45 Einf\u00fchrung \u2013 Allgemeines \u00fcber Parodontalerkrankungen DF szept 02. Die Entwicklung und Anatomie des Parodonts DF szept 09. Die \u00c4tiologie der Parodontalerkrankungen MB szept 16. Lokale urs\u00e4chliche Faktoren DF szept 23. Die Mikrobiologie des dentalen Plaques MB szept 30. Der Pathomechanismus der Parodontalerkrankungen I. (Immunologie) MB okt 07. Der Pathomechanismus &hellip;<\/p>\n","protected":false},"author":101509,"featured_media":0,"parent":2468,"menu_order":2,"comment_status":"closed","ping_status":"closed","template":"","meta":{"_acf_changed":false,"footnotes":""},"categories":[],"tags":[],"class_list":["post-2450","page","type-page","status-publish","hentry"],"acf":[],"_links":{"self":[{"href":"https:\/\/semmelweis.hu\/parodontologia\/wp-json\/wp\/v2\/pages\/2450","targetHints":{"allow":["GET"]}}],"collection":[{"href":"https:\/\/semmelweis.hu\/parodontologia\/wp-json\/wp\/v2\/pages"}],"about":[{"href":"https:\/\/semmelweis.hu\/parodontologia\/wp-json\/wp\/v2\/types\/page"}],"author":[{"embeddable":true,"href":"https:\/\/semmelweis.hu\/parodontologia\/wp-json\/wp\/v2\/users\/101509"}],"replies":[{"embeddable":true,"href":"https:\/\/semmelweis.hu\/parodontologia\/wp-json\/wp\/v2\/comments?post=2450"}],"version-history":[{"count":12,"href":"https:\/\/semmelweis.hu\/parodontologia\/wp-json\/wp\/v2\/pages\/2450\/revisions"}],"predecessor-version":[{"id":4869,"href":"https:\/\/semmelweis.hu\/parodontologia\/wp-json\/wp\/v2\/pages\/2450\/revisions\/4869"}],"up":[{"embeddable":true,"href":"https:\/\/semmelweis.hu\/parodontologia\/wp-json\/wp\/v2\/pages\/2468"}],"wp:attachment":[{"href":"https:\/\/semmelweis.hu\/parodontologia\/wp-json\/wp\/v2\/media?parent=2450"}],"wp:term":[{"taxonomy":"category","embeddable":true,"href":"https:\/\/semmelweis.hu\/parodontologia\/wp-json\/wp\/v2\/categories?post=2450"},{"taxonomy":"post_tag","embeddable":true,"href":"https:\/\/semmelweis.hu\/parodontologia\/wp-json\/wp\/v2\/tags?post=2450"}],"curies":[{"name":"wp","href":"https:\/\/api.w.org\/{rel}","templated":true}]}}