{"id":2371,"date":"2019-08-01T13:36:47","date_gmt":"2019-08-01T11:36:47","guid":{"rendered":"http:\/\/semmelweis.hu\/parodontologia\/?page_id=2371"},"modified":"2024-03-12T12:18:31","modified_gmt":"2024-03-12T11:18:31","slug":"diploma-work","status":"publish","type":"page","link":"https:\/\/semmelweis.hu\/parodontologia\/en\/2014-2\/diploma-work\/","title":{"rendered":"Diploma work"},"content":{"rendered":"<p><strong>Available thesis topics:<\/strong><\/p>\n<p>Prof. Windisch P\u00e9ter: Application of alveloar ridge preservation techniques following the removal of periodontally hopeless teeth<\/p>\n<p>Prof. Gera Istv\u00e1n: The non-surgical pocket therapy indications, and its limits<\/p>\n<p>Prof. D\u0151ri Ferenc: Priodontal application of platelet rich fibrin<\/p>\n<p>Dr. Moln\u00e1r B\u00e1lint: Periimplant pink esthetics &#8211; surgical soft tissue management<\/p>\n<p>Dr. Nagy P\u00e1l: Theoretical background and clinical concepts of the use of autologous tooth grafts<\/p>\n<p>Dr. Palkovics D\u00e1niel: Minimally invasive Periodontal surgery<\/p>\n<p>Dr. Horv\u00e1th Attila: Comparative evaluation of various hard tissue scaffolds in GBR\/GTR<\/p>\n<p>Dr. S\u00f3lyom Eleon\u00f3ra: The role of autogenous tooth bone grafts in the oral reconstructive surgeries<\/p>\n<p>Dr. Csif\u00f3-Nagy Bor\u00f3ka: Importance of supportive treatment in complex periodontal therapy<\/p>\n<p>&nbsp;<\/p>\n<p><strong>Available thesis topics (with defence in 2025):<\/strong><\/p>\n<p>Prof. Windisch P\u00e9ter: Long therm results after treatment of advanced peridontal defects <strong>Ellay Gutmacher<\/strong><\/p>\n<p>Prof. Gera Istv\u00e1n: Regenerative biological mediators of hemetological origine<\/p>\n<p>Prof. Gera Istv\u00e1n: The history of periodontal epidemiology<\/p>\n<p>Prof. D\u0151ri Ferenc: Treatment of furcation defects: resective, reparative and regerative approaches<\/p>\n<p>Dr. Moln\u00e1r B\u00e1lint: Periimplant pink esthetics &#8211; surgical soft tissue management\u00a0<\/p>\n<p>Dr. Nagy P\u00e1l Gy\u00f6rgy: The role of the periodontally accelerated osteogenic orthodontics in the multidisciplinary treatment <strong>Pint\u00e9r Ad\u00e9l<\/strong><\/p>\n<p>Dr. Palkovics D\u00e1niel: Summary of minimally invasive periodontal surgery<\/p>\n<p>Dr. Horv\u00e1th Attila: Latrogenic factors that may influence the implant surgery<\/p>\n<p>Dr. S\u00f3lyom Eleon\u00f3ra: The use of autogenous grafts for periodontal reconstructive surgeries<\/p>\n<p>Dr. Dobos Andrea: Early and late wound healing after periodontal regenerative and soft tissue reconstructive procedures and its evaluation methods with different techniques<\/p>\n<p>&nbsp;<\/p>\n<p><strong>Due defences 2024<\/strong><\/p>\n<p>Dr. Moln\u00e1r B\u00e1lint: The history and evolution of mucogingival surgery <strong>Shipanga Taambelago Vicky<\/strong><\/p>\n<p>Dr. S\u00f3lyom Eleon\u00f3ra: New ways in alveolar ridge preservation and bone augmentation: auto-tooth bone graft <strong>Stephan Merminod<\/strong><\/p>\n<p>Prof. D\u0151ri Ferenc: The role of biological mediators in periodontal tissue regeration <strong>Abed Alhafiz Darawshi<\/strong><\/p>\n<p>Dr. Arvin Shahbazi: Morphology of the hard palate and connective tissue graft harvesting techniques <strong>Kiarash Kalantar<\/strong><\/p>\n<p>Dr. Nagy P\u00e1l Gy\u00f6rgy: The causes and prevention of the early bone loss phenomenon around dental implants <strong>Karimi Vajargahi Reza<br \/>\n<\/strong><\/p>\n<p>Dr. Attila Horv\u00e1th: Importance of keratinized mucosa to implants and teeth <strong>Tzu-Chi Tsai<\/strong><\/p>\n<p><strong>Due defences 2023<\/strong><\/p>\n<p>Dr. Windisch P\u00e9ter: Clinical evaluation of guided tissue regeneration<\/p>\n<p>Dr. Gera Istv\u00e1n: Traumatic occlusion and its role in the progression of destructive periodontitis <strong>Claudio Elias<\/strong><\/p>\n<p>Dr. D\u0151ri Ferenc: The role of biological mediators in periodontal tussue regeneration<\/p>\n<p>Dr. Moln\u00e1r B\u00e1lint: Periimplantitis- prevention. etiology and therapeutic options<\/p>\n<p>Dr. Nagy P\u00e1l: The role of the peridontally accelerated osteogenetic orthodontics in the multidisciplinary treatment<\/p>\n<p>Dr. Orb\u00e1n Krist\u00f3f: Non-surgical periodontal treatment and long-term result<\/p>\n<p>Dr. Drajk\u00f3 Zsombor: New ways in the alveolar ridge preservation and bone augmentation:auto \u2013tooth bone graft<\/p>\n<p>Dr. Arvin Shahbazi: Morphology of the palate and connective tissue graft harvesting techniques\u00a0<\/p>\n<p>&nbsp;<\/p>\n<p><strong>Due defences 2022 <\/strong><\/p>\n<p>Prof. Windisch P\u00e9ter: Hard and soft tissue augmentation at periodontally compromised patients \/ <strong>Daniel Levi<\/strong><\/p>\n<p>Prof. D\u0151ri Ferenc: The role of bilogical mediators in periodontal tissue regeneration<\/p>\n<p>Prof. Gera Istv\u00e1n: The role of the polymorphonuclear leukocytes ( PMN cells) in the pathogeneseis of periodontal diseases \/ <strong>Karan Mahmodi Kotnaiei<\/strong><\/p>\n<p>Dr. Moln\u00e1r B\u00e1lint: Periimplant pink esthetics &#8211; surgical soft tissue management<\/p>\n<p>Dr. Nagy P\u00e1l Gy\u00f6rgy: How can PRF (platelet rich fibrin) substitute graft materials in periodontal and implant surgery? \/ <strong>Parinaz Pouladtam<\/strong><\/p>\n<p>Dr. Rad\u00f3czy-Drajk\u00f3 Zsombor: New ways in alveolar ridge preservation and bone augmentation: auto-tooth bone graft\u00a0<\/p>\n<p>Dr. Orb\u00e1n Krist\u00f3f: Non-surgical periodontal treatment and long-term result<\/p>\n<p>Dr. Arvin Shahbazi: Morphology of the palate and connective tissue graft harvesting techniques\u00a0<\/p>\n<p>&nbsp;<\/p>\n<p><strong>Due defences 2021<\/strong><\/p>\n<p>Dr. Windisch P\u00e9ter: individual topic: Criteria for estetic outcome for implant with bone building <strong>Zouikri Ahmed Rami<\/strong><\/p>\n<p>Dr. Windich P\u00e9ter: individual topic: Minimal invasive GBR, for horizontal and vertical alveolar defects <strong><span style=\"font-size: 1rem\">Herdt Sebastian<\/span><\/strong><\/p>\n<p>Dr. D\u0151ri Ferenc: Treatment of furcation defects: resective, reparative and regeneration approaches \/ <strong>Soroush Kargahi<\/strong><\/p>\n<p>Prof. Gera Istv\u00e1n\u00a0 The results of the non-surgical periodontal pocket therapy\u00a0<\/p>\n<p>Prof. Gera Istv\u00e1n: Etiology and Clinical Management of Gingival Hyperplasia \/ <strong>Jessica Khoury<\/strong><\/p>\n<p>Prof. Gera Istv\u00e1n: The parathyroid hormone as an alternative therapy for osteoporotic patients \/ <strong>Masood FANI<\/strong>\u00a0<\/p>\n<p>Dr. Moln\u00e1r B\u00e1lint\u00a0 The history and evolution of mucogingival surgery<\/p>\n<p>Dr. Nagy P\u00e1l\u00a0 The causes of the early bone loss phenomenon around dental implants<\/p>\n<p><strong>2020<\/strong><\/p>\n<p>Dr. Moln\u00e1r B\u00e1lint :\u00a0<span style=\"font-size: 1rem\">Periodontal plastic surgery \u2013 state of the art in gingival recession coverage<\/span><\/p>\n<p><strong>Thomas Nikolai Bang-Larsen<\/strong><\/p>\n<p>Prof. D\u0151ri Ferenc: <span style=\"font-size: 1rem\">The use of Platelet Rich Fibrin in periodontal recoustruction and regeneration <b><\/b><\/span><strong><span style=\"font-size: 1rem\">Aravanis Christos<\/span><\/strong><\/p>\n","protected":false},"excerpt":{"rendered":"<p>Available thesis topics: Prof. Windisch P\u00e9ter: Application of alveloar ridge preservation techniques following the removal of periodontally hopeless teeth Prof. Gera Istv\u00e1n: The non-surgical pocket therapy indications, and its limits Prof. D\u0151ri Ferenc: Priodontal application of platelet rich fibrin Dr. Moln\u00e1r B\u00e1lint: Periimplant pink esthetics &#8211; surgical soft tissue management Dr. Nagy P\u00e1l: Theoretical background &hellip;<\/p>\n","protected":false},"author":101509,"featured_media":0,"parent":2014,"menu_order":6,"comment_status":"closed","ping_status":"closed","template":"","meta":{"_acf_changed":false,"footnotes":""},"categories":[],"tags":[],"class_list":["post-2371","page","type-page","status-publish","hentry"],"acf":[],"_links":{"self":[{"href":"https:\/\/semmelweis.hu\/parodontologia\/wp-json\/wp\/v2\/pages\/2371","targetHints":{"allow":["GET"]}}],"collection":[{"href":"https:\/\/semmelweis.hu\/parodontologia\/wp-json\/wp\/v2\/pages"}],"about":[{"href":"https:\/\/semmelweis.hu\/parodontologia\/wp-json\/wp\/v2\/types\/page"}],"author":[{"embeddable":true,"href":"https:\/\/semmelweis.hu\/parodontologia\/wp-json\/wp\/v2\/users\/101509"}],"replies":[{"embeddable":true,"href":"https:\/\/semmelweis.hu\/parodontologia\/wp-json\/wp\/v2\/comments?post=2371"}],"version-history":[{"count":12,"href":"https:\/\/semmelweis.hu\/parodontologia\/wp-json\/wp\/v2\/pages\/2371\/revisions"}],"predecessor-version":[{"id":4572,"href":"https:\/\/semmelweis.hu\/parodontologia\/wp-json\/wp\/v2\/pages\/2371\/revisions\/4572"}],"up":[{"embeddable":true,"href":"https:\/\/semmelweis.hu\/parodontologia\/wp-json\/wp\/v2\/pages\/2014"}],"wp:attachment":[{"href":"https:\/\/semmelweis.hu\/parodontologia\/wp-json\/wp\/v2\/media?parent=2371"}],"wp:term":[{"taxonomy":"category","embeddable":true,"href":"https:\/\/semmelweis.hu\/parodontologia\/wp-json\/wp\/v2\/categories?post=2371"},{"taxonomy":"post_tag","embeddable":true,"href":"https:\/\/semmelweis.hu\/parodontologia\/wp-json\/wp\/v2\/tags?post=2371"}],"curies":[{"name":"wp","href":"https:\/\/api.w.org\/{rel}","templated":true}]}}