{"id":77,"date":"2026-03-11T14:51:47","date_gmt":"2026-03-11T13:51:47","guid":{"rendered":"https:\/\/semmelweis.hu\/palliativgyermek\/?page_id=77"},"modified":"2026-03-11T21:21:18","modified_gmt":"2026-03-11T20:21:18","slug":"csaladoknak","status":"publish","type":"page","link":"https:\/\/semmelweis.hu\/palliativgyermek\/csaladoknak\/","title":{"rendered":"Csal\u00e1doknak"},"content":{"rendered":"<h3>\u00d6n\u00f6k mellett \u00e1llunk a mindennapokban<\/h3>\n<p>Amikor egy gyermek s\u00falyos betegs\u00e9ggel k\u00fczd, a csal\u00e1d vil\u00e1ga alapjaiban v\u00e1ltozik meg. A Palliat\u00edv \u00e9s Komfortell\u00e1t\u00e1si R\u00e9szleg csapata az\u00e9rt dolgozik, hogy ebben a megv\u00e1ltozott helyzetben ne egyed\u00fcl kelljen eligazodniuk. Ez a szekci\u00f3 az\u00e9rt j\u00f6tt l\u00e9tre, hogy gyakorlati \u00fatmutat\u00e1st, \u00e9rthet\u0151 inform\u00e1ci\u00f3kat \u00e9s kapaszkod\u00f3kat ny\u00fajtson a diagn\u00f3zis k\u00f6zl\u00e9s\u00e9t\u0151l kezdve a fenntarthat\u00f3, otthoni gondoskod\u00e1s megteremt\u00e9s\u00e9ig.<\/p>\n<h3>Hogyan seg\u00edt\u00fcnk?<\/h3>\n<ul>\n<li><strong>T\u00e1j\u00e9koz\u00f3d\u00e1s:<\/strong> Seg\u00edt\u00fcnk meg\u00e9rteni a betegs\u00e9g folyamat\u00e1t \u00e9s a lehet\u0151s\u00e9geket.<\/li>\n<li><strong>Felk\u00e9sz\u00fcl\u00e9s:<\/strong> \u00datmutat\u00f3t adunk az els\u0151 tal\u00e1lkoz\u00e1shoz \u00e9s a d\u00f6nt\u00e9sekhez.<\/li>\n<li><strong>T\u00e1mogat\u00e1s:<\/strong> Specifikus seg\u00edts\u00e9get ny\u00fajtunk onkol\u00f3giai, neurol\u00f3giai \u00e9s \u00fajsz\u00fcl\u00f6ttkori \u00e1llapotok eset\u00e9n is.<\/li>\n<\/ul>\n<p>Hisz\u00fcnk abban, hogy a tud\u00e1s biztons\u00e1got ad. Nincsenek rossz k\u00e9rd\u00e9sek, \u00e9s nincs olyan teher, amelyen ne osztozhatn\u00e1nk.<\/p>\n<style>\n           #page-grid .card-body > .line-clamp-box.excerpt{\n        width: inherit;\n        max-width: inherit;\n        display:flex;\n        min-height: 2.4em;\n        flex-direction: column;\n        justify-content: space-around;\n        background-color: #D6E4EA;\n        min-height: 3.4rem;\n        font-family: \"Montserrat\", sans-serif;\n    }\n\n    #page-grid a:hover .card-body > .line-clamp-box.excerpt {\n        background-color: #fff;\n        color: #313B40;\n    }\n\n    #page-grid .card-body .line-clamp-box.excerpt section{\n        max-width: inherit;\n        display: -webkit-box;\n        -webkit-line-clamp: 2;\n        -webkit-box-orient: vertical;\n        overflow: hidden;\n        text-overflow: ellipsis;\n        hyphens: auto;\n        margin: auto;\n        \n    }\n    .line-clamp-box.excerpt section, .line-clamp-box.excerpt section p{\n        font-size:0.8em;\n    }\n    \n<\/style>\n    <section id=\"page-grid\">\n        \n        <div class=\"row row-cols-1 row-cols-md-2 row-cols-lg-4 no-gutters mx-0 \">    <div class =\"col  mb-2 card-wrapper\">\n        <a class=\"d-flex flex-fill card-link-warapper m-md-1\" href=\"https:\/\/semmelweis.hu\/palliativgyermek\/csaladoknak\/neonatalis-ppc\/\">\n            <div class=\"card border border-secondary se-border flex-fill\">\n                <div class=\"row no-gutters mx-0 d-flex flex-nowrap flex-md-wrap align-items-center\">\n                    <div class =\"  col-5 col-md-12  d-none  d-md-none d-md-none  bg-image  card-image justify-content-center\">\n                        <img class='wp-post-image img-fluid landscape' src='https:\/\/semmelweis.hu\/palliativgyermek\/wp-content\/themes\/se18\/dist\/images\/svg\/bg-image.svg' \/>\n                    <\/div>\n                    <div class=\"card-body  col flex-column  col-md-12 p-0\">\n                        <div class=\"line-clamp-box p-3\">\n                            <h5 class=\"ml-0 ml-sm-1 mt-2 align-items-center\"  >Neonat\u00e1lis PPC<\/h5>\n                        <\/div>\n                        \n                    <\/div>\n                <\/div>\n\n            <\/div>\n        <\/a>\n    <\/div>    <div class =\"col  mb-2 card-wrapper\">\n        <a class=\"d-flex flex-fill card-link-warapper m-md-1\" href=\"https:\/\/semmelweis.hu\/palliativgyermek\/csaladoknak\/neurologiai-ppc\/\">\n            <div class=\"card border border-secondary se-border flex-fill\">\n                <div class=\"row no-gutters mx-0 d-flex flex-nowrap flex-md-wrap align-items-center\">\n                    <div class =\"  col-5 col-md-12  d-none  d-md-none d-md-none  bg-image  card-image justify-content-center\">\n                        <img class='wp-post-image img-fluid landscape' src='https:\/\/semmelweis.hu\/palliativgyermek\/wp-content\/themes\/se18\/dist\/images\/svg\/bg-image.svg' \/>\n                    <\/div>\n                    <div class=\"card-body  col flex-column  col-md-12 p-0\">\n                        <div class=\"line-clamp-box p-3\">\n                            <h5 class=\"ml-0 ml-sm-1 mt-2 align-items-center\"  >Neurol\u00f3giai PPC<\/h5>\n                        <\/div>\n                        \n                    <\/div>\n                <\/div>\n\n            <\/div>\n        <\/a>\n    <\/div>    <div class =\"col  mb-2 card-wrapper\">\n        <a class=\"d-flex flex-fill card-link-warapper m-md-1\" href=\"https:\/\/semmelweis.hu\/palliativgyermek\/csaladoknak\/onkologiai-ppc\/\">\n            <div class=\"card border border-secondary se-border flex-fill\">\n                <div class=\"row no-gutters mx-0 d-flex flex-nowrap flex-md-wrap align-items-center\">\n                    <div class =\"  col-5 col-md-12  d-none  d-md-none d-md-none  bg-image  card-image justify-content-center\">\n                        <img class='wp-post-image img-fluid landscape' src='https:\/\/semmelweis.hu\/palliativgyermek\/wp-content\/themes\/se18\/dist\/images\/svg\/bg-image.svg' \/>\n                    <\/div>\n                    <div class=\"card-body  col flex-column  col-md-12 p-0\">\n                        <div class=\"line-clamp-box p-3\">\n                            <h5 class=\"ml-0 ml-sm-1 mt-2 align-items-center\"  >Onkol\u00f3giai PPC<\/h5>\n                        <\/div>\n                        \n                    <\/div>\n                <\/div>\n\n            <\/div>\n        <\/a>\n    <\/div>    <div class =\"col  mb-2 card-wrapper\">\n        <a class=\"d-flex flex-fill card-link-warapper m-md-1\" href=\"https:\/\/semmelweis.hu\/palliativgyermek\/csaladoknak\/csaladi-segedletek\/\">\n            <div class=\"card border border-secondary se-border flex-fill\">\n                <div class=\"row no-gutters mx-0 d-flex flex-nowrap flex-md-wrap align-items-center\">\n                    <div class =\"  col-5 col-md-12 d-none d-md-none  card-image justify-content-center\">\n                        <img loading=\"lazy\" decoding=\"async\" width=\"753\" height=\"501\" src=\"https:\/\/semmelweis.hu\/palliativgyermek\/files\/2026\/03\/csaladi_segedletek.png\" class=\"landscape wp-post-image\" alt=\"\" srcset=\"https:\/\/semmelweis.hu\/palliativgyermek\/files\/2026\/03\/csaladi_segedletek.png 953w, https:\/\/semmelweis.hu\/palliativgyermek\/files\/2026\/03\/csaladi_segedletek-400x266.png 400w, https:\/\/semmelweis.hu\/palliativgyermek\/files\/2026\/03\/csaladi_segedletek-768x511.png 768w, https:\/\/semmelweis.hu\/palliativgyermek\/files\/2026\/03\/csaladi_segedletek-753x501.png 753w, https:\/\/semmelweis.hu\/palliativgyermek\/files\/2026\/03\/csaladi_segedletek-203x135.png 203w\" sizes=\"auto, (max-width: 753px) 100vw, 753px\" \/>\n                    <\/div>\n                    <div class=\"card-body  col flex-column  col-md-12 p-0\">\n                        <div class=\"line-clamp-box p-3\">\n                            <h5 class=\"ml-0 ml-sm-1 mt-2 align-items-center\"  >Csal\u00e1di seg\u00e9dletek (Megb\u00edzhat\u00f3 k\u00fcls\u0151 forr\u00e1sok)<\/h5>\n                        <\/div>\n                        \n                    <\/div>\n                <\/div>\n\n            <\/div>\n        <\/a>\n    <\/div>        <\/div>\n    <\/section>\n","protected":false},"excerpt":{"rendered":"<p>\u00d6n\u00f6k mellett \u00e1llunk a mindennapokban Amikor egy gyermek s\u00falyos betegs\u00e9ggel k\u00fczd, a csal\u00e1d vil\u00e1ga alapjaiban v\u00e1ltozik meg. A Palliat\u00edv \u00e9s Komfortell\u00e1t\u00e1si R\u00e9szleg csapata az\u00e9rt dolgozik, hogy ebben a megv\u00e1ltozott helyzetben ne egyed\u00fcl kelljen eligazodniuk. Ez a szekci\u00f3 az\u00e9rt j\u00f6tt l\u00e9tre, hogy gyakorlati \u00fatmutat\u00e1st, \u00e9rthet\u0151 inform\u00e1ci\u00f3kat \u00e9s kapaszkod\u00f3kat ny\u00fajtson a diagn\u00f3zis k\u00f6zl\u00e9s\u00e9t\u0151l kezdve a fenntarthat\u00f3, otthoni &hellip;<\/p>\n","protected":false},"author":102391,"featured_media":0,"parent":0,"menu_order":2,"comment_status":"closed","ping_status":"closed","template":"template-fullwidth.php","meta":{"_acf_changed":false,"footnotes":""},"categories":[],"tags":[],"class_list":["post-77","page","type-page","status-publish","hentry"],"acf":[],"_links":{"self":[{"href":"https:\/\/semmelweis.hu\/palliativgyermek\/wp-json\/wp\/v2\/pages\/77","targetHints":{"allow":["GET"]}}],"collection":[{"href":"https:\/\/semmelweis.hu\/palliativgyermek\/wp-json\/wp\/v2\/pages"}],"about":[{"href":"https:\/\/semmelweis.hu\/palliativgyermek\/wp-json\/wp\/v2\/types\/page"}],"author":[{"embeddable":true,"href":"https:\/\/semmelweis.hu\/palliativgyermek\/wp-json\/wp\/v2\/users\/102391"}],"replies":[{"embeddable":true,"href":"https:\/\/semmelweis.hu\/palliativgyermek\/wp-json\/wp\/v2\/comments?post=77"}],"version-history":[{"count":5,"href":"https:\/\/semmelweis.hu\/palliativgyermek\/wp-json\/wp\/v2\/pages\/77\/revisions"}],"predecessor-version":[{"id":143,"href":"https:\/\/semmelweis.hu\/palliativgyermek\/wp-json\/wp\/v2\/pages\/77\/revisions\/143"}],"wp:attachment":[{"href":"https:\/\/semmelweis.hu\/palliativgyermek\/wp-json\/wp\/v2\/media?parent=77"}],"wp:term":[{"taxonomy":"category","embeddable":true,"href":"https:\/\/semmelweis.hu\/palliativgyermek\/wp-json\/wp\/v2\/categories?post=77"},{"taxonomy":"post_tag","embeddable":true,"href":"https:\/\/semmelweis.hu\/palliativgyermek\/wp-json\/wp\/v2\/tags?post=77"}],"curies":[{"name":"wp","href":"https:\/\/api.w.org\/{rel}","templated":true}]}}