{"id":73,"date":"2026-03-11T09:03:59","date_gmt":"2026-03-11T08:03:59","guid":{"rendered":"https:\/\/semmelweis.hu\/palliativgyermek\/?page_id=73"},"modified":"2026-03-11T21:20:30","modified_gmt":"2026-03-11T20:20:30","slug":"lelki-tamogatas","status":"publish","type":"page","link":"https:\/\/semmelweis.hu\/palliativgyermek\/ellatasi-formak\/lelki-tamogatas\/","title":{"rendered":"Lelki t\u00e1mogat\u00e1s"},"content":{"rendered":"<h3>\u00c9rzelmi kapaszkod\u00f3 a bizonytalans\u00e1gban<\/h3>\n<p><img loading=\"lazy\" decoding=\"async\" class=\"alignright size-medium wp-image-129\" src=\"https:\/\/semmelweis.hu\/palliativgyermek\/files\/2026\/03\/lelki_tamogatas_gyermek-400x278.jpg\" alt=\"\" width=\"400\" height=\"278\" srcset=\"https:\/\/semmelweis.hu\/palliativgyermek\/files\/2026\/03\/lelki_tamogatas_gyermek-400x278.jpg 400w, https:\/\/semmelweis.hu\/palliativgyermek\/files\/2026\/03\/lelki_tamogatas_gyermek-1024x710.jpg 1024w, https:\/\/semmelweis.hu\/palliativgyermek\/files\/2026\/03\/lelki_tamogatas_gyermek-768x533.jpg 768w, https:\/\/semmelweis.hu\/palliativgyermek\/files\/2026\/03\/lelki_tamogatas_gyermek-753x522.jpg 753w, https:\/\/semmelweis.hu\/palliativgyermek\/files\/2026\/03\/lelki_tamogatas_gyermek.jpg 1300w\" sizes=\"auto, (max-width: 400px) 100vw, 400px\" \/>Egy gyermek s\u00falyos betegs\u00e9ge olyan \u00e9rzelmi f\u00f6ldindul\u00e1s, amely az eg\u00e9sz csal\u00e1d \u00e9let\u00e9t alapjaiban rengeti meg. A Palliat\u00edv \u00e9s Komfortell\u00e1t\u00e1si R\u00e9szlegen valljuk, hogy a <strong>l\u00e9lek t\u00e1mogat\u00e1sa \u00e9ppen olyan fontos<\/strong>, mint a testi t\u00fcnetek kezel\u00e9se: a bels\u0151 b\u00e9ke \u00e9s az \u00e9rzelmi biztons\u00e1g k\u00f6zvetlen\u00fcl jav\u00edtja a gyermek k\u00f6z\u00e9rzet\u00e9t \u00e9s a f\u00e1jdalomcsillap\u00edt\u00e1s hat\u00e9konys\u00e1g\u00e1t.<\/p>\n<p>N\u00e1lunk a lelki t\u00e1mogat\u00e1s nem egy v\u00e1laszthat\u00f3 kieg\u00e9sz\u00edt\u0151, hanem az ell\u00e1t\u00e1s alapk\u00f6ve. Seg\u00edt\u0151ink nem csup\u00e1n szakemberek, hanem \u00fatit\u00e1rsak, akik a diagn\u00f3zis sokkj\u00e1t\u00f3l a mindennapi k\u00fczdelmeken \u00e1t a b\u00facs\u00fa pillanat\u00e1ig \u00d6n\u00f6k mellett \u00e1llnak.<\/p>\n<h3>Kinek \u00e9s hogyan seg\u00edt\u00fcnk?<\/h3>\n<ul>\n<li><strong>A gyermeknek:<\/strong> seg\u00edt\u00fcnk feldolgozni a betegs\u00e9ggel j\u00e1r\u00f3 szorong\u00e1st \u00e9s a k\u00f3rh\u00e1zi k\u00f6rnyezet okozta f\u00e9lelmeket. \u00c9letkor\u00e1nak megfelel\u0151 nyelvezettel, mes\u00e9kkel \u00e9s j\u00e1t\u00e9kos eszk\u00f6z\u00f6kkel t\u00e1mogatjuk, hogy meg\u0151rizhesse gyermeki \u00e9nj\u00e9t a betegs\u00e9g alatt is.<\/li>\n<li><strong>A sz\u00fcl\u0151knek:<\/strong> teret adunk a neh\u00e9z \u00e9rz\u00e9sek \u2013 a f\u00e9lelem, a bizonytalans\u00e1g vagy a b\u0171ntudat \u2013 \u00edt\u00e9lkez\u00e9smentes kimond\u00e1s\u00e1ra. T\u00e1mogatjuk \u00d6n\u00f6ket a sorsford\u00edt\u00f3 d\u00f6nt\u00e9sekben, \u00e9s seg\u00edt\u00fcnk mozg\u00f3s\u00edtani a csal\u00e1d bels\u0151 tartal\u00e9kait.<\/li>\n<li><strong>\u00c9letk\u00e9rd\u00e9sek \u00e9s spiritualit\u00e1s:<\/strong> seg\u00edt\u00fcnk kapaszkod\u00f3t tal\u00e1lni a \u201emi\u00e9rt pont mi?\u201d t\u00edpus\u00fa, megv\u00e1laszolhatatlannak t\u0171n\u0151 k\u00e9rd\u00e9sekben. T\u00e1mogatjuk a csal\u00e1dot \u00e9rt\u00e9keik \u00e9s meggy\u0151z\u0151d\u00e9seik meg\u00e9l\u00e9s\u00e9ben, legyen sz\u00f3 vall\u00e1si vagy egy\u00e9ni hitrendszerr\u0151l.<\/li>\n<\/ul>\n<h3>Hogyan \u00e9rhet\u0151 el a seg\u00edts\u00e9g?<\/h3>\n<p>Munkat\u00e1rsaink rendszeresen \u00e9s proakt\u00edvan felkeresik \u00d6n\u00f6ket a klinikai vizitek alkalm\u00e1val vagy az ambul\u00e1ns gondoz\u00e1s sor\u00e1n. Emellett \u00d6n\u00f6k is b\u00e1rmikor jelezhetik ig\u00e9ny\u00fcket a kezel\u0151orvosnak vagy az \u00e1pol\u00f3knak.<\/p>\n","protected":false},"excerpt":{"rendered":"<p>\u00c9rzelmi kapaszkod\u00f3 a bizonytalans\u00e1gban Egy gyermek s\u00falyos betegs\u00e9ge olyan \u00e9rzelmi f\u00f6ldindul\u00e1s, amely az eg\u00e9sz csal\u00e1d \u00e9let\u00e9t alapjaiban rengeti meg. A Palliat\u00edv \u00e9s Komfortell\u00e1t\u00e1si R\u00e9szlegen valljuk, hogy a l\u00e9lek t\u00e1mogat\u00e1sa \u00e9ppen olyan fontos, mint a testi t\u00fcnetek kezel\u00e9se: a bels\u0151 b\u00e9ke \u00e9s az \u00e9rzelmi biztons\u00e1g k\u00f6zvetlen\u00fcl jav\u00edtja a gyermek k\u00f6z\u00e9rzet\u00e9t \u00e9s a f\u00e1jdalomcsillap\u00edt\u00e1s hat\u00e9konys\u00e1g\u00e1t. N\u00e1lunk a &hellip;<\/p>\n","protected":false},"author":102391,"featured_media":74,"parent":62,"menu_order":3,"comment_status":"closed","ping_status":"closed","template":"","meta":{"_acf_changed":false,"footnotes":""},"categories":[],"tags":[],"class_list":["post-73","page","type-page","status-publish","has-post-thumbnail","hentry"],"acf":[],"_links":{"self":[{"href":"https:\/\/semmelweis.hu\/palliativgyermek\/wp-json\/wp\/v2\/pages\/73","targetHints":{"allow":["GET"]}}],"collection":[{"href":"https:\/\/semmelweis.hu\/palliativgyermek\/wp-json\/wp\/v2\/pages"}],"about":[{"href":"https:\/\/semmelweis.hu\/palliativgyermek\/wp-json\/wp\/v2\/types\/page"}],"author":[{"embeddable":true,"href":"https:\/\/semmelweis.hu\/palliativgyermek\/wp-json\/wp\/v2\/users\/102391"}],"replies":[{"embeddable":true,"href":"https:\/\/semmelweis.hu\/palliativgyermek\/wp-json\/wp\/v2\/comments?post=73"}],"version-history":[{"count":5,"href":"https:\/\/semmelweis.hu\/palliativgyermek\/wp-json\/wp\/v2\/pages\/73\/revisions"}],"predecessor-version":[{"id":142,"href":"https:\/\/semmelweis.hu\/palliativgyermek\/wp-json\/wp\/v2\/pages\/73\/revisions\/142"}],"up":[{"embeddable":true,"href":"https:\/\/semmelweis.hu\/palliativgyermek\/wp-json\/wp\/v2\/pages\/62"}],"wp:featuredmedia":[{"embeddable":true,"href":"https:\/\/semmelweis.hu\/palliativgyermek\/wp-json\/wp\/v2\/media\/74"}],"wp:attachment":[{"href":"https:\/\/semmelweis.hu\/palliativgyermek\/wp-json\/wp\/v2\/media?parent=73"}],"wp:term":[{"taxonomy":"category","embeddable":true,"href":"https:\/\/semmelweis.hu\/palliativgyermek\/wp-json\/wp\/v2\/categories?post=73"},{"taxonomy":"post_tag","embeddable":true,"href":"https:\/\/semmelweis.hu\/palliativgyermek\/wp-json\/wp\/v2\/tags?post=73"}],"curies":[{"name":"wp","href":"https:\/\/api.w.org\/{rel}","templated":true}]}}