{"id":71,"date":"2026-03-11T09:05:00","date_gmt":"2026-03-11T08:05:00","guid":{"rendered":"https:\/\/semmelweis.hu\/palliativgyermek\/?page_id=71"},"modified":"2026-03-11T16:54:00","modified_gmt":"2026-03-11T15:54:00","slug":"mobil-team","status":"publish","type":"page","link":"https:\/\/semmelweis.hu\/palliativgyermek\/ellatasi-formak\/mobil-team\/","title":{"rendered":"Mobil team"},"content":{"rendered":"<h3>Mi az a mobil team?<\/h3>\n<p>Gyakran el\u0151fordul, hogy egy s\u00falyosan beteg gyermek \u00e1llapota hirtelen megv\u00e1ltozik, vagy olyan k\u00ednz\u00f3 t\u00fcnetek jelentkeznek, amelyek speci\u00e1lis palliat\u00edv szaktud\u00e1st ig\u00e9nyelnek. Ilyenkor h\u00edvhat\u00f3 a mobil team. Ez egy olyan szak\u00e9rt\u0151kb\u0151l \u00e1ll\u00f3 csoport, amely a klinika b\u00e1rmely oszt\u00e1ly\u00e1n (p\u00e9ld\u00e1ul Onkol\u00f3gi\u00e1n, Intenz\u00edv oszt\u00e1lyon vagy Neurol\u00f3gi\u00e1n) megl\u00e1togatja a gyermeket \u00e9s a csal\u00e1dot.<\/p>\n<h3>Hogyan seg\u00edt\u00fcnk?<\/h3>\n<p>A mobil team bevon\u00e1sa nem jelenti az eddigi kezel\u00e9s megszak\u00edt\u00e1s\u00e1t \u2013 \u00e9ppen ellenkez\u0151leg. Szorosan egy\u00fcttm\u0171k\u00f6d\u00fcnk a kezel\u0151orvosokkal, kieg\u00e9sz\u00edtve a m\u00e1r megkezdett ell\u00e1t\u00e1st.<\/p>\n<h5>T\u00fcneti enyh\u00edt\u00e9s<\/h5>\n<p>Ha a f\u00e1jdalom, a l\u00e9gszomj vagy m\u00e1s k\u00ednz\u00f3 panasz nehezen kontroll\u00e1lhat\u00f3, mi seg\u00edt\u00fcnk megtal\u00e1lni azt a megk\u00f6zel\u00edt\u00e9st, amely val\u00f3di k\u00f6nnyebbs\u00e9get hoz.<\/p>\n<h5>Kommunik\u00e1ci\u00f3s t\u00e1masz<\/h5>\n<p>A neh\u00e9z orvosi inform\u00e1ci\u00f3k feldolgoz\u00e1sa \u00f6nmag\u00e1ban is megterhel\u0151. Seg\u00edt\u00fcnk \u00e9rtelmezni, amit hallottak \u2013 \u00e9s mellett\u00fck \u00e1llunk, amikor neh\u00e9z d\u00f6nt\u00e9sek el\u0151tt \u00e1llnak.<\/p>\n<h5>Felk\u00e9sz\u00fcl\u00e9s a hazat\u00e9r\u00e9sre<\/h5>\n<p>Ha k\u00f6zeledik a hazabocs\u00e1t\u00e1s pillanata, nem engedj\u00fck, hogy a csal\u00e1d egyed\u00fcl tal\u00e1lja ki a folytat\u00e1st. A gondoz\u00f3 oszt\u00e1llyal k\u00f6z\u00f6sen seg\u00edt\u00fcnk felk\u00e9sz\u00fclni az otthoni \u00e1pol\u00e1sra: a gy\u00f3gyszerel\u00e9s be\u00e1ll\u00edt\u00e1s\u00e1t\u00f3l az eszk\u00f6z\u00f6k koordin\u00e1l\u00e1s\u00e1ig minden r\u00e9szletben.<\/p>\n<h5>Lelki jelenl\u00e9t<\/h5>\n<p>A pszichol\u00f3giai k\u00eds\u00e9r\u00e9s nem \u00e9r v\u00e9get az oszt\u00e1ly ajtaj\u00e1n\u00e1l. Pszichol\u00f3gusaink az oszt\u00e1lyos k\u00f6rnyezetben is el\u00e9rhet\u0151k \u2013 a gyermeknek \u00e9s a sz\u00fcl\u0151knek egyar\u00e1nt.<\/p>\n","protected":false},"excerpt":{"rendered":"<p>Mi az a mobil team? Gyakran el\u0151fordul, hogy egy s\u00falyosan beteg gyermek \u00e1llapota hirtelen megv\u00e1ltozik, vagy olyan k\u00ednz\u00f3 t\u00fcnetek jelentkeznek, amelyek speci\u00e1lis palliat\u00edv szaktud\u00e1st ig\u00e9nyelnek. Ilyenkor h\u00edvhat\u00f3 a mobil team. Ez egy olyan szak\u00e9rt\u0151kb\u0151l \u00e1ll\u00f3 csoport, amely a klinika b\u00e1rmely oszt\u00e1ly\u00e1n (p\u00e9ld\u00e1ul Onkol\u00f3gi\u00e1n, Intenz\u00edv oszt\u00e1lyon vagy Neurol\u00f3gi\u00e1n) megl\u00e1togatja a gyermeket \u00e9s a csal\u00e1dot. Hogyan seg\u00edt\u00fcnk? &hellip;<\/p>\n","protected":false},"author":102391,"featured_media":0,"parent":62,"menu_order":2,"comment_status":"closed","ping_status":"closed","template":"","meta":{"_acf_changed":false,"footnotes":""},"categories":[],"tags":[],"class_list":["post-71","page","type-page","status-publish","hentry"],"acf":[],"_links":{"self":[{"href":"https:\/\/semmelweis.hu\/palliativgyermek\/wp-json\/wp\/v2\/pages\/71","targetHints":{"allow":["GET"]}}],"collection":[{"href":"https:\/\/semmelweis.hu\/palliativgyermek\/wp-json\/wp\/v2\/pages"}],"about":[{"href":"https:\/\/semmelweis.hu\/palliativgyermek\/wp-json\/wp\/v2\/types\/page"}],"author":[{"embeddable":true,"href":"https:\/\/semmelweis.hu\/palliativgyermek\/wp-json\/wp\/v2\/users\/102391"}],"replies":[{"embeddable":true,"href":"https:\/\/semmelweis.hu\/palliativgyermek\/wp-json\/wp\/v2\/comments?post=71"}],"version-history":[{"count":3,"href":"https:\/\/semmelweis.hu\/palliativgyermek\/wp-json\/wp\/v2\/pages\/71\/revisions"}],"predecessor-version":[{"id":99,"href":"https:\/\/semmelweis.hu\/palliativgyermek\/wp-json\/wp\/v2\/pages\/71\/revisions\/99"}],"up":[{"embeddable":true,"href":"https:\/\/semmelweis.hu\/palliativgyermek\/wp-json\/wp\/v2\/pages\/62"}],"wp:attachment":[{"href":"https:\/\/semmelweis.hu\/palliativgyermek\/wp-json\/wp\/v2\/media?parent=71"}],"wp:term":[{"taxonomy":"category","embeddable":true,"href":"https:\/\/semmelweis.hu\/palliativgyermek\/wp-json\/wp\/v2\/categories?post=71"},{"taxonomy":"post_tag","embeddable":true,"href":"https:\/\/semmelweis.hu\/palliativgyermek\/wp-json\/wp\/v2\/tags?post=71"}],"curies":[{"name":"wp","href":"https:\/\/api.w.org\/{rel}","templated":true}]}}