{"id":65,"date":"2026-03-11T08:57:33","date_gmt":"2026-03-11T07:57:33","guid":{"rendered":"https:\/\/semmelweis.hu\/palliativgyermek\/?page_id=65"},"modified":"2026-03-11T17:57:49","modified_gmt":"2026-03-11T16:57:49","slug":"ambulans-ellatas","status":"publish","type":"page","link":"https:\/\/semmelweis.hu\/palliativgyermek\/ellatasi-formak\/ambulans-ellatas\/","title":{"rendered":"Ambul\u00e1ns ell\u00e1t\u00e1s"},"content":{"rendered":"<h3>K\u00f3rh\u00e1zi szak\u00e9rtelem az otthon k\u00e9nyelm\u00e9\u00e9rt<\/h3>\n<h3><img loading=\"lazy\" decoding=\"async\" class=\"alignright size-medium wp-image-127\" src=\"https:\/\/semmelweis.hu\/palliativgyermek\/files\/2026\/03\/ambulans_ellatas_2-400x267.jpg\" alt=\"\" width=\"400\" height=\"267\" srcset=\"https:\/\/semmelweis.hu\/palliativgyermek\/files\/2026\/03\/ambulans_ellatas_2-400x267.jpg 400w, https:\/\/semmelweis.hu\/palliativgyermek\/files\/2026\/03\/ambulans_ellatas_2-1024x683.jpg 1024w, https:\/\/semmelweis.hu\/palliativgyermek\/files\/2026\/03\/ambulans_ellatas_2-768x512.jpg 768w, https:\/\/semmelweis.hu\/palliativgyermek\/files\/2026\/03\/ambulans_ellatas_2-753x502.jpg 753w, https:\/\/semmelweis.hu\/palliativgyermek\/files\/2026\/03\/ambulans_ellatas_2-203x135.jpg 203w, https:\/\/semmelweis.hu\/palliativgyermek\/files\/2026\/03\/ambulans_ellatas_2.jpg 1300w\" sizes=\"auto, (max-width: 400px) 100vw, 400px\" \/><\/h3>\n<p>A legt\u00f6bb csal\u00e1d sz\u00e1m\u00e1ra az egyik legfontosabb c\u00e9l, hogy gyermek\u00fck a saj\u00e1t \u00e1gy\u00e1ban, a szerettei k\u00f6r\u00e9ben legyen. Az ambul\u00e1ns ell\u00e1t\u00e1s ezt a c\u00e9lt szolg\u00e1lja: \u00f6sszek\u00f6ti a klinikai szak\u00e9rtelmet az otthon biztons\u00e1g\u00e1val, hogy ne kelljen v\u00e1lasztani a kett\u0151 k\u00f6z\u00f6tt.<\/p>\n<p>Szakrendel\u00e9s\u00fcnk nem egy szokv\u00e1nyos orvosi vizit. Olyan tal\u00e1lkoz\u00f3, ahol id\u0151t sz\u00e1nunk minden k\u00e9rd\u00e9sre, minden aggodalomra \u2013 \u00e9s ahol nem a betegs\u00e9g adminisztr\u00e1ci\u00f3ja, hanem a gyermek \u00e9s a csal\u00e1d ker\u00fcl a k\u00f6z\u00e9ppontba.<\/p>\n<h3>Miben seg\u00edt\u00fcnk a szakrendel\u00e9sen?<\/h3>\n<h5>Szem\u00e9lyre szabott f\u00e1jdalomkezel\u00e9s<\/h5>\n<p>Folyamatosan k\u00f6vetj\u00fck \u00e9s igaz\u00edtjuk a gy\u00f3gyszeres kezel\u00e9st \u2013 mindig az aktu\u00e1lis \u00e1llapothoz, mindig a lehet\u0151 legkevesebb mell\u00e9khat\u00e1ssal.<\/p>\n<h5>\u00c1llapotk\u00f6vet\u00e9s \u00e9s el\u0151retekint\u00e9s<\/h5>\n<p>Megbesz\u00e9lj\u00fck, mi t\u00f6rt\u00e9nt az elm\u00falt id\u0151szakban, mi okozott neh\u00e9zs\u00e9get \u2013 \u00e9s felk\u00e9sz\u00edtj\u00fck a sz\u00fcl\u0151ket arra, amire sz\u00e1m\u00edthatnak. Mert a t\u00e1j\u00e9kozotts\u00e1g maga is biztons\u00e1got ad.<\/p>\n<h5>T\u00e1pl\u00e1l\u00e1si \u00e9s l\u00e9gz\u00e9st\u00e1mogat\u00e1s<\/h5>\n<p>Dietetikusainkkal \u00e9s gy\u00f3gytorn\u00e1szainkkal egy\u00fcttm\u0171k\u00f6dve seg\u00edt\u00fcnk fenntartani a fizikai komfortot \u00e9s az er\u0151t a h\u00e9tk\u00f6znapokhoz.<\/p>\n<h5>Lelki jelenl\u00e9t a vizit alatt is<\/h5>\n<p>Az ambul\u00e1ns tal\u00e1lkoz\u00f3k alkalm\u00e1val pszichol\u00f3gusaink is el\u00e9rhet\u0151k \u2013 a gyermeknek \u00e9s a sz\u00fcl\u0151knek egyar\u00e1nt. Mert egy neh\u00e9z diagn\u00f3zis feldolgoz\u00e1sa sosem csak orvosi k\u00e9rd\u00e9s.<\/p>\n<h3>Bejelentkez\u00e9s menete<\/h3>\n<p>Szakrendel\u00e9s\u00fcnkre el\u0151zetes bejelentkez\u00e9ssel (lehet\u0151s\u00e9g szerint a csal\u00e1d els\u0151dleges gondoz\u00f3 orvos\u00e1n kereszt\u00fcl) lehet \u00e9rkezni. Az els\u0151 tal\u00e1lkoz\u00e1skor r\u00e9szletesen megismerj\u00fck a gyermek helyzet\u00e9t \u2013 ezt k\u00f6vet\u0151en k\u00f6z\u00f6sen alak\u00edtjuk ki azt a gondoz\u00e1si tervet, amely val\u00f3ban az \u0151 ig\u00e9nyeire szabott.<\/p>\n","protected":false},"excerpt":{"rendered":"<p>K\u00f3rh\u00e1zi szak\u00e9rtelem az otthon k\u00e9nyelm\u00e9\u00e9rt A legt\u00f6bb csal\u00e1d sz\u00e1m\u00e1ra az egyik legfontosabb c\u00e9l, hogy gyermek\u00fck a saj\u00e1t \u00e1gy\u00e1ban, a szerettei k\u00f6r\u00e9ben legyen. Az ambul\u00e1ns ell\u00e1t\u00e1s ezt a c\u00e9lt szolg\u00e1lja: \u00f6sszek\u00f6ti a klinikai szak\u00e9rtelmet az otthon biztons\u00e1g\u00e1val, hogy ne kelljen v\u00e1lasztani a kett\u0151 k\u00f6z\u00f6tt. Szakrendel\u00e9s\u00fcnk nem egy szokv\u00e1nyos orvosi vizit. Olyan tal\u00e1lkoz\u00f3, ahol id\u0151t sz\u00e1nunk minden &hellip;<\/p>\n","protected":false},"author":102391,"featured_media":66,"parent":62,"menu_order":0,"comment_status":"closed","ping_status":"closed","template":"","meta":{"_acf_changed":false,"footnotes":""},"categories":[],"tags":[],"class_list":["post-65","page","type-page","status-publish","has-post-thumbnail","hentry"],"acf":[],"_links":{"self":[{"href":"https:\/\/semmelweis.hu\/palliativgyermek\/wp-json\/wp\/v2\/pages\/65","targetHints":{"allow":["GET"]}}],"collection":[{"href":"https:\/\/semmelweis.hu\/palliativgyermek\/wp-json\/wp\/v2\/pages"}],"about":[{"href":"https:\/\/semmelweis.hu\/palliativgyermek\/wp-json\/wp\/v2\/types\/page"}],"author":[{"embeddable":true,"href":"https:\/\/semmelweis.hu\/palliativgyermek\/wp-json\/wp\/v2\/users\/102391"}],"replies":[{"embeddable":true,"href":"https:\/\/semmelweis.hu\/palliativgyermek\/wp-json\/wp\/v2\/comments?post=65"}],"version-history":[{"count":4,"href":"https:\/\/semmelweis.hu\/palliativgyermek\/wp-json\/wp\/v2\/pages\/65\/revisions"}],"predecessor-version":[{"id":128,"href":"https:\/\/semmelweis.hu\/palliativgyermek\/wp-json\/wp\/v2\/pages\/65\/revisions\/128"}],"up":[{"embeddable":true,"href":"https:\/\/semmelweis.hu\/palliativgyermek\/wp-json\/wp\/v2\/pages\/62"}],"wp:featuredmedia":[{"embeddable":true,"href":"https:\/\/semmelweis.hu\/palliativgyermek\/wp-json\/wp\/v2\/media\/66"}],"wp:attachment":[{"href":"https:\/\/semmelweis.hu\/palliativgyermek\/wp-json\/wp\/v2\/media?parent=65"}],"wp:term":[{"taxonomy":"category","embeddable":true,"href":"https:\/\/semmelweis.hu\/palliativgyermek\/wp-json\/wp\/v2\/categories?post=65"},{"taxonomy":"post_tag","embeddable":true,"href":"https:\/\/semmelweis.hu\/palliativgyermek\/wp-json\/wp\/v2\/tags?post=65"}],"curies":[{"name":"wp","href":"https:\/\/api.w.org\/{rel}","templated":true}]}}