{"id":62,"date":"2026-03-11T08:55:13","date_gmt":"2026-03-11T07:55:13","guid":{"rendered":"https:\/\/semmelweis.hu\/palliativgyermek\/?page_id=62"},"modified":"2026-03-11T21:16:37","modified_gmt":"2026-03-11T20:16:37","slug":"ellatasi-formak","status":"publish","type":"page","link":"https:\/\/semmelweis.hu\/palliativgyermek\/ellatasi-formak\/","title":{"rendered":"Ell\u00e1t\u00e1si form\u00e1k"},"content":{"rendered":"<h3>Szem\u00e9lyre szabott seg\u00edts\u00e9g \u2013 ott, ahol a legnagyobb sz\u00fcks\u00e9g van r\u00e1<\/h3>\n<p>A Palliat\u00edv \u00e9s Komfortell\u00e1t\u00e1si R\u00e9szleg <strong>rugalmas ell\u00e1t\u00e1si rendszer<\/strong>t alak\u00edtott ki, hogy a gyermekek \u00e9s csal\u00e1djaik <strong>minden \u00e9lethelyzetben a legmegfelel\u0151bb t\u00e1mogat\u00e1s<\/strong>t kapj\u00e1k. Tudjuk, hogy a sz\u00fcks\u00e9gletek napr\u00f3l napra v\u00e1ltozhatnak, ez\u00e9rt szolg\u00e1ltat\u00e1sainkat \u00fagy hangoltuk \u00f6ssze, hogy azok z\u00f6kken\u0151mentes \u00e1tmenetet biztos\u00edtsanak a k\u00f3rh\u00e1zi \u00e9s az otthoni k\u00f6rnyezet k\u00f6z\u00f6tt.<\/p>\n<p>Ell\u00e1t\u00e1si modell\u00fcnk n\u00e9gy alappill\u00e9ren nyugszik, biztos\u00edtva a folyamatos fel\u00fcgyeletet \u00e9s a professzion\u00e1lis k\u00eds\u00e9r\u00e9st:<\/p>\n<h5><a href=\"https:\/\/semmelweis.hu\/palliativgyermek\/ellatasi-formak\/ambulans-ellatas\/\">Ambul\u00e1ns ell\u00e1t\u00e1s<\/a><\/h5>\n<p>Rendszeres kontrollok \u00e9s szem\u00e9lyes konzult\u00e1ci\u00f3k azoknak, akiknek az \u00e1llapota stabilabb \u2013 hogy a biztons\u00e1g akkor is meglegyen, amikor \u00e9ppen nincs sz\u00fcks\u00e9g bentfekv\u00e9sre.<\/p>\n<h5><a href=\"https:\/\/semmelweis.hu\/palliativgyermek\/ellatasi-formak\/fekvobeteg-ellatas\/\">Fekv\u0151beteg-ell\u00e1t\u00e1s<\/a><\/h5>\n<p>Ha a t\u00fcnetek intenz\u00edvebb figyelmet ig\u00e9nyelnek, r\u00e9szleg\u00fcnk\u00f6n biztos\u00edtjuk a sz\u00fcks\u00e9ges orvosi \u00e9s \u00e1pol\u00f3i jelenl\u00e9tet \u2013 professzion\u00e1lisan, de emberi k\u00f6zels\u00e9gben.<\/p>\n<h5><a href=\"https:\/\/semmelweis.hu\/palliativgyermek\/ellatasi-formak\/mobilteam\/\">Mobil team<\/a><\/h5>\n<p>Szak\u00e9rt\u0151 csapatunk a Klinika b\u00e1rmely oszt\u00e1ly\u00e1n el\u00e9rhet\u0151 \u2013 a gyermek \u00e1gya mellett, ott, ahol \u00e9ppen sz\u00fcks\u00e9g van r\u00e1nk. Nem a beteg j\u00f6n hozz\u00e1nk, mi megy\u00fcnk hozz\u00e1.<\/p>\n<h5><a href=\"https:\/\/semmelweis.hu\/palliativgyermek\/ellatasi-formak\/lelki-tamogatas\/\">Lelki \u00e9s pszichoszoci\u00e1lis t\u00e1mogat\u00e1s<\/a><\/h5>\n<p>A betegs\u00e9g nemcsak a gyermeket \u00e9rinti \u2013 hanem az eg\u00e9sz csal\u00e1dot. Pszichol\u00f3gusaink \u00e9s seg\u00edt\u0151 szakembereink a diagn\u00f3zis els\u0151 pillanat\u00e1t\u00f3l kezdve el\u00e9rhet\u0151k: a gyermeknek, a sz\u00fcl\u0151knek, \u00e9s a testv\u00e9reknek is.<\/p>\n<h3>Tudjon meg t\u00f6bbet ell\u00e1t\u00e1si form\u00e1inkr\u00f3l<\/h3>\n<style>\n           #page-grid .card-body > .line-clamp-box.excerpt{\n        width: inherit;\n        max-width: inherit;\n        display:flex;\n        min-height: 2.4em;\n        flex-direction: column;\n        justify-content: space-around;\n        background-color: #D6E4EA;\n        min-height: 3.4rem;\n        font-family: \"Montserrat\", sans-serif;\n    }\n\n    #page-grid a:hover .card-body > .line-clamp-box.excerpt {\n        background-color: #fff;\n        color: #313B40;\n    }\n\n    #page-grid .card-body .line-clamp-box.excerpt section{\n        max-width: inherit;\n        display: -webkit-box;\n        -webkit-line-clamp: 2;\n        -webkit-box-orient: vertical;\n        overflow: hidden;\n        text-overflow: ellipsis;\n        hyphens: auto;\n        margin: auto;\n        \n    }\n    .line-clamp-box.excerpt section, .line-clamp-box.excerpt section p{\n        font-size:0.8em;\n    }\n    \n<\/style>\n    <section id=\"page-grid\">\n        \n        <div class=\"row row-cols-1 row-cols-md-2 row-cols-lg-4 no-gutters mx-0 \">    <div class =\"col  mb-2 card-wrapper\">\n        <a class=\"d-flex flex-fill card-link-warapper m-md-1\" href=\"https:\/\/semmelweis.hu\/palliativgyermek\/ellatasi-formak\/ambulans-ellatas\/\">\n            <div class=\"card border border-secondary se-border flex-fill\">\n                <div class=\"row no-gutters mx-0 d-flex flex-nowrap flex-md-wrap align-items-center\">\n                    <div class =\"  col-5 col-md-12 d-none d-md-none  card-image justify-content-center\">\n                        <img loading=\"lazy\" decoding=\"async\" width=\"753\" height=\"502\" src=\"https:\/\/semmelweis.hu\/palliativgyermek\/files\/2026\/03\/ambulans_ellatas.png\" class=\"landscape wp-post-image\" alt=\"\" srcset=\"https:\/\/semmelweis.hu\/palliativgyermek\/files\/2026\/03\/ambulans_ellatas.png 951w, https:\/\/semmelweis.hu\/palliativgyermek\/files\/2026\/03\/ambulans_ellatas-400x267.png 400w, https:\/\/semmelweis.hu\/palliativgyermek\/files\/2026\/03\/ambulans_ellatas-768x512.png 768w, https:\/\/semmelweis.hu\/palliativgyermek\/files\/2026\/03\/ambulans_ellatas-753x502.png 753w, https:\/\/semmelweis.hu\/palliativgyermek\/files\/2026\/03\/ambulans_ellatas-203x135.png 203w\" sizes=\"auto, (max-width: 753px) 100vw, 753px\" \/>\n                    <\/div>\n                    <div class=\"card-body  col flex-column  col-md-12 p-0\">\n                        <div class=\"line-clamp-box p-3\">\n                            <h5 class=\"ml-0 ml-sm-1 mt-2 align-items-center\"  >Ambul\u00e1ns ell\u00e1t\u00e1s<\/h5>\n                        <\/div>\n                        \n                    <\/div>\n                <\/div>\n\n            <\/div>\n        <\/a>\n    <\/div>    <div class =\"col  mb-2 card-wrapper\">\n        <a class=\"d-flex flex-fill card-link-warapper m-md-1\" href=\"https:\/\/semmelweis.hu\/palliativgyermek\/ellatasi-formak\/fekvobeteg-ellatas\/\">\n            <div class=\"card border border-secondary se-border flex-fill\">\n                <div class=\"row no-gutters mx-0 d-flex flex-nowrap flex-md-wrap align-items-center\">\n                    <div class =\"  col-5 col-md-12 d-none d-md-none  card-image justify-content-center\">\n                        <img loading=\"lazy\" decoding=\"async\" width=\"753\" height=\"500\" src=\"https:\/\/semmelweis.hu\/palliativgyermek\/files\/2026\/03\/fekvobeteg_ellatas.png\" class=\"landscape wp-post-image\" alt=\"\" srcset=\"https:\/\/semmelweis.hu\/palliativgyermek\/files\/2026\/03\/fekvobeteg_ellatas.png 953w, https:\/\/semmelweis.hu\/palliativgyermek\/files\/2026\/03\/fekvobeteg_ellatas-400x266.png 400w, https:\/\/semmelweis.hu\/palliativgyermek\/files\/2026\/03\/fekvobeteg_ellatas-768x510.png 768w, https:\/\/semmelweis.hu\/palliativgyermek\/files\/2026\/03\/fekvobeteg_ellatas-753x500.png 753w, https:\/\/semmelweis.hu\/palliativgyermek\/files\/2026\/03\/fekvobeteg_ellatas-203x135.png 203w\" sizes=\"auto, (max-width: 753px) 100vw, 753px\" \/>\n                    <\/div>\n                    <div class=\"card-body  col flex-column  col-md-12 p-0\">\n                        <div class=\"line-clamp-box p-3\">\n                            <h5 class=\"ml-0 ml-sm-1 mt-2 align-items-center\"  >Fekv\u0151beteg-ell\u00e1t\u00e1s<\/h5>\n                        <\/div>\n                        \n                    <\/div>\n                <\/div>\n\n            <\/div>\n        <\/a>\n    <\/div>    <div class =\"col  mb-2 card-wrapper\">\n        <a class=\"d-flex flex-fill card-link-warapper m-md-1\" href=\"https:\/\/semmelweis.hu\/palliativgyermek\/ellatasi-formak\/mobil-team\/\">\n            <div class=\"card border border-secondary se-border flex-fill\">\n                <div class=\"row no-gutters mx-0 d-flex flex-nowrap flex-md-wrap align-items-center\">\n                    <div class =\"  col-5 col-md-12  d-none  d-md-none d-md-none  bg-image  card-image justify-content-center\">\n                        <img class='wp-post-image img-fluid landscape' src='https:\/\/semmelweis.hu\/palliativgyermek\/wp-content\/themes\/se18\/dist\/images\/svg\/bg-image.svg' \/>\n                    <\/div>\n                    <div class=\"card-body  col flex-column  col-md-12 p-0\">\n                        <div class=\"line-clamp-box p-3\">\n                            <h5 class=\"ml-0 ml-sm-1 mt-2 align-items-center\"  >Mobil team<\/h5>\n                        <\/div>\n                        \n                    <\/div>\n                <\/div>\n\n            <\/div>\n        <\/a>\n    <\/div>    <div class =\"col  mb-2 card-wrapper\">\n        <a class=\"d-flex flex-fill card-link-warapper m-md-1\" href=\"https:\/\/semmelweis.hu\/palliativgyermek\/ellatasi-formak\/lelki-tamogatas\/\">\n            <div class=\"card border border-secondary se-border flex-fill\">\n                <div class=\"row no-gutters mx-0 d-flex flex-nowrap flex-md-wrap align-items-center\">\n                    <div class =\"  col-5 col-md-12 d-none d-md-none  card-image justify-content-center\">\n                        <img loading=\"lazy\" decoding=\"async\" width=\"753\" height=\"500\" src=\"https:\/\/semmelweis.hu\/palliativgyermek\/files\/2026\/03\/lelki_tamogatas.png\" class=\"landscape wp-post-image\" alt=\"\" srcset=\"https:\/\/semmelweis.hu\/palliativgyermek\/files\/2026\/03\/lelki_tamogatas.png 953w, https:\/\/semmelweis.hu\/palliativgyermek\/files\/2026\/03\/lelki_tamogatas-400x266.png 400w, https:\/\/semmelweis.hu\/palliativgyermek\/files\/2026\/03\/lelki_tamogatas-768x510.png 768w, https:\/\/semmelweis.hu\/palliativgyermek\/files\/2026\/03\/lelki_tamogatas-753x500.png 753w, https:\/\/semmelweis.hu\/palliativgyermek\/files\/2026\/03\/lelki_tamogatas-203x135.png 203w\" sizes=\"auto, (max-width: 753px) 100vw, 753px\" \/>\n                    <\/div>\n                    <div class=\"card-body  col flex-column  col-md-12 p-0\">\n                        <div class=\"line-clamp-box p-3\">\n                            <h5 class=\"ml-0 ml-sm-1 mt-2 align-items-center\"  >Lelki t\u00e1mogat\u00e1s<\/h5>\n                        <\/div>\n                        \n                    <\/div>\n                <\/div>\n\n            <\/div>\n        <\/a>\n    <\/div>        <\/div>\n    <\/section>\n","protected":false},"excerpt":{"rendered":"<p>Szem\u00e9lyre szabott seg\u00edts\u00e9g \u2013 ott, ahol a legnagyobb sz\u00fcks\u00e9g van r\u00e1 A Palliat\u00edv \u00e9s Komfortell\u00e1t\u00e1si R\u00e9szleg rugalmas ell\u00e1t\u00e1si rendszert alak\u00edtott ki, hogy a gyermekek \u00e9s csal\u00e1djaik minden \u00e9lethelyzetben a legmegfelel\u0151bb t\u00e1mogat\u00e1st kapj\u00e1k. Tudjuk, hogy a sz\u00fcks\u00e9gletek napr\u00f3l napra v\u00e1ltozhatnak, ez\u00e9rt szolg\u00e1ltat\u00e1sainkat \u00fagy hangoltuk \u00f6ssze, hogy azok z\u00f6kken\u0151mentes \u00e1tmenetet biztos\u00edtsanak a k\u00f3rh\u00e1zi \u00e9s az otthoni k\u00f6rnyezet &hellip;<\/p>\n","protected":false},"author":102391,"featured_media":0,"parent":0,"menu_order":1,"comment_status":"closed","ping_status":"closed","template":"template-fullwidth.php","meta":{"_acf_changed":false,"footnotes":""},"categories":[],"tags":[],"class_list":["post-62","page","type-page","status-publish","hentry"],"acf":[],"_links":{"self":[{"href":"https:\/\/semmelweis.hu\/palliativgyermek\/wp-json\/wp\/v2\/pages\/62","targetHints":{"allow":["GET"]}}],"collection":[{"href":"https:\/\/semmelweis.hu\/palliativgyermek\/wp-json\/wp\/v2\/pages"}],"about":[{"href":"https:\/\/semmelweis.hu\/palliativgyermek\/wp-json\/wp\/v2\/types\/page"}],"author":[{"embeddable":true,"href":"https:\/\/semmelweis.hu\/palliativgyermek\/wp-json\/wp\/v2\/users\/102391"}],"replies":[{"embeddable":true,"href":"https:\/\/semmelweis.hu\/palliativgyermek\/wp-json\/wp\/v2\/comments?post=62"}],"version-history":[{"count":7,"href":"https:\/\/semmelweis.hu\/palliativgyermek\/wp-json\/wp\/v2\/pages\/62\/revisions"}],"predecessor-version":[{"id":140,"href":"https:\/\/semmelweis.hu\/palliativgyermek\/wp-json\/wp\/v2\/pages\/62\/revisions\/140"}],"wp:attachment":[{"href":"https:\/\/semmelweis.hu\/palliativgyermek\/wp-json\/wp\/v2\/media?parent=62"}],"wp:term":[{"taxonomy":"category","embeddable":true,"href":"https:\/\/semmelweis.hu\/palliativgyermek\/wp-json\/wp\/v2\/categories?post=62"},{"taxonomy":"post_tag","embeddable":true,"href":"https:\/\/semmelweis.hu\/palliativgyermek\/wp-json\/wp\/v2\/tags?post=62"}],"curies":[{"name":"wp","href":"https:\/\/api.w.org\/{rel}","templated":true}]}}