{"id":6,"date":"2025-11-12T15:52:51","date_gmt":"2025-11-12T14:52:51","guid":{"rendered":"https:\/\/semmelweis.hu\/palliativgyermek\/?page_id=6"},"modified":"2026-03-12T09:14:06","modified_gmt":"2026-03-12T08:14:06","slug":"rolunk","status":"publish","type":"page","link":"https:\/\/semmelweis.hu\/palliativgyermek\/rolunk\/","title":{"rendered":"R\u00f3lunk"},"content":{"rendered":"<p>A <a href=\"https:\/\/semmelweis.hu\/gyermekklinika\/\" target=\"_blank\" rel=\"noopener\">Semmelweis Egyetem Gyermekgy\u00f3gy\u00e1szati Klinik\u00e1j\u00e1n<\/a> tudjuk, hogy a gy\u00f3gy\u00edt\u00e1s sokkal t\u00f6bb, mint a betegs\u00e9g kezel\u00e9se. A <strong>Palliat\u00edv \u00e9s Komfortell\u00e1t\u00e1si R\u00e9szleg <\/strong>az\u00e9rt j\u00f6tt l\u00e9tre, hogy s\u00falyos, kr\u00f3nikus vagy \u00e9letet korl\u00e1toz\u00f3 betegs\u00e9ggel \u00e9l\u0151 gyermekek \u00e9s szeretteik <strong>soha ne \u00e9rezhess\u00e9k \u00fagy, hogy egyed\u00fcl vannak<\/strong>.<\/p>\n<p>N\u00e1lunk nem a diagn\u00f3zis ker\u00fcl a k\u00f6z\u00e9ppontba \u2013 hanem a gyermek, \u00e9s az \u0151 mindennapjainak min\u0151s\u00e9ge. Szak\u00e9rt\u0151 csapatunk azon dolgozik, hogy <strong>enyh\u00edtse a testi f\u00e1jdalmat<\/strong>, <strong>t\u00e1mogassa a lelki egyens\u00falyt<\/strong>, \u00e9s seg\u00edtsen minden csal\u00e1dnak abban, hogy a <strong>legnehezebb id\u0151szakban is legyenek k\u00f6z\u00f6s, m\u00e9lt\u00f3 pillanatok<\/strong>.<\/p>\n<p><em>A projekt a <a href=\"https:\/\/svajcialap.hu\/\" target=\"_blank\" rel=\"noopener\">Sv\u00e1jci Alap<\/a> t\u00e1mogat\u00e1s\u00e1val \u00e9s Magyarorsz\u00e1g Korm\u00e1ny\u00e1nak t\u00e1rsfinansz\u00edroz\u00e1s\u00e1val val\u00f3sult meg.<\/em><\/p>\n<p><img loading=\"lazy\" decoding=\"async\" class=\"piktogram alignnone wp-image-134 size-medium\" src=\"https:\/\/semmelweis.hu\/palliativgyermek\/files\/2026\/03\/hun-logo-400x110.png\" alt=\"\" width=\"400\" height=\"110\" srcset=\"https:\/\/semmelweis.hu\/palliativgyermek\/files\/2026\/03\/hun-logo-400x110.png 400w, https:\/\/semmelweis.hu\/palliativgyermek\/files\/2026\/03\/hun-logo.png 418w\" sizes=\"auto, (max-width: 400px) 100vw, 400px\" \/><\/p>\n<p><img loading=\"lazy\" decoding=\"async\" class=\"piktogram alignnone wp-image-135 size-thumbnail\" src=\"https:\/\/semmelweis.hu\/palliativgyermek\/files\/2026\/03\/hun-nemzeti-logo-150x150.png\" alt=\"\" width=\"150\" height=\"150\" \/><\/p>\n<h3>Tudjon meg t\u00f6bbet<\/h3>\n<style>\n           #page-grid .card-body > .line-clamp-box.excerpt{\n        width: inherit;\n        max-width: inherit;\n        display:flex;\n        min-height: 2.4em;\n        flex-direction: column;\n        justify-content: space-around;\n        background-color: #D6E4EA;\n        min-height: 3.4rem;\n        font-family: \"Montserrat\", sans-serif;\n    }\n\n    #page-grid a:hover .card-body > .line-clamp-box.excerpt {\n        background-color: #fff;\n        color: #313B40;\n    }\n\n    #page-grid .card-body .line-clamp-box.excerpt section{\n        max-width: inherit;\n        display: -webkit-box;\n        -webkit-line-clamp: 2;\n        -webkit-box-orient: vertical;\n        overflow: hidden;\n        text-overflow: ellipsis;\n        hyphens: auto;\n        margin: auto;\n        \n    }\n    .line-clamp-box.excerpt section, .line-clamp-box.excerpt section p{\n        font-size:0.8em;\n    }\n    \n<\/style>\n    <section id=\"page-grid\">\n        \n        <div class=\"row row-cols-1 row-cols-md-2 row-cols-lg-4 no-gutters mx-0 \">    <div class =\"col  mb-2 card-wrapper\">\n        <a class=\"d-flex flex-fill card-link-warapper m-md-1\" href=\"https:\/\/semmelweis.hu\/palliativgyermek\/rolunk\/mi-az-a-ppc\/\">\n            <div class=\"card border border-secondary se-border flex-fill\">\n                <div class=\"row no-gutters mx-0 d-flex flex-nowrap flex-md-wrap align-items-center\">\n                    <div class =\"  col-5 col-md-12  d-none  d-md-none d-md-none  bg-image  card-image justify-content-center\">\n                        <img class='wp-post-image img-fluid landscape' src='https:\/\/semmelweis.hu\/palliativgyermek\/wp-content\/themes\/se18\/dist\/images\/svg\/bg-image.svg' \/>\n                    <\/div>\n                    <div class=\"card-body  col flex-column  col-md-12 p-0\">\n                        <div class=\"line-clamp-box p-3\">\n                            <h5 class=\"ml-0 ml-sm-1 mt-2 align-items-center\"  >Mi az a PPC?<\/h5>\n                        <\/div>\n                        \n                    <\/div>\n                <\/div>\n\n            <\/div>\n        <\/a>\n    <\/div>    <div class =\"col  mb-2 card-wrapper\">\n        <a class=\"d-flex flex-fill card-link-warapper m-md-1\" href=\"https:\/\/semmelweis.hu\/palliativgyermek\/rolunk\/misszio-es-celkituzesek\/\">\n            <div class=\"card border border-secondary se-border flex-fill\">\n                <div class=\"row no-gutters mx-0 d-flex flex-nowrap flex-md-wrap align-items-center\">\n                    <div class =\"  col-5 col-md-12  d-none  d-md-none d-md-none  bg-image  card-image justify-content-center\">\n                        <img class='wp-post-image img-fluid landscape' src='https:\/\/semmelweis.hu\/palliativgyermek\/wp-content\/themes\/se18\/dist\/images\/svg\/bg-image.svg' \/>\n                    <\/div>\n                    <div class=\"card-body  col flex-column  col-md-12 p-0\">\n                        <div class=\"line-clamp-box p-3\">\n                            <h5 class=\"ml-0 ml-sm-1 mt-2 align-items-center\"  >Misszi\u00f3 \u00e9s c\u00e9lkit\u0171z\u00e9sek<\/h5>\n                        <\/div>\n                        \n                    <\/div>\n                <\/div>\n\n            <\/div>\n        <\/a>\n    <\/div>    <div class =\"col  mb-2 card-wrapper\">\n        <a class=\"d-flex flex-fill card-link-warapper m-md-1\" href=\"https:\/\/semmelweis.hu\/palliativgyermek\/rolunk\/csapatunk\/\">\n            <div class=\"card border border-secondary se-border flex-fill\">\n                <div class=\"row no-gutters mx-0 d-flex flex-nowrap flex-md-wrap align-items-center\">\n                    <div class =\"  col-5 col-md-12  d-none  d-md-none d-md-none  bg-image  card-image justify-content-center\">\n                        <img class='wp-post-image img-fluid landscape' src='https:\/\/semmelweis.hu\/palliativgyermek\/wp-content\/themes\/se18\/dist\/images\/svg\/bg-image.svg' \/>\n                    <\/div>\n                    <div class=\"card-body  col flex-column  col-md-12 p-0\">\n                        <div class=\"line-clamp-box p-3\">\n                            <h5 class=\"ml-0 ml-sm-1 mt-2 align-items-center\"  >Csapatunk<\/h5>\n                        <\/div>\n                        \n                    <\/div>\n                <\/div>\n\n            <\/div>\n        <\/a>\n    <\/div>        <\/div>\n    <\/section>\n","protected":false},"excerpt":{"rendered":"<p>\u00dcdv\u00f6z\u00f6lj\u00fck a Gyermekklinika Palliat\u00edv \u00e9s Komfortell\u00e1t\u00e1si R\u00e9szleg\u00e9n<\/p>\n<p>A Semmelweis Egyetem Gyermekgy\u00f3gy\u00e1szati Klinik\u00e1j\u00e1n tudjuk, hogy a gy\u00f3gy\u00edt\u00e1s sokkal t\u00f6bb, mint a betegs\u00e9g kezel\u00e9se. A Palliat\u00edv \u00e9s Komfortell\u00e1t\u00e1si R\u00e9szleg az\u00e9rt j\u00f6tt l\u00e9tre, hogy s\u00falyos, kr\u00f3nikus vagy \u00e9letet korl\u00e1toz\u00f3 betegs\u00e9ggel \u00e9l\u0151 gyermekek \u00e9s szeretteik soha ne \u00e9rezhess\u00e9k \u00fagy, hogy egyed\u00fcl vannak.<\/p>\n<p>N\u00e1lunk nem a diagn\u00f3zis ker\u00fcl a k\u00f6z\u00e9ppontba \u2013 hanem a gyermek, \u00e9s az \u0151 mindennapjainak min\u0151s\u00e9ge. Szak\u00e9rt\u0151 csapatunk azon dolgozik, hogy enyh\u00edtse a testi f\u00e1jdalmat, t\u00e1mogassa a lelki egyens\u00falyt, \u00e9s seg\u00edtsen minden csal\u00e1dnak abban, hogy a legnehezebb id\u0151szakban is legyenek k\u00f6z\u00f6s, m\u00e9lt\u00f3 pillanatok.<\/p>\n","protected":false},"author":12,"featured_media":122,"parent":0,"menu_order":0,"comment_status":"closed","ping_status":"closed","template":"template-fullwidth.php","meta":{"_acf_changed":false,"footnotes":""},"categories":[],"tags":[],"class_list":["post-6","page","type-page","status-publish","has-post-thumbnail","hentry"],"acf":[],"_links":{"self":[{"href":"https:\/\/semmelweis.hu\/palliativgyermek\/wp-json\/wp\/v2\/pages\/6","targetHints":{"allow":["GET"]}}],"collection":[{"href":"https:\/\/semmelweis.hu\/palliativgyermek\/wp-json\/wp\/v2\/pages"}],"about":[{"href":"https:\/\/semmelweis.hu\/palliativgyermek\/wp-json\/wp\/v2\/types\/page"}],"author":[{"embeddable":true,"href":"https:\/\/semmelweis.hu\/palliativgyermek\/wp-json\/wp\/v2\/users\/12"}],"replies":[{"embeddable":true,"href":"https:\/\/semmelweis.hu\/palliativgyermek\/wp-json\/wp\/v2\/comments?post=6"}],"version-history":[{"count":10,"href":"https:\/\/semmelweis.hu\/palliativgyermek\/wp-json\/wp\/v2\/pages\/6\/revisions"}],"predecessor-version":[{"id":161,"href":"https:\/\/semmelweis.hu\/palliativgyermek\/wp-json\/wp\/v2\/pages\/6\/revisions\/161"}],"wp:featuredmedia":[{"embeddable":true,"href":"https:\/\/semmelweis.hu\/palliativgyermek\/wp-json\/wp\/v2\/media\/122"}],"wp:attachment":[{"href":"https:\/\/semmelweis.hu\/palliativgyermek\/wp-json\/wp\/v2\/media?parent=6"}],"wp:term":[{"taxonomy":"category","embeddable":true,"href":"https:\/\/semmelweis.hu\/palliativgyermek\/wp-json\/wp\/v2\/categories?post=6"},{"taxonomy":"post_tag","embeddable":true,"href":"https:\/\/semmelweis.hu\/palliativgyermek\/wp-json\/wp\/v2\/tags?post=6"}],"curies":[{"name":"wp","href":"https:\/\/api.w.org\/{rel}","templated":true}]}}