{"id":46,"date":"2026-03-10T16:37:12","date_gmt":"2026-03-10T15:37:12","guid":{"rendered":"https:\/\/semmelweis.hu\/palliativgyermek\/?page_id=46"},"modified":"2026-03-11T21:14:31","modified_gmt":"2026-03-11T20:14:31","slug":"csapatunk","status":"publish","type":"page","link":"https:\/\/semmelweis.hu\/palliativgyermek\/rolunk\/csapatunk\/","title":{"rendered":"Csapatunk"},"content":{"rendered":"<h5>Akik \u00d6n\u00f6k\u00e9rt dolgoznak: Egys\u00e9gben a gyermek mellett<\/h5>\n<p>A Palliat\u00edv \u00e9s Komfortell\u00e1t\u00e1si R\u00e9szlegen valljuk, hogy a s\u00falyos betegs\u00e9ggel v\u00edvott k\u00fczdelemben egyetlen szakember tud\u00e1sa nem elegend\u0151. Csapatunk ereje az <strong>interdiszciplin\u00e1ris \u00f6sszefog\u00e1s<\/strong>ban rejlik: <strong>orvosok<\/strong>, <strong>\u00e1pol\u00f3k<\/strong>, <strong>pszichol\u00f3gusok<\/strong> \u00e9s <strong>seg\u00edt\u0151 szakemberek<\/strong> dolgoznak szoros egys\u00e9gben az\u00e9rt, hogy a gyermek minden ig\u00e9ny\u00e9re \u2013 legyen az testi, lelki vagy szoci\u00e1lis \u2013 v\u00e1laszt adjunk.<\/p>\n","protected":false},"excerpt":{"rendered":"<p>Akik \u00d6n\u00f6k\u00e9rt dolgoznak: Egys\u00e9gben a gyermek mellett<br \/>\nA Palliat\u00edv \u00e9s Komfortell\u00e1t\u00e1si R\u00e9szlegen valljuk, hogy a s\u00falyos betegs\u00e9ggel v\u00edvott k\u00fczdelemben egyetlen szakember tud\u00e1sa nem elegend\u0151. Csapatunk ereje az interdiszciplin\u00e1ris \u00f6sszefog\u00e1sban rejlik: orvosok, \u00e1pol\u00f3k, pszichol\u00f3gusok \u00e9s seg\u00edt\u0151 szakemberek dolgoznak szoros egys\u00e9gben az\u00e9rt, hogy a gyermek minden ig\u00e9ny\u00e9re \u2013 legyen az testi, lelki vagy szoci\u00e1lis \u2013 v\u00e1laszt adjunk.<\/p>\n","protected":false},"author":102391,"featured_media":0,"parent":6,"menu_order":2,"comment_status":"closed","ping_status":"closed","template":"","meta":{"_acf_changed":false,"footnotes":""},"categories":[],"tags":[],"class_list":["post-46","page","type-page","status-publish","hentry"],"acf":[],"_links":{"self":[{"href":"https:\/\/semmelweis.hu\/palliativgyermek\/wp-json\/wp\/v2\/pages\/46","targetHints":{"allow":["GET"]}}],"collection":[{"href":"https:\/\/semmelweis.hu\/palliativgyermek\/wp-json\/wp\/v2\/pages"}],"about":[{"href":"https:\/\/semmelweis.hu\/palliativgyermek\/wp-json\/wp\/v2\/types\/page"}],"author":[{"embeddable":true,"href":"https:\/\/semmelweis.hu\/palliativgyermek\/wp-json\/wp\/v2\/users\/102391"}],"replies":[{"embeddable":true,"href":"https:\/\/semmelweis.hu\/palliativgyermek\/wp-json\/wp\/v2\/comments?post=46"}],"version-history":[{"count":10,"href":"https:\/\/semmelweis.hu\/palliativgyermek\/wp-json\/wp\/v2\/pages\/46\/revisions"}],"predecessor-version":[{"id":139,"href":"https:\/\/semmelweis.hu\/palliativgyermek\/wp-json\/wp\/v2\/pages\/46\/revisions\/139"}],"up":[{"embeddable":true,"href":"https:\/\/semmelweis.hu\/palliativgyermek\/wp-json\/wp\/v2\/pages\/6"}],"wp:attachment":[{"href":"https:\/\/semmelweis.hu\/palliativgyermek\/wp-json\/wp\/v2\/media?parent=46"}],"wp:term":[{"taxonomy":"category","embeddable":true,"href":"https:\/\/semmelweis.hu\/palliativgyermek\/wp-json\/wp\/v2\/categories?post=46"},{"taxonomy":"post_tag","embeddable":true,"href":"https:\/\/semmelweis.hu\/palliativgyermek\/wp-json\/wp\/v2\/tags?post=46"}],"curies":[{"name":"wp","href":"https:\/\/api.w.org\/{rel}","templated":true}]}}