{"id":34,"date":"2026-03-10T15:57:25","date_gmt":"2026-03-10T14:57:25","guid":{"rendered":"https:\/\/semmelweis.hu\/palliativgyermek\/?page_id=34"},"modified":"2026-03-11T12:57:14","modified_gmt":"2026-03-11T11:57:14","slug":"misszio-es-celkituzesek","status":"publish","type":"page","link":"https:\/\/semmelweis.hu\/palliativgyermek\/rolunk\/misszio-es-celkituzesek\/","title":{"rendered":"Misszi\u00f3 \u00e9s c\u00e9lkit\u0171z\u00e9sek"},"content":{"rendered":"<h3>M\u00e9lt\u00f3s\u00e1g \u00e9s integr\u00e1lt szak\u00e9rtelem \u2013 ez a mi k\u00fcldet\u00e9s\u00fcnk<\/h3>\n<p>Hisz\u00fcnk abban, hogy <strong>egy s\u00falyosan beteg gyermeknek nem csup\u00e1n orvosi kezel\u00e9sre van sz\u00fcks\u00e9ge<\/strong> \u2013 <strong>hanem egy eg\u00e9sz rendszerre, amely k\u00f6r\u00fclveszi \u00e9s megtartja \u0151t \u00e9s a csal\u00e1dj\u00e1t<\/strong>. Programunk a <a href=\"https:\/\/svajcialap.hu\/\" target=\"_blank\" rel=\"noopener\">Sv\u00e1jci\u2013Magyar Egy\u00fcttm\u0171k\u00f6d\u00e9si Program<\/a> II. id\u0151szak\u00e1nak t\u00e1mogat\u00e1s\u00e1val val\u00f3sult meg, azzal a c\u00e9llal, hogy egy integr\u00e1lt palliat\u00edv ell\u00e1t\u00e1si egys\u00e9get hozzunk l\u00e9tre \u2013 ahol a klinikai tud\u00e1s \u00e9s az emberi m\u00e9lt\u00f3s\u00e1g soha nem ker\u00fcl egym\u00e1ssal szembe.<\/p>\n<h3>Integr\u00e1lt palliat\u00edv ell\u00e1t\u00e1si egys\u00e9g<\/h3>\n<p>Az integr\u00e1lt palliat\u00edv ell\u00e1t\u00e1si egys\u00e9g a palliat\u00edv ell\u00e1t\u00e1s k\u00fcl\u00f6nb\u00f6z\u0151 form\u00e1inak \u00f6sszehangolt egy\u00fcttm\u0171k\u00f6d\u00e9s\u00e9re \u00e9p\u00fcl\u0151 ell\u00e1t\u00e1si modell.<\/p>\n<p><strong>C\u00e9lja<\/strong>, hogy <strong>a palliat\u00edv ell\u00e1t\u00e1si ig\u00e9nnyel rendelkez\u0151 gyermekbetegek mindig az aktu\u00e1lis \u00e1llapotuknak, sz\u00fcks\u00e9gleteiknek, k\u00edv\u00e1ns\u00e1gaiknak \u00e9s \u00e9lethelyzet\u00fcknek megfelel\u0151 ell\u00e1t\u00e1sban r\u00e9szes\u00fcljenek<\/strong>. Az egyes ell\u00e1t\u00e1si form\u00e1k k\u00f6z\u00f6tti \u00e1tmenetek \u00edgy folyamatosan biztos\u00edtottak.<\/p>\n<p>A modell alapja a k\u00fcl\u00f6nb\u00f6z\u0151 szakm\u00e1k \u00e9s ell\u00e1t\u00e1si szintek k\u00f6z\u00f6tti szoros egy\u00fcttm\u0171k\u00f6d\u00e9s, amely lehet\u0151v\u00e9 teszi a betegutak \u00e1tgondoltabb szervez\u00e9s\u00e9t \u00e9s az int\u00e9zm\u00e9nyi ell\u00e1t\u00e1sb\u00f3l kiker\u00fcl\u0151 betegek megfelel\u0151 t\u00e1mogat\u00e1s\u00e1t az otthoni ell\u00e1t\u00e1s sor\u00e1n.<\/p>\n<h3>Szakmai \u00e9s t\u00e1rsadalmi c\u00e9lkit\u0171z\u00e9seink<\/h3>\n<h5>1. Szem\u00e9lyre szabott, integr\u00e1lt ell\u00e1t\u00e1s<\/h5>\n<p>F\u0151 c\u00e9lunk, hogy <strong>minden gyermek az aktu\u00e1lis \u00e1llapot\u00e1nak, sz\u00fcks\u00e9gleteinek \u00e9s a csal\u00e1d k\u00edv\u00e1ns\u00e1gainak megfelel\u0151 ell\u00e1t\u00e1s<\/strong>t kapja. Az integr\u00e1lt modell l\u00e9nyege a rugalmass\u00e1g: biztos\u00edtjuk a z\u00f6kken\u0151mentes \u00e1tmenetet a k\u00f3rh\u00e1zi oszt\u00e1lyok \u00e9s az otthoni \u00e1pol\u00e1s k\u00f6z\u00f6tt, racionaliz\u00e1lva a betegutakat, hogy a csal\u00e1d ott lehessen, ahol a legnagyobb biztons\u00e1gban \u00e9rzi mag\u00e1t.<\/p>\n<h5>2. Biztons\u00e1gos \u00e9s prec\u00edz t\u00fcneti kontroll<\/h5>\n<p>Munk\u00e1nkat <strong>szigor\u00fa szakmai ir\u00e1nyelvek<\/strong> \u00e9s <strong>t\u00e9nyeken alapul\u00f3 orvosl\u00e1s<\/strong> vez\u00e9rli. Ez nemcsak a betegek, de az ell\u00e1t\u00f3k biztons\u00e1g\u00e1t is garant\u00e1lja \u2013 a f\u00e1jdalomcsillap\u00edt\u00e1st\u00f3l kezdve a legnehezebb t\u00fcnetek kezel\u00e9s\u00e9ig.<\/p>\n<h5>3. H\u00edd a szakm\u00e1k \u00e9s az ell\u00e1t\u00e1si form\u00e1k k\u00f6z\u00f6tt<\/h5>\n<p>Szoros kommunik\u00e1ci\u00f3t \u00e9p\u00edt\u00fcnk ki a k\u00fcl\u00f6nb\u00f6z\u0151 orvosi csapatok \u00e9s ell\u00e1t\u00e1si szintek k\u00f6z\u00f6tt. Mert a gyermek ell\u00e1t\u00e1sa nem \u00e9rhet v\u00e9get a k\u00f3rh\u00e1z kapuj\u00e1ban.<\/p>\n<h5>4. \u00c9rz\u00e9keny\u00edt\u00e9s \u00e9s t\u00e1rsadalmi felel\u0151ss\u00e9g<\/h5>\n<p>K\u00fcldet\u00e9s\u00fcnk r\u00e9sze a <strong>t\u00e1rsadalom \u00e9rz\u00e9keny\u00edt\u00e9se<\/strong> \u00e9s a <strong>s\u00falyosan terhelt csal\u00e1dok sors\u00e1nak megismertet\u00e9se<\/strong>. Dolgozunk ezen ell\u00e1t\u00e1si forma t\u00e1rsadalmi \u00e9s d\u00f6nt\u00e9shoz\u00f3i szint\u0171 elfogadtat\u00e1s\u00e1n, hogy a PPC ne margin\u00e1lis szakter\u00fclet legyen, hanem a magyar eg\u00e9szs\u00e9g\u00fcgy fenntarthat\u00f3 \u00e9s term\u00e9szetes r\u00e9sze.<\/p>\n<h5>5. Kutat\u00e1s \u00e9s folyamatos fejleszt\u00e9s<\/h5>\n<p>Egyetemi egys\u00e9gk\u00e9nt alapvet\u0151 c\u00e9lunk az ell\u00e1t\u00e1sfejleszt\u00e9s \u00e9rdek\u00e9ben v\u00e9gzett kutat\u00f3- \u00e9s szervez\u0151munka. Folyamatosan elemezz\u00fck \u00e9s fejlesztj\u00fck m\u00f3dszereinket, hogy a hozz\u00e1nk ker\u00fcl\u0151 gyermekek mindig a legkorszer\u0171bb ell\u00e1t\u00e1st kaphass\u00e1k.<\/p>\n","protected":false},"excerpt":{"rendered":"<p>M\u00e9lt\u00f3s\u00e1g \u00e9s integr\u00e1lt szak\u00e9rtelem \u2013 ez a mi k\u00fcldet\u00e9s\u00fcnk Hisz\u00fcnk abban, hogy egy s\u00falyosan beteg gyermeknek nem csup\u00e1n orvosi kezel\u00e9sre van sz\u00fcks\u00e9ge \u2013 hanem egy eg\u00e9sz rendszerre, amely k\u00f6r\u00fclveszi \u00e9s megtartja \u0151t \u00e9s a csal\u00e1dj\u00e1t. Programunk a <a href=\"https:\/\/svajcialap.hu\/\" target=\"_blank\" rel=\"noopener\">Sv\u00e1jci\u2013Magyar Egy\u00fcttm\u0171k\u00f6d\u00e9si Program<\/a> II. id\u0151szak\u00e1nak t\u00e1mogat\u00e1s\u00e1val val\u00f3sult meg, azzal a c\u00e9llal, hogy egy integr\u00e1lt palliat\u00edv ell\u00e1t\u00e1si egys\u00e9get hozzunk l\u00e9tre \u2013 ahol &hellip;<\/p>\n","protected":false},"author":102391,"featured_media":0,"parent":6,"menu_order":1,"comment_status":"closed","ping_status":"closed","template":"","meta":{"_acf_changed":false,"footnotes":""},"categories":[],"tags":[],"class_list":["post-34","page","type-page","status-publish","hentry"],"acf":[],"_links":{"self":[{"href":"https:\/\/semmelweis.hu\/palliativgyermek\/wp-json\/wp\/v2\/pages\/34","targetHints":{"allow":["GET"]}}],"collection":[{"href":"https:\/\/semmelweis.hu\/palliativgyermek\/wp-json\/wp\/v2\/pages"}],"about":[{"href":"https:\/\/semmelweis.hu\/palliativgyermek\/wp-json\/wp\/v2\/types\/page"}],"author":[{"embeddable":true,"href":"https:\/\/semmelweis.hu\/palliativgyermek\/wp-json\/wp\/v2\/users\/102391"}],"replies":[{"embeddable":true,"href":"https:\/\/semmelweis.hu\/palliativgyermek\/wp-json\/wp\/v2\/comments?post=34"}],"version-history":[{"count":8,"href":"https:\/\/semmelweis.hu\/palliativgyermek\/wp-json\/wp\/v2\/pages\/34\/revisions"}],"predecessor-version":[{"id":89,"href":"https:\/\/semmelweis.hu\/palliativgyermek\/wp-json\/wp\/v2\/pages\/34\/revisions\/89"}],"up":[{"embeddable":true,"href":"https:\/\/semmelweis.hu\/palliativgyermek\/wp-json\/wp\/v2\/pages\/6"}],"wp:attachment":[{"href":"https:\/\/semmelweis.hu\/palliativgyermek\/wp-json\/wp\/v2\/media?parent=34"}],"wp:term":[{"taxonomy":"category","embeddable":true,"href":"https:\/\/semmelweis.hu\/palliativgyermek\/wp-json\/wp\/v2\/categories?post=34"},{"taxonomy":"post_tag","embeddable":true,"href":"https:\/\/semmelweis.hu\/palliativgyermek\/wp-json\/wp\/v2\/tags?post=34"}],"curies":[{"name":"wp","href":"https:\/\/api.w.org\/{rel}","templated":true}]}}