{"id":169,"date":"2026-03-13T11:15:49","date_gmt":"2026-03-13T10:15:49","guid":{"rendered":"https:\/\/semmelweis.hu\/palliativgyermek\/?page_id=169"},"modified":"2026-03-13T11:15:49","modified_gmt":"2026-03-13T10:15:49","slug":"onkologiai-ppc","status":"publish","type":"page","link":"https:\/\/semmelweis.hu\/palliativgyermek\/csaladoknak\/onkologiai-ppc\/","title":{"rendered":"Onkol\u00f3giai PPC"},"content":{"rendered":"<p>A gyermekgy\u00f3gy\u00e1szati palliat\u00edv ell\u00e1t\u00e1s (PPC) az onkol\u00f3gi\u00e1ban \u00e1tfog\u00f3, multidiszciplin\u00e1ris t\u00e1mogat\u00e1st ny\u00fajt a r\u00e1kos gyermekeknek \u00e9s csal\u00e1djaiknak, \u00f6sszpontos\u00edtva az \u00e9letmin\u0151s\u00e9g jav\u00edt\u00e1s\u00e1ra, a t\u00fcnetek kezel\u00e9s\u00e9re, valamint \u00e9rzelmi\/lelki t\u00e1mogat\u00e1s ny\u00fajt\u00e1s\u00e1ra a diagn\u00f3zist\u00f3l a kezel\u00e9sen \u00e1t a gy\u00f3gyul\u00e1sig vagy a v\u00e9gs\u0151 st\u00e1diumig \u00e9s a gy\u00e1szid\u0151szakig. <\/p>\n<h3>A gyermekgy\u00f3gy\u00e1szati palliat\u00edv onkol\u00f3gia legfontosabb szempontjai<\/h3>\n<p><strong>Integr\u00e1lt megk\u00f6zel\u00edt\u00e9s:<\/strong> a PPC korai integr\u00e1l\u00e1sa a gy\u00f3gy\u00edt\u00f3 c\u00e9l\u00fa kezel\u00e9ssel jav\u00edtja a t\u00fcnetek kezel\u00e9s\u00e9t \u00e9s az \u00e9letmin\u0151s\u00e9get.<\/p>\n<p><strong>\u00c1tfog\u00f3 ell\u00e1t\u00e1s:<\/strong> a gyermek, a sz\u00fcl\u0151k \u00e9s a testv\u00e9rek fizikai, pszichol\u00f3giai, szoci\u00e1lis \u00e9s lelki ig\u00e9nyeinek kiel\u00e9g\u00edt\u00e9se.<\/p>\n<p><strong>Multidiszciplin\u00e1ris csapatok:<\/strong> onkol\u00f3gusok, \u00e1pol\u00f3k, szoci\u00e1lis munk\u00e1sok \u00e9s palliat\u00edv szakemberek egy\u00fcttm\u0171k\u00f6d\u00e9se.<\/p>\n<p><strong>T\u00e1mogat\u00f3 szolg\u00e1ltat\u00e1sok:<\/strong> mag\u00e1ban foglalja a t\u00fcnetek kezel\u00e9s\u00e9t (f\u00e1jdalom, f\u00e1radts\u00e1g), a fejlett ell\u00e1t\u00e1s tervez\u00e9s\u00e9t, a pszichoszoci\u00e1lis t\u00e1mogat\u00e1st \u00e9s a gy\u00e1szkezel\u00e9st.<\/p>\n<h3>A korai bevezet\u00e9s el\u0151nyei<\/h3>\n<p><strong>Jobb \u00e9letmin\u0151s\u00e9g:<\/strong> a f\u00e1jdalom \u00e9s m\u00e1s t\u00fcnetek jobb kezel\u00e9se.<\/p>\n<p><strong>Jobb kommunik\u00e1ci\u00f3:<\/strong> el\u0151seg\u00edti a bizalom kialakul\u00e1s\u00e1t \u00e9s seg\u00edt a csal\u00e1doknak megalapozott d\u00f6nt\u00e9seket hozni.<\/p>\n<p><strong>Holisztikus t\u00e1mogat\u00e1s:<\/strong> nem csak a beteg, hanem az eg\u00e9sz csal\u00e1d ig\u00e9nyeire figyel.<\/p>\n","protected":false},"excerpt":{"rendered":"<p>A gyermekgy\u00f3gy\u00e1szati palliat\u00edv ell\u00e1t\u00e1s (PPC) az onkol\u00f3gi\u00e1ban \u00e1tfog\u00f3, multidiszciplin\u00e1ris t\u00e1mogat\u00e1st ny\u00fajt a r\u00e1kos gyermekeknek \u00e9s csal\u00e1djaiknak, \u00f6sszpontos\u00edtva az \u00e9letmin\u0151s\u00e9g jav\u00edt\u00e1s\u00e1ra, a t\u00fcnetek kezel\u00e9s\u00e9re, valamint \u00e9rzelmi\/lelki t\u00e1mogat\u00e1s ny\u00fajt\u00e1s\u00e1ra a diagn\u00f3zist\u00f3l a kezel\u00e9sen \u00e1t a gy\u00f3gyul\u00e1sig vagy a v\u00e9gs\u0151 st\u00e1diumig \u00e9s a gy\u00e1szid\u0151szakig. A gyermekgy\u00f3gy\u00e1szati palliat\u00edv onkol\u00f3gia legfontosabb szempontjai Integr\u00e1lt megk\u00f6zel\u00edt\u00e9s: a PPC korai integr\u00e1l\u00e1sa a gy\u00f3gy\u00edt\u00f3 &hellip;<\/p>\n","protected":false},"author":102391,"featured_media":0,"parent":77,"menu_order":2,"comment_status":"closed","ping_status":"closed","template":"","meta":{"_acf_changed":false,"footnotes":""},"categories":[],"tags":[],"class_list":["post-169","page","type-page","status-publish","hentry"],"acf":[],"_links":{"self":[{"href":"https:\/\/semmelweis.hu\/palliativgyermek\/wp-json\/wp\/v2\/pages\/169","targetHints":{"allow":["GET"]}}],"collection":[{"href":"https:\/\/semmelweis.hu\/palliativgyermek\/wp-json\/wp\/v2\/pages"}],"about":[{"href":"https:\/\/semmelweis.hu\/palliativgyermek\/wp-json\/wp\/v2\/types\/page"}],"author":[{"embeddable":true,"href":"https:\/\/semmelweis.hu\/palliativgyermek\/wp-json\/wp\/v2\/users\/102391"}],"replies":[{"embeddable":true,"href":"https:\/\/semmelweis.hu\/palliativgyermek\/wp-json\/wp\/v2\/comments?post=169"}],"version-history":[{"count":2,"href":"https:\/\/semmelweis.hu\/palliativgyermek\/wp-json\/wp\/v2\/pages\/169\/revisions"}],"predecessor-version":[{"id":171,"href":"https:\/\/semmelweis.hu\/palliativgyermek\/wp-json\/wp\/v2\/pages\/169\/revisions\/171"}],"up":[{"embeddable":true,"href":"https:\/\/semmelweis.hu\/palliativgyermek\/wp-json\/wp\/v2\/pages\/77"}],"wp:attachment":[{"href":"https:\/\/semmelweis.hu\/palliativgyermek\/wp-json\/wp\/v2\/media?parent=169"}],"wp:term":[{"taxonomy":"category","embeddable":true,"href":"https:\/\/semmelweis.hu\/palliativgyermek\/wp-json\/wp\/v2\/categories?post=169"},{"taxonomy":"post_tag","embeddable":true,"href":"https:\/\/semmelweis.hu\/palliativgyermek\/wp-json\/wp\/v2\/tags?post=169"}],"curies":[{"name":"wp","href":"https:\/\/api.w.org\/{rel}","templated":true}]}}