{"id":164,"date":"2026-03-13T11:10:25","date_gmt":"2026-03-13T10:10:25","guid":{"rendered":"https:\/\/semmelweis.hu\/palliativgyermek\/?page_id=164"},"modified":"2026-03-13T11:12:20","modified_gmt":"2026-03-13T10:12:20","slug":"neurologiai-ppc","status":"publish","type":"page","link":"https:\/\/semmelweis.hu\/palliativgyermek\/csaladoknak\/neurologiai-ppc\/","title":{"rendered":"Neurol\u00f3giai PPC"},"content":{"rendered":"<p>A gyermekgy\u00f3gy\u00e1szati palliat\u00edv ell\u00e1t\u00e1s a neurol\u00f3gi\u00e1ban speci\u00e1lis, holisztikus ell\u00e1t\u00e1s s\u00falyos, gyakran \u00e9letkorl\u00e1toz\u00f3 neurol\u00f3giai \u00e1llapotban (pl. degenerat\u00edv betegs\u00e9gek, s\u00falyos agyi s\u00e9r\u00fcl\u00e9sek) szenved\u0151 gyermekek sz\u00e1m\u00e1ra. K\u00f6z\u00e9ppontj\u00e1ban az \u00e9letmin\u0151s\u00e9g jav\u00edt\u00e1sa \u00e9s a csal\u00e1dok t\u00e1mogat\u00e1sa \u00e1ll m\u00e1r a diagn\u00f3zis fel\u00e1ll\u00edt\u00e1s\u00e1t\u00f3l kezdve. Ez mag\u00e1ban foglalja olyan komplex t\u00fcnetek kezel\u00e9s\u00e9t, mint a t\u00falzott idegi ingerl\u00e9kenys\u00e9g, a spaszticit\u00e1s \u00e9s a f\u00e1jdalom, mik\u00f6zben el\u0151seg\u00edti a k\u00f6z\u00f6s d\u00f6nt\u00e9shozatalt, az el\u0151re tervezett ell\u00e1t\u00e1st \u00e9s pszichoszoci\u00e1lis t\u00e1mogat\u00e1st ny\u00fajt.<\/p>\n<p><strong>C\u00e9lcsoport:<\/strong> progressz\u00edv neurodegenerat\u00edv betegs\u00e9gben, s\u00falyos agyi b\u00e9nul\u00e1sban, s\u00falyos traum\u00e1s agys\u00e9r\u00fcl\u00e9sben vagy epilepszi\u00e1ban szenved\u0151 gyermekek.<\/p>\n<p><strong>F\u0151bb t\u00fcnetek:<\/strong> a kezel\u00e9s a f\u00e1jdalomra (szomatikus \u00e9s neurop\u00e1ti\u00e1s), a neuro-irritabilit\u00e1sra (vigasztalhatatlan s\u00edr\u00e1s, \u00edvel\u00e9s), a spaszticit\u00e1sra, a dysphagi\u00e1ra \u00e9s a rohamok kontrollj\u00e1ra \u00f6sszpontos\u00edt.<\/p>\n<p><strong>Kommunik\u00e1ci\u00f3 \u00e9s t\u00e1mogat\u00e1s:<\/strong> a legfontosabb k\u00e9szs\u00e9gek k\u00f6z\u00e9 tartozik a neh\u00e9z besz\u00e9lget\u00e9sek megk\u00f6nny\u00edt\u00e9se, az etikai dilemm\u00e1k kezel\u00e9se (pl. az \u00e9letfenntart\u00f3 technol\u00f3gia visszavon\u00e1sa) \u00e9s a csal\u00e1dok gy\u00e1szban val\u00f3 t\u00e1mogat\u00e1sa.<\/p>\n<p><strong>El\u0151ny\u00f6k:<\/strong> a korai, integr\u00e1lt palliat\u00edv ell\u00e1t\u00e1s jav\u00edtja az \u00e9letmin\u0151s\u00e9get, cs\u00f6kkenti a gondoz\u00f3k stressz\u00e9t \u00e9s seg\u00edt a csal\u00e1doknak a komplex ell\u00e1t\u00e1si d\u00f6nt\u00e9sek meghozatal\u00e1ban.<\/p>\n","protected":false},"excerpt":{"rendered":"<p>A gyermekgy\u00f3gy\u00e1szati palliat\u00edv ell\u00e1t\u00e1s a neurol\u00f3gi\u00e1ban speci\u00e1lis, holisztikus ell\u00e1t\u00e1s s\u00falyos, gyakran \u00e9letkorl\u00e1toz\u00f3 neurol\u00f3giai \u00e1llapotban (pl. degenerat\u00edv betegs\u00e9gek, s\u00falyos agyi s\u00e9r\u00fcl\u00e9sek) szenved\u0151 gyermekek sz\u00e1m\u00e1ra. K\u00f6z\u00e9ppontj\u00e1ban az \u00e9letmin\u0151s\u00e9g jav\u00edt\u00e1sa \u00e9s a csal\u00e1dok t\u00e1mogat\u00e1sa \u00e1ll m\u00e1r a diagn\u00f3zis fel\u00e1ll\u00edt\u00e1s\u00e1t\u00f3l kezdve. Ez mag\u00e1ban foglalja olyan komplex t\u00fcnetek kezel\u00e9s\u00e9t, mint a t\u00falzott idegi ingerl\u00e9kenys\u00e9g, a spaszticit\u00e1s \u00e9s a f\u00e1jdalom, mik\u00f6zben &hellip;<\/p>\n","protected":false},"author":102391,"featured_media":0,"parent":77,"menu_order":1,"comment_status":"closed","ping_status":"closed","template":"","meta":{"_acf_changed":false,"footnotes":""},"categories":[],"tags":[],"class_list":["post-164","page","type-page","status-publish","hentry"],"acf":[],"_links":{"self":[{"href":"https:\/\/semmelweis.hu\/palliativgyermek\/wp-json\/wp\/v2\/pages\/164","targetHints":{"allow":["GET"]}}],"collection":[{"href":"https:\/\/semmelweis.hu\/palliativgyermek\/wp-json\/wp\/v2\/pages"}],"about":[{"href":"https:\/\/semmelweis.hu\/palliativgyermek\/wp-json\/wp\/v2\/types\/page"}],"author":[{"embeddable":true,"href":"https:\/\/semmelweis.hu\/palliativgyermek\/wp-json\/wp\/v2\/users\/102391"}],"replies":[{"embeddable":true,"href":"https:\/\/semmelweis.hu\/palliativgyermek\/wp-json\/wp\/v2\/comments?post=164"}],"version-history":[{"count":3,"href":"https:\/\/semmelweis.hu\/palliativgyermek\/wp-json\/wp\/v2\/pages\/164\/revisions"}],"predecessor-version":[{"id":168,"href":"https:\/\/semmelweis.hu\/palliativgyermek\/wp-json\/wp\/v2\/pages\/164\/revisions\/168"}],"up":[{"embeddable":true,"href":"https:\/\/semmelweis.hu\/palliativgyermek\/wp-json\/wp\/v2\/pages\/77"}],"wp:attachment":[{"href":"https:\/\/semmelweis.hu\/palliativgyermek\/wp-json\/wp\/v2\/media?parent=164"}],"wp:term":[{"taxonomy":"category","embeddable":true,"href":"https:\/\/semmelweis.hu\/palliativgyermek\/wp-json\/wp\/v2\/categories?post=164"},{"taxonomy":"post_tag","embeddable":true,"href":"https:\/\/semmelweis.hu\/palliativgyermek\/wp-json\/wp\/v2\/tags?post=164"}],"curies":[{"name":"wp","href":"https:\/\/api.w.org\/{rel}","templated":true}]}}