{"id":162,"date":"2026-03-13T11:04:53","date_gmt":"2026-03-13T10:04:53","guid":{"rendered":"https:\/\/semmelweis.hu\/palliativgyermek\/?page_id=162"},"modified":"2026-03-13T11:04:53","modified_gmt":"2026-03-13T10:04:53","slug":"neonatalis-ppc","status":"publish","type":"page","link":"https:\/\/semmelweis.hu\/palliativgyermek\/csaladoknak\/neonatalis-ppc\/","title":{"rendered":"Neonat\u00e1lis PPC"},"content":{"rendered":"<p>A neonat\u00e1lis ( \u00fajsz\u00fcl\u00f6ttkori) \u00e9s a perinat\u00e1lis (sz\u00fclet\u00e9s k\u00f6rny\u00e9ki) palliat\u00edv ell\u00e1t\u00e1s a legkisebbek \u00e9s csal\u00e1djaik sz\u00e1m\u00e1ra ny\u00fajtott holisztikus, multidiszciplin\u00e1ris ell\u00e1t\u00e1s. \u00c9letkorl\u00e1toz\u00f3 \u00e1llapotok sz\u00fcl\u00e9s el\u0151tti vagy ut\u00e1ni diagn\u00f3zis\u00e1t k\u00f6vet\u0151en biztos\u00edt integr\u00e1lt, folyamatos t\u00e1mogat\u00e1st mind a terhess\u00e9g \u00e9s a sz\u00fcl\u00e9s, valamint a sz\u00fcl\u00e9s ut\u00e1ni ell\u00e1t\u00e1s sor\u00e1n. Adott esetben a gy\u00e1szol\u00f3knak is folyamatos t\u00e1mogat\u00e1st ny\u00fajt.<\/p>\n<p>Az ell\u00e1t\u00e1s folyamatos konzult\u00e1ci\u00f3kkal, ell\u00e1t\u00e1stervez\u00e9ssel, \u00e1llapotelemz\u00e9ssel ad lehet\u0151s\u00e9get a beteg kisgyermek \u00e9s a csal\u00e1d sz\u00e1m\u00e1ra optim\u00e1lis, szem\u00e9lyre szabott \u00e9s komfortos ell\u00e1t\u00e1s biztos\u00edt\u00e1s\u00e1hoz.<\/p>\n","protected":false},"excerpt":{"rendered":"<p>A neonat\u00e1lis ( \u00fajsz\u00fcl\u00f6ttkori) \u00e9s a perinat\u00e1lis (sz\u00fclet\u00e9s k\u00f6rny\u00e9ki) palliat\u00edv ell\u00e1t\u00e1s a legkisebbek \u00e9s csal\u00e1djaik sz\u00e1m\u00e1ra ny\u00fajtott holisztikus, multidiszciplin\u00e1ris ell\u00e1t\u00e1s. \u00c9letkorl\u00e1toz\u00f3 \u00e1llapotok sz\u00fcl\u00e9s el\u0151tti vagy ut\u00e1ni diagn\u00f3zis\u00e1t k\u00f6vet\u0151en biztos\u00edt integr\u00e1lt, folyamatos t\u00e1mogat\u00e1st mind a terhess\u00e9g \u00e9s a sz\u00fcl\u00e9s, valamint a sz\u00fcl\u00e9s ut\u00e1ni ell\u00e1t\u00e1s sor\u00e1n. Adott esetben a gy\u00e1szol\u00f3knak is folyamatos t\u00e1mogat\u00e1st ny\u00fajt. Az ell\u00e1t\u00e1s folyamatos &hellip;<\/p>\n","protected":false},"author":102391,"featured_media":0,"parent":77,"menu_order":0,"comment_status":"closed","ping_status":"closed","template":"","meta":{"_acf_changed":false,"footnotes":""},"categories":[],"tags":[],"class_list":["post-162","page","type-page","status-publish","hentry"],"acf":[],"_links":{"self":[{"href":"https:\/\/semmelweis.hu\/palliativgyermek\/wp-json\/wp\/v2\/pages\/162","targetHints":{"allow":["GET"]}}],"collection":[{"href":"https:\/\/semmelweis.hu\/palliativgyermek\/wp-json\/wp\/v2\/pages"}],"about":[{"href":"https:\/\/semmelweis.hu\/palliativgyermek\/wp-json\/wp\/v2\/types\/page"}],"author":[{"embeddable":true,"href":"https:\/\/semmelweis.hu\/palliativgyermek\/wp-json\/wp\/v2\/users\/102391"}],"replies":[{"embeddable":true,"href":"https:\/\/semmelweis.hu\/palliativgyermek\/wp-json\/wp\/v2\/comments?post=162"}],"version-history":[{"count":1,"href":"https:\/\/semmelweis.hu\/palliativgyermek\/wp-json\/wp\/v2\/pages\/162\/revisions"}],"predecessor-version":[{"id":163,"href":"https:\/\/semmelweis.hu\/palliativgyermek\/wp-json\/wp\/v2\/pages\/162\/revisions\/163"}],"up":[{"embeddable":true,"href":"https:\/\/semmelweis.hu\/palliativgyermek\/wp-json\/wp\/v2\/pages\/77"}],"wp:attachment":[{"href":"https:\/\/semmelweis.hu\/palliativgyermek\/wp-json\/wp\/v2\/media?parent=162"}],"wp:term":[{"taxonomy":"category","embeddable":true,"href":"https:\/\/semmelweis.hu\/palliativgyermek\/wp-json\/wp\/v2\/categories?post=162"},{"taxonomy":"post_tag","embeddable":true,"href":"https:\/\/semmelweis.hu\/palliativgyermek\/wp-json\/wp\/v2\/tags?post=162"}],"curies":[{"name":"wp","href":"https:\/\/api.w.org\/{rel}","templated":true}]}}