{"id":107,"date":"2026-03-11T15:17:56","date_gmt":"2026-03-11T14:17:56","guid":{"rendered":"https:\/\/semmelweis.hu\/palliativgyermek\/?page_id=107"},"modified":"2026-03-13T11:05:47","modified_gmt":"2026-03-13T10:05:47","slug":"csaladi-segedletek","status":"publish","type":"page","link":"https:\/\/semmelweis.hu\/palliativgyermek\/csaladoknak\/csaladi-segedletek\/","title":{"rendered":"Csal\u00e1di seg\u00e9dletek (Megb\u00edzhat\u00f3 k\u00fcls\u0151 forr\u00e1sok)"},"content":{"rendered":"<h3>T\u00e1j\u00e9koz\u00f3d\u00e1s \u00e9s biztons\u00e1g a mindennapokban<\/h3>\n<p>Egy s\u00falyosan beteg gyermek ell\u00e1t\u00e1sa sor\u00e1n a csal\u00e1dok rengeteg inform\u00e1ci\u00f3val tal\u00e1lkoznak, amelyek sokszor ellentmond\u00e1sosak vagy ijeszt\u0151ek lehetnek. Ezen az oldalon olyan <strong>hiteles szakmai forr\u00e1sokat, kiadv\u00e1nyokat \u00e9s szervezeteket<\/strong> gy\u0171jt\u00f6tt\u00fcnk \u00f6ssze, amelyek val\u00f3di seg\u00edts\u00e9get ny\u00fajtanak.<\/p>\n<h5>Hamarosan \u00e9rkezik<\/h5>\n<p>R\u00e9szleg\u00fcnk szakemberei jelenleg is dolgoznak saj\u00e1t gy\u00e1rt\u00e1s\u00fa, gyakorlatias oktat\u00f3vide\u00f3inkon \u00e9s t\u00e1j\u00e9koztat\u00f3 f\u00fczeteinken, amelyek kifejezetten a n\u00e1lunk kezelt csal\u00e1dok ig\u00e9nyeire szabva mutatj\u00e1k be a legfontosabb \u00e1pol\u00e1si fog\u00e1sokat \u00e9s lelki kapaszkod\u00f3kat.<\/p>\n<h3>Megb\u00edzhat\u00f3 szakmai szervezetek<\/h3>\n<p><a href=\"https:\/\/hospice.hu\/hu\/\" target=\"_blank\" rel=\"noopener\"><strong>Magyar Hospice-Palliat\u00edv Egyes\u00fclet:<\/strong><\/a> A hazai ell\u00e1t\u00f3rendszer \u00e9s szakmai ir\u00e1nyelvek k\u00f6zpontja.<\/p>\n<p><strong><a href=\"https:\/\/tabitha.hu\/\" target=\"_blank\" rel=\"noopener\">T\u00e1bitha H\u00e1z:<\/a><\/strong> Gyermekhospice \u00e9s mentes\u00edt\u0151 szolg\u00e1ltat\u00e1sok, sz\u00fcl\u0151i eduk\u00e1ci\u00f3s anyagok.<\/p>\n<p><strong><a href=\"https:\/\/www.togetherforshortlives.org.uk\/\" target=\"_blank\" rel=\"noopener\">Together for Short Lives<\/a> (nemzetk\u00f6zi):<\/strong> A vil\u00e1g egyik vezet\u0151 PPC szervezete, kiv\u00e1l\u00f3 angol nyelv\u0171 \u00fatmutat\u00f3kkal.<\/p>\n","protected":false},"excerpt":{"rendered":"<p>T\u00e1j\u00e9koz\u00f3d\u00e1s \u00e9s biztons\u00e1g a mindennapokban Egy s\u00falyosan beteg gyermek ell\u00e1t\u00e1sa sor\u00e1n a csal\u00e1dok rengeteg inform\u00e1ci\u00f3val tal\u00e1lkoznak, amelyek sokszor ellentmond\u00e1sosak vagy ijeszt\u0151ek lehetnek. Ezen az oldalon olyan hiteles szakmai forr\u00e1sokat, kiadv\u00e1nyokat \u00e9s szervezeteket gy\u0171jt\u00f6tt\u00fcnk \u00f6ssze, amelyek val\u00f3di seg\u00edts\u00e9get ny\u00fajtanak. Hamarosan \u00e9rkezik R\u00e9szleg\u00fcnk szakemberei jelenleg is dolgoznak saj\u00e1t gy\u00e1rt\u00e1s\u00fa, gyakorlatias oktat\u00f3vide\u00f3inkon \u00e9s t\u00e1j\u00e9koztat\u00f3 f\u00fczeteinken, amelyek kifejezetten a &hellip;<\/p>\n","protected":false},"author":102391,"featured_media":108,"parent":77,"menu_order":3,"comment_status":"closed","ping_status":"closed","template":"","meta":{"_acf_changed":false,"footnotes":""},"categories":[],"tags":[],"class_list":["post-107","page","type-page","status-publish","has-post-thumbnail","hentry"],"acf":[],"_links":{"self":[{"href":"https:\/\/semmelweis.hu\/palliativgyermek\/wp-json\/wp\/v2\/pages\/107","targetHints":{"allow":["GET"]}}],"collection":[{"href":"https:\/\/semmelweis.hu\/palliativgyermek\/wp-json\/wp\/v2\/pages"}],"about":[{"href":"https:\/\/semmelweis.hu\/palliativgyermek\/wp-json\/wp\/v2\/types\/page"}],"author":[{"embeddable":true,"href":"https:\/\/semmelweis.hu\/palliativgyermek\/wp-json\/wp\/v2\/users\/102391"}],"replies":[{"embeddable":true,"href":"https:\/\/semmelweis.hu\/palliativgyermek\/wp-json\/wp\/v2\/comments?post=107"}],"version-history":[{"count":2,"href":"https:\/\/semmelweis.hu\/palliativgyermek\/wp-json\/wp\/v2\/pages\/107\/revisions"}],"predecessor-version":[{"id":110,"href":"https:\/\/semmelweis.hu\/palliativgyermek\/wp-json\/wp\/v2\/pages\/107\/revisions\/110"}],"up":[{"embeddable":true,"href":"https:\/\/semmelweis.hu\/palliativgyermek\/wp-json\/wp\/v2\/pages\/77"}],"wp:featuredmedia":[{"embeddable":true,"href":"https:\/\/semmelweis.hu\/palliativgyermek\/wp-json\/wp\/v2\/media\/108"}],"wp:attachment":[{"href":"https:\/\/semmelweis.hu\/palliativgyermek\/wp-json\/wp\/v2\/media?parent=107"}],"wp:term":[{"taxonomy":"category","embeddable":true,"href":"https:\/\/semmelweis.hu\/palliativgyermek\/wp-json\/wp\/v2\/categories?post=107"},{"taxonomy":"post_tag","embeddable":true,"href":"https:\/\/semmelweis.hu\/palliativgyermek\/wp-json\/wp\/v2\/tags?post=107"}],"curies":[{"name":"wp","href":"https:\/\/api.w.org\/{rel}","templated":true}]}}