{"id":76,"date":"2026-03-06T17:19:36","date_gmt":"2026-03-06T16:19:36","guid":{"rendered":"https:\/\/semmelweis.hu\/palliativfelnott\/?page_id=76"},"modified":"2026-03-20T14:21:26","modified_gmt":"2026-03-20T13:21:26","slug":"gyik","status":"publish","type":"page","link":"https:\/\/semmelweis.hu\/palliativfelnott\/gyik\/","title":{"rendered":"GYIK"},"content":{"rendered":"<h1 class=\"x_elementToProof\" data-olk-copy-source=\"MessageBody\">Ki k\u00e9rhet konz\u00edliumot a palliat\u00edv mobil teammel?\u00a0<\/h1>\n<div class=\"x_elementToProof\">Ak\u00e1r saj\u00e1t hat\u00e1sk\u00f6r\u00e9ben, ak\u00e1r a beteg vagy csal\u00e1d k\u00e9r\u00e9s\u00e9re b\u00e1rmelyik fekv\u0151beteg ell\u00e1t\u00e1sban dolgoz\u00f3 orvos a Semmelweis Egyetem \u00f6t al\u00e1bbi kijel\u00f6lt klinik\u00e1j\u00e1r\u00f3l:<\/div>\n<ul>\n<li class=\"x_elementToProof\">Belgy\u00f3gy\u00e1szati \u00e9s Onkol\u00f3giai Klinika,<\/li>\n<li class=\"x_elementToProof\">Belgy\u00f3gy\u00e1szati \u00e9s Hematol\u00f3giai Klinika,<\/li>\n<li>Pulmonol\u00f3giai Klinika,<\/li>\n<li>Urol\u00f3giai Klinika,<\/li>\n<li>Seb\u00e9szeti, Transzplant\u00e1ci\u00f3s \u00e9s Gasztroenterol\u00f3giai Klinika.<\/li>\n<\/ul>\n<div class=\"x_elementToProof\">A MedSol rendszerben a\u00a0BHPMKONZ (gyorsk\u00f3d: PMT) be\u00fct\u00e9s\u00e9vel a adhat\u00f3 fel a konz\u00edliumk\u00e9r\u00e9s a csoportunk fel\u00e9.\u00a0<\/div>\n<div>\u00a0<\/div>\n<div>A k\u00f6vetkez\u0151 esetekben gondoljon r\u00e1nk:<\/div>\n<div>\u00a0<\/div>\n<div>\n<ul>\n<li>S\u00falyos, nehezen uralhat\u00f3 fizikai t\u00fcnetek\n<ul>\n<li>p\u00e9ld\u00e1ul 10-es sk\u00e1l\u00e1n 7-10-es er\u0151ss\u00e9g\u0171 f\u00e1jdalom,<\/li>\n<li>l\u00e9gszomj,<\/li>\n<li>anorexia, anorexia-cachexia syndoma (CACS)<\/li>\n<li>\u00e1ltal\u00e1nos gyenges\u00e9g,<\/li>\n<li>sz\u00e9kreked\u00e9s,<\/li>\n<li>jelent\u0151s, a tests\u00faly t\u00f6bb mint -10%-\u00e1t meghalad\u00f3 fogy\u00e1s<\/li>\n<li>csillap\u00edthatatlan h\u00e1nyinger<\/li>\n<li>Gerincvel\u0151i har\u00e1ntlaesio vagy cauda equina szindr\u00f3ma<\/li>\n<li>Ism\u00e9telt s\u00fcrg\u0151ss\u00e9gi vagy nem tervezett k\u00f3rh\u00e1zi felv\u00e9telek az onkol\u00f3giai megbeteged\u00e9ssel kapcsolatban (3 h\u00f3napon bel\u00fcl legal\u00e1bb 2 nem\u00a0tervezett k\u00f3rh\u00e1zi felv\u00e9tel) vagy heti rendszeress\u00e9g\u0171 megjelen\u00e9s a h\u00e1ziorvosi rendel\u00e9sen.<\/li>\n<li>A beteg \u00e9s\/vagy hozz\u00e1tartoz\u00f3ja seg\u00edts\u00e9get k\u00e9r a hospice-palliat\u00edv ell\u00e1t\u00e1s megszervez\u00e9s\u00e9ben,<\/li>\n<li>A beteg seg\u00edts\u00e9get k\u00e9r az \u00e9letv\u00e9gi rendelkez\u00e9s, tervez\u00e9s elk\u00e9sz\u00edt\u00e9s\u00e9ben.<\/li>\n<li>S\u00falyos \u00e9rzelmi t\u00fcnetek:\n<ul>\n<li>depresszi\u00f3<\/li>\n<li>lehangolts\u00e1g<\/li>\n<li>szorong\u00e1s<\/li>\n<li>alv\u00e1szavar<\/li>\n<\/ul>\n<\/li>\n<li>A beteg \u00e9s\/vagy k\u00f6rnyezete nehezen dolgozza fel a betegs\u00e9g t\u00e9ny\u00e9t \u00e9s a progn\u00f3zis\u00e1t.<\/li>\n<li>A beteg hal\u00e1lv\u00e1gya, eutan\u00e1zia ir\u00e1nti ig\u00e9nye fogalmaz\u00f3dik meg.<\/li>\n<li>Nagy a komplik\u00e1lt gy\u00e1sz vesz\u00e9lye.<\/li>\n<li>Kommunik\u00e1ci\u00f3s probl\u00e9m\u00e1k, egyet nem \u00e9rt\u00e9s, bizonytalans\u00e1g van az ell\u00e1t\u00f3 eg\u00e9szs\u00e9g\u00fcgyi szem\u00e9lyzet, a beteg \u00e9s csal\u00e1dtagjai k\u00f6z\u00f6tt a ter\u00e1pi\u00e1s tervvel kapcsolatban (p\u00e9ld\u00e1ul nem fogadj\u00e1k el az akt\u00edv onkol\u00f3giai kezel\u00e9s lez\u00e1r\u00e1s\u00e1t).<\/li>\n<li>Spiritu\u00e1lis, egzisztenci\u00e1lis kr\u00edzis.<\/li>\n<\/ul>\n<\/li>\n<\/ul>\n<\/div>\n<h1 class=\"x_elementToProof\">Mikor h\u00edvja telefonoN A koordin\u00e1tort?<\/h1>\n<div>Ha a Semmelweis Egyetem el\u0151bb eml\u00edtett \u00f6t kijel\u00f6lt klinik\u00e1j\u00e1n dolgoz\u00f3 orvosk\u00e9nt egy fekv\u0151beteg\u00e9n\u00e9l azt tapasztalja, hogy <span style=\"font-size: 1rem\">az alkalmazott f\u00e1jdalomcsillap\u00edt\u00e1s mellett is csillap\u00edthatatlan f\u00e1jdalma van (VAS sk\u00e1l\u00e1n 7 feletti er\u0151ss\u00e9ggel), a konz\u00edliumfelad\u00e1s ut\u00e1n k\u00f6zvetlen\u00fcl s\u00fcrg\u0151ss\u00e9gi telefonh\u00edv\u00e1ssal keresse a koordin\u00e1torunkat.\u00a0<\/span><\/div>\n","protected":false},"excerpt":{"rendered":"<p>Ki k\u00e9rhet konz\u00edliumot a palliat\u00edv mobil teammel?\u00a0 Ak\u00e1r saj\u00e1t hat\u00e1sk\u00f6r\u00e9ben, ak\u00e1r a beteg vagy csal\u00e1d k\u00e9r\u00e9s\u00e9re b\u00e1rmelyik fekv\u0151beteg ell\u00e1t\u00e1sban dolgoz\u00f3 orvos a Semmelweis Egyetem \u00f6t al\u00e1bbi kijel\u00f6lt klinik\u00e1j\u00e1r\u00f3l: Belgy\u00f3gy\u00e1szati \u00e9s Onkol\u00f3giai Klinika, Belgy\u00f3gy\u00e1szati \u00e9s Hematol\u00f3giai Klinika, Pulmonol\u00f3giai Klinika, Urol\u00f3giai Klinika, Seb\u00e9szeti, Transzplant\u00e1ci\u00f3s \u00e9s Gasztroenterol\u00f3giai Klinika. A MedSol rendszerben a\u00a0BHPMKONZ (gyorsk\u00f3d: PMT) be\u00fct\u00e9s\u00e9vel a adhat\u00f3 fel &hellip;<\/p>\n","protected":false},"author":102606,"featured_media":0,"parent":0,"menu_order":11,"comment_status":"closed","ping_status":"closed","template":"","meta":{"_acf_changed":false,"footnotes":""},"categories":[],"tags":[],"class_list":["post-76","page","type-page","status-publish","hentry"],"acf":[],"_links":{"self":[{"href":"https:\/\/semmelweis.hu\/palliativfelnott\/wp-json\/wp\/v2\/pages\/76","targetHints":{"allow":["GET"]}}],"collection":[{"href":"https:\/\/semmelweis.hu\/palliativfelnott\/wp-json\/wp\/v2\/pages"}],"about":[{"href":"https:\/\/semmelweis.hu\/palliativfelnott\/wp-json\/wp\/v2\/types\/page"}],"author":[{"embeddable":true,"href":"https:\/\/semmelweis.hu\/palliativfelnott\/wp-json\/wp\/v2\/users\/102606"}],"replies":[{"embeddable":true,"href":"https:\/\/semmelweis.hu\/palliativfelnott\/wp-json\/wp\/v2\/comments?post=76"}],"version-history":[{"count":3,"href":"https:\/\/semmelweis.hu\/palliativfelnott\/wp-json\/wp\/v2\/pages\/76\/revisions"}],"predecessor-version":[{"id":84,"href":"https:\/\/semmelweis.hu\/palliativfelnott\/wp-json\/wp\/v2\/pages\/76\/revisions\/84"}],"wp:attachment":[{"href":"https:\/\/semmelweis.hu\/palliativfelnott\/wp-json\/wp\/v2\/media?parent=76"}],"wp:term":[{"taxonomy":"category","embeddable":true,"href":"https:\/\/semmelweis.hu\/palliativfelnott\/wp-json\/wp\/v2\/categories?post=76"},{"taxonomy":"post_tag","embeddable":true,"href":"https:\/\/semmelweis.hu\/palliativfelnott\/wp-json\/wp\/v2\/tags?post=76"}],"curies":[{"name":"wp","href":"https:\/\/api.w.org\/{rel}","templated":true}]}}