{"id":62,"date":"2026-02-25T12:16:21","date_gmt":"2026-02-25T11:16:21","guid":{"rendered":"https:\/\/semmelweis.hu\/palliativfelnott\/?page_id=62"},"modified":"2026-03-20T14:43:21","modified_gmt":"2026-03-20T13:43:21","slug":"munkatarsaink","status":"publish","type":"page","link":"https:\/\/semmelweis.hu\/palliativfelnott\/munkatarsaink\/","title":{"rendered":"Munkat\u00e1rsaink"},"content":{"rendered":"<p><strong>Klinikai onkol\u00f3gus:<\/strong> Dr. Szentm\u00e1rtoni Gy\u00f6ngyv\u00e9r<\/p>\n<p><span style=\"font-size: 14pt\"><span data-olk-copy-source=\"MessageBody\">Klinikai onkol\u00f3gus vagyok , az egyetemen dolgozom beteg\u00e1gy mellett k\u00f6zel 30 \u00e9ve. Betegell\u00e1t\u00e1s \u00e9s oktat\u00e1s mellett fokozatosan l\u00e9pve mindig el\u0151re, ma m\u00e1r az Onkol\u00f3giai Profilt vezetem. Az onkol\u00f3gia mellett a palliat\u00edv ell\u00e1t\u00e1s a mindennapok r\u00e9sze, j\u00f3magam \u00e9s Koll\u00e9g\u00e1im eddig is nagy hangs\u00falyt fektet\u00fcnk az \u00e9letmin\u0151s\u00e9g \u00e9s m\u00e9lt\u00f3s\u00e1g meg\u0151rz\u00e9s\u00e9re egy ilyen v\u00e1ltozatos \u00e9s hossz\u00fa lefoly\u00e1s\u00fa betegs\u00e9g sor\u00e1n. A Semmelweis Egyetemen jelenleg megval\u00f3sul\u00f3 programunk lehet\u0151v\u00e9 teszi, hogy egy komoly m\u00f3dszertani k\u00f6zpont j\u00f6hessen l\u00e9tre \u00e9s minden Klinik\u00e1n el\u00e9rhet\u0151v\u00e9 v\u00e1ljon az egys\u00e9ges palliat\u00edv ell\u00e1t\u00e1s a betegek \u00e9s csal\u00e1djaik seg\u00edts\u00e9g\u00e9re. <\/span><\/span><\/p>\n<p>&nbsp;<\/p>\n<p><strong>Klinikai onkol\u00f3gus, belgy\u00f3gy\u00e1sz, palliat\u00edv orvos:<\/strong> Dr. Horv\u00e1th Anna<\/p>\n<p><span style=\"font-size: 14pt\">A palliat\u00edv ell\u00e1t\u00e1s szakmai vezet\u0151je. Klinikai onkol\u00f3gus, palliat\u00edv licensz vizsg\u00e1val rendelkez\u0151 belgy\u00f3gy\u00e1sz vagyok. Szaktud\u00e1sommal a neh\u00e9z helyzetekben is mindig \u00f6r\u00f6mmel \u00e1llok az \u00f6n rendelkez\u00e9s\u00e9re.<\/span><\/p>\n<p>&nbsp;<\/p>\n<p><strong>T\u00fcd\u0151gy\u00f3gy\u00e1sz szakorvos:<\/strong>\u00a0Dr. Eszes No\u00e9mi<\/p>\n<p><span style=\"font-size: 14pt\">2007-ben szereztem \u00e1ltal\u00e1nos orvosi diplom\u00e1t a Semmelweis Egyetem \u00c1ltal\u00e1nos\u00a0Orvostudom\u00e1nyi Kar\u00e1n. Az\u00f3ta dolgozom a Semmelweis Egyetem Pulmonol\u00f3giai Klinik\u00e1j\u00e1n,\u00a0jelenleg egyetemi adjunktusk\u00e9nt. T\u00fcd\u0151gy\u00f3gy\u00e1sz szakvizsg\u00e1mat 2015-ben, allergol\u00f3giai \u00e9s\u00a0klinikai immunol\u00f3giai szakvizsg\u00e1mat 2019-ben, PhD fokozatomat pedig 2017-ben\u00a0szereztem meg, kutat\u00e1som k\u00f6z\u00e9ppontj\u00e1ban az asztm\u00e1val sz\u00f6v\u0151d\u00f6tt terhess\u00e9g l\u00e9g\u00fati \u00e9s\u00a0sziszt\u00e9m\u00e1s gyullad\u00e1sos folyamatai \u00e1lltak. Jelenleg klinikai onkol\u00f3giai szakvizsg\u00e1ra k\u00e9sz\u00fcl\u00f6k.\u00a0Akt\u00edvan r\u00e9szt veszek kutat\u00e1si projektekben, valamint a gradu\u00e1lis \u00e9s posztgradu\u00e1lis\u00a0oktat\u00e1sban angol \u00e9s magyar nyelven.<\/span><\/p>\n<p>&nbsp;<\/p>\n<p><strong>Pulmonol\u00f3gus szakorvos:<\/strong> Dr. S\u00fcdi Andr\u00e1s<\/p>\n<p><span style=\"font-size: 14pt\" data-olk-copy-source=\"MessageBody\">S\u00fcdi Andr\u00e1s vagyok, 2019-ben v\u00e9geztem a Semmelweis Egyetemen \u00e1ltal\u00e1nos orvosk\u00e9nt. Ezt k\u00f6vet\u0151en kezdtem el dolgozni a Pulmonol\u00f3giai Klinik\u00e1n, ahol f\u0151k\u00e9nt obstrukt\u00edv t\u00fcd\u0151betegs\u00e9gekkel, ill. t\u00fcd\u0151daganatos betegekkel foglalkozom a napi betegell\u00e1t\u00e1s \u00e9s kutat\u00e1s szintj\u00e9n is. Fontosnak tartom, hogy egy beteg eset\u00e9r\u0151l, ill. a rendelkez\u00e9sre \u00e1ll\u00f3 kezel\u00e9si lehet\u0151s\u00e9gekr\u0151l ne egy szem\u00e9lyben d\u00f6nts\u00fcnk. Ez igaz pl. ak\u00e1r az onkol\u00f3giai ter\u00e1pi\u00e1k, de ugyan\u00edgy a palliat\u00edv kezel\u00e9s eset\u00e9n is. Egy team munk\u00e1j\u00e1hoz k\u00fcl\u00f6nb\u00f6z\u0151 tapasztalat\u00fa \u00e9s v\u00e9gzetts\u00e9g\u0171 emberek m\u00e1s-m\u00e1s szempontb\u00f3l tudnak hozz\u00e1adni, mindenki a saj\u00e1t tapasztalat\u00e1nak megfelel\u0151en.<\/span><\/p>\n<p>&nbsp;<\/p>\n<p><strong>Orvos, Palliat\u00edv mobil team koordin\u00e1tor:<\/strong> Dr. Tihanyi Benedek<\/p>\n<p><span style=\"font-size: 14pt\">Tihanyi Benedek vagyok, a palliat\u00edv mobil team koordin\u00e1tor-orvosa, \u00e9n seg\u00edtek minden hozz\u00e1nk fordul\u00f3nak megtal\u00e1lni a csapatunkb\u00f3l azt a szakembert, akire sz\u00fcks\u00e9g van. Gyerekkorom \u00f3ta szenved\u00e9lyesen foglalkoztatnak olyan t\u00e9m\u00e1k, mint az \u00e9let \u00e9rtelmess\u00e9ge, az \u00e9let\u00f6r\u00f6m a haland\u00f3s\u00e1gunk t\u00fckr\u00e9ben, \u00e9s az \u00e9n\u00fcnk meghalad\u00e1sa a kapcsolatainkon kereszt\u00fcl. Orvosk\u00e9nt \u00e9s terapeutak\u00e9nt a seg\u00edt\u00e9sv\u00e1gy mellett c\u00e9lom, hogy betegekkel \u00e9s hozz\u00e1tartoz\u00f3ikkal egy\u00fctt keress\u00fck a v\u00e1laszokat ezekre a k\u00e9rd\u00e9sekre.\u00a0<\/span><\/p>\n<p><span style=\"font-size: 14pt\">Telefonos el\u00e9rhet\u0151s\u00e9g: +36 30 878 2825.<\/span><\/p>\n<p>&nbsp;<\/p>\n<p><strong>Pszichol\u00f3gus:<\/strong> Dr. D\u00e9sfalvi Judit<\/p>\n<p><span style=\"font-size: 14pt\">.<\/span><\/p>\n<p>&nbsp;<\/p>\n<p><strong>Dietetikus:<\/strong> Schmatz Krisztina<\/p>\n<p><span style=\"font-size: 14pt\">Schmatz Krisztina vagyok, a Semmelweis Egyetemen v\u00e9gzett diplom\u00e1s dietetikus. Szakmai tud\u00e1som legjav\u00e1val \u00e1llok rendelkez\u00e9s\u00e9re \u00e9s ny\u00fajtok tan\u00e1csad\u00e1st, empatikus t\u00e1mogat\u00e1st.<\/span><\/p>\n<p>&nbsp;<\/p>\n<p><strong>Szoci\u00e1lis csal\u00e1d t\u00e1mogat\u00e1s:<\/strong> V\u00e9gs\u0151 J\u00e1nosn\u00e9<\/p>\n<p><span style=\"font-size: 14pt\">V\u00e9gs\u0151 J\u00e1nosn\u00e9 \/ Zsuzsa, szoci\u00e1lis munk\u00e1s. Tanulm\u00e1nyaim sor\u00e1n szoci\u00e1lis munk\u00e1s \u00e9s ment\u00e1lhigi\u00e9n\u00e9s szakk\u00e9pzetts\u00e9get szereztem, \u00e9s az elm\u00falt 23 \u00e9vben a szoci\u00e1lis ter\u00fcleten dolgoztam. K\u00f3rh\u00e1zi szoci\u00e1lis munk\u00e1sk\u00e9nt k\u00f6zel 10 \u00e9ves tapasztalatom van. A k\u00e9pess\u00e9geimmel \u00e9s a tud\u00e1som alapj\u00e1n hat\u00e9konyan seg\u00edtettem eddig a betegeket. Szoci\u00e1lis munk\u00e1sk\u00e9nt b\u00e1rmilyen helyzetben \u00f6n mellett \u00e1llok. K\u00e9rje szaktud\u00e1somat, ha sz\u00fcks\u00e9ges!<\/span><\/p>\n<p>&nbsp;<\/p>\n<p><strong>Telefonos koordin\u00e1tor:<\/strong> P\u00f3cza Szilvia<\/p>\n<p><span style=\"font-size: 14pt\">P\u00f3cza Szilvia vagyok, v\u00e9gzetts\u00e9gemet tekintve szak\u00e1pol\u00f3, szoci\u00e1lpedag\u00f3gus. Telefonos \u00f6sszek\u00f6t\u0151k\u00e9nt feladatom felm\u00e9rni \u00e9s t\u00e1mogatni a betegek \u00e9s hozz\u00e1tartoz\u00f3ik testi- lelki- szoci\u00e1lis j\u00f3ll\u00e9t\u00e9t, sz\u00fcks\u00e9g eset\u00e9n seg\u00edteni az egy\u00e9b ell\u00e1t\u00e1sokhoz val\u00f3 hozz\u00e1jut\u00e1st. Munk\u00e1mmal szeretn\u00e9k hozz\u00e1j\u00e1rulni az \u00e9let v\u00e9gs\u0151 szakasz\u00e1ban el\u00e9rhet\u0151 legjobb \u00e9letmin\u0151s\u00e9g biztos\u00edt\u00e1s\u00e1hoz valamint az emberi m\u00e9lt\u00f3s\u00e1g meg\u0151rz\u00e9s\u00e9hez. K\u00e9rem \u0151szint\u00e9n v\u00e1laszoljon a k\u00e9rd\u00e9seinkre, forduljon hozz\u00e1m mindig bizalommal.<\/span><\/p>\n","protected":false},"excerpt":{"rendered":"<p>Klinikai onkol\u00f3gus: Dr. Szentm\u00e1rtoni Gy\u00f6ngyv\u00e9r Klinikai onkol\u00f3gus vagyok , az egyetemen dolgozom beteg\u00e1gy mellett k\u00f6zel 30 \u00e9ve. Betegell\u00e1t\u00e1s \u00e9s oktat\u00e1s mellett fokozatosan l\u00e9pve mindig el\u0151re, ma m\u00e1r az Onkol\u00f3giai Profilt vezetem. Az onkol\u00f3gia mellett a palliat\u00edv ell\u00e1t\u00e1s a mindennapok r\u00e9sze, j\u00f3magam \u00e9s Koll\u00e9g\u00e1im eddig is nagy hangs\u00falyt fektet\u00fcnk az \u00e9letmin\u0151s\u00e9g \u00e9s m\u00e9lt\u00f3s\u00e1g meg\u0151rz\u00e9s\u00e9re egy ilyen &hellip;<\/p>\n","protected":false},"author":102492,"featured_media":0,"parent":0,"menu_order":0,"comment_status":"closed","ping_status":"closed","template":"","meta":{"_acf_changed":false,"footnotes":""},"categories":[],"tags":[],"class_list":["post-62","page","type-page","status-publish","hentry"],"acf":[],"_links":{"self":[{"href":"https:\/\/semmelweis.hu\/palliativfelnott\/wp-json\/wp\/v2\/pages\/62","targetHints":{"allow":["GET"]}}],"collection":[{"href":"https:\/\/semmelweis.hu\/palliativfelnott\/wp-json\/wp\/v2\/pages"}],"about":[{"href":"https:\/\/semmelweis.hu\/palliativfelnott\/wp-json\/wp\/v2\/types\/page"}],"author":[{"embeddable":true,"href":"https:\/\/semmelweis.hu\/palliativfelnott\/wp-json\/wp\/v2\/users\/102492"}],"replies":[{"embeddable":true,"href":"https:\/\/semmelweis.hu\/palliativfelnott\/wp-json\/wp\/v2\/comments?post=62"}],"version-history":[{"count":5,"href":"https:\/\/semmelweis.hu\/palliativfelnott\/wp-json\/wp\/v2\/pages\/62\/revisions"}],"predecessor-version":[{"id":66,"href":"https:\/\/semmelweis.hu\/palliativfelnott\/wp-json\/wp\/v2\/pages\/62\/revisions\/66"}],"wp:attachment":[{"href":"https:\/\/semmelweis.hu\/palliativfelnott\/wp-json\/wp\/v2\/media?parent=62"}],"wp:term":[{"taxonomy":"category","embeddable":true,"href":"https:\/\/semmelweis.hu\/palliativfelnott\/wp-json\/wp\/v2\/categories?post=62"},{"taxonomy":"post_tag","embeddable":true,"href":"https:\/\/semmelweis.hu\/palliativfelnott\/wp-json\/wp\/v2\/tags?post=62"}],"curies":[{"name":"wp","href":"https:\/\/api.w.org\/{rel}","templated":true}]}}