{"id":6,"date":"2025-11-12T08:26:24","date_gmt":"2025-11-12T07:26:24","guid":{"rendered":"https:\/\/semmelweis.hu\/palliativfelnott\/?page_id=6"},"modified":"2026-03-06T15:21:08","modified_gmt":"2026-03-06T14:21:08","slug":"elerhetosegek","status":"publish","type":"page","link":"https:\/\/semmelweis.hu\/palliativfelnott\/elerhetosegek\/","title":{"rendered":"El\u00e9rhet\u0151s\u00e9gek"},"content":{"rendered":"<p><span style=\"font-family: Montserrat;\"><strong>Hospice ter\u00fclet<\/strong><\/span><\/p>\n<p>Szent R\u00f3kus Klinikai T\u00f6mb<br \/>\n<a href=\"https:\/\/maps.app.goo.gl\/bd32PFPpDTVZhxco6\" target=\"_blank\" rel=\"noopener\">1085 Budapest, Gyulai P\u00e1l u. 2.<\/a><\/p>\n<p><span style=\"font-family: Montserrat;\"><strong>Palliat\u00edv Mobil Team koordin\u00e1tor<\/strong><\/span><\/p>\n<ul>\n<li><span style=\"font-size: 14pt;\">Dr. Tihanyi Benedek<\/span><\/li>\n<li><span style=\"font-size: 14pt;\">+36 30 878 2825<\/span><\/li>\n<li>\n<p><span style=\"font-size: 14pt;\"><a href=\"mailto:tihanyi.benedek@semmelweis.hu\">tihanyi.benedek@semmelweis.hu<\/a><\/span><\/p>\n<\/li>\n<\/ul>\n","protected":false},"excerpt":{"rendered":"<p>Hospice ter\u00fclet<br \/>\nSzent R\u00f3kus Klinikai T\u00f6mb<br \/>\n<a href=\"https:\/\/maps.app.goo.gl\/bd32PFPpDTVZhxco6\" target=\"_blank\" rel=\"noopener\">1085 Budapest, Gyulai P\u00e1l u. 2.<\/a><br \/>\nPalliat\u00edv Mobil Team koordin\u00e1tor<\/p>\n<p>Dr. Tihanyi Benedek<br \/>\n+36 30 878 2825<\/p>\n<p><a href=\"mailto:tihanyi.benedek@semmelweis.hu\">tihanyi.benedek@semmelweis.hu<\/a><\/p>\n","protected":false},"author":12,"featured_media":0,"parent":0,"menu_order":8,"comment_status":"closed","ping_status":"closed","template":"","meta":{"_acf_changed":false,"footnotes":""},"categories":[],"tags":[],"class_list":["post-6","page","type-page","status-publish","hentry"],"acf":[],"_links":{"self":[{"href":"https:\/\/semmelweis.hu\/palliativfelnott\/wp-json\/wp\/v2\/pages\/6","targetHints":{"allow":["GET"]}}],"collection":[{"href":"https:\/\/semmelweis.hu\/palliativfelnott\/wp-json\/wp\/v2\/pages"}],"about":[{"href":"https:\/\/semmelweis.hu\/palliativfelnott\/wp-json\/wp\/v2\/types\/page"}],"author":[{"embeddable":true,"href":"https:\/\/semmelweis.hu\/palliativfelnott\/wp-json\/wp\/v2\/users\/12"}],"replies":[{"embeddable":true,"href":"https:\/\/semmelweis.hu\/palliativfelnott\/wp-json\/wp\/v2\/comments?post=6"}],"version-history":[{"count":6,"href":"https:\/\/semmelweis.hu\/palliativfelnott\/wp-json\/wp\/v2\/pages\/6\/revisions"}],"predecessor-version":[{"id":71,"href":"https:\/\/semmelweis.hu\/palliativfelnott\/wp-json\/wp\/v2\/pages\/6\/revisions\/71"}],"wp:attachment":[{"href":"https:\/\/semmelweis.hu\/palliativfelnott\/wp-json\/wp\/v2\/media?parent=6"}],"wp:term":[{"taxonomy":"category","embeddable":true,"href":"https:\/\/semmelweis.hu\/palliativfelnott\/wp-json\/wp\/v2\/categories?post=6"},{"taxonomy":"post_tag","embeddable":true,"href":"https:\/\/semmelweis.hu\/palliativfelnott\/wp-json\/wp\/v2\/tags?post=6"}],"curies":[{"name":"wp","href":"https:\/\/api.w.org\/{rel}","templated":true}]}}