{"id":52,"date":"2026-02-25T12:16:32","date_gmt":"2026-02-25T11:16:32","guid":{"rendered":"https:\/\/semmelweis.hu\/palliativfelnott\/?page_id=52"},"modified":"2026-02-25T12:16:32","modified_gmt":"2026-02-25T11:16:32","slug":"reszlegeink","status":"publish","type":"page","link":"https:\/\/semmelweis.hu\/palliativfelnott\/reszlegeink\/","title":{"rendered":"R\u00e9szlegeink"},"content":{"rendered":"<p><strong>Palliat\u00edv ambulancia<\/strong><\/p>\n<ul>\n<li><span style=\"font-size: 14pt\">rendel\u00e9si id\u0151: h\u00e9tf\u0151n 8 \u00e9s 16 \u00f3ra k\u00f6z\u00f6tt, szerd\u00e1n 8 \u00e9s 10 \u00f3ra k\u00f6z\u00f6tt<\/span><\/li>\n<li><span style=\"font-size: 14pt\">el\u0151jegyz\u00e9s sz\u00fcks\u00e9ges<\/span><\/li>\n<\/ul>\n<p>&nbsp;<\/p>\n<p><strong>Palliat\u00edv mobil team<\/strong><\/p>\n<ul>\n<li><span style=\"font-size: 14pt\">\u00f6sszej\u00f6vetel hetente<\/span><\/li>\n<li><span style=\"font-size: 14pt\">vezet\u0151: Dr. Horv\u00e1th Anna<\/span><\/li>\n<\/ul>\n","protected":false},"excerpt":{"rendered":"<p>Palliat\u00edv ambulancia<\/p>\n<p>rendel\u00e9si id\u0151: h\u00e9tf\u0151n 8 \u00e9s 16 \u00f3ra k\u00f6z\u00f6tt, szerd\u00e1n 8 \u00e9s 10 \u00f3ra k\u00f6z\u00f6tt<br \/>\nel\u0151jegyz\u00e9s sz\u00fcks\u00e9ges<\/p>\n<p>&nbsp;<br \/>\nPalliat\u00edv mobil team<\/p>\n<p>\u00f6sszej\u00f6vetel hetente<br \/>\nvezet\u0151: Dr. Horv\u00e1th Anna<\/p>\n","protected":false},"author":102492,"featured_media":0,"parent":0,"menu_order":0,"comment_status":"closed","ping_status":"closed","template":"","meta":{"_acf_changed":false,"footnotes":""},"categories":[],"tags":[],"class_list":["post-52","page","type-page","status-publish","hentry"],"acf":[],"_links":{"self":[{"href":"https:\/\/semmelweis.hu\/palliativfelnott\/wp-json\/wp\/v2\/pages\/52","targetHints":{"allow":["GET"]}}],"collection":[{"href":"https:\/\/semmelweis.hu\/palliativfelnott\/wp-json\/wp\/v2\/pages"}],"about":[{"href":"https:\/\/semmelweis.hu\/palliativfelnott\/wp-json\/wp\/v2\/types\/page"}],"author":[{"embeddable":true,"href":"https:\/\/semmelweis.hu\/palliativfelnott\/wp-json\/wp\/v2\/users\/102492"}],"replies":[{"embeddable":true,"href":"https:\/\/semmelweis.hu\/palliativfelnott\/wp-json\/wp\/v2\/comments?post=52"}],"version-history":[{"count":1,"href":"https:\/\/semmelweis.hu\/palliativfelnott\/wp-json\/wp\/v2\/pages\/52\/revisions"}],"predecessor-version":[{"id":53,"href":"https:\/\/semmelweis.hu\/palliativfelnott\/wp-json\/wp\/v2\/pages\/52\/revisions\/53"}],"wp:attachment":[{"href":"https:\/\/semmelweis.hu\/palliativfelnott\/wp-json\/wp\/v2\/media?parent=52"}],"wp:term":[{"taxonomy":"category","embeddable":true,"href":"https:\/\/semmelweis.hu\/palliativfelnott\/wp-json\/wp\/v2\/categories?post=52"},{"taxonomy":"post_tag","embeddable":true,"href":"https:\/\/semmelweis.hu\/palliativfelnott\/wp-json\/wp\/v2\/tags?post=52"}],"curies":[{"name":"wp","href":"https:\/\/api.w.org\/{rel}","templated":true}]}}