{"id":36,"date":"2026-02-20T14:33:10","date_gmt":"2026-02-20T13:33:10","guid":{"rendered":"https:\/\/semmelweis.hu\/palliativfelnott\/?page_id=36"},"modified":"2026-02-20T14:33:10","modified_gmt":"2026-02-20T13:33:10","slug":"jogszabalyi-hatter","status":"publish","type":"page","link":"https:\/\/semmelweis.hu\/palliativfelnott\/jogszabalyi-hatter\/","title":{"rendered":"Jogszab\u00e1lyi h\u00e1tt\u00e9r"},"content":{"rendered":"<ul>\n<li>A Sv\u00e1jci Sz\u00f6vets\u00e9gi Tan\u00e1cs \u00e9s Magyarorsz\u00e1g Korm\u00e1nya k\u00f6z\u00f6tt l\u00e9trej\u00f6tt, az Eur\u00f3pai Uni\u00f3 kiv\u00e1lasztott tag\u00e1llamai sz\u00e1m\u00e1ra az Eur\u00f3pai Uni\u00f3n bel\u00fcli gazdas\u00e1gi \u00e9s t\u00e1rsadalmi egyenl\u0151tlens\u00e9gek cs\u00f6kkent\u00e9s\u00e9t c\u00e9lz\u00f3 Sv\u00e1jci Hozz\u00e1j\u00e1rul\u00e1s II. id\u0151szak v\u00e9grehajt\u00e1s\u00e1r\u00f3l sz\u00f3l\u00f3 keretmeg\u00e1llapod\u00e1s\u00a0 kihirdet\u00e9s\u00e9r\u0151l sz\u00f3l\u00f3 507\/2022. (XII. 13.) Korm. rendelet,<\/li>\n<li>a Sv\u00e1jci-Magyar Egy\u00fcttm\u0171k\u00f6d\u00e9si Program II. id\u0151szak v\u00e9grehajt\u00e1si rendj\u00e9r\u0151l sz\u00f3l\u00f3 563\/2022. (XII. 23.) Korm. rendelet,<\/li>\n<li>a Sv\u00e1jci \u00c1llamsz\u00f6vets\u00e9g \u00e1ltal kiadott, az Eur\u00f3pai Uni\u00f3 kiv\u00e1lasztott tag\u00e1llamai sz\u00e1m\u00e1ra az Eur\u00f3pai Uni\u00f3n bel\u00fcli gazdas\u00e1gi \u00e9s t\u00e1rsadalmi egyenl\u0151tlens\u00e9gek cs\u00f6kkent\u00e9s\u00e9t c\u00e9lz\u00f3 Sv\u00e1jci Hozz\u00e1j\u00e1rul\u00e1s II. id\u0151szak v\u00e9grehajt\u00e1s\u00e1r\u00f3l sz\u00f3l\u00f3 Szab\u00e1lyzat,<\/li>\n<li>A Magyarorsz\u00e1g mindenkor hat\u00e1lyos, adott \u00e9ves k\u00f6zponti k\u00f6lts\u00e9gvet\u00e9s\u00e9r\u0151l sz\u00f3l\u00f3 t\u00f6rv\u00e9ny (a tov\u00e1bbiakban: mindenkori k\u00f6lts\u00e9gvet\u00e9si t\u00f6rv\u00e9ny) \u00e9s annak a Sv\u00e1jci-Magyar Egy\u00fcttm\u0171k\u00f6d\u00e9si Program II. id\u0151szak\u00e1nak \u00e9ves kiad\u00e1si el\u0151ir\u00e1nyzatait meghat\u00e1roz\u00f3 mell\u00e9kletei,<\/li>\n<li>az Uni\u00f3s fejleszt\u00e9sek fejezetbe tartoz\u00f3 fejezeti \u00e9s k\u00f6zponti kezel\u00e9s\u0171 el\u0151ir\u00e1nyzatok felhaszn\u00e1l\u00e1s\u00e1nak rendj\u00e9r\u0151l sz\u00f3l\u00f3 590\/2022. (XII. 28.) Korm. rendelet,<\/li>\n<li>9\/2023. (V. 25.) \u00c9KM rendelet az \u00e9p\u00fcletek energetikai jellemz\u0151inek meghat\u00e1roz\u00e1s\u00e1r\u00f3l 48 &#8211; 60\/2003. (X. 20.) ESZCSM rendelet az eg\u00e9szs\u00e9g\u00fcgyi szolg\u00e1ltat\u00e1sok ny\u00fajt\u00e1s\u00e1hoz sz\u00fcks\u00e9ges szakmai minimum felt\u00e9telekr\u0151l<\/li>\n<li>285\/2023. (VI. 30.) Korm. rendelet az eg\u00e9szs\u00e9g\u00fcgyi int\u00e9zm\u00e9nyek ir\u00e1ny\u00edt\u00e1s\u00e1nak egyes szab\u00e1lyair\u00f3l<\/li>\n<li>191\/2009. (IX. 15.) Korm. rendelet az \u00e9p\u00edt\u0151ipari kivitelez\u00e9si tev\u00e9kenys\u00e9gr\u0151l<\/li>\n<li>266\/2013. (VII. 11.) Korm. rendelet az \u00e9p\u00edt\u00e9s\u00fcgyi \u00e9s az \u00e9p\u00edt\u00e9s\u00fcggyel \u00f6sszef\u00fcgg\u0151 szakmagyakorl\u00e1si tev\u00e9kenys\u00e9gekr\u0151l<\/li>\n<li>275\/2013. (VII. 16.) Korm. rendelet az \u00e9p\u00edt\u00e9si term\u00e9k \u00e9p\u00edtm\u00e9nybe t\u00f6rt\u00e9n\u0151 betervez\u00e9s\u00e9nek \u00e9s be\u00e9p\u00edt\u00e9s\u00e9nek, ennek sor\u00e1n a teljes\u00edtm\u00e9ny igazol\u00e1s\u00e1nak r\u00e9szletes szab\u00e1lyair\u00f3l<\/li>\n<li>321\/2015. (X. 30.) Korm. rendelet a k\u00f6zbeszerz\u00e9si elj\u00e1r\u00e1sokban az alkalmass\u00e1g \u00e9s a kiz\u00e1r\u00f3 okok igazol\u00e1s\u00e1nak, valamint a k\u00f6zbeszerz\u00e9si m\u0171szaki le\u00edr\u00e1s meghat\u00e1roz\u00e1s\u00e1nak m\u00f3dj\u00e1r\u00f3l<\/li>\n<li>343\/2006. (XII. 23.) Korm. rendelet az \u00e9p\u00edt\u00e9s\u00fcgyi \u00e9s az \u00e9p\u00edt\u00e9sfel\u00fcgyeleti hat\u00f3s\u00e1gok kijel\u00f6l\u00e9s\u00e9r\u0151l \u00e9s m\u0171k\u00f6d\u00e9si felt\u00e9teleir\u0151l<\/li>\n<li>575\/2021. (X. 12.) Korm. rendelet az Orsz\u00e1gos Beruh\u00e1z\u00e1s Monitoring Rendszer elj\u00e1r\u00e1srendj\u00e9r\u0151l \u00e9s m\u0171k\u00f6dtet\u00e9s\u00e9r\u0151l<\/li>\n<\/ul>\n","protected":false},"excerpt":{"rendered":"<p>A Sv\u00e1jci Sz\u00f6vets\u00e9gi Tan\u00e1cs \u00e9s Magyarorsz\u00e1g Korm\u00e1nya k\u00f6z\u00f6tt l\u00e9trej\u00f6tt, az Eur\u00f3pai Uni\u00f3 kiv\u00e1lasztott tag\u00e1llamai sz\u00e1m\u00e1ra az Eur\u00f3pai Uni\u00f3n bel\u00fcli gazdas\u00e1gi \u00e9s t\u00e1rsadalmi egyenl\u0151tlens\u00e9gek cs\u00f6kkent\u00e9s\u00e9t c\u00e9lz\u00f3 Sv\u00e1jci Hozz\u00e1j\u00e1rul\u00e1s II. id\u0151szak v\u00e9grehajt\u00e1s\u00e1r\u00f3l sz\u00f3l\u00f3 keretmeg\u00e1llapod\u00e1s\u00a0 kihirdet\u00e9s\u00e9r\u0151l sz\u00f3l\u00f3 507\/2022. (XII. 13.) Korm. rendelet, a Sv\u00e1jci-Magyar Egy\u00fcttm\u0171k\u00f6d\u00e9si Program II. id\u0151szak v\u00e9grehajt\u00e1si rendj\u00e9r\u0151l sz\u00f3l\u00f3 563\/2022. (XII. 23.) Korm. rendelet, a Sv\u00e1jci &hellip;<\/p>\n","protected":false},"author":12,"featured_media":0,"parent":0,"menu_order":5,"comment_status":"closed","ping_status":"closed","template":"","meta":{"_acf_changed":false,"footnotes":""},"categories":[],"tags":[],"class_list":["post-36","page","type-page","status-publish","hentry"],"acf":[],"_links":{"self":[{"href":"https:\/\/semmelweis.hu\/palliativfelnott\/wp-json\/wp\/v2\/pages\/36","targetHints":{"allow":["GET"]}}],"collection":[{"href":"https:\/\/semmelweis.hu\/palliativfelnott\/wp-json\/wp\/v2\/pages"}],"about":[{"href":"https:\/\/semmelweis.hu\/palliativfelnott\/wp-json\/wp\/v2\/types\/page"}],"author":[{"embeddable":true,"href":"https:\/\/semmelweis.hu\/palliativfelnott\/wp-json\/wp\/v2\/users\/12"}],"replies":[{"embeddable":true,"href":"https:\/\/semmelweis.hu\/palliativfelnott\/wp-json\/wp\/v2\/comments?post=36"}],"version-history":[{"count":1,"href":"https:\/\/semmelweis.hu\/palliativfelnott\/wp-json\/wp\/v2\/pages\/36\/revisions"}],"predecessor-version":[{"id":37,"href":"https:\/\/semmelweis.hu\/palliativfelnott\/wp-json\/wp\/v2\/pages\/36\/revisions\/37"}],"wp:attachment":[{"href":"https:\/\/semmelweis.hu\/palliativfelnott\/wp-json\/wp\/v2\/media?parent=36"}],"wp:term":[{"taxonomy":"category","embeddable":true,"href":"https:\/\/semmelweis.hu\/palliativfelnott\/wp-json\/wp\/v2\/categories?post=36"},{"taxonomy":"post_tag","embeddable":true,"href":"https:\/\/semmelweis.hu\/palliativfelnott\/wp-json\/wp\/v2\/tags?post=36"}],"curies":[{"name":"wp","href":"https:\/\/api.w.org\/{rel}","templated":true}]}}