{"id":35,"date":"2026-02-20T14:33:31","date_gmt":"2026-02-20T13:33:31","guid":{"rendered":"https:\/\/semmelweis.hu\/palliativfelnott\/?page_id=35"},"modified":"2026-03-20T14:11:22","modified_gmt":"2026-03-20T13:11:22","slug":"rolunk","status":"publish","type":"page","link":"https:\/\/semmelweis.hu\/palliativfelnott\/rolunk\/","title":{"rendered":"R\u00f3lunk"},"content":{"rendered":"<p>Csapatunk a Sv\u00e1jci-Magyar Egy\u00fcttm\u0171k\u00f6d\u00e9si Program keret\u00e9ben megfogalmazott c\u00e9lnak megfelel\u0151en alak\u00edtotta ki a Semmelweis Egyetemen integr\u00e1lt palliat\u00edv mobil team (pilot jelleggel) \u00e9s palliat\u00edv ambulancia egys\u00e9g\u00e9t, melyek \u00e1ltal a palliat\u00edv ell\u00e1t\u00e1si ig\u00e9nnyel rendelkez\u0151 betegek mindig az aktu\u00e1lis \u00e1llapotuknak, sz\u00fcks\u00e9gleteiknek, k\u00edv\u00e1ns\u00e1gaiknak \u00e9s \u00e9lethelyzet\u00fcknek megfelel\u0151 ell\u00e1t\u00e1sban r\u00e9szes\u00fclhetnek, ezzel \u00e9letmin\u0151s\u00e9g\u00fck javul.<\/p>\n<p>Munkaid\u0151ben h\u00edvhat\u00f3 jelenl\u00e9ti t\u00e1mogat\u00e1ssal \u00e9s oktat\u00e1ssal szupport\u00e1ljuk a k\u00f3rh\u00e1zi szem\u00e9lyzetet. A betegek hozz\u00e1tartoz\u00f3it \u00e9s gondoz\u00f3it a k\u00f3rh\u00e1zi k\u00f6rnyezetben folyamatosan seg\u00edtj\u00fck a palliat\u00edv ell\u00e1t\u00e1ssal kapcsolatos tan\u00e1csad\u00e1ssal \u00e9s t\u00e1mogat\u00e1ssal. Szakmunk\u00e1nkkal, az ig\u00e9nyeknek \u00e9s lehet\u0151s\u00e9geknek megfelel\u0151en t\u00f6rt\u00e9nnek a k\u00fcl\u00f6nb\u00f6z\u0151 ell\u00e1t\u00e1si form\u00e1k k\u00f6z\u00f6tti \u00e1tmenetek \u00e9s koordin\u00e1ci\u00f3k, ez\u00e1ltal a betegutak racionaliz\u00e1l\u00f3dnak.<\/p>\n<p>Mindezt a betegel\u00e9gedetts\u00e9g n\u00f6vel\u00e9se \u00e9rdek\u00e9ben valamint az akt\u00edv ell\u00e1t\u00e1s tehermentes\u00edt\u00e9s\u00e9\u00e9rt tessz\u00fck. Csapattagjaink: https:\/\/semmelweis.hu\/palliativfelnott\/munkatarsaink\/.<\/p>\n<div class=\"keretes w-100\">\n<h5><img loading=\"lazy\" decoding=\"async\" class=\"alignright size-medium wp-image-44\" src=\"https:\/\/semmelweis.hu\/palliativfelnott\/files\/2026\/02\/svajci-alap-logo-400x106.jpg\" alt=\"\" width=\"400\" height=\"106\" srcset=\"https:\/\/semmelweis.hu\/palliativfelnott\/files\/2026\/02\/svajci-alap-logo-400x106.jpg 400w, https:\/\/semmelweis.hu\/palliativfelnott\/files\/2026\/02\/svajci-alap-logo.jpg 516w\" sizes=\"auto, (max-width: 400px) 100vw, 400px\" \/>A Sv\u00e1jci-Magyar Egy\u00fcttm\u0171k\u00f6d\u00e9si Program<\/h5>\n<p>Sv\u00e1jci-Magyar Egy\u00fcttm\u0171k\u00f6d\u00e9si Program keret\u00e9ben a Sv\u00e1jci \u00c1llamsz\u00f6vets\u00e9g hozz\u00e1j\u00e1rul az Eur\u00f3pai Uni\u00f3n bel\u00fcli gazdas\u00e1gi \u00e9s t\u00e1rsadalmi egyenl\u0151tlens\u00e9gek cs\u00f6kkent\u00e9s\u00e9hez, valamint a k\u00e9toldal\u00fa kapcsolatok fejleszt\u00e9s\u00e9hez. Az \u201eEg\u00e9szs\u00e9g\u00fcgy \u00e9s szoci\u00e1lis v\u00e9delem\u201d programter\u00fclet az SM09-HEP program c\u00e9lja, hogy t\u00e1mogat\u00e1st ny\u00fajtson integr\u00e1lt palliat\u00edv egys\u00e9gek kialak\u00edt\u00e1s\u00e1ra \u00e9s bevezet\u00e9s\u00e9re pilot jelleggel.<\/p>\n<\/div>\n","protected":false},"excerpt":{"rendered":"<p>Csapatunk a Sv\u00e1jci-Magyar Egy\u00fcttm\u0171k\u00f6d\u00e9si Program keret\u00e9ben megfogalmazott c\u00e9lnak megfelel\u0151en alak\u00edtotta ki a Semmelweis Egyetemen integr\u00e1lt palliat\u00edv mobil team (pilot jelleggel) \u00e9s palliat\u00edv ambulancia egys\u00e9g\u00e9t, melyek \u00e1ltal a palliat\u00edv ell\u00e1t\u00e1si ig\u00e9nnyel rendelkez\u0151 betegek mindig az aktu\u00e1lis \u00e1llapotuknak, sz\u00fcks\u00e9gleteiknek, k\u00edv\u00e1ns\u00e1gaiknak \u00e9s \u00e9lethelyzet\u00fcknek megfelel\u0151 ell\u00e1t\u00e1sban r\u00e9szes\u00fclhetnek, ezzel \u00e9letmin\u0151s\u00e9g\u00fck javul. Munkaid\u0151ben h\u00edvhat\u00f3 jelenl\u00e9ti t\u00e1mogat\u00e1ssal \u00e9s oktat\u00e1ssal szupport\u00e1ljuk a k\u00f3rh\u00e1zi &hellip;<\/p>\n","protected":false},"author":12,"featured_media":0,"parent":0,"menu_order":1,"comment_status":"closed","ping_status":"closed","template":"","meta":{"_acf_changed":false,"footnotes":""},"categories":[],"tags":[],"class_list":["post-35","page","type-page","status-publish","hentry"],"acf":[],"_links":{"self":[{"href":"https:\/\/semmelweis.hu\/palliativfelnott\/wp-json\/wp\/v2\/pages\/35","targetHints":{"allow":["GET"]}}],"collection":[{"href":"https:\/\/semmelweis.hu\/palliativfelnott\/wp-json\/wp\/v2\/pages"}],"about":[{"href":"https:\/\/semmelweis.hu\/palliativfelnott\/wp-json\/wp\/v2\/types\/page"}],"author":[{"embeddable":true,"href":"https:\/\/semmelweis.hu\/palliativfelnott\/wp-json\/wp\/v2\/users\/12"}],"replies":[{"embeddable":true,"href":"https:\/\/semmelweis.hu\/palliativfelnott\/wp-json\/wp\/v2\/comments?post=35"}],"version-history":[{"count":10,"href":"https:\/\/semmelweis.hu\/palliativfelnott\/wp-json\/wp\/v2\/pages\/35\/revisions"}],"predecessor-version":[{"id":85,"href":"https:\/\/semmelweis.hu\/palliativfelnott\/wp-json\/wp\/v2\/pages\/35\/revisions\/85"}],"wp:attachment":[{"href":"https:\/\/semmelweis.hu\/palliativfelnott\/wp-json\/wp\/v2\/media?parent=35"}],"wp:term":[{"taxonomy":"category","embeddable":true,"href":"https:\/\/semmelweis.hu\/palliativfelnott\/wp-json\/wp\/v2\/categories?post=35"},{"taxonomy":"post_tag","embeddable":true,"href":"https:\/\/semmelweis.hu\/palliativfelnott\/wp-json\/wp\/v2\/tags?post=35"}],"curies":[{"name":"wp","href":"https:\/\/api.w.org\/{rel}","templated":true}]}}