{"id":9,"date":"2025-12-05T07:45:12","date_gmt":"2025-12-05T06:45:12","guid":{"rendered":"https:\/\/semmelweis.hu\/palkovitsalapitvany\/?page_id=9"},"modified":"2025-12-17T13:59:16","modified_gmt":"2025-12-17T12:59:16","slug":"elerhetosegek","status":"publish","type":"page","link":"https:\/\/semmelweis.hu\/palkovitsalapitvany\/elerhetosegek\/","title":{"rendered":"Kapcsolat"},"content":{"rendered":"<h2><span style=\"font-family: Montserrat\">Palkovits Alap\u00edtv\u00e1ny<\/span><\/h2>\n<p><span style=\"font-family: Montserrat\"><strong>A Kurat\u00f3rium eln\u00f6ke:<\/strong> Prof. Dr. Alp\u00e1r Al\u00e1n<\/span><\/p>\n<p><span style=\"font-family: Montserrat\"><strong><span style=\"font-size: 1rem\">A Kurat\u00f3rium titk\u00e1ra: <\/span><\/strong>Dr. Dobolyin\u00e9 dr. Renner \u00c9va\u00a0<\/span><\/p>\n<div class=\"keretes w-100\">\n<p><strong>\u00c1lland\u00f3 c\u00edm:<\/strong> 1094 Budapest, T\u0171zolt\u00f3 utca 58.<\/p>\n<p><span style=\"color: #ff0000\"><strong>Ideiglenes c\u00edm\u00fcnk jelenleg:<\/strong> <\/span>1089 Budapest, Orczy \u00fat 2-4. (SE Nagyv\u00e1rad t\u00e9ri Elm\u00e9leti T\u00f6mb)<\/p>\n<p><strong>Levelez\u00e9si c\u00edm:<\/strong> 1428 Budapest, Pf. 2.<\/p>\n<p><strong>e-mail:<\/strong> <a href=\"mailto:renner.eva@semmelweis.hu\">renner.eva@semmelweis.hu<\/a><\/p>\n<\/div>\n<p>Az Alap\u00edtv\u00e1ny nem z\u00e1rja ki mag\u00e1nszem\u00e9lyek \u00e9s jogi szem\u00e9lyek anyagi t\u00e1mogat\u00e1s\u00e1t, valamint elind\u00edtja a megfelel\u0151 adminisztrat\u00edv elj\u00e1r\u00e1st abb\u00f3l a c\u00e9lb\u00f3l, hogy megfeleljen a k\u00f6zhaszn\u00fas\u00e1g t\u00f6rv\u00e9nyi felt\u00e9teleinek, ami t\u00f6bbek k\u00f6z\u00f6tt az 1%-os SZJA felaj\u00e1nl\u00e1sra val\u00f3 jogosults\u00e1got teszi lehet\u0151v\u00e9.<\/p>\n","protected":false},"excerpt":{"rendered":"<p>Palkovits Alap\u00edtv\u00e1ny A Kurat\u00f3rium eln\u00f6ke: Prof. Dr. Alp\u00e1r Al\u00e1n A Kurat\u00f3rium titk\u00e1ra: Dr. Dobolyin\u00e9 dr. Renner \u00c9va\u00a0 \u00c1lland\u00f3 c\u00edm: 1094 Budapest, T\u0171zolt\u00f3 utca 58. Ideiglenes c\u00edm\u00fcnk jelenleg: 1089 Budapest, Orczy \u00fat 2-4. (SE Nagyv\u00e1rad t\u00e9ri Elm\u00e9leti T\u00f6mb) Levelez\u00e9si c\u00edm: 1428 Budapest, Pf. 2. e-mail: <a href=\"mailto:renner.eva@semmelweis.hu\">renner.eva@semmelweis.hu<\/a> Az Alap\u00edtv\u00e1ny nem z\u00e1rja ki mag\u00e1nszem\u00e9lyek \u00e9s jogi szem\u00e9lyek anyagi t\u00e1mogat\u00e1s\u00e1t, &hellip;<\/p>\n","protected":false},"author":12,"featured_media":0,"parent":0,"menu_order":8,"comment_status":"closed","ping_status":"closed","template":"","meta":{"_acf_changed":false,"footnotes":""},"categories":[],"tags":[],"class_list":["post-9","page","type-page","status-publish","hentry"],"acf":[],"_links":{"self":[{"href":"https:\/\/semmelweis.hu\/palkovitsalapitvany\/wp-json\/wp\/v2\/pages\/9","targetHints":{"allow":["GET"]}}],"collection":[{"href":"https:\/\/semmelweis.hu\/palkovitsalapitvany\/wp-json\/wp\/v2\/pages"}],"about":[{"href":"https:\/\/semmelweis.hu\/palkovitsalapitvany\/wp-json\/wp\/v2\/types\/page"}],"author":[{"embeddable":true,"href":"https:\/\/semmelweis.hu\/palkovitsalapitvany\/wp-json\/wp\/v2\/users\/12"}],"replies":[{"embeddable":true,"href":"https:\/\/semmelweis.hu\/palkovitsalapitvany\/wp-json\/wp\/v2\/comments?post=9"}],"version-history":[{"count":10,"href":"https:\/\/semmelweis.hu\/palkovitsalapitvany\/wp-json\/wp\/v2\/pages\/9\/revisions"}],"predecessor-version":[{"id":142,"href":"https:\/\/semmelweis.hu\/palkovitsalapitvany\/wp-json\/wp\/v2\/pages\/9\/revisions\/142"}],"wp:attachment":[{"href":"https:\/\/semmelweis.hu\/palkovitsalapitvany\/wp-json\/wp\/v2\/media?parent=9"}],"wp:term":[{"taxonomy":"category","embeddable":true,"href":"https:\/\/semmelweis.hu\/palkovitsalapitvany\/wp-json\/wp\/v2\/categories?post=9"},{"taxonomy":"post_tag","embeddable":true,"href":"https:\/\/semmelweis.hu\/palkovitsalapitvany\/wp-json\/wp\/v2\/tags?post=9"}],"curies":[{"name":"wp","href":"https:\/\/api.w.org\/{rel}","templated":true}]}}