{"id":63,"date":"2025-12-05T23:16:25","date_gmt":"2025-12-05T22:16:25","guid":{"rendered":"https:\/\/semmelweis.hu\/palkovitsalapitvany\/?page_id=63"},"modified":"2026-01-04T14:35:50","modified_gmt":"2026-01-04T13:35:50","slug":"tanacsado-testulet","status":"publish","type":"page","link":"https:\/\/semmelweis.hu\/palkovitsalapitvany\/tanacsado-testulet\/","title":{"rendered":"Tan\u00e1csad\u00f3 Test\u00fclet"},"content":{"rendered":"<div class=\"keretes w-100\">\n<p style=\"text-align: justify\"><strong><span style=\"font-family: Montserrat\">A Kurat\u00f3rium munk\u00e1j\u00e1t Tan\u00e1csad\u00f3 Test\u00fclet seg\u00edti. Tagjai r\u00e9szt vesznek a Kutat\u00f3i Program keret\u00e9ben beny\u00fajtott \u00f6szt\u00f6nd\u00edj k\u00e9relmek feldolgoz\u00e1s\u00e1ban \u00e9s elb\u00edr\u00e1l\u00e1s\u00e1ban, valamint javaslatot tesznek a Kurat\u00f3riumnak a t\u00e1mogat\u00e1sok oda\u00edt\u00e9l\u00e9s\u00e9re. <\/span><\/strong><\/p>\n<p style=\"text-align: justify\"><em><strong><span style=\"font-family: Montserrat\">Tagjai: <\/span><\/strong><span style=\"font-family: Montserrat\">4 hazai \u00e9s 5 k\u00fclf\u00f6ld\u00f6n \u00e9l\u0151 jeles magyar kutat\u00f3, tud\u00f3s.<\/span><\/em><\/p>\n<\/div>\n<h5>A Tan\u00e1csad\u00f3 Test\u00fclet v\u00e1llalt feladatai k\u00f6z\u00e9 tartozik mind a hazai, mind a k\u00fclf\u00f6ldi program sor\u00e1n<\/h5>\n<ul>\n<li>\n<p style=\"text-align: justify\">a hallgat\u00f3k szakmai t\u00e1mogat\u00e1sa; k\u00f6zvetlen kapcsolat l\u00e9tes\u00edt\u00e9se \u00e9s fenntart\u00e1sa a hallgat\u00f3kkal;<\/p>\n<\/li>\n<li style=\"text-align: justify\">\n<p>aktu\u00e1lis egyetemi k\u00f6vetelm\u00e9nyeknek megfelel\u0151 szint\u0171 teljes\u00edtm\u00e9ny\u00fck k\u00f6vet\u00e9se;<\/p>\n<\/li>\n<li style=\"text-align: justify\">\n<p>az Alap\u00edtv\u00e1ny t\u00e1mogat\u00e1sa r\u00e9v\u00e9n k\u00fclf\u00f6ld\u00f6n dolgoz\u00f3 vagy k\u00fclf\u00f6ldi rendezv\u00e9nyen r\u00e9szt vev\u0151 kutat\u00f3k beilleszked\u00e9s\u00e9nek seg\u00edt\u00e9se, szakmai k\u00e9rd\u00e9sekben val\u00f3 t\u00e1mogat\u00e1sa, \u00e9s el\u00e9rt eredm\u00e9nyeik \u00e9rt\u00e9kel\u00e9se a Kurat\u00f3rium sz\u00e1m\u00e1ra;<br \/>A Tan\u00e1csad\u00f3 Test\u00fclet k\u00fclf\u00f6ldi tagjai javaslatot tehetnek a Kurat\u00f3riumnak, hogy hova \u00e9rdemes a hallgat\u00f3knak utazniuk \u00fajabb technik\u00e1k elsaj\u00e1t\u00edt\u00e1sa c\u00e9lj\u00e1b\u00f3l.<\/p>\n<\/li>\n<\/ul>\n<h2>A Tan\u00e1csad\u00f3 Test\u00fclet tagjai:<\/h2>\n<ul style=\"list-style-type: square\">\n<li>\n<p><strong>Dr. Kar\u00e1di Istv\u00e1n<\/strong> <br \/>Semmelweis Egyetem<\/p>\n<\/li>\n<li>\n<p><strong>Dr. Komoly S\u00e1muel<\/strong> <br \/>P\u00e9csi Tudom\u00e1nyegyetem<\/p>\n<\/li>\n<li>\n<p><strong>Dr. Gallatz Katalin<\/strong> <br \/>Semmelweis Egyetem<\/p>\n<\/li>\n<li>\n<p><strong>Dr. T\u00f3th Zsuzsanna Emese<\/strong> <br \/>Semmelweis Egyetem<\/p>\n<\/li>\n<li>\n<p><strong>Dr. Kiss J\u00f3zsef Zolt\u00e1n<\/strong> <br \/>Genf<\/p>\n<\/li>\n<li>\n<p><strong>Dr. R\u00e9v\u00e9sz Tam\u00e1s<\/strong> <br \/>London<\/p>\n<\/li>\n<li>\n<p><strong>Dr. Dobi Albert<\/strong> <br \/>Pennsylvania<\/p>\n<\/li>\n<li>\n<p><strong>Dr. Barbero J\u00e1nos<\/strong> <br \/>New York<\/p>\n<\/li>\n<li>\n<p><strong>Dr. Gesztes Vilmos<\/strong> <br \/>Washington<\/p>\n<\/li>\n<\/ul>\n","protected":false},"excerpt":{"rendered":"<p>A Kurat\u00f3rium munk\u00e1j\u00e1t Tan\u00e1csad\u00f3 Test\u00fclet seg\u00edti. Tagjai r\u00e9szt vesznek a Kutat\u00f3i Program keret\u00e9ben beny\u00fajtott \u00f6szt\u00f6nd\u00edj k\u00e9relmek feldolgoz\u00e1s\u00e1ban \u00e9s elb\u00edr\u00e1l\u00e1s\u00e1ban, valamint javaslatot tesznek a Kurat\u00f3riumnak a t\u00e1mogat\u00e1sok oda\u00edt\u00e9l\u00e9s\u00e9re. Tagjai: 4 hazai \u00e9s 5 k\u00fclf\u00f6ld\u00f6n \u00e9l\u0151 jeles magyar kutat\u00f3, tud\u00f3s. A Tan\u00e1csad\u00f3 Test\u00fclet v\u00e1llalt feladatai k\u00f6z\u00e9 tartozik mind a hazai, mind a k\u00fclf\u00f6ldi program sor\u00e1n a hallgat\u00f3k &hellip;<\/p>\n","protected":false},"author":343,"featured_media":0,"parent":0,"menu_order":4,"comment_status":"closed","ping_status":"closed","template":"","meta":{"_acf_changed":false,"footnotes":""},"categories":[],"tags":[],"class_list":["post-63","page","type-page","status-publish","hentry"],"acf":[],"_links":{"self":[{"href":"https:\/\/semmelweis.hu\/palkovitsalapitvany\/wp-json\/wp\/v2\/pages\/63","targetHints":{"allow":["GET"]}}],"collection":[{"href":"https:\/\/semmelweis.hu\/palkovitsalapitvany\/wp-json\/wp\/v2\/pages"}],"about":[{"href":"https:\/\/semmelweis.hu\/palkovitsalapitvany\/wp-json\/wp\/v2\/types\/page"}],"author":[{"embeddable":true,"href":"https:\/\/semmelweis.hu\/palkovitsalapitvany\/wp-json\/wp\/v2\/users\/343"}],"replies":[{"embeddable":true,"href":"https:\/\/semmelweis.hu\/palkovitsalapitvany\/wp-json\/wp\/v2\/comments?post=63"}],"version-history":[{"count":10,"href":"https:\/\/semmelweis.hu\/palkovitsalapitvany\/wp-json\/wp\/v2\/pages\/63\/revisions"}],"predecessor-version":[{"id":165,"href":"https:\/\/semmelweis.hu\/palkovitsalapitvany\/wp-json\/wp\/v2\/pages\/63\/revisions\/165"}],"wp:attachment":[{"href":"https:\/\/semmelweis.hu\/palkovitsalapitvany\/wp-json\/wp\/v2\/media?parent=63"}],"wp:term":[{"taxonomy":"category","embeddable":true,"href":"https:\/\/semmelweis.hu\/palkovitsalapitvany\/wp-json\/wp\/v2\/categories?post=63"},{"taxonomy":"post_tag","embeddable":true,"href":"https:\/\/semmelweis.hu\/palkovitsalapitvany\/wp-json\/wp\/v2\/tags?post=63"}],"curies":[{"name":"wp","href":"https:\/\/api.w.org\/{rel}","templated":true}]}}