{"id":61,"date":"2025-12-05T23:14:27","date_gmt":"2025-12-05T22:14:27","guid":{"rendered":"https:\/\/semmelweis.hu\/palkovitsalapitvany\/?page_id=61"},"modified":"2026-01-04T14:43:03","modified_gmt":"2026-01-04T13:43:03","slug":"kuratorium","status":"publish","type":"page","link":"https:\/\/semmelweis.hu\/palkovitsalapitvany\/kuratorium\/","title":{"rendered":"Az Alap\u00edtv\u00e1ny Kurat\u00f3riuma"},"content":{"rendered":"<div class=\"keretes w-100\">\n<p style=\"text-align: justify\"><strong><span style=\"font-family: Montserrat\">A Kurat\u00f3rium a Palkovits Alap\u00edtv\u00e1ny d\u00f6nt\u00e9shoz\u00f3 \u00e9s \u00fcgyvezet\u0151 szerve, az Alap\u00edtv\u00e1ny m\u0171k\u00f6d\u00e9s\u00e9vel kapcsolatos feladatokat v\u00e9gzi, d\u00f6nt a t\u00e1mogatott jel\u00f6ltek kiv\u00e1laszt\u00e1s\u00e1r\u00f3l, ell\u00e1tja az Alap\u00edtv\u00e1ny k\u00e9pviselet\u00e9t \u00e9s az alap\u00edtv\u00e1nyi vagyon kezel\u00e9s\u00e9t.<\/span><\/strong><\/p>\n<\/div>\n<h2>A Kurat\u00f3rium tagjai:<\/h2>\n<ul style=\"list-style-type: square\">\n<li>\n<p><span style=\"font-family: 'pt serif'\"><strong>Dr. Alp\u00e1r Al\u00e1n<\/strong> <br \/>a Kurat\u00f3rium eln\u00f6ke, Semmelweis Egyetem<\/span><\/p>\n<\/li>\n<li>\n<p><span style=\"font-family: 'pt serif'\"><strong>Dr. Dobolyi \u00c1rp\u00e1d<\/strong> <br \/>E\u00f6tv\u00f6s Lor\u00e1nd Tudom\u00e1nyegyetem<\/span><\/p>\n<\/li>\n<li>\n<p><span style=\"font-family: 'pt serif'\"><strong>Dr. Dobolyin\u00e9 dr. Renner \u00c9va<\/strong> <br \/>a Kurat\u00f3rium titk\u00e1ra, Semmelweis Egyetem<\/span><\/p>\n<\/li>\n<li>\n<p><span style=\"font-family: 'pt serif'\"><strong>Dr. Han\u00e1k Andr\u00e1s<\/strong> <br \/>\u00fcgyv\u00e9d<\/span><\/p>\n<\/li>\n<li>\n<p><span style=\"font-family: 'pt serif'\"><strong>Dr. Mezey \u00c9va<\/strong> <br \/>National Institute of Mental Health, USA<\/span><\/p>\n<\/li>\n<\/ul>\n","protected":false},"excerpt":{"rendered":"<p>A Kurat\u00f3rium a Palkovits Alap\u00edtv\u00e1ny d\u00f6nt\u00e9shoz\u00f3 \u00e9s \u00fcgyvezet\u0151 szerve, az Alap\u00edtv\u00e1ny m\u0171k\u00f6d\u00e9s\u00e9vel kapcsolatos feladatokat v\u00e9gzi, d\u00f6nt a t\u00e1mogatott jel\u00f6ltek kiv\u00e1laszt\u00e1s\u00e1r\u00f3l, ell\u00e1tja az Alap\u00edtv\u00e1ny k\u00e9pviselet\u00e9t \u00e9s az alap\u00edtv\u00e1nyi vagyon kezel\u00e9s\u00e9t. A Kurat\u00f3rium tagjai: Dr. Alp\u00e1r Al\u00e1n a Kurat\u00f3rium eln\u00f6ke, Semmelweis Egyetem Dr. Dobolyi \u00c1rp\u00e1d E\u00f6tv\u00f6s Lor\u00e1nd Tudom\u00e1nyegyetem Dr. Dobolyin\u00e9 dr. Renner \u00c9va a Kurat\u00f3rium titk\u00e1ra, Semmelweis &hellip;<\/p>\n","protected":false},"author":343,"featured_media":0,"parent":0,"menu_order":3,"comment_status":"closed","ping_status":"closed","template":"","meta":{"_acf_changed":false,"footnotes":""},"categories":[],"tags":[],"class_list":["post-61","page","type-page","status-publish","hentry"],"acf":[],"_links":{"self":[{"href":"https:\/\/semmelweis.hu\/palkovitsalapitvany\/wp-json\/wp\/v2\/pages\/61","targetHints":{"allow":["GET"]}}],"collection":[{"href":"https:\/\/semmelweis.hu\/palkovitsalapitvany\/wp-json\/wp\/v2\/pages"}],"about":[{"href":"https:\/\/semmelweis.hu\/palkovitsalapitvany\/wp-json\/wp\/v2\/types\/page"}],"author":[{"embeddable":true,"href":"https:\/\/semmelweis.hu\/palkovitsalapitvany\/wp-json\/wp\/v2\/users\/343"}],"replies":[{"embeddable":true,"href":"https:\/\/semmelweis.hu\/palkovitsalapitvany\/wp-json\/wp\/v2\/comments?post=61"}],"version-history":[{"count":10,"href":"https:\/\/semmelweis.hu\/palkovitsalapitvany\/wp-json\/wp\/v2\/pages\/61\/revisions"}],"predecessor-version":[{"id":166,"href":"https:\/\/semmelweis.hu\/palkovitsalapitvany\/wp-json\/wp\/v2\/pages\/61\/revisions\/166"}],"wp:attachment":[{"href":"https:\/\/semmelweis.hu\/palkovitsalapitvany\/wp-json\/wp\/v2\/media?parent=61"}],"wp:term":[{"taxonomy":"category","embeddable":true,"href":"https:\/\/semmelweis.hu\/palkovitsalapitvany\/wp-json\/wp\/v2\/categories?post=61"},{"taxonomy":"post_tag","embeddable":true,"href":"https:\/\/semmelweis.hu\/palkovitsalapitvany\/wp-json\/wp\/v2\/tags?post=61"}],"curies":[{"name":"wp","href":"https:\/\/api.w.org\/{rel}","templated":true}]}}