{"id":6,"date":"2025-12-05T07:44:49","date_gmt":"2025-12-05T06:44:49","guid":{"rendered":"https:\/\/semmelweis.hu\/palkovitsalapitvany\/?page_id=6"},"modified":"2025-12-19T15:41:30","modified_gmt":"2025-12-19T14:41:30","slug":"rolunk","status":"publish","type":"page","link":"https:\/\/semmelweis.hu\/palkovitsalapitvany\/rolunk\/","title":{"rendered":"A Palkovits Alap\u00edtv\u00e1nyr\u00f3l"},"content":{"rendered":"<h2 style=\"text-align: center\">Palkovits Alap\u00edtv\u00e1ny<\/h2>\n<h2 style=\"text-align: center\">a magyar orvosi agykutat\u00e1s ut\u00e1np\u00f3tl\u00e1s\u00e1nak t\u00e1mogat\u00e1s\u00e1ra\u00a0<\/h2>\n<div class=\"keretes w-100\">\n<p style=\"text-align: justify\">A Palkovits Alap\u00edtv\u00e1ny l\u00e9trehoz\u00e1s\u00e1t <a href=\"https:\/\/semmelweis.hu\/palkovitsalapitvany\/files\/2025\/12\/Palkovits-hazaspar.jpg\" target=\"_blank\" rel=\"noopener\">Prof. Dr. Palkovits Mikl\u00f3s nemzetk\u00f6zileg elismert agykutat\u00f3 akad\u00e9mikus \u00e9s feles\u00e9ge, Palkovitsn\u00e9 G. Krisztina<\/a> 2024. szeptember\u00e9ben hat\u00e1rozta el abb\u00f3l a kifejezett c\u00e9lb\u00f3l, hogy <strong>h\u00e1tr\u00e1nyos helyzet\u0171, ugyanakkor elhivatott, tehets\u00e9ges \u00e9retts\u00e9giz\u0151 di\u00e1kokat b\u00e1tor\u00edtson \u00e9s t\u00e1mogasson Semmelweis Egyetemi orvostanhallgat\u00f3v\u00e1 v\u00e1l\u00e1suk folyamata \u00e9s egyetemi tanulm\u00e1nyaik eredm\u00e9nyes elv\u00e9gz\u00e9se sor\u00e1n.\u00a0<\/strong><\/p>\n<p style=\"text-align: justify\">Az Alap\u00edt\u00f3k sz\u00e1nd\u00e9ka szerint a Palkovits Alap\u00edtv\u00e1ny tov\u00e1bbi c\u00e9lkit\u0171z\u00e9se <strong>az agykutat\u00e1s ir\u00e1nt \u00e9rdekl\u0151d\u0151, az agykutat\u00e1ssal komolyan foglalkoz\u00f3 egyetemi hallgat\u00f3k \u00e9s doktori k\u00e9pz\u00e9sben r\u00e9szt vev\u0151 diplom\u00e1sok idegtudom\u00e1nyhoz kapcsol\u00f3d\u00f3 k\u00fclf\u00f6ldi tanulm\u00e1nyainak anyagi t\u00e1mogat\u00e1sa<\/strong>.<\/p>\n<\/div>\n<p style=\"text-align: justify\">Az Alap\u00edt\u00f3 h\u00e1zasp\u00e1r vagyon\u00e1nak jelent\u0151s r\u00e9sz\u00e9t a Palkovits Alap\u00edtv\u00e1ny (tov\u00e1bbiakban Alap\u00edtv\u00e1ny) sz\u00e1m\u00e1ra bocs\u00e1tja rendelkez\u00e9sre. Az Alap\u00edtv\u00e1ny 2025. janu\u00e1rj\u00e1ban bejegyz\u00e9sre ker\u00fclt, c\u00e9ljait \u00e9s m\u0171k\u00f6d\u00e9s\u00e9t a Semmelweis Egyetem vezet\u0151s\u00e9ge maxim\u00e1lisan t\u00e1mogatja.<\/p>\n<p style=\"text-align: justify\">Dr. Palkovits Mikl\u00f3s 1953 \u00f3ta, imm\u00e1ron 72 \u00e9ve a Semmelweis Egyetem oktat\u00f3ja \u00e9s agykutat\u00f3ja, a Magyar Tudom\u00e1nyos Akad\u00e9mia rendes tagja. A Semmelweis Egyetemen 1992-ben hozta l\u00e9tre a <a href=\"https:\/\/semmelweis.hu\/hbtb\/\" target=\"_blank\" rel=\"noopener\">Hum\u00e1n Agyminta Bank<\/a>ot, melyet 2022-ig vezetett, \u00e9s melynek jelenleg is tudom\u00e1nyos tan\u00e1csad\u00f3ja. Az agykutat\u00e1s ir\u00e1nti \u00e9letre sz\u00f3l\u00f3 inspir\u00e1ci\u00f3t Dr. Lange N\u00e1ndor (egyetemi adjunktus, K\u0151b\u00e1nya els\u0151 d\u00edszpolg\u00e1ra) \u00e1ltal a Szent L\u00e1szl\u00f3 Gimn\u00e1ziumban (Budapest, K\u0151b\u00e1nya) l\u00e9trehozott biol\u00f3gia szakk\u00f6rben kapott 1944-1952 k\u00f6z\u00f6tt.<\/p>\n<div class=\"fontos_div\" style=\"text-align: justify\">\n<p>Mindezen inspir\u00e1ci\u00f3k hat\u00e1s\u00e1ra az Alap\u00edt\u00f3k \u00e9vente \u2013 6 \u00e9ven \u00e1t \u2013 k\u00e9t di\u00e1kot t\u00e1mogatnak a Semmelweis Egyetemen gyakorl\u00f3 orvoss\u00e1 vagy agykutat\u00f3v\u00e1 v\u00e1l\u00e1suk sor\u00e1n.\u00a0Az Alap\u00edtv\u00e1ny nem csak a magyarorsz\u00e1gi, hanem a K\u00e1rp\u00e1t-medencei k\u00f6z\u00e9piskol\u00e1kban v\u00e9gzett magyar di\u00e1kok felv\u00e9tel\u00e9t is t\u00e1mogatni k\u00edv\u00e1nja.<\/p>\n<\/div>\n<p style=\"text-align: justify\"><span style=\"font-family: Montserrat\"><strong>Az Alap\u00edtv\u00e1ny <a href=\"https:\/\/semmelweis.hu\/palkovitsalapitvany\/kutatoi-program\/\" target=\"_blank\" rel=\"noopener\">k\u00e9t t\u00edpus\u00fa program<\/a> keret\u00e9ben tervezi orvostanhallgat\u00f3k, valamint doktorandusz hallgat\u00f3k anyagi t\u00e1mogat\u00e1s\u00e1t. Az Alap\u00edtv\u00e1ny a 2025\/2026-os tan\u00e9vben egy orvostanhallgat\u00f3 t\u00e1mogat\u00e1s\u00e1t kezdte meg a Hallgat\u00f3i Program keret\u00e9ben. A Kutat\u00f3i Program v\u00e1rhat\u00f3an a 2028\/2029-es tan\u00e9vben indul el.<\/strong><\/span><\/p>\n","protected":false},"excerpt":{"rendered":"<p>Prof. Dr. Palkovits Mikl\u00f3s nemzetk\u00f6zileg elismert agykutat\u00f3 akad\u00e9mikus \u00e9s feles\u00e9ge, Palkovitsn\u00e9 G. Krisztina abb\u00f3l a kifejezett c\u00e9lb\u00f3l hat\u00e1rozta el az Alap\u00edtv\u00e1ny l\u00e9trehoz\u00e1s\u00e1t, hogy h\u00e1tr\u00e1nyos helyzet\u0171, ugyanakkor elhivatott, tehets\u00e9ges \u00e9retts\u00e9giz\u0151 di\u00e1kokat b\u00e1tor\u00edtson \u00e9s t\u00e1mogasson Semmelweis Egyetemi orvostanhallgat\u00f3v\u00e1 v\u00e1l\u00e1suk folyamata \u00e9s egyetemi tanulm\u00e1nyaik eredm\u00e9nyes elv\u00e9gz\u00e9se sor\u00e1n.<br \/>\nAz Alap\u00edt\u00f3k sz\u00e1nd\u00e9ka szerint a Palkovits Alap\u00edtv\u00e1ny tov\u00e1bbi c\u00e9lkit\u0171z\u00e9se az agykutat\u00e1s ir\u00e1nt \u00e9rdekl\u0151d\u0151, az agykutat\u00e1ssal komolyan foglalkoz\u00f3 egyetemi hallgat\u00f3k \u00e9s doktori k\u00e9pz\u00e9sben r\u00e9szt vev\u0151 diplom\u00e1sok idegtudom\u00e1nyhoz kapcsol\u00f3d\u00f3 k\u00fclf\u00f6ldi tanulm\u00e1nyainak anyagi t\u00e1mogat\u00e1sa.<\/p>\n","protected":false},"author":12,"featured_media":153,"parent":0,"menu_order":0,"comment_status":"closed","ping_status":"closed","template":"","meta":{"_acf_changed":false,"footnotes":""},"categories":[],"tags":[],"class_list":["post-6","page","type-page","status-publish","has-post-thumbnail","hentry"],"acf":[],"_links":{"self":[{"href":"https:\/\/semmelweis.hu\/palkovitsalapitvany\/wp-json\/wp\/v2\/pages\/6","targetHints":{"allow":["GET"]}}],"collection":[{"href":"https:\/\/semmelweis.hu\/palkovitsalapitvany\/wp-json\/wp\/v2\/pages"}],"about":[{"href":"https:\/\/semmelweis.hu\/palkovitsalapitvany\/wp-json\/wp\/v2\/types\/page"}],"author":[{"embeddable":true,"href":"https:\/\/semmelweis.hu\/palkovitsalapitvany\/wp-json\/wp\/v2\/users\/12"}],"replies":[{"embeddable":true,"href":"https:\/\/semmelweis.hu\/palkovitsalapitvany\/wp-json\/wp\/v2\/comments?post=6"}],"version-history":[{"count":10,"href":"https:\/\/semmelweis.hu\/palkovitsalapitvany\/wp-json\/wp\/v2\/pages\/6\/revisions"}],"predecessor-version":[{"id":146,"href":"https:\/\/semmelweis.hu\/palkovitsalapitvany\/wp-json\/wp\/v2\/pages\/6\/revisions\/146"}],"wp:featuredmedia":[{"embeddable":true,"href":"https:\/\/semmelweis.hu\/palkovitsalapitvany\/wp-json\/wp\/v2\/media\/153"}],"wp:attachment":[{"href":"https:\/\/semmelweis.hu\/palkovitsalapitvany\/wp-json\/wp\/v2\/media?parent=6"}],"wp:term":[{"taxonomy":"category","embeddable":true,"href":"https:\/\/semmelweis.hu\/palkovitsalapitvany\/wp-json\/wp\/v2\/categories?post=6"},{"taxonomy":"post_tag","embeddable":true,"href":"https:\/\/semmelweis.hu\/palkovitsalapitvany\/wp-json\/wp\/v2\/tags?post=6"}],"curies":[{"name":"wp","href":"https:\/\/api.w.org\/{rel}","templated":true}]}}