{"id":18,"date":"2025-12-05T07:47:29","date_gmt":"2025-12-05T06:47:29","guid":{"rendered":"https:\/\/semmelweis.hu\/palkovitsalapitvany\/?page_id=18"},"modified":"2026-01-04T14:27:16","modified_gmt":"2026-01-04T13:27:16","slug":"kutatoi-program","status":"publish","type":"page","link":"https:\/\/semmelweis.hu\/palkovitsalapitvany\/kutatoi-program\/","title":{"rendered":"Programok"},"content":{"rendered":"<p style=\"text-align: justify\"><strong>Az Alap\u00edtv\u00e1ny k\u00e9t t\u00edpus\u00fa program keret\u00e9ben tervezi orvostanhallgat\u00f3k, valamint doktorandusz hallgat\u00f3k anyagi t\u00e1mogat\u00e1s\u00e1t.<\/strong><\/p>\n<p>&nbsp;<\/p>\n<p><span style=\"font-size: 24pt\"><strong><span style=\"font-family: Montserrat\">HALLGAT\u00d3I PROGRAM<\/span><\/strong><\/span><\/p>\n<div class=\"keretes w-100\">\n<p style=\"text-align: justify\"><strong><span style=\"font-family: Montserrat\">A program c\u00e9lkit\u0171z\u00e9se, hogy h\u00e1tr\u00e1nyos helyzet\u0171, ugyanakkor elhivatott, tehets\u00e9ges \u00e9retts\u00e9giz\u0151 di\u00e1kokat b\u00e1tor\u00edtson \u00e9s t\u00e1mogasson Semmelweis Egyetemi orvostanhallgat\u00f3v\u00e1 v\u00e1l\u00e1suk folyamata \u00e9s egyetemi tanulm\u00e1nyaik eredm\u00e9nyes elv\u00e9gz\u00e9se sor\u00e1n.\u00a0<\/span><\/strong><\/p>\n<p style=\"text-align: justify\"><em><span style=\"font-family: Montserrat\">Az Alap\u00edtv\u00e1ny a <strong>2025\/2026-os tan\u00e9vben egy orvostanhallgat\u00f3<\/strong> t\u00e1mogat\u00e1s\u00e1t kezdte meg a Hallgat\u00f3i Program keret\u00e9ben.<\/span><\/em><\/p>\n<\/div>\n<p style=\"text-align: justify\">\u00a0<\/p>\n<h4><strong>A t\u00e1mogat\u00e1s \u00f6sszege<\/strong><\/h4>\n<p style=\"text-align: justify\">Az Alap\u00edtv\u00e1ny az \u00e9retts\u00e9gi \u00e9s felv\u00e9teli elj\u00e1r\u00e1sok alapj\u00e1n a Semmelweis Egyetemre sikerrel felv\u00e9telt nyert di\u00e1kok k\u00f6z\u00fcl a 6 \u00e9ves orvosi k\u00e9pz\u00e9s minden egyetemi \u00e9vfolyam\u00e1ban k\u00e9t (kiv\u00e9teles esetben h\u00e1rom) hallgat\u00f3t t\u00e1mogat hallgat\u00f3k\u00e9nt \u00e9vi 1\u00a0000\u00a0000\u00a0forint szabadon felhaszn\u00e1lhat\u00f3 \u00f6sszeggel.<\/p>\n<h4><strong>Koll\u00e9giumi sz\u00e1ll\u00e1slehet\u0151s\u00e9g<\/strong><\/h4>\n<p style=\"text-align: justify\">Az Alap\u00edtv\u00e1nyt t\u00e1mogat\u00f3 Semmelweis Egyetem mindemellett v\u00e1llalja, hogy a Hallgat\u00f3i Programban kiv\u00e1lasztott, \u00f6szt\u00f6nd\u00edjban r\u00e9szes\u00fcl\u0151 hallgat\u00f3k sz\u00e1m\u00e1ra egyetemi tanulm\u00e1nyaik id\u0151tartam\u00e1ra \u2013 ig\u00e9ny szerint \u2013 t\u00e9r\u00edt\u00e9smentes koll\u00e9giumi sz\u00e1ll\u00e1slehet\u0151s\u00e9get biztos\u00edt.<\/p>\n<p>&nbsp;<\/p>\n<p><span style=\"font-size: 24pt\"> <strong><span style=\"font-family: Montserrat\">KUTAT\u00d3I PROGRAM<\/span><\/strong><\/span><\/p>\n<div class=\"keretes w-100\">\n<p style=\"text-align: justify\"><strong><span style=\"font-family: Montserrat\">A Kutat\u00f3i Program c\u00e9lja az agykutat\u00e1s ir\u00e1nt \u00e9rdekl\u0151d\u0151, az agykutat\u00e1ssal komolyan foglalkoz\u00f3 egyetemi hallgat\u00f3k \u00e9s doktori k\u00e9pz\u00e9sben r\u00e9szt vev\u0151 diplom\u00e1sok idegtudom\u00e1nyhoz kapcsol\u00f3d\u00f3 k\u00fclf\u00f6ldi tanulm\u00e1nyainak anyagi t\u00e1mogat\u00e1sa.<\/span><\/strong><\/p>\n<p style=\"text-align: justify\"><em><span style=\"font-family: Montserrat\">A Kutat\u00f3i Program v\u00e1rhat\u00f3an a 2028\/2029-es tan\u00e9vben indul el.<\/span><\/em><\/p>\n<\/div>\n<h2>A Kutat\u00f3i Program h\u00e1rom r\u00e9szb\u0151l \u00e1ll:<\/h2>\n<ol>\n<li style=\"text-align: justify\">1-3 h\u00f3napig terjed\u0151 k\u00fclf\u00f6ldi tanulm\u00e1ny\u00fat t\u00e1mogat\u00e1sa; c\u00e9lja speci\u00e1lis, idegtudom\u00e1nyi kutat\u00e1shoz sz\u00fcks\u00e9ges halad\u00f3 technik\u00e1k elsaj\u00e1t\u00edt\u00e1sa.<\/li>\n<li style=\"text-align: justify\">1-4 napos, nemzetk\u00f6zi, idegtudom\u00e1nyok aktu\u00e1lis t\u00e9m\u00e1ira meghirdetett tanfolyamon val\u00f3 r\u00e9szv\u00e9tel t\u00e1mogat\u00e1sa. (Rendszerint a FENS &#8211; <a href=\"https:\/\/www.fens.org\/\" target=\"_blank\" rel=\"noopener\">Federation of European Neuroscience Societies<\/a> &#8211; \u00e1ltal ker\u00fcl meghirdet\u00e9sre).<\/li>\n<li style=\"text-align: justify\">T\u00e1mogat\u00e1s k\u00fclf\u00f6ldi kongresszusi r\u00e9szv\u00e9telre, k\u00fcl\u00f6n\u00f6s tekintettel arra, ha a p\u00e1ly\u00e1z\u00f3 \u00e9lete els\u0151 tudom\u00e1nyos konferenci\u00e1j\u00e1n el\u0151ad\u00e1s vagy poszter form\u00e1j\u00e1ban prezent\u00e1lni szeretn\u00e9 (nem sz\u00fcks\u00e9gszer\u0171en els\u0151 szerz\u0151k\u00e9nt) aktu\u00e1lis kutat\u00e1si eredm\u00e9nyeit.<\/li>\n<\/ol>\n<h2>Kik p\u00e1ly\u00e1zhatnak?<\/h2>\n<ul>\n<li>\n<p style=\"text-align: justify\">A Kutat\u00f3i Program azok sz\u00e1m\u00e1ra a Hallgat\u00f3i Program sor\u00e1n m\u00e1r t\u00e1mogat\u00e1sban r\u00e9szes\u00fcl\u0151 IV., V. \u00e9s VI. \u00e9vfolyamos tudom\u00e1nyos di\u00e1kk\u00f6r\u00f6s hallgat\u00f3k sz\u00e1m\u00e1ra p\u00e1ly\u00e1zhat\u00f3, akik a Semmelweis Egyetem valamelyik agykutat\u00e1ssal foglalkoz\u00f3 int\u00e9zm\u00e9ny\u00e9be felv\u00e9telt nyertek.<\/p>\n<\/li>\n<li style=\"text-align: justify\">\n<p>A Kutat\u00f3i Programba sikerrel jelentkezhetnek azok is, akik a <a href=\"https:\/\/semmelweis.hu\/phd\/doktori-tagozatok\/szentagothai-janos-idegtudomanyi-tagozat\/\" target=\"_blank\" rel=\"noopener\">Semmelweis Egyetem Szent\u00e1gothai J\u00e1nos Idegtudom\u00e1nyi Tagozat Doktori Iskol\u00e1ba<\/a> sikerrel felv\u00e9telt nyertek.\u00a0Ide tartoznak azok a di\u00e1kok, akik a Hallgat\u00f3i Programba nem ker\u00fcltek be, de a Palkovits Alap\u00edtv\u00e1ny Kurat\u00f3riuma a Hallgat\u00f3i Programba val\u00f3 jelentkez\u00e9s sor\u00e1n a felv\u00e9teli besz\u00e9lget\u00e9s alapj\u00e1n a t\u00e1mogat\u00e1sra \u00e9rdemes di\u00e1kok k\u00f6z\u00e9 sorolta \u0151ket.<\/p>\n<\/li>\n<\/ul>\n","protected":false},"excerpt":{"rendered":"<p>Az Alap\u00edtv\u00e1ny k\u00e9t t\u00edpus\u00fa program keret\u00e9ben tervezi orvostanhallgat\u00f3k, valamint doktorandusz hallgat\u00f3k anyagi t\u00e1mogat\u00e1s\u00e1t. &nbsp; HALLGAT\u00d3I PROGRAM A program c\u00e9lkit\u0171z\u00e9se, hogy h\u00e1tr\u00e1nyos helyzet\u0171, ugyanakkor elhivatott, tehets\u00e9ges \u00e9retts\u00e9giz\u0151 di\u00e1kokat b\u00e1tor\u00edtson \u00e9s t\u00e1mogasson Semmelweis Egyetemi orvostanhallgat\u00f3v\u00e1 v\u00e1l\u00e1suk folyamata \u00e9s egyetemi tanulm\u00e1nyaik eredm\u00e9nyes elv\u00e9gz\u00e9se sor\u00e1n.\u00a0 Az Alap\u00edtv\u00e1ny a 2025\/2026-os tan\u00e9vben egy orvostanhallgat\u00f3 t\u00e1mogat\u00e1s\u00e1t kezdte meg a Hallgat\u00f3i Program keret\u00e9ben. &hellip;<\/p>\n","protected":false},"author":12,"featured_media":0,"parent":0,"menu_order":2,"comment_status":"closed","ping_status":"closed","template":"","meta":{"_acf_changed":false,"footnotes":""},"categories":[1],"tags":[],"class_list":["post-18","page","type-page","status-publish","hentry","category-programok"],"acf":[],"_links":{"self":[{"href":"https:\/\/semmelweis.hu\/palkovitsalapitvany\/wp-json\/wp\/v2\/pages\/18","targetHints":{"allow":["GET"]}}],"collection":[{"href":"https:\/\/semmelweis.hu\/palkovitsalapitvany\/wp-json\/wp\/v2\/pages"}],"about":[{"href":"https:\/\/semmelweis.hu\/palkovitsalapitvany\/wp-json\/wp\/v2\/types\/page"}],"author":[{"embeddable":true,"href":"https:\/\/semmelweis.hu\/palkovitsalapitvany\/wp-json\/wp\/v2\/users\/12"}],"replies":[{"embeddable":true,"href":"https:\/\/semmelweis.hu\/palkovitsalapitvany\/wp-json\/wp\/v2\/comments?post=18"}],"version-history":[{"count":11,"href":"https:\/\/semmelweis.hu\/palkovitsalapitvany\/wp-json\/wp\/v2\/pages\/18\/revisions"}],"predecessor-version":[{"id":163,"href":"https:\/\/semmelweis.hu\/palkovitsalapitvany\/wp-json\/wp\/v2\/pages\/18\/revisions\/163"}],"wp:attachment":[{"href":"https:\/\/semmelweis.hu\/palkovitsalapitvany\/wp-json\/wp\/v2\/media?parent=18"}],"wp:term":[{"taxonomy":"category","embeddable":true,"href":"https:\/\/semmelweis.hu\/palkovitsalapitvany\/wp-json\/wp\/v2\/categories?post=18"},{"taxonomy":"post_tag","embeddable":true,"href":"https:\/\/semmelweis.hu\/palkovitsalapitvany\/wp-json\/wp\/v2\/tags?post=18"}],"curies":[{"name":"wp","href":"https:\/\/api.w.org\/{rel}","templated":true}]}}