{"id":16,"date":"2025-12-05T07:47:10","date_gmt":"2025-12-05T06:47:10","guid":{"rendered":"https:\/\/semmelweis.hu\/palkovitsalapitvany\/?page_id=16"},"modified":"2026-01-04T14:23:51","modified_gmt":"2026-01-04T13:23:51","slug":"hallgatoi-program","status":"publish","type":"page","link":"https:\/\/semmelweis.hu\/palkovitsalapitvany\/hallgatoi-program\/","title":{"rendered":"T\u00e1mogat\u00e1s elnyer\u00e9se"},"content":{"rendered":"<h2>A t\u00e1mogat\u00e1s elnyer\u00e9se<\/h2>\n<div class=\"fontos_div\">\n<p>Az \u00f6szt\u00f6nd\u00edjra val\u00f3 p\u00e1ly\u00e1zat k\u00f6z\u00e9piskolai tan\u00e1rok (szaktan\u00e1r \u00e9s oszt\u00e1lyf\u0151n\u00f6k) aj\u00e1nl\u00e1sa alapj\u00e1n t\u00f6rt\u00e9nik.<\/p>\n<\/div>\n<p style=\"text-align: justify\"><em>A jelentkez\u0151 di\u00e1kok k\u00f6z\u00fcl el\u0151nyben r\u00e9szes\u00fclnek a k\u0151b\u00e1nyai Szent L\u00e1szl\u00f3 Gimn\u00e1ziumb\u00f3l \u00e9rkez\u0151 felv\u00e9teliz\u0151k.<\/em><\/p>\n<p style=\"text-align: justify\"><strong>Az \u00f6szt\u00f6nd\u00edj hangs\u00falyosan r\u00e1szorults\u00e1g alap\u00fa.<\/strong> Az Alap\u00edtv\u00e1ny azokat a fiatalokat k\u00edv\u00e1nja t\u00e1mogatni, akik b\u00e1r orvosok vagy kutat\u00f3k szeretn\u00e9nek lenni, anyagi k\u00f6r\u00fclm\u00e9nyeik miatt a Semmelweis Egyetemre nem mernek jelentkezni.<\/p>\n<p style=\"text-align: justify\"><strong>K\u00e9rj\u00fck a pedag\u00f3gusokat, az alap\u00edtv\u00e1nyi t\u00e1mogat\u00e1sra javasolt di\u00e1k(ok) aj\u00e1nl\u00e1sakor vegy\u00e9k figyelembe az al\u00e1bbi szoci\u00e1lis szempontokat:<\/strong>\u00a0\u00e1rva (koll\u00e9giumban, nevel\u0151otthonban \u00e9l) \u2013 f\u00e9l\u00e1rva \u2013 \u00e1llami gondozott \u2013 egyed\u00fcl\u00e1ll\u00f3 sz\u00fcl\u0151 \u2013 kisfizet\u00e9s\u0171 sz\u00fcl\u0151(k) \u2013 kistelep\u00fcl\u00e9sen \u00e9l \u2013 nagycsal\u00e1dban \u00e9l (t\u00f6bb testv\u00e9r, nagysz\u00fcl\u0151k) \u2013 nagysz\u00fcl\u0151k, rokonok nevelik \u2013 alb\u00e9rletben \u00e9l.<\/p>\n<p>&nbsp;<\/p>\n<h4><strong>A t\u00e1mogat\u00e1s folytonoss\u00e1g\u00e1nak felt\u00e9telei<\/strong><\/h4>\n<ul>\n<li>\n<p style=\"text-align: justify\">Az Alap\u00edtv\u00e1ny elv\u00e1rja, hogy a t\u00e1mogatott hallgat\u00f3 a vizsgaeredm\u00e9nyei alapj\u00e1n az \u00e9vfolyam els\u0151 fel\u00e9ben teljes\u00edtsen.<\/p>\n<\/li>\n<li>\n<p style=\"text-align: justify\">Ha a hallgat\u00f3 b\u00e1rmelyik \u00e9vben b\u00e1rmelyik vizsg\u00e1n el\u00e9gtelen \u00e9rdemjegyet kap, akkor az Alap\u00edtv\u00e1ny Kurat\u00f3riuma \u00e1ltal figyelmeztet\u00e9sben r\u00e9szes\u00fcl. Ha ezt k\u00f6vet\u0151en ism\u00e9t el\u00e9gtelenre vizsg\u00e1zik, az Alap\u00edtv\u00e1ny azonnal megsz\u00fcnteti a t\u00e1mogat\u00e1s\u00e1t.<\/p>\n<\/li>\n<\/ul>\n<h2>A t\u00e1mogat\u00e1s elnyer\u00e9s\u00e9nek id\u0151rendi sorrendje<\/h2>\n<ol>\n<li style=\"text-align: justify\">Az Alap\u00edtv\u00e1ny felk\u00e9r\u0151 level\u00e9nek be\u00e9rkez\u00e9se a k\u00f6z\u00e9piskol\u00e1khoz<\/li>\n<li style=\"text-align: justify\">A szaktan\u00e1r \u00e9s az oszt\u00e1lyf\u0151n\u00f6k \u00e1ltal \u00edrt t\u00e1mogat\u00f3 lev\u00e9l eljuttat\u00e1sa (elektronikusan) a Kurat\u00f3rium titk\u00e1r\u00e1nak, valamint a tan\u00e1rai meg\u00edt\u00e9l\u00e9se\u00a0alapj\u00e1n t\u00e1mogat\u00e1sra \u00e9rdemes v\u00e9gz\u0151s di\u00e1k jelentkez\u00e9se a Semmelweis Egyetemre az egyetemi felv\u00e9teli jelentkez\u00e9s hivatalos \u00fatj\u00e1n<\/li>\n<li style=\"text-align: justify\">A jelentkez\u0151k szem\u00e9lyes meghallgat\u00e1sa a Kurat\u00f3rium \u00e1ltal; mely alapj\u00e1n kialakul a t\u00e1mogatott hallgat\u00f3k sorrendje<\/li>\n<li style=\"text-align: justify\">A k\u00f6zponti \u00e9retts\u00e9gi felv\u00e9teli vizsg\u00e1n val\u00f3 r\u00e9szv\u00e9tel, majd az egyetemi felv\u00e9teli pontsz\u00e1mok kialakul\u00e1sa ut\u00e1n a Kurat\u00f3rium inform\u00e1l\u00e1sa a di\u00e1k felv\u00e9teli eredm\u00e9ny\u00e9r\u0151l<\/li>\n<li style=\"text-align: justify\">Az egyetemi felv\u00e9teli eredm\u00e9nyek ismeret\u00e9ben, valamint az el\u0151zetesen fel\u00e1ll\u00edtott sorrend alapj\u00e1n a Palkovits Alap\u00edtv\u00e1ny \u00e1ltal t\u00e1mogatott di\u00e1kok megnevez\u00e9se, \u00e9rtes\u00edt\u00e9s\u00fck az \u00f6szt\u00f6nd\u00edj elnyer\u00e9s\u00e9r\u0151l<\/li>\n<\/ol>\n","protected":false},"excerpt":{"rendered":"<p>A t\u00e1mogat\u00e1s elnyer\u00e9se Az \u00f6szt\u00f6nd\u00edjra val\u00f3 p\u00e1ly\u00e1zat k\u00f6z\u00e9piskolai tan\u00e1rok (szaktan\u00e1r \u00e9s oszt\u00e1lyf\u0151n\u00f6k) aj\u00e1nl\u00e1sa alapj\u00e1n t\u00f6rt\u00e9nik. A jelentkez\u0151 di\u00e1kok k\u00f6z\u00fcl el\u0151nyben r\u00e9szes\u00fclnek a k\u0151b\u00e1nyai Szent L\u00e1szl\u00f3 Gimn\u00e1ziumb\u00f3l \u00e9rkez\u0151 felv\u00e9teliz\u0151k. Az \u00f6szt\u00f6nd\u00edj hangs\u00falyosan r\u00e1szorults\u00e1g alap\u00fa. Az Alap\u00edtv\u00e1ny azokat a fiatalokat k\u00edv\u00e1nja t\u00e1mogatni, akik b\u00e1r orvosok vagy kutat\u00f3k szeretn\u00e9nek lenni, anyagi k\u00f6r\u00fclm\u00e9nyeik miatt a Semmelweis Egyetemre nem mernek &hellip;<\/p>\n","protected":false},"author":12,"featured_media":0,"parent":0,"menu_order":1,"comment_status":"closed","ping_status":"closed","template":"","meta":{"_acf_changed":false,"footnotes":""},"categories":[1],"tags":[],"class_list":["post-16","page","type-page","status-publish","hentry","category-programok"],"acf":[],"_links":{"self":[{"href":"https:\/\/semmelweis.hu\/palkovitsalapitvany\/wp-json\/wp\/v2\/pages\/16","targetHints":{"allow":["GET"]}}],"collection":[{"href":"https:\/\/semmelweis.hu\/palkovitsalapitvany\/wp-json\/wp\/v2\/pages"}],"about":[{"href":"https:\/\/semmelweis.hu\/palkovitsalapitvany\/wp-json\/wp\/v2\/types\/page"}],"author":[{"embeddable":true,"href":"https:\/\/semmelweis.hu\/palkovitsalapitvany\/wp-json\/wp\/v2\/users\/12"}],"replies":[{"embeddable":true,"href":"https:\/\/semmelweis.hu\/palkovitsalapitvany\/wp-json\/wp\/v2\/comments?post=16"}],"version-history":[{"count":10,"href":"https:\/\/semmelweis.hu\/palkovitsalapitvany\/wp-json\/wp\/v2\/pages\/16\/revisions"}],"predecessor-version":[{"id":162,"href":"https:\/\/semmelweis.hu\/palkovitsalapitvany\/wp-json\/wp\/v2\/pages\/16\/revisions\/162"}],"wp:attachment":[{"href":"https:\/\/semmelweis.hu\/palkovitsalapitvany\/wp-json\/wp\/v2\/media?parent=16"}],"wp:term":[{"taxonomy":"category","embeddable":true,"href":"https:\/\/semmelweis.hu\/palkovitsalapitvany\/wp-json\/wp\/v2\/categories?post=16"},{"taxonomy":"post_tag","embeddable":true,"href":"https:\/\/semmelweis.hu\/palkovitsalapitvany\/wp-json\/wp\/v2\/tags?post=16"}],"curies":[{"name":"wp","href":"https:\/\/api.w.org\/{rel}","templated":true}]}}