{"id":9770,"date":"2023-12-13T14:21:11","date_gmt":"2023-12-13T13:21:11","guid":{"rendered":"https:\/\/semmelweis.hu\/pak\/?page_id=9770"},"modified":"2026-03-25T12:12:40","modified_gmt":"2026-03-25T11:12:40","slug":"online-nyilt-nap","status":"publish","type":"page","link":"https:\/\/semmelweis.hu\/pak\/felvetelizoknek\/nyilt-nap\/online-nyilt-nap\/","title":{"rendered":"Online ny\u00edlt nap"},"content":{"rendered":"<h5 style=\"text-align: center\">Pet\u0151 Andr\u00e1s Kar &#8211; Online Ny\u00edlt nap<br \/>\n2026. JANU\u00c1R 24. 9.00-11:15<\/h5>\n<p>&nbsp;<\/p>\n<div class=\"keretes w-100\">\n<p>A konduktor hivat\u00e1s t\u00f6bb mint egy munka &#8211; ez egy \u00e9letre sz\u00f3l\u00f3 k\u00fcldet\u00e9s, amely feln\u0151ttek, gyermekek mindennapjait v\u00e1ltoztatja meg. Ha szeretn\u00e9l olyan karriert, amelyben m\u00e1sok \u00e9let\u00e9t teheted akt\u00edvabb\u00e1, boldogabb\u00e1, akkor csatlakozz hozz\u00e1nk janu\u00e1rban, \u00e9s tudj meg t\u00f6bbet err\u0151l az egyedi magyar m\u00f3dszerr\u0151l, amely vil\u00e1gszerte elismert!<\/p>\n<\/div>\n<h4 style=\"text-align: center\">A NY\u00cdLT NAPR\u00d3L K\u00c9SZ\u00dcLT VIDE\u00d3 MEGTEKINTHET\u0150 AZ AL\u00c1BBI LINKEN:<\/h4>\n<p style=\"text-align: center\"><a href=\"https:\/\/www.youtube.com\/watch?v=oJqS11uaPvg\">SEMMELWEIS ONLINE NY\u00cdLT NAP 2026 | Pet\u0151 Andr\u00e1s Kar<\/a><\/p>\n<h4>\u00a0<\/h4>\n<h4><strong>Programok:<\/strong><\/h4>\n<p><strong>Rektori \u00e9s D\u00e9k\u00e1ni K\u00f6sz\u00f6nt\u0151:<br \/>\n<\/strong>Dr. Merkely B\u00e9la, a Semmelweis Egyetem rektora, valamint Dr. Tenk Mikl\u00f3sn\u00e9 Dr. Zsebe Andrea d\u00e9k\u00e1n \u00fcdv\u00f6zlik az \u00e9rdekl\u0151d\u0151ket, ismertetik a Pet\u0151 Andr\u00e1s Kar k\u00fcl\u00f6nleges szerep\u00e9t \u00e9s hivat\u00e1s\u00e1t.<\/p>\n<p><strong>Kari Bemutat\u00f3 Kisfilm:<br \/>\n<\/strong>L\u00e9pj be a konduktork\u00e9pz\u00e9s vil\u00e1g\u00e1ba! A kisfilm bemutatja, hogyan \u00f6tv\u00f6z\u0151dik az elm\u00e9leti tud\u00e1s \u00e9s a gyakorlati k\u00e9pz\u00e9s, hogy az itt tanul\u00f3k kiv\u00e9teles szakemberekk\u00e9 v\u00e1ljanak.<\/p>\n<p><strong>Mi\u00e9rt a PAK?<\/strong><br \/>\nTudj meg mindent a konduktor alapk\u00e9pz\u00e9s fel\u00e9p\u00edt\u00e9s\u00e9r\u0151l, elm\u00e9leti \u00e9s gyakorlati k\u00e9pz\u00e9s\u00e9nek ar\u00e1ny\u00e1r\u00f3l, valamint az elhelyezked\u00e9si lehet\u0151s\u00e9gekr\u0151l \u2013 nemcsak Magyarorsz\u00e1gon, hanem a vil\u00e1g sz\u00e1mos pontj\u00e1n!<\/p>\n<p><strong>T\u00e1j\u00e9koztat\u00f3 a felv\u00e9teli elj\u00e1r\u00e1sr\u00f3l, az alkalmass\u00e1gi vizsg\u00e1r\u00f3l:<br \/>\n<\/strong>Mindent megtudhatsz a jelentkez\u00e9s menet\u00e9r\u0151l, az alkalmass\u00e1gi vizsga r\u00e9szleteir\u0151l, a besz\u00e9d- \u00e9s \u00e9nekk\u00e9szs\u00e9g felm\u00e9r\u00e9s\u00e9t\u0151l a p\u00e1lyaorient\u00e1ci\u00f3s besz\u00e9lget\u00e9sig.<\/p>\n<p><strong>Felv\u00e9teli k\u00e9rdezz-felelek: <br \/>\n<\/strong>Tedd fel k\u00e9rd\u00e9seid a felv\u00e9telivel kapcsolatban: itt minden k\u00e9rd\u00e9sed v\u00e1laszra tal\u00e1l, \u00e9rkezz magabiztosan egyetem\u00fcnkre.<\/p>\n<p><strong>T\u00e1j\u00e9koztat\u00f3 a konduktori hivat\u00e1sr\u00f3l:<br \/>\n<\/strong>Fedezd fel, milyen k\u00fcl\u00f6nleges hivat\u00e1s a konduktors\u00e1g, amely mozg\u00e1ss\u00e9r\u00fclt gyermekek \u00e9s feln\u0151ttek \u00e9let\u00e9t teszi \u00f6n\u00e1ll\u00f3bb\u00e1, \u00f6r\u00f6mteliv\u00e9. Ismerd meg a magyar tal\u00e1lm\u00e1nyk\u00e9nt vil\u00e1gszerte ismert Pet\u0151-m\u00f3dszer alapjait, \u00e9s tudd meg, hogyan telnek egy konduktor mindennapjai.<\/p>\n<p><strong>Gyakorl\u00f3 Ter\u00fcletet Bemutat\u00f3 Kisfilmek:<br \/>\n<\/strong>Fedezd fel, hogyan zajlik a gyakorlati k\u00e9pz\u00e9s! Virtu\u00e1lis s\u00e9t\u00e1kon kereszt\u00fcl ismerkedhetsz meg a k\u00fcl\u00f6nb\u00f6z\u0151 gyakorl\u00f3helysz\u00ednekkel, ahol a j\u00f6v\u0151 konduktorai k\u00e9sz\u00fclnek fel a hivat\u00e1sukra.<\/p>\n<p><strong>TDK \u00e9s Kerpel-Fronius \u00d6d\u00f6n Tehets\u00e9ggondoz\u00f3 Program:<br \/>\n<\/strong>Ismerd meg a Kar tudom\u00e1nyos kutat\u00e1si m\u0171helyeit, amelyekben m\u00e1r hallgat\u00f3k\u00e9nt is bekapcsol\u00f3dhatsz izgalmas projektekbe. A Kerpel program keret\u00e9ben te is felfedezheted kutat\u00f3i tehets\u00e9gedet!<\/p>\n<p><strong>Online Fogad\u00f3\u00f3ra \u00e9s H\u00d6K F\u00f3rum:<br \/>\n<\/strong>Tedd fel k\u00e9rd\u00e9seidet az oktat\u00f3knak \u00e9s jelenlegi hallgat\u00f3knak! Tudj meg t\u00f6bbet a k\u00e9pz\u00e9sr\u0151l, a hallgat\u00f3i \u00e9letr\u0151l, vagy ak\u00e1r az \u00f6szt\u00f6nd\u00edjakr\u00f3l \u00e9s koll\u00e9giumi lehet\u0151s\u00e9gekr\u0151l.<\/p>\n<div class=\"fontos_div\">\n<p>A Pet\u0151 Andr\u00e1s Kar nem csup\u00e1n egy egyetemi k\u00e9pz\u00e9s, hanem egy olyan \u00fat, amely sor\u00e1n val\u00f3di v\u00e1ltoz\u00e1st hozhatsz m\u00e1sok \u00e9let\u00e9be. Gyere, \u00e9s tapasztald meg, mi\u00e9rt olyan k\u00fcl\u00f6nleges a konduktor hivat\u00e1s!<\/p>\n<\/div>\n<p>&nbsp;<\/p>\n<p>&nbsp;<\/p>\n<p>&nbsp;<\/p>\n","protected":false},"excerpt":{"rendered":"<p>Pet\u0151 Andr\u00e1s Kar &#8211; Online Ny\u00edlt nap 2026. JANU\u00c1R 24. 9.00-11:15 &nbsp; A konduktor hivat\u00e1s t\u00f6bb mint egy munka &#8211; ez egy \u00e9letre sz\u00f3l\u00f3 k\u00fcldet\u00e9s, amely feln\u0151ttek, gyermekek mindennapjait v\u00e1ltoztatja meg. Ha szeretn\u00e9l olyan karriert, amelyben m\u00e1sok \u00e9let\u00e9t teheted akt\u00edvabb\u00e1, boldogabb\u00e1, akkor csatlakozz hozz\u00e1nk janu\u00e1rban, \u00e9s tudj meg t\u00f6bbet err\u0151l az egyedi magyar m\u00f3dszerr\u0151l, amely &hellip;<\/p>\n","protected":false},"author":102235,"featured_media":0,"parent":9567,"menu_order":0,"comment_status":"closed","ping_status":"closed","template":"","meta":{"_acf_changed":false,"footnotes":""},"categories":[],"tags":[],"class_list":["post-9770","page","type-page","status-publish","hentry"],"acf":[],"_links":{"self":[{"href":"https:\/\/semmelweis.hu\/pak\/wp-json\/wp\/v2\/pages\/9770","targetHints":{"allow":["GET"]}}],"collection":[{"href":"https:\/\/semmelweis.hu\/pak\/wp-json\/wp\/v2\/pages"}],"about":[{"href":"https:\/\/semmelweis.hu\/pak\/wp-json\/wp\/v2\/types\/page"}],"author":[{"embeddable":true,"href":"https:\/\/semmelweis.hu\/pak\/wp-json\/wp\/v2\/users\/102235"}],"replies":[{"embeddable":true,"href":"https:\/\/semmelweis.hu\/pak\/wp-json\/wp\/v2\/comments?post=9770"}],"version-history":[{"count":12,"href":"https:\/\/semmelweis.hu\/pak\/wp-json\/wp\/v2\/pages\/9770\/revisions"}],"predecessor-version":[{"id":13403,"href":"https:\/\/semmelweis.hu\/pak\/wp-json\/wp\/v2\/pages\/9770\/revisions\/13403"}],"up":[{"embeddable":true,"href":"https:\/\/semmelweis.hu\/pak\/wp-json\/wp\/v2\/pages\/9567"}],"wp:attachment":[{"href":"https:\/\/semmelweis.hu\/pak\/wp-json\/wp\/v2\/media?parent=9770"}],"wp:term":[{"taxonomy":"category","embeddable":true,"href":"https:\/\/semmelweis.hu\/pak\/wp-json\/wp\/v2\/categories?post=9770"},{"taxonomy":"post_tag","embeddable":true,"href":"https:\/\/semmelweis.hu\/pak\/wp-json\/wp\/v2\/tags?post=9770"}],"curies":[{"name":"wp","href":"https:\/\/api.w.org\/{rel}","templated":true}]}}