{"id":9567,"date":"2023-11-20T12:32:42","date_gmt":"2023-11-20T11:32:42","guid":{"rendered":"https:\/\/semmelweis.hu\/pak\/?page_id=9567"},"modified":"2026-01-19T13:42:24","modified_gmt":"2026-01-19T12:42:24","slug":"nyilt-nap","status":"publish","type":"page","link":"https:\/\/semmelweis.hu\/pak\/felvetelizoknek\/nyilt-nap\/","title":{"rendered":"Ny\u00edlt nap"},"content":{"rendered":"<h2>NY\u00cdLT NAPOK A PET\u0150 ANDR\u00c1S KARON<\/h2>\n<h3>Konduktor Alapszakra<\/h3>\n<p><strong>Konduktor alapszak ny\u00edlt napjai:<\/strong> Karunk minden \u00e9vben t\u00f6bb id\u0151pontban is lehet\u0151s\u00e9get k\u00edn\u00e1l a felv\u00e9teli el\u0151tt \u00e1ll\u00f3 k\u00f6z\u00e9piskol\u00e1s di\u00e1kok \u00e9s \u00e9retts\u00e9gizettek sz\u00e1m\u00e1ra, hogy ny\u00edlt napjai keretein bel\u00fcl t\u00e1j\u00e9koztat\u00e1st kaphassanak a konduktork\u00e9pz\u00e9s rendszer\u00e9r\u0151l, a felv\u00e9teli elj\u00e1r\u00e1sr\u00f3l \u00e9s az ahhoz kapcsol\u00f3d\u00f3 alkalmass\u00e1gi vizsg\u00e1r\u00f3l, a karon foly\u00f3 elm\u00e9leti \u00e9s gyakorlati oktat\u00e1sr\u00f3l, valamint a k\u00e9s\u0151bbi karrierlehet\u0151s\u00e9gekr\u0151l. K\u00fcl\u00f6nleges lehet\u0151s\u00e9g, hogy a r\u00e9sztvev\u0151k betekint\u00e9st nyerhetnek a gyakorlati ter\u00fcleteinken foly\u00f3 foglalkoz\u00e1sok valamelyik\u00e9be. Az Egyetem minden \u00e9vben, janu\u00e1rban <a href=\"https:\/\/semmelweis.hu\/pak\/felvetelizoknek\/nyilt-nap\/online-nyilt-nap\/\">online ny\u00edlt napot tart<\/a>, amelyen Karunk is k\u00e9pviselteti mag\u00e1t a Semmelweis t\u00f6bbi Kara mellett.<\/p>\n<p>K\u00f6vetkez\u0151 ny\u00edlt napunkra, amely 2026.01.27-\u00e9n (kedden) ker\u00fcl megrendez\u00e9sre, az al\u00e1bbi linken lehet jelentkezni:\u00a0<\/p>\n<p><a href=\"https:\/\/docs.google.com\/forms\/d\/1vHCIvInyv6NSZzI0Gg8RZ_otx01nNgGfTS9F3Mz4vLs\/edit\">Jelentkez\u00e9s a Semmelweis Egyetem PAK konduktor alapszakos k\u00e9pz\u00e9s\u00e9nek ny\u00edlt napj\u00e1ra D\u00e1tum: 2026.01.13 (kedd) &#8211; Google \u0170rlapok<\/a><\/p>\n<p>&nbsp;<\/p>\n<h3><span style=\"font-size: 18pt\">Neurorehabilit\u00e1ci\u00f3 MSc k\u00e9pz\u00e9sre<\/span><\/h3>\n<p><strong>Neurorehabilit\u00e1ci\u00f3 mesterszak ny\u00edlt napjai<\/strong>: 2024. szeptember\u00e9t\u0151l indul Neurorehabilit\u00e1ci\u00f3 mesterk\u00e9pz\u00e9s a Pet\u0151 Andr\u00e1s Karon olyan szakemberek r\u00e9sz\u00e9re, akik szeretn\u00e9k neurorehabilit\u00e1ci\u00f3s tud\u00e1sukat elm\u00e9ly\u00edteni, a rendk\u00edv\u00fcl gyorsan fejl\u0151d\u0151 szakter\u00fclet leg\u00fajabb elm\u00e9leti, gyakorlati \u00e9s tudom\u00e1nyos ismereteit elsaj\u00e1t\u00edtani. Ny\u00edlt napokon az \u00e9rdekl\u0151d\u0151k inform\u00e1ci\u00f3t kapnak a k\u00e9pz\u00e9sr\u0151l, a felv\u00e9teli elj\u00e1r\u00e1sr\u00f3l, illetve a diploma megszerz\u00e9s\u00e9t k\u00f6vet\u0151, tanulm\u00e1nyaik doktori k\u00e9pz\u00e9sben t\u00f6rt\u00e9n\u0151 folytat\u00e1s\u00e1nak lehet\u0151s\u00e9geir\u0151l.<\/p>\n<div class=\"keretes w-100\">\n<p>K\u00f6vetkez\u0151 ny\u00edlt napunkat <strong>2025. december 17-\u00e9n tartjuk 16.00 \u00f3r\u00e1t\u00f3l, amelyre emailben tudnak jelentkezni a kendi.reka@semmelweis.hu c\u00edmen.\u00a0<\/strong><\/p>\n<p>A ny\u00edlt napon elhangz\u00f3 t\u00e1j\u00e9koztat\u00f3 anyag\u00e1t erre a linkre kattintva t\u00f6lthetik le.<\/p>\n<\/div>\n","protected":false},"excerpt":{"rendered":"<p>NY\u00cdLT NAPOK A PET\u0150 ANDR\u00c1S KARON Konduktor Alapszakra Konduktor alapszak ny\u00edlt napjai: Karunk minden \u00e9vben t\u00f6bb id\u0151pontban is lehet\u0151s\u00e9get k\u00edn\u00e1l a felv\u00e9teli el\u0151tt \u00e1ll\u00f3 k\u00f6z\u00e9piskol\u00e1s di\u00e1kok \u00e9s \u00e9retts\u00e9gizettek sz\u00e1m\u00e1ra, hogy ny\u00edlt napjai keretein bel\u00fcl t\u00e1j\u00e9koztat\u00e1st kaphassanak a konduktork\u00e9pz\u00e9s rendszer\u00e9r\u0151l, a felv\u00e9teli elj\u00e1r\u00e1sr\u00f3l \u00e9s az ahhoz kapcsol\u00f3d\u00f3 alkalmass\u00e1gi vizsg\u00e1r\u00f3l, a karon foly\u00f3 elm\u00e9leti \u00e9s gyakorlati oktat\u00e1sr\u00f3l, &hellip;<\/p>\n","protected":false},"author":102235,"featured_media":0,"parent":3273,"menu_order":3,"comment_status":"closed","ping_status":"closed","template":"","meta":{"_acf_changed":false,"footnotes":""},"categories":[],"tags":[],"class_list":["post-9567","page","type-page","status-publish","hentry"],"acf":[],"_links":{"self":[{"href":"https:\/\/semmelweis.hu\/pak\/wp-json\/wp\/v2\/pages\/9567","targetHints":{"allow":["GET"]}}],"collection":[{"href":"https:\/\/semmelweis.hu\/pak\/wp-json\/wp\/v2\/pages"}],"about":[{"href":"https:\/\/semmelweis.hu\/pak\/wp-json\/wp\/v2\/types\/page"}],"author":[{"embeddable":true,"href":"https:\/\/semmelweis.hu\/pak\/wp-json\/wp\/v2\/users\/102235"}],"replies":[{"embeddable":true,"href":"https:\/\/semmelweis.hu\/pak\/wp-json\/wp\/v2\/comments?post=9567"}],"version-history":[{"count":13,"href":"https:\/\/semmelweis.hu\/pak\/wp-json\/wp\/v2\/pages\/9567\/revisions"}],"predecessor-version":[{"id":13129,"href":"https:\/\/semmelweis.hu\/pak\/wp-json\/wp\/v2\/pages\/9567\/revisions\/13129"}],"up":[{"embeddable":true,"href":"https:\/\/semmelweis.hu\/pak\/wp-json\/wp\/v2\/pages\/3273"}],"wp:attachment":[{"href":"https:\/\/semmelweis.hu\/pak\/wp-json\/wp\/v2\/media?parent=9567"}],"wp:term":[{"taxonomy":"category","embeddable":true,"href":"https:\/\/semmelweis.hu\/pak\/wp-json\/wp\/v2\/categories?post=9567"},{"taxonomy":"post_tag","embeddable":true,"href":"https:\/\/semmelweis.hu\/pak\/wp-json\/wp\/v2\/tags?post=9567"}],"curies":[{"name":"wp","href":"https:\/\/api.w.org\/{rel}","templated":true}]}}