{"id":9504,"date":"2023-11-07T13:54:15","date_gmt":"2023-11-07T12:54:15","guid":{"rendered":"https:\/\/semmelweis.hu\/pak\/?page_id=9504"},"modified":"2025-06-21T12:39:49","modified_gmt":"2025-06-21T10:39:49","slug":"oktatasi-tevekenysegunk","status":"publish","type":"page","link":"https:\/\/semmelweis.hu\/pak\/oktatas\/oktatasi-tevekenysegunk\/","title":{"rendered":"Oktat\u00e1si tev\u00e9kenys\u00e9g\u00fcnk"},"content":{"rendered":"<h1 style=\"text-align: left\">Konduktor Alapk\u00e9pz\u00e9s<\/h1>\n<h3>Konduktor alapk\u00e9pz\u00e9s Budapesten (BA)<\/h3>\n<p style=\"text-align: left\"><strong>Konduktork\u00e9pz\u00e9si<\/strong> tapasztalatunk t\u00f6bb mint 50 \u00e9ves, a gyakorl\u00f3ter\u00fcleteinken v\u00e9gzett kondukt\u00edv fejleszt\u0151 munk\u00e1nk 70 \u00e9ves m\u00faltra tekint vissza. Az els\u0151sorban mozg\u00e1ss\u00e9r\u00fclt szem\u00e9lyek kondukt\u00edv fejleszt\u00e9s\u00e9ben szerzett gyakorlati tapasztalataink, hazai \u00e9s nemzetk\u00f6zi eredm\u00e9nyeink lehet\u0151v\u00e9 teszik sz\u00e1munkra a trad\u00edci\u00f3k \u0151rz\u00e9s\u00e9t \u00e9s \u00faj fejleszt\u00e9si ir\u00e1nyok megfogalmaz\u00e1s\u00e1t. A <a href=\"https:\/\/semmelweis.hu\/pak\/a-karrol\/peto-modszer\/\"><strong>Pet\u0151 m\u00f3dszer<\/strong><\/a> eredm\u00e9nyes alkalmaz\u00e1sa a k\u00f6zponti idegrendszer s\u00e9r\u00fcl\u00e9se miatt vagy vel\u0151cs\u0151-z\u00e1r\u00f3d\u00e1si zavar k\u00f6vetkezt\u00e9ben kialakult domin\u00e1nsan mozg\u00e1sfunkci\u00f3 kies\u00e9ssel vagy zavarral k\u00fczd\u0151 gyermekekn\u00e9l \u00e9s feln\u0151ttekn\u00e9l bizony\u00edtottan eredm\u00e9nyes.<\/p>\n<p style=\"text-align: left\"><strong>Konduktor alapszakunk<\/strong> tartalmi fel\u00e9p\u00edt\u00e9se lehet\u0151v\u00e9 teszi az elm\u00e9let \u00e9s a gyakorlat p\u00e1rhuzamos elsaj\u00e1t\u00edt\u00e1s\u00e1t. <strong>Akkredit\u00e1lt, gyakorlatk\u00f6zpont\u00fa k\u00e9pz\u00e9s\u00fcnk<\/strong> <strong>egyed\u00fcl\u00e1ll\u00f3 a pedag\u00f3gusk\u00e9pz\u00e9s palett\u00e1j\u00e1n<\/strong>, hallgat\u00f3ink a Kar \u00e1ltal fenntartott gyakorl\u00f3ter\u00fcleteken \u00e9s partnerint\u00e9zm\u00e9nyeinkben a teljes diagn\u00f3zis \u00e9s \u00e9letkor specifikus fejleszt\u00e9sbe kapcsol\u00f3dhatnak be szegreg\u00e1lt \u00e9s t\u00f6bbs\u00e9gi k\u00f6rnyezetbe. A <strong>konduktor alapszakon<\/strong> <strong>n\u00e9gy\u00e9ves nappali tagozatos<\/strong> form\u00e1ban szervezz\u00fck fels\u0151oktat\u00e1si k\u00e9pz\u00e9s\u00fcnket. A Pet\u0151 Andr\u00e1s Karon a\u00a0<strong>konduktor alapk\u00e9pz\u00e9sben<\/strong>\u00a0(Konduktork\u00e9pz\u00e9s BA)\u00a0<strong>\u00f3vodai \u00e9s iskolai, valamint a pedag\u00f3giai rehabilit\u00e1ci\u00f3 specializ\u00e1ci\u00f3<\/strong>\u00a0k\u00f6z\u00fcl v\u00e1lasztanak a hallgat\u00f3k a k\u00e9pz\u00e9s m\u00e1sodik f\u00e9l\u00e9v\u00e9nek v\u00e9g\u00e9n. \u00a0<\/p>\n<p style=\"text-align: left\">A konduktor BA elv\u00e9gz\u00e9s\u00e9t k\u00f6vet\u0151en olyan versenyk\u00e9pes tud\u00e1s birtok\u00e1ba jutnak hallgat\u00f3ink, amely a munkaer\u0151-piaci elv\u00e1r\u00e1soknak megfelel, diplomaszerz\u00e9st k\u00f6vet\u0151en pedig mind haz\u00e1nkban, mind nemzetk\u00f6zi sz\u00ednt\u00e9ren megbecs\u00fclt \u00e9s keresett szakemberr\u00e9 v\u00e1lnak.<\/p>\n<h2>Kihelyezett k\u00e9pz\u00e9seink<\/h2>\n<h3>Konduktor alapk\u00e9pz\u00e9s Illyefalv\u00e1n (BA)<\/h3>\n<p style=\"text-align: left\">2018 \u00f3ta ny\u00edlt meg a lehet\u0151s\u00e9g a budapesti konduktor k\u00e9pz\u00e9shez hasonl\u00f3, nappali tagozatos, n\u00e9gy\u00e9ves (8 f\u00e9l\u00e9ves) alapk\u00e9pz\u00e9sre <strong>Illyefalv\u00e1n<\/strong> (Rom\u00e1nia). A k\u00e9pz\u00e9s szervez\u00e9se 3 hetes ciklusokban t\u00f6rt\u00e9nik, az elm\u00e9leti \u00e9s gyakorlati blokkok v\u00e1ltakoz\u00e1s\u00e1val. A sikeres felv\u00e9teli egyik l\u00e9pcs\u0151foka az <strong>alkalmass\u00e1gi<\/strong> <strong>vizsga<\/strong> let\u00e9tele, erre <strong>2025. m\u00e1jus 10-\u00e9n, illetve 2025. augusztus 28-\u00e1n <\/strong>online form\u00e1ban ker\u00fcl sor, a r\u00e9szletekr\u0151l t\u00e1j\u00e9koz\u00f3dhatnak a <em><a href=\"https:\/\/semmelweis.hu\/pak\/felvetelizoknek\/informaciok-felvetelizoknek\/\"><strong>Felv\u00e9teliz\u0151knek<\/strong><\/a><\/em>\u00a0men\u00fcpontban.<\/p>\n<h3>Konduktor alapk\u00e9pz\u00e9s Szabadk\u00e1n (BA)<\/h3>\n<p>2024 \u0151sz\u00e9n ny\u00edlt meg a lehet\u0151s\u00e9g a budapesti konduktor k\u00e9pz\u00e9shez hasonl\u00f3, nappali tagozatos, n\u00e9gy\u00e9ves (8 f\u00e9l\u00e9ves) alapk\u00e9pz\u00e9sre <strong>Szabadk\u00e1n<\/strong> (Szerbia). A k\u00e9pz\u00e9s szervez\u00e9se 3 hetes ciklusokban t\u00f6rt\u00e9nik, az elm\u00e9leti \u00e9s gyakorlati blokkok v\u00e1ltakoz\u00e1s\u00e1val. A sikeres felv\u00e9teli egyik l\u00e9pcs\u0151foka az <strong>alkalmass\u00e1gi vizsga<\/strong> let\u00e9tele, erre <strong>2025. m\u00e1jus 10-\u00e9n, illetve 2025. augusztus 25-\u00e9n <\/strong>online form\u00e1ban ker\u00fcl sor, a r\u00e9szletekr\u0151l t\u00e1j\u00e9koz\u00f3dhatnak<a href=\"https:\/\/www.szla.org.rs\/web\/2024\/06\/01\/semmelweis-egyetem-peto-andras-kar-konduktor-alapszak-ba\/\"> erre a linkre kattintva<\/a>.<\/p>\n<h1>MESTERK\u00c9PZ\u00c9S<\/h1>\n<h3>Neurorehabilit\u00e1ci\u00f3 mesterk\u00e9pz\u00e9si szak (MSc)<\/h3>\n<p><strong>Szakk\u00e9pzetts\u00e9g:<\/strong> okleveles neurorehabilit\u00e1ci\u00f3s szakember<\/p>\n<p style=\"text-align: left\">A 2024. \u0151szt\u0151l indul\u00f3 k\u00e9pz\u00e9s c\u00e9lja olyan <strong>neurorehabilit\u00e1ci\u00f3s szakemberek<\/strong> k\u00e9pz\u00e9se, akik k\u00e9pesek a neurorehabilit\u00e1ci\u00f3 lehets\u00e9ges alkalmaz\u00e1si ter\u00fclet\u00e9n, \u00edgy a rehabilit\u00e1ci\u00f3s medicin\u00e1n bel\u00fcl a neurorehabilit\u00e1ci\u00f3s fekv\u0151- \u00e9s j\u00e1r\u00f3beteg ell\u00e1t\u00e1sban, illetve a lak\u00f3helyk\u00f6zeli ell\u00e1t\u00e1si h\u00e1l\u00f3zatban, valamint a neurorehabilit\u00e1ci\u00f3s centrumokban az eg\u00e9szs\u00e9g\u00fcgyi rehabilit\u00e1ci\u00f3 gyakorlati megval\u00f3s\u00edt\u00e1s\u00e1ban, tov\u00e1bb\u00e1 a neurorehabilit\u00e1ci\u00f3s kutat\u00f3munk\u00e1ban r\u00e9szt venni.<\/p>\n<h1 style=\"text-align: left\">SZAKIR\u00c1NY\u00da TOV\u00c1BBK\u00c9PZ\u00c9S<\/h1>\n<h3>Pedag\u00f3gus szakvizsga szakszolg\u00e1lati ter\u00fcleten<\/h3>\n<p><strong>Szakk\u00e9pzetts\u00e9g:<\/strong> Szakvizsg\u00e1zott pedag\u00f3gus szakszolg\u00e1lati ter\u00fcleten<br \/>\n<strong>K\u00e9pz\u00e9si ter\u00fclet:<\/strong> pedag\u00f3gusk\u00e9pz\u00e9s<\/p>\n<p style=\"text-align: left\">A szakir\u00e1ny\u00fa tov\u00e1bbk\u00e9pz\u00e9si szak c\u00e9lja: a pedag\u00f3gusi tev\u00e9kenys\u00e9g ell\u00e1t\u00e1s\u00e1hoz sz\u00fcks\u00e9ges elm\u00e9leti \u00e9s gyakorlati ismeretek meger\u0151s\u00edt\u00e9se, elm\u00e9ly\u00edt\u00e9se, a leg\u00fajabb ismeretekkel t\u00f6rt\u00e9n\u0151 kieg\u00e9sz\u00edt\u00e9se, meg\u00faj\u00edt\u00e1sa.<\/p>\n<div class=\"keretes w-100\">\n<h1>OKTAT\u00c1SFEJLESZT\u00c9SI TERVEINK<\/h1>\n<p style=\"text-align: left\">Az akad\u00e9miai ter\u00fclet alapvet\u0151 strat\u00e9giai c\u00e9lja a megl\u00e9v\u0151 k\u00e9pz\u00e9seinek folyamatos fejleszt\u00e9se a v\u00e1ltoz\u00f3 szakmai \u00e9s t\u00e1rsadalmi ig\u00e9nyek figyelembev\u00e9tel\u00e9vel, \u00faj k\u00e9pz\u00e9si form\u00e1k \u00e9s k\u00e9pz\u00e9si tartalmak akkredit\u00e1l\u00e1sa \u00e9s elind\u00edt\u00e1sa. Szeretn\u00e9nk, hogy int\u00e9zm\u00e9ny\u00fcnk fegyelmezett, hat\u00e9kony \u00e9s fejl\u0151dni k\u00e9pes munk\u00e1val, sokr\u00e9t\u0171 hazai \u00e9s nemzetk\u00f6zi szakmai kapcsolatainak fenntart\u00e1s\u00e1val \u00e9s fejleszt\u00e9s\u00e9vel m\u00e9g sok\u00e1ig m\u00e9lt\u00f3 legyen arra a t\u00e1rsadalmi megbecs\u00fcl\u00e9sre, valamint a kondukt\u00edv fejleszt\u0151 munka \u00e9s konduktork\u00e9pz\u00e9s ir\u00e1nti tiszteletre \u00e9s \u00e9rdekl\u0151d\u00e9sre, amely az elm\u00falt \u00e9vtizedekben k\u00f6r\u00fclvett minket.<\/p>\n<p style=\"text-align: left\">Ennek jegy\u00e9ben ind\u00edtottuk el <strong>mesterk\u00e9pz\u00e9s\u00fcnket<\/strong> 2024 \u0151sz\u00e9n, amely okleveles neurorehabilit\u00e1ci\u00f3s szakk\u00e9pzetts\u00e9get ad.<\/p>\n<p style=\"text-align: left\">\u00a0<\/p>\n<\/div>\n<p style=\"text-align: left\">\u00a0<\/p>\n","protected":false},"excerpt":{"rendered":"<p>Konduktor Alapk\u00e9pz\u00e9s Konduktor alapk\u00e9pz\u00e9s Budapesten (BA) Konduktork\u00e9pz\u00e9si tapasztalatunk t\u00f6bb mint 50 \u00e9ves, a gyakorl\u00f3ter\u00fcleteinken v\u00e9gzett kondukt\u00edv fejleszt\u0151 munk\u00e1nk 70 \u00e9ves m\u00faltra tekint vissza. Az els\u0151sorban mozg\u00e1ss\u00e9r\u00fclt szem\u00e9lyek kondukt\u00edv fejleszt\u00e9s\u00e9ben szerzett gyakorlati tapasztalataink, hazai \u00e9s nemzetk\u00f6zi eredm\u00e9nyeink lehet\u0151v\u00e9 teszik sz\u00e1munkra a trad\u00edci\u00f3k \u0151rz\u00e9s\u00e9t \u00e9s \u00faj fejleszt\u00e9si ir\u00e1nyok megfogalmaz\u00e1s\u00e1t. A <a href=\"https:\/\/semmelweis.hu\/pak\/a-karrol\/peto-modszer\/\">Pet\u0151 m\u00f3dszer<\/a> eredm\u00e9nyes alkalmaz\u00e1sa a k\u00f6zponti idegrendszer s\u00e9r\u00fcl\u00e9se miatt &hellip;<\/p>\n","protected":false},"author":102235,"featured_media":0,"parent":3258,"menu_order":1,"comment_status":"closed","ping_status":"closed","template":"","meta":{"_acf_changed":false,"footnotes":""},"categories":[],"tags":[],"class_list":["post-9504","page","type-page","status-publish","hentry"],"acf":[],"_links":{"self":[{"href":"https:\/\/semmelweis.hu\/pak\/wp-json\/wp\/v2\/pages\/9504","targetHints":{"allow":["GET"]}}],"collection":[{"href":"https:\/\/semmelweis.hu\/pak\/wp-json\/wp\/v2\/pages"}],"about":[{"href":"https:\/\/semmelweis.hu\/pak\/wp-json\/wp\/v2\/types\/page"}],"author":[{"embeddable":true,"href":"https:\/\/semmelweis.hu\/pak\/wp-json\/wp\/v2\/users\/102235"}],"replies":[{"embeddable":true,"href":"https:\/\/semmelweis.hu\/pak\/wp-json\/wp\/v2\/comments?post=9504"}],"version-history":[{"count":12,"href":"https:\/\/semmelweis.hu\/pak\/wp-json\/wp\/v2\/pages\/9504\/revisions"}],"predecessor-version":[{"id":12224,"href":"https:\/\/semmelweis.hu\/pak\/wp-json\/wp\/v2\/pages\/9504\/revisions\/12224"}],"up":[{"embeddable":true,"href":"https:\/\/semmelweis.hu\/pak\/wp-json\/wp\/v2\/pages\/3258"}],"wp:attachment":[{"href":"https:\/\/semmelweis.hu\/pak\/wp-json\/wp\/v2\/media?parent=9504"}],"wp:term":[{"taxonomy":"category","embeddable":true,"href":"https:\/\/semmelweis.hu\/pak\/wp-json\/wp\/v2\/categories?post=9504"},{"taxonomy":"post_tag","embeddable":true,"href":"https:\/\/semmelweis.hu\/pak\/wp-json\/wp\/v2\/tags?post=9504"}],"curies":[{"name":"wp","href":"https:\/\/api.w.org\/{rel}","templated":true}]}}