{"id":934,"date":"2017-12-20T15:56:19","date_gmt":"2017-12-20T14:56:19","guid":{"rendered":"http:\/\/semmelweis.hu\/pak\/?page_id=934"},"modified":"2024-02-20T12:23:44","modified_gmt":"2024-02-20T11:23:44","slug":"konduktiv-fejlesztes","status":"publish","type":"page","link":"https:\/\/semmelweis.hu\/pak\/konduktiv-fejlesztes\/","title":{"rendered":"Kondukt\u00edv nevel\u00e9s"},"content":{"rendered":"<h1>A kondukt\u00edv nevel\u00e9s legf\u0151bb ter\u00fcletei<\/h1>\n<p><img loading=\"lazy\" decoding=\"async\" class=\"size-medium wp-image-1519 alignright\" src=\"https:\/\/semmelweis.hu\/pak\/files\/2017\/12\/14-a20bc439f3-300x199.jpg\" alt=\"\" width=\"300\" height=\"199\" data-wp-editing=\"1\" srcset=\"https:\/\/semmelweis.hu\/pak\/files\/2017\/12\/14-a20bc439f3-300x199.jpg 300w, https:\/\/semmelweis.hu\/pak\/files\/2017\/12\/14-a20bc439f3-768x510.jpg 768w, https:\/\/semmelweis.hu\/pak\/files\/2017\/12\/14-a20bc439f3-452x300.jpg 452w, https:\/\/semmelweis.hu\/pak\/files\/2017\/12\/14-a20bc439f3.jpg 800w\" sizes=\"auto, (max-width: 300px) 100vw, 300px\" \/><\/p>\n<div class=\"lead\">A kondukt\u00edv nevel\u00e9si rendszer lehet\u0151s\u00e9get ad a szem\u00e9lyis\u00e9g minden oldal\u00fa kibontakoztat\u00e1s\u00e1ra \u00e9s ugyanakkor lehet\u0151v\u00e9 teszi a t\u00e1rsakkal val\u00f3 egy\u00fcttm\u0171k\u00f6d\u00e9st is, el\u0151k\u00e9sz\u00edt a val\u00f3di integr\u00e1ci\u00f3ra.<\/div>\n<p>Gyermekekn\u00e9l j\u00e1t\u00e9kos form\u00e1ban, az \u00e9letkori saj\u00e1toss\u00e1gokat figyelembe v\u00e9ve, rengeteg \u00e9nekkel \u00e9s mond\u00f3k\u00e1val k\u00eds\u00e9rve tan\u00edtjuk meg \u0151ket a saj\u00e1t korl\u00e1taik \u00e9s k\u00e9pess\u00e9geik ismeret\u00e9re, haszn\u00e1lat\u00e1ra, mik\u00f6zben komplexen fejlesztj\u00fck az eg\u00e9sz szem\u00e9lyt. Az \u00e9nekek, mond\u00f3k\u00e1k, versek ritmust adnak a mozdulatoknak, meghat\u00e1rozz\u00e1k a tev\u00e9kenys\u00e9g \u00fctem\u00e9t, kiv\u00e1ltj\u00e1k \u00e9s fenntartj\u00e1k a mozg\u00e1st. C\u00e9l: min\u00e9l \u00f6n\u00e1ll\u00f3bb feladatv\u00e9gz\u00e9s, ez\u00e1ltal a lehet\u0151s\u00e9gek szerinti legnagyobb \u00f6n\u00e1ll\u00f3s\u00e1g el\u00e9r\u00e9se.<\/p>\n<hr \/>\n<h4><strong>Korai fejleszt\u00e9s csecsem\u0151kort\u00f3l 3 \u00e9ves korig<\/strong><\/h4>\n<p>Mint minden rehabilit\u00e1ci\u00f3s, habilit\u00e1ci\u00f3s folyamat eset\u00e9ben, a kondukt\u00edv pedag\u00f3gia is akkor a leghat\u00e9konyabb, ha a probl\u00e9m\u00e1k kisz\u0171r\u00e9se, a fejleszt\u00e9s a lehet\u0151 legkor\u00e1bbi \u00e9letkorban megkezd\u0151dik, erre ny\u00fajt seg\u00edts\u00e9get a korai fejleszt\u00e9s, mely k\u00f6zponti idegrendszeri s\u00e9r\u00fclt, korasz\u00fcl\u00f6tt, elt\u00e9r\u0151 izomt\u00f3nus\u00fa \u00e9s megk\u00e9sett motoros fejl\u0151d\u00e9s\u0171 gyermekek sz\u00e1m\u00e1ra aj\u00e1nlott.<\/p>\n<p><a href=\"https:\/\/semmelweis.hu\/pak\/konduktiv-fejlesztes\/modszertani-intezmeny-ekpmi\/korai-szures-fejlesztes\/\" target=\"_blank\" rel=\"noopener noreferrer\">Bejelentkez\u00e9s \u00e9s b\u0151vebb inform\u00e1ci\u00f3 ezen a linken tal\u00e1lhat\u00f3.<\/a><\/p>\n<hr \/>\n<h4><strong>S\u00e9r\u00fclt \u00e9s \u00e9p mozg\u00e1s\u00fa \u00f3vod\u00e1skor\u00fa gyermekek sz\u00e1m\u00e1ra: Pet\u0151 \u00f3voda!<\/strong><\/h4>\n<p>A Semmelweis Egyetem Pet\u0151 Andr\u00e1s Gyakorl\u00f3 \u00d3vod\u00e1j\u00e1ban a 3-7 \u00e9v k\u00f6z\u00f6tti k\u00f6zponti idegrendszeri s\u00e9r\u00fclt (CP-s) saj\u00e1tos nevel\u00e9si ig\u00e9ny\u0171, valamint az integr\u00e1ci\u00f3s csoportban \u00e9p mozg\u00e1s\u00fa \u00e9s enyh\u00e9n s\u00e9r\u00fclt gyermekek egy\u00fctt nevel\u00e9s\u00e9t biztos\u00edtjuk. \u00d3vod\u00e1nk a k\u00f6znevel\u00e9si rendszer szerves r\u00e9sze, csoportjaink komplex programja \u00f6sszhangban van az \u00f3vodai nevel\u00e9s orsz\u00e1gos alapprogramj\u00e1val, illetve figyelembe veszi a saj\u00e1tos nevel\u00e9si ig\u00e9ny\u0171 gyermekek nevel\u00e9s\u00e9nek ir\u00e1nyelveit.<\/p>\n<p>Az \u00f3vodai program komplexit\u00e1sa biztos\u00edtja a mozg\u00e1ss\u00e9r\u00fclt \u00e9s \u00e9p mozg\u00e1s\u00fa gyermekek harmonikus szem\u00e9lyis\u00e9gfejleszt\u00e9s\u00e9t, mely fejleszt\u00e9s eredm\u00e9nyek\u00e9nt a mozg\u00e1sukban akad\u00e1lyozott gyermekek is k\u00e9pess\u00e9 v\u00e1lnak\/v\u00e1lhatnak az \u00e9letkoruknak megfelel\u0151 k\u00f6vetelm\u00e9nyeknek, elv\u00e1r\u00e1soknak a lehet\u0151 legnagyobb \u00f6n\u00e1ll\u00f3s\u00e1g kialak\u00edt\u00e1s\u00e1val megfelelni, \u00e9p mozg\u00e1s\u00fa t\u00e1rsaik pedig \u00fagy szocializ\u00e1l\u00f3dnak, hogy megtanulj\u00e1k a \u201em\u00e1ss\u00e1got\u201d term\u00e9szetes m\u00f3don elfogadni, \u00edgy empatikusabb, meg\u00e9rt\u0151bb, toler\u00e1nsabb szem\u00e9lyis\u00e9gg\u00e9 v\u00e1lhatnak.<\/p>\n<p><a href=\"https:\/\/semmelweis.hu\/peto-ovoda\/\" target=\"_blank\" rel=\"noopener noreferrer\">B\u0151vebb inform\u00e1ci\u00f3 \u00e9s jelentkez\u00e9s ezen a linken \u00e9rhet\u0151 el.<\/a><\/p>\n<hr \/>\n<h4><strong>Gyakorl\u00f3 Kondukt\u00edv \u00c1ltal\u00e1nos Iskola \u00e9s Koll\u00e9gium<\/strong><\/h4>\n<p>Iskol\u00e1skor\u00fa gyermekeink, neveltjeink nagy t\u00f6bbs\u00e9ge a k\u00f6zponti idegrendszer s\u00e9r\u00fcl\u00e9se k\u00f6vetkezt\u00e9ben mozg\u00e1sszervi fogyat\u00e9kos, sok esetben halmozottan s\u00e9r\u00fclt (l\u00e1t\u00e1s, hall\u00e1s, besz\u00e9d, \u00e9szlel\u00e9si probl\u00e9m\u00e1k), r\u00e9szk\u00e9pess\u00e9g zavarokkal k\u00fczd\u0151, tanul\u00e1sban akad\u00e1lyozott, saj\u00e1tos nevel\u00e9si ig\u00e9ny\u0171.<\/p>\n<p>Az \u00e1ltal\u00e1nos iskol orsz\u00e1gos m\u0171k\u00f6d\u00e9si k\u00f6rzettel rendelkezik. 9 csoportban, 106 di\u00e1kkal, akiknek t\u00f6bb mint 50%-a koll\u00e9gista. 1-8. \u00e9vfolyamon folyik a tanul\u00f3k kondukt\u00edv oktat\u00e1sa \u00e9s nevel\u00e9se, norm\u00e1l tanterv\u0171 \u00e9s tanul\u00e1sban akad\u00e1lyozottak tanterve szerint halad\u00f3 oszt\u00e1lyokban.<\/p>\n<p><a href=\"https:\/\/semmelweis.hu\/peto-ekpmi\/gyakorlo-altalanos-iskola-bemutatkozas\/\" target=\"_blank\" rel=\"noopener noreferrer\">B\u00f6vebb inform\u00e1ci\u00f3 \u00e9s jelentkez\u00e9s ezen a linken \u00e9rhet\u0151 el.<\/a><\/p>\n<hr \/>\n<h4><strong>Kondukt\u00edv Pedag\u00f3gia a feln\u0151ttkori, szerzett k\u00f6zponti idegrendszeri s\u00e9r\u00fcl\u00e9sek eset\u00e9ben<\/strong><\/h4>\n<p>Pet\u0151 Andr\u00e1s professzor a gyermekek fejleszt\u00e9se mellett, nagy hangs\u00falyt fektetett a feln\u0151tt diszfunkci\u00f3sok, mozg\u00e1ss\u00e9r\u00fcltek rehabilit\u00e1ci\u00f3j\u00e1ra is. A feln\u0151ttkori rehabilit\u00e1ci\u00f3val a modern neuropszichol\u00f3gia is sokat foglalkozik. Ideg\u00e9lettani alapja az a felismer\u00e9s, miszerint az agy plaszticit\u00e1sa a gyermek- \u00e9s ifj\u00fakor elm\u00fal\u00e1s\u00e1val is megmarad. M\u00e9g s\u00falyos s\u00e9r\u00fcl\u00e9s eset\u00e9n is, lehet\u0151s\u00e9g van \u00faj kapcsolatrendszer ki\u00e9p\u00edt\u00e9s\u00e9re, \u00e9s aktivit\u00e1s r\u00e9v\u00e9n bizonyos fok\u00fa \u00f6nregener\u00e1l\u00f3d\u00e1sra. Fontos, hogy a mozg\u00e1ss\u00e9r\u00fcltek visszanyerj\u00e9k elvesztett k\u00e9pess\u00e9geiket, lehet\u0151s\u00e9g\u00fck ny\u00edljon a munk\u00e1ba val\u00f3 visszat\u00e9r\u00e9sre \u00e9s akt\u00edv, tartalmas, min\u00e9l \u00f6n\u00e1ll\u00f3bb \u00e9letre legyenek k\u00e9pesek.<\/p>\n<p><a href=\"https:\/\/semmelweis.hu\/pak\/konduktiv-fejlesztes\/felnott-nevelesi-egyseg-fne\/\" target=\"_blank\" rel=\"noopener noreferrer\">B\u0151vebb inform\u00e1ci\u00f3, ell\u00e1tottak k\u00f6re, s\u00e9r\u00fcl\u00e9st\u00edpusok \u00e9s jelentkez\u00e9s ezen a linken \u00e9rhet\u0151 el.<\/a><\/p>\n","protected":false},"excerpt":{"rendered":"<p>A kondukt\u00edv nevel\u00e9s legf\u0151bb ter\u00fcletei A kondukt\u00edv nevel\u00e9si rendszer lehet\u0151s\u00e9get ad a szem\u00e9lyis\u00e9g minden oldal\u00fa kibontakoztat\u00e1s\u00e1ra \u00e9s ugyanakkor lehet\u0151v\u00e9 teszi a t\u00e1rsakkal val\u00f3 egy\u00fcttm\u0171k\u00f6d\u00e9st is, el\u0151k\u00e9sz\u00edt a val\u00f3di integr\u00e1ci\u00f3ra. Gyermekekn\u00e9l j\u00e1t\u00e9kos form\u00e1ban, az \u00e9letkori saj\u00e1toss\u00e1gokat figyelembe v\u00e9ve, rengeteg \u00e9nekkel \u00e9s mond\u00f3k\u00e1val k\u00eds\u00e9rve tan\u00edtjuk meg \u0151ket a saj\u00e1t korl\u00e1taik \u00e9s k\u00e9pess\u00e9geik ismeret\u00e9re, haszn\u00e1lat\u00e1ra, mik\u00f6zben komplexen fejlesztj\u00fck &hellip;<\/p>\n","protected":false},"author":101362,"featured_media":0,"parent":0,"menu_order":31,"comment_status":"closed","ping_status":"closed","template":"","meta":{"_acf_changed":false,"footnotes":""},"categories":[],"tags":[],"class_list":["post-934","page","type-page","status-publish","hentry"],"acf":[],"_links":{"self":[{"href":"https:\/\/semmelweis.hu\/pak\/wp-json\/wp\/v2\/pages\/934","targetHints":{"allow":["GET"]}}],"collection":[{"href":"https:\/\/semmelweis.hu\/pak\/wp-json\/wp\/v2\/pages"}],"about":[{"href":"https:\/\/semmelweis.hu\/pak\/wp-json\/wp\/v2\/types\/page"}],"author":[{"embeddable":true,"href":"https:\/\/semmelweis.hu\/pak\/wp-json\/wp\/v2\/users\/101362"}],"replies":[{"embeddable":true,"href":"https:\/\/semmelweis.hu\/pak\/wp-json\/wp\/v2\/comments?post=934"}],"version-history":[{"count":13,"href":"https:\/\/semmelweis.hu\/pak\/wp-json\/wp\/v2\/pages\/934\/revisions"}],"predecessor-version":[{"id":10027,"href":"https:\/\/semmelweis.hu\/pak\/wp-json\/wp\/v2\/pages\/934\/revisions\/10027"}],"wp:attachment":[{"href":"https:\/\/semmelweis.hu\/pak\/wp-json\/wp\/v2\/media?parent=934"}],"wp:term":[{"taxonomy":"category","embeddable":true,"href":"https:\/\/semmelweis.hu\/pak\/wp-json\/wp\/v2\/categories?post=934"},{"taxonomy":"post_tag","embeddable":true,"href":"https:\/\/semmelweis.hu\/pak\/wp-json\/wp\/v2\/tags?post=934"}],"curies":[{"name":"wp","href":"https:\/\/api.w.org\/{rel}","templated":true}]}}