{"id":7939,"date":"2022-11-29T16:09:43","date_gmt":"2022-11-29T15:09:43","guid":{"rendered":"https:\/\/semmelweis.hu\/pak\/?page_id=7939"},"modified":"2024-11-25T16:01:30","modified_gmt":"2024-11-25T15:01:30","slug":"7939-2","status":"publish","type":"page","link":"https:\/\/semmelweis.hu\/pak\/en\/research\/wcce\/7939-2\/","title":{"rendered":"Conductive Education Occasional Papers \u2013 Supplement"},"content":{"rendered":"<p><strong>Impressum:\u00a0<\/strong><\/p>\n<p><strong>Conductive Education Occasional Papers \u2013 Supplement \u2013 The Absract Books of the World Congresses on Conductive Education<\/strong><\/p>\n<p><strong>ISSN numbers:<\/strong><\/p>\n<p><strong>ISSN 1585-8707 (Print)<br \/>\n<\/strong><strong>ISSN 2939-6972 (Online)<\/strong><\/p>\n<p><strong>Editorial Committe: <\/strong>Feket\u00e9n\u00e9 dr. Szab\u00f3 \u00c9va, dr. T\u00fari Ibolya, dr.Tenk Mikl\u00f3sn\u00e9 dr. Zsebe Andrea, Vissi T\u00edmea, Vona Zs\u00f3fia<br \/>\n<strong>Chief Editor:<\/strong> Feket\u00e9n\u00e9 dr. Szab\u00f3 \u00c9va<br \/>\n<strong>Editor:<\/strong> dr. T\u00fari Ibolya<\/p>\n<p><strong>Publisher and Editor<\/strong><br \/>\nSemmelweis Egyetem Pet\u0151 Andr\u00e1s Kar \u00e9s A Kondukt\u00edv Nevel\u00e9s Nemzetk\u00f6zi Pet\u0151 Andr\u00e1s T\u00e1rsas\u00e1ga \/ International Pet\u0151 Association<br \/>\n1125 Budapest, K\u00fatv\u00f6lgyi \u00fat 8.<br \/>\nTelefon: 36 1 224 1500<\/p>\n<p><strong>Responsible Publisher:<\/strong> Dr. Tenk Mikl\u00f3sn\u00e9 dr. Zsebe Andrea \u00e9s Feket\u00e9n\u00e9 dr. Szab\u00f3 \u00c9va<\/p>\n<hr \/>\n<p><strong>In the link below, you can read the online issues of the CE Occasional Papers related to the Conductive Education World Congresses in English.<\/strong><\/p>\n<p><a href=\"https:\/\/semmelweis.hu\/pak\/files\/2024\/09\/11th-Abstact-Book-word-1101wissn.pdf\" target=\"_blank\" rel=\"noopener\">Conductive Education Occasional Papers \u2013 Supplement 11 (11th World Congress on Conductive Education) Abstract Book<\/a><br \/>\n<strong>ISSN 2939-6972 (online) The papers have only been published online.<\/strong><\/p>\n<p><a href=\"https:\/\/semmelweis.hu\/pak\/files\/2022\/04\/2020-10th-WCCE-ABSTRACTS-PROGRAM.pdf\" target=\"_blank\" rel=\"noopener\">Conductive Education Occasional Papers \u2013 Supplement 10 (10th World Congress on Conductive Education) Absract Book<\/a><\/p>\n<p>Conductive Education Occasional Papers \u2013 Supplement 9 (9th World Congress on Conductive Education) Absract Book<\/p>\n<p><a href=\"https:\/\/semmelweis.hu\/pak\/files\/2022\/10\/Supplement-6-Body.pdf\" target=\"_blank\" rel=\"noopener\">Conductive Education Occasional Papers \u2013 Supplement 6 (6th World Congress on Conductive Education), Absract Book<\/a><\/p>\n<p>Conductive Education Occasional Papers \u2013 Supplement 5 (5th World Congress on Conductive Education) <a href=\"https:\/\/semmelweis.hu\/pak\/files\/2022\/10\/CEOP_5th-vilagkongresszus.pdf\" target=\"_blank\" rel=\"noopener\">Abstract Book (ENG)<\/a>, <a href=\"https:\/\/semmelweis.hu\/pak\/files\/2022\/10\/Suplement_5.pdf\" target=\"_blank\" rel=\"noopener\">Abstract Book (HUN)<\/a> and <a href=\"https:\/\/semmelweis.hu\/pak\/files\/2022\/10\/Body_CEOP_5-special.pdf\" target=\"_blank\" rel=\"noopener\">Special Edition<\/a><\/p>\n<p>Conductive Education Occasional Papers \u2013 Supplement 4 (4th World Congress on Conductive Education), Absract Book <a href=\"https:\/\/semmelweis.hu\/pak\/files\/2022\/10\/WCCE_4_1-.pdf\" target=\"_blank\" rel=\"noopener\">part 1,<\/a> <a href=\"https:\/\/semmelweis.hu\/pak\/files\/2022\/10\/WCCE_4_2.pdf\" target=\"_blank\" rel=\"noopener\">part 2<\/a>, <a href=\"https:\/\/semmelweis.hu\/pak\/files\/2022\/10\/WCCE_4_3.pdf\" target=\"_blank\" rel=\"noopener\">part 3<\/a>, <a href=\"https:\/\/semmelweis.hu\/pak\/files\/2022\/10\/WCCE_4_4.pdf\" target=\"_blank\" rel=\"noopener\">part 4<\/a>, <a href=\"https:\/\/semmelweis.hu\/pak\/files\/2022\/10\/WCCE_4_5.pdf\" target=\"_blank\" rel=\"noopener\">part 5<\/a>,<a href=\"https:\/\/semmelweis.hu\/pak\/files\/2022\/10\/WCCE_4_6.pdf\" target=\"_blank\" rel=\"noopener\"> part 6<\/a><\/p>\n<p>Conductive Education Occasional Papers \u2013 Supplement 3 (3rd World Congress on Conductive Education) Abstract Book <a href=\"https:\/\/semmelweis.hu\/pak\/files\/2022\/10\/3-vilagkong.pdf\" target=\"_blank\" rel=\"noopener\">part 1<\/a>, <a href=\"https:\/\/semmelweis.hu\/pak\/files\/2022\/10\/3-vilagkong-2.pdf\" target=\"_blank\" rel=\"noopener\">part 2<\/a>, <a href=\"https:\/\/semmelweis.hu\/pak\/files\/2022\/10\/3-vilagkong.pdf\" target=\"_blank\" rel=\"noopener\">part 3<\/a>, <a href=\"https:\/\/semmelweis.hu\/pak\/files\/2022\/10\/3-vilagkong4.pdf\" target=\"_blank\" rel=\"noopener\">part 4<\/a><\/p>\n","protected":false},"excerpt":{"rendered":"<p>Impressum:\u00a0 Conductive Education Occasional Papers \u2013 Supplement \u2013 The Absract Books of the World Congresses on Conductive Education ISSN numbers: ISSN 1585-8707 (Print) ISSN 2939-6972 (Online) Editorial Committe: Feket\u00e9n\u00e9 dr. Szab\u00f3 \u00c9va, dr. T\u00fari Ibolya, dr.Tenk Mikl\u00f3sn\u00e9 dr. Zsebe Andrea, Vissi T\u00edmea, Vona Zs\u00f3fia Chief Editor: Feket\u00e9n\u00e9 dr. Szab\u00f3 \u00c9va Editor: dr. T\u00fari Ibolya Publisher &hellip;<\/p>\n","protected":false},"author":102056,"featured_media":0,"parent":7783,"menu_order":0,"comment_status":"closed","ping_status":"closed","template":"","meta":{"_acf_changed":false,"footnotes":""},"categories":[],"tags":[],"class_list":["post-7939","page","type-page","status-publish","hentry"],"acf":[],"_links":{"self":[{"href":"https:\/\/semmelweis.hu\/pak\/wp-json\/wp\/v2\/pages\/7939","targetHints":{"allow":["GET"]}}],"collection":[{"href":"https:\/\/semmelweis.hu\/pak\/wp-json\/wp\/v2\/pages"}],"about":[{"href":"https:\/\/semmelweis.hu\/pak\/wp-json\/wp\/v2\/types\/page"}],"author":[{"embeddable":true,"href":"https:\/\/semmelweis.hu\/pak\/wp-json\/wp\/v2\/users\/102056"}],"replies":[{"embeddable":true,"href":"https:\/\/semmelweis.hu\/pak\/wp-json\/wp\/v2\/comments?post=7939"}],"version-history":[{"count":7,"href":"https:\/\/semmelweis.hu\/pak\/wp-json\/wp\/v2\/pages\/7939\/revisions"}],"predecessor-version":[{"id":11217,"href":"https:\/\/semmelweis.hu\/pak\/wp-json\/wp\/v2\/pages\/7939\/revisions\/11217"}],"up":[{"embeddable":true,"href":"https:\/\/semmelweis.hu\/pak\/wp-json\/wp\/v2\/pages\/7783"}],"wp:attachment":[{"href":"https:\/\/semmelweis.hu\/pak\/wp-json\/wp\/v2\/media?parent=7939"}],"wp:term":[{"taxonomy":"category","embeddable":true,"href":"https:\/\/semmelweis.hu\/pak\/wp-json\/wp\/v2\/categories?post=7939"},{"taxonomy":"post_tag","embeddable":true,"href":"https:\/\/semmelweis.hu\/pak\/wp-json\/wp\/v2\/tags?post=7939"}],"curies":[{"name":"wp","href":"https:\/\/api.w.org\/{rel}","templated":true}]}}