{"id":7479,"date":"2022-08-22T12:21:06","date_gmt":"2022-08-22T10:21:06","guid":{"rendered":"https:\/\/semmelweis.hu\/pak\/?page_id=7479"},"modified":"2023-10-04T14:09:20","modified_gmt":"2023-10-04T12:09:20","slug":"deans-office","status":"publish","type":"page","link":"https:\/\/semmelweis.hu\/pak\/en\/about-us\/deans-office\/","title":{"rendered":"Dean&#8217;s Office"},"content":{"rendered":"<h3>About the Dean&#8217;s Office<\/h3>\n<p><span class=\"Y2IQFc\" lang=\"en\">The Dean&#8217;s Office is an organizational unit under the direct control of the Dean. Its <\/span><span class=\"Y2IQFc\" lang=\"en\">task is to manage and ensure the functioning of the Andr\u00e1s Pet\u0151 Faculty.<\/span><\/p>\n<h3>Contact<strong><br \/>\n<\/strong><\/h3>\n<p>Address: H-1125, room nr. 211, house nr. 8., K\u00fatv\u00f6lgyi str., Budapest, Hungary<br \/>\nPhone number: +36 1 224 1519<br \/>\nFax number: +36 1 224 1531<strong><br \/>\n<\/strong><\/p>\n<h3>Colleagues<\/h3>\n<p><span style=\"font-size: 14pt\"><strong>Dr. Emese Celeszta Balogh<\/strong><br \/>\n<\/span><span style=\"font-size: 14pt\">Head of Dean&#8217;s Office<br \/>\n<\/span><span style=\"font-size: 14pt\">balogh.emese_celeszta@semmelweis.hu<\/span><\/p>\n<p><span style=\"font-size: 14pt\"><strong>\u00c1gnes Farkas<\/strong><br \/>\n<\/span><span style=\"font-size: 14pt\">Administrator<br \/>\n<\/span><span style=\"font-size: 14pt\">farkas.agnes1@semmelweis.hu<\/span><\/p>\n<p><span style=\"font-size: 14pt\"><strong>Szabolcs Tiger<\/strong><br \/>\n<\/span><span style=\"font-size: 14pt\">Coordinator of International Affairs<br \/>\n<\/span><span style=\"font-size: 14pt\">tiger.szabolcs@semmelweis.hu<\/span><\/p>\n<h3>Appointment with the Dean<\/h3>\n<p>If you wish to have a meeting with the Dean please get your appointment through the coordinator of international affairs via the petointernational@semmelweis.hu e-mail address of on the <span class=\"emp-phone\">+36 1 224 1578 phone number.<\/span><\/p>\n","protected":false},"excerpt":{"rendered":"<p>About the Dean&#8217;s Office The Dean&#8217;s Office is an organizational unit under the direct control of the Dean. Its task is to manage and ensure the functioning of the Andr\u00e1s Pet\u0151 Faculty. Contact Address: H-1125, room nr. 211, house nr. 8., K\u00fatv\u00f6lgyi str., Budapest, Hungary Phone number: +36 1 224 1519 Fax number: +36 1 &hellip;<\/p>\n","protected":false},"author":102056,"featured_media":0,"parent":2078,"menu_order":2,"comment_status":"closed","ping_status":"closed","template":"","meta":{"_acf_changed":false,"footnotes":""},"categories":[],"tags":[323,325,317,319,321],"class_list":["post-7479","page","type-page","status-publish","hentry","tag-appointment","tag-contact","tag-dean","tag-deans-office","tag-opening-hours"],"acf":[],"_links":{"self":[{"href":"https:\/\/semmelweis.hu\/pak\/wp-json\/wp\/v2\/pages\/7479","targetHints":{"allow":["GET"]}}],"collection":[{"href":"https:\/\/semmelweis.hu\/pak\/wp-json\/wp\/v2\/pages"}],"about":[{"href":"https:\/\/semmelweis.hu\/pak\/wp-json\/wp\/v2\/types\/page"}],"author":[{"embeddable":true,"href":"https:\/\/semmelweis.hu\/pak\/wp-json\/wp\/v2\/users\/102056"}],"replies":[{"embeddable":true,"href":"https:\/\/semmelweis.hu\/pak\/wp-json\/wp\/v2\/comments?post=7479"}],"version-history":[{"count":11,"href":"https:\/\/semmelweis.hu\/pak\/wp-json\/wp\/v2\/pages\/7479\/revisions"}],"predecessor-version":[{"id":8766,"href":"https:\/\/semmelweis.hu\/pak\/wp-json\/wp\/v2\/pages\/7479\/revisions\/8766"}],"up":[{"embeddable":true,"href":"https:\/\/semmelweis.hu\/pak\/wp-json\/wp\/v2\/pages\/2078"}],"wp:attachment":[{"href":"https:\/\/semmelweis.hu\/pak\/wp-json\/wp\/v2\/media?parent=7479"}],"wp:term":[{"taxonomy":"category","embeddable":true,"href":"https:\/\/semmelweis.hu\/pak\/wp-json\/wp\/v2\/categories?post=7479"},{"taxonomy":"post_tag","embeddable":true,"href":"https:\/\/semmelweis.hu\/pak\/wp-json\/wp\/v2\/tags?post=7479"}],"curies":[{"name":"wp","href":"https:\/\/api.w.org\/{rel}","templated":true}]}}