{"id":7227,"date":"2022-06-28T11:35:08","date_gmt":"2022-06-28T09:35:08","guid":{"rendered":"https:\/\/semmelweis.hu\/pak\/?page_id=7227"},"modified":"2025-02-05T15:20:13","modified_gmt":"2025-02-05T14:20:13","slug":"adatkezeles","status":"publish","type":"page","link":"https:\/\/semmelweis.hu\/pak\/a-karrol\/adatkezeles\/","title":{"rendered":"Adatkezel\u00e9s"},"content":{"rendered":"<h4><strong>ADATKEZEL\u00c9SSEL KAPCSOLATOS INFORM\u00c1CI\u00d3K EL\u00c9RHET\u0150S\u00c9GE<\/strong><\/h4>\n<p style=\"text-align: justify\">Pet\u0151 Andr\u00e1s Kar-adatkezel\u00e9si t\u00e1j\u00e9koztat\u00f3: <a href=\"https:\/\/semmelweis.hu\/pak\/files\/2022\/10\/Adatkezelesi-tajekoztato.pdf\">adatkezelesi tajekoztato<\/a><\/p>\n<p style=\"text-align: justify\">Az adatkezel\u0151 <strong>oktat\u00e1si tev\u00e9kenys\u00e9g\u00e9vel<\/strong> \u00f6sszef\u00fcgg\u0151 adatkezel\u00e9sekkel kapcsolatos inform\u00e1ci\u00f3k el\u00e9rhet\u0151s\u00e9ge:<\/p>\n<p style=\"text-align: justify\"><a href=\"https:\/\/semmelweis.hu\/pak\/files\/2022\/10\/Adatkeznyilv_Oktatas_PAKTHKK_2022.xlsx\">https:\/\/semmelweis.hu\/pak\/a-karrol\/adatkezeles\/oktat\u00e1s<\/a><\/p>\n<p style=\"text-align: justify\">Az adatkezel\u0151 <strong>tudom\u00e1ny \u00e9s kutat\u00e1s tev\u00e9kenys\u00e9g\u00e9vel<\/strong> \u00f6sszef\u00fcgg\u0151 adatkezel\u00e9sekkel kapcsolatos inform\u00e1ci\u00f3k el\u00e9rhet\u0151s\u00e9ge:<\/p>\n<p style=\"text-align: justify\"><a href=\"https:\/\/semmelweis.hu\/pak\/files\/2022\/10\/Adatkeznyilv_Tud_kut_PAKTHKK_2022.xlsx\">https:\/\/semmelweis.hu\/pak\/a-karrol\/adatkezeles\/tudom\u00e1ny-es-kutatas<\/a> \u00a0<\/p>\n<p style=\"text-align: justify\">Az adatkezel\u0151 <strong>szolg\u00e1ltat\u00e1si<\/strong> <strong>tev\u00e9kenys\u00e9g\u00e9vel<\/strong> \u00f6sszef\u00fcgg\u0151 adatkezel\u00e9sekkel kapcsolatos inform\u00e1ci\u00f3k el\u00e9rhet\u0151s\u00e9ge:<\/p>\n<p style=\"text-align: justify\"><a href=\"https:\/\/semmelweis.hu\/pak\/files\/2022\/10\/Adatkeznyilv_Szolgaltatas_PAKTHKK_2022.xlsx\">https:\/\/semmelweis.hu\/pak\/a-karrol\/adatkezeles\/<strong>szolg\u00e1ltat\u00e1s<\/strong><\/a><\/p>\n<p style=\"text-align: justify\">Az adatkezel\u0151<strong> k\u00f6nyvt\u00e1ri tev\u00e9kenys\u00e9ggel kapcsolatos tev\u00e9kenys\u00e9g\u00e9vel<\/strong> \u00f6sszef\u00fcgg\u0151 adatkezel\u00e9sekkel kapcsolatos inform\u00e1ci\u00f3k el\u00e9rhet\u0151s\u00e9ge:<\/p>\n<p style=\"text-align: justify\"><a href=\"https:\/\/semmelweis.hu\/pak\/files\/2022\/10\/Adatkeznyilv_Konyvtar_PAKTHKK_2022.xlsx\">https:\/\/semmelweis.hu\/pak\/a-karrol\/adatkezeles\/<strong>k\u00f6nyvt\u00e1r<\/strong><\/a><\/p>\n<p style=\"text-align: justify\">Az adatkezel\u0151 <strong>hum\u00e1ner\u0151forr\u00e1ssal \u00f6sszef\u00fcgg\u0151<\/strong> adatkezel\u00e9sekkel kapcsolatos inform\u00e1ci\u00f3k el\u00e9rhet\u0151s\u00e9ge:<\/p>\n<p style=\"text-align: justify\"><a href=\"https:\/\/semmelweis.hu\/pak\/files\/2022\/10\/Adatkeznyilv_HR_PAKTHKK_2022.xlsx\">https:\/\/semmelweis.hu\/a-karrol\/adatkezeles\/HR\u00a0\u00a0\u00a0<\/a><\/p>\n<p>Az adatkezel\u0151 <strong>adminisztr\u00e1ci\u00f3val \u00e9s webes fel\u00fclettel<\/strong> \u00f6sszef\u00fcgg\u0151 adatkezel\u00e9sekkel kapcsolatos inform\u00e1ci\u00f3k el\u00e9rhet\u0151s\u00e9ge:<\/p>\n<p><a href=\"https:\/\/semmelweis.hu\/pak\/files\/2022\/10\/Adatkeznyilv_Honlap_adminisztracio_PAKTHKK_2022.xlsx\">https:\/\/semmelweis.hu\/pak\/a-karrol\/adatkezeles\/admin-es-web<\/a><\/p>\n<p>&nbsp;<\/p>\n","protected":false},"excerpt":{"rendered":"<p>ADATKEZEL\u00c9SSEL KAPCSOLATOS INFORM\u00c1CI\u00d3K EL\u00c9RHET\u0150S\u00c9GE Pet\u0151 Andr\u00e1s Kar-adatkezel\u00e9si t\u00e1j\u00e9koztat\u00f3: <a href=\"https:\/\/semmelweis.hu\/pak\/files\/2022\/10\/Adatkezelesi-tajekoztato.pdf\">adatkezelesi tajekoztato<\/a> Az adatkezel\u0151 oktat\u00e1si tev\u00e9kenys\u00e9g\u00e9vel \u00f6sszef\u00fcgg\u0151 adatkezel\u00e9sekkel kapcsolatos inform\u00e1ci\u00f3k el\u00e9rhet\u0151s\u00e9ge: <a href=\"https:\/\/semmelweis.hu\/pak\/files\/2022\/10\/Adatkeznyilv_Oktatas_PAKTHKK_2022.xlsx\">https:\/\/semmelweis.hu\/pak\/a-karrol\/adatkezeles\/oktat\u00e1s<\/a> Az adatkezel\u0151 tudom\u00e1ny \u00e9s kutat\u00e1s tev\u00e9kenys\u00e9g\u00e9vel \u00f6sszef\u00fcgg\u0151 adatkezel\u00e9sekkel kapcsolatos inform\u00e1ci\u00f3k el\u00e9rhet\u0151s\u00e9ge: <a href=\"https:\/\/semmelweis.hu\/pak\/files\/2022\/10\/Adatkeznyilv_Tud_kut_PAKTHKK_2022.xlsx\">https:\/\/semmelweis.hu\/pak\/a-karrol\/adatkezeles\/tudom\u00e1ny-es-kutatas<\/a> \u00a0 Az adatkezel\u0151 szolg\u00e1ltat\u00e1si tev\u00e9kenys\u00e9g\u00e9vel \u00f6sszef\u00fcgg\u0151 adatkezel\u00e9sekkel kapcsolatos inform\u00e1ci\u00f3k el\u00e9rhet\u0151s\u00e9ge: <a href=\"https:\/\/semmelweis.hu\/pak\/files\/2022\/10\/Adatkeznyilv_Szolgaltatas_PAKTHKK_2022.xlsx\">https:\/\/semmelweis.hu\/pak\/a-karrol\/adatkezeles\/szolg\u00e1ltat\u00e1s<\/a> Az adatkezel\u0151 k\u00f6nyvt\u00e1ri tev\u00e9kenys\u00e9ggel kapcsolatos tev\u00e9kenys\u00e9g\u00e9vel \u00f6sszef\u00fcgg\u0151 adatkezel\u00e9sekkel kapcsolatos inform\u00e1ci\u00f3k el\u00e9rhet\u0151s\u00e9ge: <a href=\"https:\/\/semmelweis.hu\/pak\/files\/2022\/10\/Adatkeznyilv_Konyvtar_PAKTHKK_2022.xlsx\">https:\/\/semmelweis.hu\/pak\/a-karrol\/adatkezeles\/k\u00f6nyvt\u00e1r<\/a> Az adatkezel\u0151 hum\u00e1ner\u0151forr\u00e1ssal \u00f6sszef\u00fcgg\u0151 adatkezel\u00e9sekkel kapcsolatos &hellip;<\/p>\n","protected":false},"author":102044,"featured_media":0,"parent":3254,"menu_order":10,"comment_status":"closed","ping_status":"closed","template":"","meta":{"_acf_changed":false,"footnotes":""},"categories":[],"tags":[],"class_list":["post-7227","page","type-page","status-publish","hentry"],"acf":[],"_links":{"self":[{"href":"https:\/\/semmelweis.hu\/pak\/wp-json\/wp\/v2\/pages\/7227","targetHints":{"allow":["GET"]}}],"collection":[{"href":"https:\/\/semmelweis.hu\/pak\/wp-json\/wp\/v2\/pages"}],"about":[{"href":"https:\/\/semmelweis.hu\/pak\/wp-json\/wp\/v2\/types\/page"}],"author":[{"embeddable":true,"href":"https:\/\/semmelweis.hu\/pak\/wp-json\/wp\/v2\/users\/102044"}],"replies":[{"embeddable":true,"href":"https:\/\/semmelweis.hu\/pak\/wp-json\/wp\/v2\/comments?post=7227"}],"version-history":[{"count":10,"href":"https:\/\/semmelweis.hu\/pak\/wp-json\/wp\/v2\/pages\/7227\/revisions"}],"predecessor-version":[{"id":9299,"href":"https:\/\/semmelweis.hu\/pak\/wp-json\/wp\/v2\/pages\/7227\/revisions\/9299"}],"up":[{"embeddable":true,"href":"https:\/\/semmelweis.hu\/pak\/wp-json\/wp\/v2\/pages\/3254"}],"wp:attachment":[{"href":"https:\/\/semmelweis.hu\/pak\/wp-json\/wp\/v2\/media?parent=7227"}],"wp:term":[{"taxonomy":"category","embeddable":true,"href":"https:\/\/semmelweis.hu\/pak\/wp-json\/wp\/v2\/categories?post=7227"},{"taxonomy":"post_tag","embeddable":true,"href":"https:\/\/semmelweis.hu\/pak\/wp-json\/wp\/v2\/tags?post=7227"}],"curies":[{"name":"wp","href":"https:\/\/api.w.org\/{rel}","templated":true}]}}