{"id":5677,"date":"2021-01-12T13:32:53","date_gmt":"2021-01-12T12:32:53","guid":{"rendered":"https:\/\/semmelweis.hu\/pak\/?page_id=5677"},"modified":"2025-12-12T17:06:06","modified_gmt":"2025-12-12T16:06:06","slug":"konduktiv-pedagogiai-intezet","status":"publish","type":"page","link":"https:\/\/semmelweis.hu\/pak\/a-karrol\/a-kar-intezetei\/konduktiv-pedagogiai-intezet\/","title":{"rendered":"Kondukt\u00edv Pedag\u00f3giai Int\u00e9zet"},"content":{"rendered":"<div class=\"responsive-tabs\">\n<h2 class=\"tabtitle\">Bemutatkoz\u00e1s<\/h2>\n<div class=\"tabcontent\">\n\n<p><strong>A Kondukt\u00edv Pedag\u00f3giai Int\u00e9zet (KPI) tev\u00e9kenys\u00e9g\u00e9nek bemutat\u00e1sa:<\/strong><\/p>\n<p><a href=\"https:\/\/semmelweis.hu\/pak\/files\/2023\/07\/RS64821_KA-20170721-KA__9658-scr.jpg\"><img loading=\"lazy\" decoding=\"async\" class=\"alignright  wp-image-8804\" src=\"https:\/\/semmelweis.hu\/pak\/files\/2023\/07\/RS64821_KA-20170721-KA__9658-scr-400x267.jpg\" alt=\"\" width=\"333\" height=\"222\" srcset=\"https:\/\/semmelweis.hu\/pak\/files\/2023\/07\/RS64821_KA-20170721-KA__9658-scr-400x267.jpg 400w, https:\/\/semmelweis.hu\/pak\/files\/2023\/07\/RS64821_KA-20170721-KA__9658-scr-768x512.jpg 768w, https:\/\/semmelweis.hu\/pak\/files\/2023\/07\/RS64821_KA-20170721-KA__9658-scr-753x502.jpg 753w, https:\/\/semmelweis.hu\/pak\/files\/2023\/07\/RS64821_KA-20170721-KA__9658-scr-203x135.jpg 203w, https:\/\/semmelweis.hu\/pak\/files\/2023\/07\/RS64821_KA-20170721-KA__9658-scr.jpg 950w\" sizes=\"auto, (max-width: 333px) 100vw, 333px\" \/><\/a><\/p>\n<p style=\"text-align: justify\">Az Int\u00e9zet alaptev\u00e9kenys\u00e9ge a hazai \u00e9s a nemzetk\u00f6zi hallgat\u00f3k felk\u00e9sz\u00edt\u00e9se a konduktori hivat\u00e1sra, a <a href=\"https:\/\/semmelweis.hu\/pak\/a-karrol\/peto-modszer\/\">kondukt\u00edv nevel\u00e9s<\/a> feladatainak eredm\u00e9nyes megold\u00e1s\u00e1ra. A hallgat\u00f3k <a href=\"https:\/\/semmelweis.hu\/pak\/oktatas\/oktatas-a-karon\/konduktor-alapszak\/\">k\u00e9pz\u00e9s\u00fck<\/a> sor\u00e1n k\u00e9pess\u00e9 v\u00e1lnak b\u00e1rmely \u00e9letkor\u00fa, els\u0151sorban a k\u00f6zponti idegrendszer s\u00e9r\u00fcl\u00e9se miatt k\u00e9pess\u00e9geiben akad\u00e1lyozott emberek kondukt\u00edv nevel\u00e9ssel val\u00f3 fejleszt\u00e9s\u00e9re, emellett a<span style=\"font-size: 1rem\">z \u00f3voda \u00e9s iskola specializ\u00e1ci\u00f3t v\u00e1laszt\u00f3 hallgat\u00f3k az integr\u00e1lt csoportokban, oszt\u00e1lyokban foly\u00f3 nevel\u0151-oktat\u00f3 munk\u00e1ra, a pedag\u00f3giai rehabilit\u00e1ci\u00f3t v\u00e1laszt\u00f3k az eg\u00e9szs\u00e9g\u00fcgyi vagy szoci\u00e1lis int\u00e9zm\u00e9nyekben a multidiszciplin\u00e1ris team-munk\u00e1ra. Az Int\u00e9zet eh<\/span>hez biztos\u00edtja a megfelel\u0151 elm\u00e9leti \u00e9s gyakorlati ismereteket. Feladata<span style=\"font-size: 1rem\">\u00a0a konduktor alapszakon a kondukt\u00edv pedag\u00f3gia elm\u00e9leti \u00e9s gyakorlati tant\u00e1rgyainak tan\u00edt\u00e1sa, a <\/span><a href=\"https:\/\/semmelweis.hu\/pak\/oktatas\/oktatas-a-karon\/hazai-gyakorlati-kepzohelyek\/\">szakmai gyakorlatok<\/a><span style=\"font-size: 1rem\">\u00a0szervez\u00e9se, ir\u00e1ny\u00edt\u00e1sa.<\/span><\/p>\n<p style=\"text-align: justify\">A Kondukt\u00edv Pedag\u00f3giai Int\u00e9zet kiemelt feladatai k\u00f6z\u00e9 tartozik tov\u00e1bb\u00e1 a konduktor alapszak tartalm\u00e1nak folyamatos meg\u00faj\u00edt\u00e1sa, friss\u00edt\u00e9se. Oktat\u00f3ink kutat\u00e1si t\u00e9m\u00e1ikkal a <a href=\"https:\/\/semmelweis.hu\/pak\/oktatas\/oktatas-a-karon\/\">konduktork\u00e9pz\u00e9s<\/a> fontos elm\u00e9leti \u00e9s gyakorlati problematik\u00e1j\u00e1hoz kapcsol\u00f3dnak, hi\u00e1nyp\u00f3tl\u00f3, vagy kev\u00e9sb\u00e9 kutatott ter\u00fcleteket vizsg\u00e1lnak. A kutat\u00e1s sor\u00e1n szerzett tapasztalatok, felt\u00e1rt eredm\u00e9nyek folyamatosan be\u00e9p\u00fclnek a k\u00e9pz\u00e9s tananyag\u00e1ba vagy \u00faj tant\u00e1rgyelemk\u00e9nt jelennek meg k\u00e9pz\u00e9si k\u00edn\u00e1latunkban.<\/p>\n<div class=\"keretes w-100\">\n<p><a href=\"https:\/\/semmelweis.hu\/pak\/files\/2023\/09\/Peto-fal.jpg\"><img loading=\"lazy\" decoding=\"async\" class=\"wp-image-9102  alignright\" src=\"https:\/\/semmelweis.hu\/pak\/files\/2023\/09\/Peto-fal-400x300.jpg\" alt=\"\" width=\"339\" height=\"254\" srcset=\"https:\/\/semmelweis.hu\/pak\/files\/2023\/09\/Peto-fal-400x300.jpg 400w, https:\/\/semmelweis.hu\/pak\/files\/2023\/09\/Peto-fal.jpg 750w\" sizes=\"auto, (max-width: 339px) 100vw, 339px\" \/><\/a><\/p>\n<p style=\"text-align: justify\">A k\u00e9pz\u00e9shez, oktat\u00e1shoz kapcsol\u00f3d\u00f3 <a href=\"https:\/\/semmelweis.hu\/pak\/kutatas\/kutatasi-muhelyek\/\">tudom\u00e1nyos kutat\u00e1sok<\/a> megszervez\u00e9se, v\u00e9gz\u00e9se, a hallgat\u00f3k <a href=\"https:\/\/semmelweis.hu\/pak\/kutatas\/tudomanyos-rendezvenyeink\/\">tudom\u00e1nyos munk\u00e1j\u00e1nak<\/a> ir\u00e1ny\u00edt\u00e1sa, seg\u00edt\u00e9se, a kondukt\u00edv nevel\u00e9s hat\u00e1svizsg\u00e1lat\u00e1nak tervez\u00e9se, szervez\u00e9se, tov\u00e1bb\u00e1 a kondukt\u00edv nevel\u00e9s eredm\u00e9nyeinek publik\u00e1l\u00e1sa szint\u00e9n kiemelked\u0151 tev\u00e9kenys\u00e9gei k\u00f6z\u00e9 tartozik. Ennek megfelel\u0151en a KPI oktat\u00f3inak\u00a0 kiemelt kutat\u00e1si t\u00e9m\u00e1i: a kondukt\u00edv nevel\u00e9s t\u00f6rt\u00e9neti kutat\u00e1sai; kondukt\u00edv nevel\u00e9s tudom\u00e1nyelm\u00e9leti kutat\u00e1sai; els\u0151sorban k\u00f6zponti idegrendszer s\u00e9r\u00fcl\u00e9se miatt\/vagy egy\u00e9b okb\u00f3l k\u00e9pess\u00e9geiben akad\u00e1lyozott gyermekek \u00e9s feln\u0151ttek mozg\u00e1s- \u00e9s egy\u00e9b funkci\u00f3inak, tanul\u00e1si k\u00e9pess\u00e9geinek vizsg\u00e1lata; a kondukt\u00edv nevel\u00e9s elemeinek hat\u00e9konys\u00e1gvizsg\u00e1lata; n\u00e9zet- \u00e9s attit\u0171dvizsg\u00e1latok; a konduktork\u00e9pz\u00e9s hat\u00e9konys\u00e1g\u00e1nak vizsg\u00e1lata \u00e9s fejleszt\u00e9si lehet\u0151s\u00e9gei; r\u00e9szv\u00e9tel a klinikai kutat\u00e1sokban az Semmelweis Egyetem m\u00e1s karaival egy\u00fcttm\u0171k\u00f6dve.<\/p>\n<\/div>\n<p style=\"text-align: justify\">A KPI fontos tev\u00e9kenys\u00e9gei k\u00f6z\u00e9 sorolhat\u00f3k a szakir\u00e1ny\u00fa, szakmai tov\u00e1bbk\u00e9pz\u00e9sek, tr\u00e9ningek, kurzusok meghirdet\u00e9se, a kondukt\u00edv pedag\u00f3gia eredm\u00e9nyeinek rendez\u00e9se, archiv\u00e1l\u00e1sa, hazai \u00e9s k\u00fclf\u00f6ldi <a href=\"https:\/\/semmelweis.hu\/pak\/kutatas\/tudomanyos-rendezvenyeink\/vilagkongresszus-a-konduktiv-nevelesrol\/\">tudom\u00e1nyos f\u00f3rumokon<\/a> a kondukt\u00edv nevel\u00e9s k\u00e9pviselete, r\u00e9szv\u00e9tel a k\u00fclf\u00f6ldi egyetemeken foly\u00f3 kondukt\u00edv pedag\u00f3giai k\u00e9pz\u00e9sekben.\u00a0<\/p>\n<div class=\"keretes w-100\">\n<p>A Kondukt\u00edv Pedag\u00f3giai Int\u00e9zet oktat\u00f3i szerkeszt\u0151i \u00e9s rendszeres szerz\u0151i a Pet\u0151 Andr\u00e1s Kar online foly\u00f3irat\u00e1nak a <a href=\"https:\/\/semmelweis.hu\/pak\/kutatas\/tudomany-es-hivatas-folyoirat\/\">Tudom\u00e1ny \u00e9s Hivat\u00e1snak<\/a>.\u00a0<\/p>\n<\/div>\n\n<\/div><h2 class=\"tabtitle\">Oktat\u00f3k<\/h2>\n<div class=\"tabcontent\">\n\n<hr \/>\n<hr \/>\n<div class=\"w-100 keretes\">INT\u00c9ZETIGAZGAT\u00d3: <strong>Dr. F\u00f6ldesi Ren\u00e1ta<\/strong><br \/>\nSZOBA: 147\/b\u00a0<br \/>\nTELEFON: 06 (1) 224-1524 \u00a0<br \/>\nE-MAIL: <a href=\"mailto:foldesi.renata@semmelweis.hu\">foldesi.renata@semmelweis.hu<\/a><\/div>\n<div>\u00a0<\/div>\n<div><strong>A Kondukt\u00edv Pedag\u00f3giai Int\u00e9zet oktat\u00f3i:<\/strong><\/div>\n<div>\n<hr \/>\n<\/div>\n<div><a href=\"https:\/\/www.google.com\/maps\/place\/Budapest,+K%C3%BAtv%C3%B6lgyi+%C3%BAt+8,+1125\/@47.5117515,19.0005171,17z\/data=!3m1!4b1!4m6!3m5!1s0x4741debf4a2a776d:0xbf12cd23f72763f!8m2!3d47.5117515!4d19.003092!16s%2Fg%2F11cs8fwyq7?entry=ttu&amp;g_ep=EgoyMDI1MTIwOC4wIKXMDSoKLDEwMDc5MjA3MUgBUAM%3D\">C\u00edm: 1125 Budapest, K\u00fatv\u00f6lgyi \u00fat 8.\u00a0 A \u00e9p\u00fclet<\/a><\/div>\n<div>Telefon: 06 (1) 224-1500<\/div>\n<hr \/>\n<p><strong><a href=\"https:\/\/semmelweis.hu\/pak\/files\/2025\/12\/PAK_KPI_-Dr.-Benyovszky-Andrea_2-1.jpg\"><img loading=\"lazy\" decoding=\"async\" class=\" wp-image-13009 alignleft\" src=\"https:\/\/semmelweis.hu\/pak\/files\/2025\/12\/PAK_KPI_-Dr.-Benyovszky-Andrea_2-1-320x400.jpg\" alt=\"\" width=\"135\" height=\"169\" srcset=\"https:\/\/semmelweis.hu\/pak\/files\/2025\/12\/PAK_KPI_-Dr.-Benyovszky-Andrea_2-1-320x400.jpg 320w, https:\/\/semmelweis.hu\/pak\/files\/2025\/12\/PAK_KPI_-Dr.-Benyovszky-Andrea_2-1-819x1024.jpg 819w, https:\/\/semmelweis.hu\/pak\/files\/2025\/12\/PAK_KPI_-Dr.-Benyovszky-Andrea_2-1-768x960.jpg 768w, https:\/\/semmelweis.hu\/pak\/files\/2025\/12\/PAK_KPI_-Dr.-Benyovszky-Andrea_2-1-753x941.jpg 753w, https:\/\/semmelweis.hu\/pak\/files\/2025\/12\/PAK_KPI_-Dr.-Benyovszky-Andrea_2-1.jpg 960w\" sizes=\"auto, (max-width: 135px) 100vw, 135px\" \/><\/a><\/strong><strong>Benyovszky Andrea Dr.<br \/>\n<\/strong>PhD f\u0151iskolai adjunktus<br \/>\n148\/a. szoba<strong><br \/>\n<\/strong><a href=\"mailto:benyovszky.andrea@semmelweis.hu\">benyovszky.andrea@semmelweis.hu<\/a><\/p>\n<p>&nbsp;<\/p>\n<hr \/>\n<p><strong><a href=\"https:\/\/semmelweis.hu\/pak\/files\/2025\/12\/PAK_KPI_Feketene-dr.-Szabo-Eva.jpg\"><img loading=\"lazy\" decoding=\"async\" class=\" wp-image-13017 alignleft\" src=\"https:\/\/semmelweis.hu\/pak\/files\/2025\/12\/PAK_KPI_Feketene-dr.-Szabo-Eva-320x400.jpg\" alt=\"\" width=\"135\" height=\"169\" srcset=\"https:\/\/semmelweis.hu\/pak\/files\/2025\/12\/PAK_KPI_Feketene-dr.-Szabo-Eva-320x400.jpg 320w, https:\/\/semmelweis.hu\/pak\/files\/2025\/12\/PAK_KPI_Feketene-dr.-Szabo-Eva-819x1024.jpg 819w, https:\/\/semmelweis.hu\/pak\/files\/2025\/12\/PAK_KPI_Feketene-dr.-Szabo-Eva-768x960.jpg 768w, https:\/\/semmelweis.hu\/pak\/files\/2025\/12\/PAK_KPI_Feketene-dr.-Szabo-Eva-753x941.jpg 753w, https:\/\/semmelweis.hu\/pak\/files\/2025\/12\/PAK_KPI_Feketene-dr.-Szabo-Eva.jpg 960w\" sizes=\"auto, (max-width: 135px) 100vw, 135px\" \/><\/a>Feket\u00e9n\u00e9 dr. Szab\u00f3 \u00c9va\u00a0<br \/>\n<\/strong>PhD f\u0151iskolai tan\u00e1r<br \/>\n214. szoba<br \/>\n<a href=\"mailto:feketene.szabo.eva@semmelweis.hu\">feketene.szabo.eva@semmelweis.hu<\/a><\/p>\n<p>&nbsp;<\/p>\n<hr \/>\n<p><strong><a href=\"https:\/\/semmelweis.hu\/pak\/files\/2025\/12\/PAK_KPI_Fogarasi-Andras.jpg\"><img loading=\"lazy\" decoding=\"async\" class=\"wp-image-12995 alignleft\" src=\"https:\/\/semmelweis.hu\/pak\/files\/2025\/12\/PAK_KPI_Fogarasi-Andras-320x400.jpg\" alt=\"\" width=\"135\" height=\"168\" srcset=\"https:\/\/semmelweis.hu\/pak\/files\/2025\/12\/PAK_KPI_Fogarasi-Andras-320x400.jpg 320w, https:\/\/semmelweis.hu\/pak\/files\/2025\/12\/PAK_KPI_Fogarasi-Andras-819x1024.jpg 819w, https:\/\/semmelweis.hu\/pak\/files\/2025\/12\/PAK_KPI_Fogarasi-Andras-768x960.jpg 768w, https:\/\/semmelweis.hu\/pak\/files\/2025\/12\/PAK_KPI_Fogarasi-Andras-753x941.jpg 753w, https:\/\/semmelweis.hu\/pak\/files\/2025\/12\/PAK_KPI_Fogarasi-Andras.jpg 960w\" sizes=\"auto, (max-width: 135px) 100vw, 135px\" \/><\/a>Fogarasi Andr\u00e1s Dr.<br \/>\n<\/strong>PhD egyetemi docens<br \/>\n148\/a. szoba<br \/>\n<a href=\"mailto:fogarasi.andras.gyula@semmelweis.hu\">fogarasi.andras.gyula@semmelweis.hu<\/a><\/p>\n<p>&nbsp;<\/p>\n<hr \/>\n<p><strong><a href=\"https:\/\/semmelweis.hu\/pak\/files\/2025\/12\/PAK_KPI_Dr.-Foldesi-Renata.jpg\"><img loading=\"lazy\" decoding=\"async\" class=\" wp-image-12982 alignleft\" src=\"https:\/\/semmelweis.hu\/pak\/files\/2025\/12\/PAK_KPI_Dr.-Foldesi-Renata-320x400.jpg\" alt=\"\" width=\"135\" height=\"169\" srcset=\"https:\/\/semmelweis.hu\/pak\/files\/2025\/12\/PAK_KPI_Dr.-Foldesi-Renata-320x400.jpg 320w, https:\/\/semmelweis.hu\/pak\/files\/2025\/12\/PAK_KPI_Dr.-Foldesi-Renata-819x1024.jpg 819w, https:\/\/semmelweis.hu\/pak\/files\/2025\/12\/PAK_KPI_Dr.-Foldesi-Renata-768x960.jpg 768w, https:\/\/semmelweis.hu\/pak\/files\/2025\/12\/PAK_KPI_Dr.-Foldesi-Renata-753x941.jpg 753w, https:\/\/semmelweis.hu\/pak\/files\/2025\/12\/PAK_KPI_Dr.-Foldesi-Renata.jpg 960w\" sizes=\"auto, (max-width: 135px) 100vw, 135px\" \/><\/a>F\u00f6ldesi Ren\u00e1ta Dr.<\/strong><br \/>\nPhD f\u0151iskolai docens<br \/>\n147\/b. szoba<br \/>\n<a href=\"mailto:foldesi.renata@semmelweis.hu\">foldesi.renata@semmelweis.hu<\/a><\/p>\n<p>&nbsp;<\/p>\n<hr \/>\n<p><strong><a href=\"https:\/\/semmelweis.hu\/pak\/files\/2025\/12\/PAK-_KPI_Gal-Franciska.jpg\"><img loading=\"lazy\" decoding=\"async\" class=\" wp-image-13012 alignleft\" src=\"https:\/\/semmelweis.hu\/pak\/files\/2025\/12\/PAK-_KPI_Gal-Franciska-320x400.jpg\" alt=\"\" width=\"135\" height=\"169\" srcset=\"https:\/\/semmelweis.hu\/pak\/files\/2025\/12\/PAK-_KPI_Gal-Franciska-320x400.jpg 320w, https:\/\/semmelweis.hu\/pak\/files\/2025\/12\/PAK-_KPI_Gal-Franciska-819x1024.jpg 819w, https:\/\/semmelweis.hu\/pak\/files\/2025\/12\/PAK-_KPI_Gal-Franciska-768x960.jpg 768w, https:\/\/semmelweis.hu\/pak\/files\/2025\/12\/PAK-_KPI_Gal-Franciska-753x941.jpg 753w, https:\/\/semmelweis.hu\/pak\/files\/2025\/12\/PAK-_KPI_Gal-Franciska.jpg 960w\" sizes=\"auto, (max-width: 135px) 100vw, 135px\" \/><\/a>G\u00e1l Franciska<br \/>\n<\/strong>mesteroktat\u00f3<br \/>\n148\/b. szoba<br \/>\n<a href=\"mailto:gal.franciska@semmelweis.hu\">gal.franciska@semmelweis.hu<\/a><\/p>\n<p>&nbsp;<\/p>\n<hr \/>\n<p><strong><a href=\"https:\/\/semmelweis.hu\/pak\/files\/2025\/12\/PAK_KPI_Dr.-Kallay-Zsofia-Szilvia_2.jpg\"><img loading=\"lazy\" decoding=\"async\" class=\" wp-image-12999 alignleft\" src=\"https:\/\/semmelweis.hu\/pak\/files\/2025\/12\/PAK_KPI_Dr.-Kallay-Zsofia-Szilvia_2-320x400.jpg\" alt=\"\" width=\"136\" height=\"170\" srcset=\"https:\/\/semmelweis.hu\/pak\/files\/2025\/12\/PAK_KPI_Dr.-Kallay-Zsofia-Szilvia_2-320x400.jpg 320w, https:\/\/semmelweis.hu\/pak\/files\/2025\/12\/PAK_KPI_Dr.-Kallay-Zsofia-Szilvia_2-819x1024.jpg 819w, https:\/\/semmelweis.hu\/pak\/files\/2025\/12\/PAK_KPI_Dr.-Kallay-Zsofia-Szilvia_2-768x960.jpg 768w, https:\/\/semmelweis.hu\/pak\/files\/2025\/12\/PAK_KPI_Dr.-Kallay-Zsofia-Szilvia_2-753x941.jpg 753w, https:\/\/semmelweis.hu\/pak\/files\/2025\/12\/PAK_KPI_Dr.-Kallay-Zsofia-Szilvia_2.jpg 960w\" sizes=\"auto, (max-width: 136px) 100vw, 136px\" \/><\/a>K\u00e1llay Zs\u00f3fia Dr.<br \/>\n<\/strong>PhD f\u0151iskolai adjunktus<br \/>\n148\/b. szoba<br \/>\n<a href=\"mailto:kallay.zsofia@semmelweis.hu\">kallay.zsofia@semmelweis.hu<\/a><\/p>\n<p>&nbsp;<\/p>\n<hr \/>\n<p><strong><a href=\"https:\/\/semmelweis.hu\/pak\/files\/2025\/12\/PAK_KPI_Kapcsandy-Gabriella-Anita.jpg\"><img loading=\"lazy\" decoding=\"async\" class=\" wp-image-12986 alignleft\" src=\"https:\/\/semmelweis.hu\/pak\/files\/2025\/12\/PAK_KPI_Kapcsandy-Gabriella-Anita-320x400.jpg\" alt=\"\" width=\"135\" height=\"169\" srcset=\"https:\/\/semmelweis.hu\/pak\/files\/2025\/12\/PAK_KPI_Kapcsandy-Gabriella-Anita-320x400.jpg 320w, https:\/\/semmelweis.hu\/pak\/files\/2025\/12\/PAK_KPI_Kapcsandy-Gabriella-Anita-819x1024.jpg 819w, https:\/\/semmelweis.hu\/pak\/files\/2025\/12\/PAK_KPI_Kapcsandy-Gabriella-Anita-768x960.jpg 768w, https:\/\/semmelweis.hu\/pak\/files\/2025\/12\/PAK_KPI_Kapcsandy-Gabriella-Anita-753x941.jpg 753w, https:\/\/semmelweis.hu\/pak\/files\/2025\/12\/PAK_KPI_Kapcsandy-Gabriella-Anita.jpg 960w\" sizes=\"auto, (max-width: 135px) 100vw, 135px\" \/><\/a>Kapcs\u00e1ndy Gabriella<br \/>\n<\/strong>mesteroktat\u00f3<br \/>\n149. szoba<br \/>\n<a href=\"mailto:kapcsandy.gabriella@semmelweis.hu\">kapcsandy.gabriella@semmelweis.hu<\/a><\/p>\n<p>&nbsp;<\/p>\n<hr \/>\n<p><strong>Kelemen Anna Dr.<\/strong><br \/>\nPhD f\u0151iskolai tan\u00e1r<br \/>\n149. szoba<br \/>\n<a href=\"mailto:kelemen.anna@semmelweis.hu\">kelemen.anna@semmelweis.hu<\/a><\/p>\n<hr \/>\n<p><strong><a href=\"https:\/\/semmelweis.hu\/pak\/files\/2025\/12\/PAK_KPI_Kenesei-Dorottya.jpg\"><img loading=\"lazy\" decoding=\"async\" class=\" wp-image-12996 alignleft\" src=\"https:\/\/semmelweis.hu\/pak\/files\/2025\/12\/PAK_KPI_Kenesei-Dorottya-320x400.jpg\" alt=\"\" width=\"132\" height=\"165\" srcset=\"https:\/\/semmelweis.hu\/pak\/files\/2025\/12\/PAK_KPI_Kenesei-Dorottya-320x400.jpg 320w, https:\/\/semmelweis.hu\/pak\/files\/2025\/12\/PAK_KPI_Kenesei-Dorottya-819x1024.jpg 819w, https:\/\/semmelweis.hu\/pak\/files\/2025\/12\/PAK_KPI_Kenesei-Dorottya-768x960.jpg 768w, https:\/\/semmelweis.hu\/pak\/files\/2025\/12\/PAK_KPI_Kenesei-Dorottya-753x941.jpg 753w, https:\/\/semmelweis.hu\/pak\/files\/2025\/12\/PAK_KPI_Kenesei-Dorottya.jpg 960w\" sizes=\"auto, (max-width: 132px) 100vw, 132px\" \/><\/a>Kenesei Dorottya<br \/>\n<\/strong>tan\u00e1rseg\u00e9d<strong><br \/>\n<\/strong>148\/a. szoba<strong><br \/>\n<\/strong><a href=\"mailto:kenesei.dorottya@semmelweis.hu\">kenesei.dorottya@semmelweis.hu<\/a><strong><br \/>\n<\/strong><\/p>\n<p>&nbsp;<\/p>\n<hr \/>\n<p><strong><a href=\"https:\/\/semmelweis.hu\/pak\/files\/2025\/12\/PAK_KPI_Kolumban-Erika.jpg\"><img loading=\"lazy\" decoding=\"async\" class=\" wp-image-12987 alignleft\" src=\"https:\/\/semmelweis.hu\/pak\/files\/2025\/12\/PAK_KPI_Kolumban-Erika-320x400.jpg\" alt=\"\" width=\"133\" height=\"167\" srcset=\"https:\/\/semmelweis.hu\/pak\/files\/2025\/12\/PAK_KPI_Kolumban-Erika-320x400.jpg 320w, https:\/\/semmelweis.hu\/pak\/files\/2025\/12\/PAK_KPI_Kolumban-Erika-819x1024.jpg 819w, https:\/\/semmelweis.hu\/pak\/files\/2025\/12\/PAK_KPI_Kolumban-Erika-768x960.jpg 768w, https:\/\/semmelweis.hu\/pak\/files\/2025\/12\/PAK_KPI_Kolumban-Erika-753x941.jpg 753w, https:\/\/semmelweis.hu\/pak\/files\/2025\/12\/PAK_KPI_Kolumban-Erika.jpg 960w\" sizes=\"auto, (max-width: 133px) 100vw, 133px\" \/><\/a>Kolumb\u00e1n Erika<br \/>\n<\/strong>tudom\u00e1nyos seg\u00e9dmunkat\u00e1rs<br \/>\n221. szoba<br \/>\n<a href=\"mailto:kolumban.erika@semmelweis.hu\">kolumban.erika@semmelweis.hu<\/a><\/p>\n<p>&nbsp;<\/p>\n<hr \/>\n<p><strong><a href=\"https:\/\/semmelweis.hu\/pak\/files\/2025\/12\/PAK_KPI_Milesz-Agnes-Dora.jpg\"><img loading=\"lazy\" decoding=\"async\" class=\" wp-image-12988 alignleft\" src=\"https:\/\/semmelweis.hu\/pak\/files\/2025\/12\/PAK_KPI_Milesz-Agnes-Dora-320x400.jpg\" alt=\"\" width=\"135\" height=\"169\" srcset=\"https:\/\/semmelweis.hu\/pak\/files\/2025\/12\/PAK_KPI_Milesz-Agnes-Dora-320x400.jpg 320w, https:\/\/semmelweis.hu\/pak\/files\/2025\/12\/PAK_KPI_Milesz-Agnes-Dora-819x1024.jpg 819w, https:\/\/semmelweis.hu\/pak\/files\/2025\/12\/PAK_KPI_Milesz-Agnes-Dora-768x960.jpg 768w, https:\/\/semmelweis.hu\/pak\/files\/2025\/12\/PAK_KPI_Milesz-Agnes-Dora-753x941.jpg 753w, https:\/\/semmelweis.hu\/pak\/files\/2025\/12\/PAK_KPI_Milesz-Agnes-Dora.jpg 960w\" sizes=\"auto, (max-width: 135px) 100vw, 135px\" \/><\/a>Milesz \u00c1gnes D\u00f3ra<br \/>\n<\/strong>mesteroktat\u00f3<br \/>\n148\/a. szoba<br \/>\n<a href=\"mailto:milesz.agnes.dora@semmelweis.hu\">milesz.agnes.dora@semmelweis.hu<\/a><\/p>\n<p>&nbsp;<\/p>\n<hr \/>\n<p><strong><a href=\"https:\/\/semmelweis.hu\/pak\/files\/2025\/12\/PAK_KPI_Pulay-Mark-Agoston.jpg\"><img loading=\"lazy\" decoding=\"async\" class=\" wp-image-12989 alignleft\" src=\"https:\/\/semmelweis.hu\/pak\/files\/2025\/12\/PAK_KPI_Pulay-Mark-Agoston-320x400.jpg\" alt=\"\" width=\"134\" height=\"168\" srcset=\"https:\/\/semmelweis.hu\/pak\/files\/2025\/12\/PAK_KPI_Pulay-Mark-Agoston-320x400.jpg 320w, https:\/\/semmelweis.hu\/pak\/files\/2025\/12\/PAK_KPI_Pulay-Mark-Agoston-819x1024.jpg 819w, https:\/\/semmelweis.hu\/pak\/files\/2025\/12\/PAK_KPI_Pulay-Mark-Agoston-768x960.jpg 768w, https:\/\/semmelweis.hu\/pak\/files\/2025\/12\/PAK_KPI_Pulay-Mark-Agoston-753x941.jpg 753w, https:\/\/semmelweis.hu\/pak\/files\/2025\/12\/PAK_KPI_Pulay-Mark-Agoston.jpg 960w\" sizes=\"auto, (max-width: 134px) 100vw, 134px\" \/><\/a>Pulay M\u00e1rk \u00c1goston<br \/>\n<\/strong>tudom\u00e1nyos seg\u00e9dmunkat\u00e1rs<br \/>\n221. szoba<br \/>\n<a href=\"mailto:pulay.mark.agoston@semmelweis.hu\">pulay.mark.agoston@semmelweis.hu<\/a><\/p>\n<p>&nbsp;<\/p>\n<hr \/>\n<p><strong><a href=\"https:\/\/semmelweis.hu\/pak\/files\/2025\/12\/PAK_KPI_Szabo-Gabor.jpg\"><img loading=\"lazy\" decoding=\"async\" class=\" wp-image-12990 alignleft\" src=\"https:\/\/semmelweis.hu\/pak\/files\/2025\/12\/PAK_KPI_Szabo-Gabor-320x400.jpg\" alt=\"\" width=\"135\" height=\"168\" srcset=\"https:\/\/semmelweis.hu\/pak\/files\/2025\/12\/PAK_KPI_Szabo-Gabor-320x400.jpg 320w, https:\/\/semmelweis.hu\/pak\/files\/2025\/12\/PAK_KPI_Szabo-Gabor-819x1024.jpg 819w, https:\/\/semmelweis.hu\/pak\/files\/2025\/12\/PAK_KPI_Szabo-Gabor-768x960.jpg 768w, https:\/\/semmelweis.hu\/pak\/files\/2025\/12\/PAK_KPI_Szabo-Gabor-753x941.jpg 753w, https:\/\/semmelweis.hu\/pak\/files\/2025\/12\/PAK_KPI_Szabo-Gabor.jpg 960w\" sizes=\"auto, (max-width: 135px) 100vw, 135px\" \/><\/a>Szab\u00f3 G\u00e1bor<br \/>\n<\/strong>tan\u00e1rseg\u00e9d<br \/>\n148\/b. szoba<br \/>\n<a href=\"mailto:szabo.gabor1@semmelweis.hu\">szabo.gabor1@semmelweis.hu<\/a><\/p>\n<p>&nbsp;<\/p>\n<hr \/>\n<p><strong><a href=\"https:\/\/semmelweis.hu\/pak\/files\/2025\/12\/PAK_KPI_-Szabo-Gabor.jpg\"><img loading=\"lazy\" decoding=\"async\" class=\" wp-image-12981 alignleft\" src=\"https:\/\/semmelweis.hu\/pak\/files\/2025\/12\/PAK_KPI_-Szabo-Gabor-320x400.jpg\" alt=\"\" width=\"134\" height=\"168\" srcset=\"https:\/\/semmelweis.hu\/pak\/files\/2025\/12\/PAK_KPI_-Szabo-Gabor-320x400.jpg 320w, https:\/\/semmelweis.hu\/pak\/files\/2025\/12\/PAK_KPI_-Szabo-Gabor-819x1024.jpg 819w, https:\/\/semmelweis.hu\/pak\/files\/2025\/12\/PAK_KPI_-Szabo-Gabor-768x960.jpg 768w, https:\/\/semmelweis.hu\/pak\/files\/2025\/12\/PAK_KPI_-Szabo-Gabor-753x941.jpg 753w, https:\/\/semmelweis.hu\/pak\/files\/2025\/12\/PAK_KPI_-Szabo-Gabor.jpg 960w\" sizes=\"auto, (max-width: 134px) 100vw, 134px\" \/><\/a>Szab\u00f3 G\u00e1bor<\/strong><br \/>\ntan\u00e1rseg\u00e9d, neuropszichol\u00f3gus<br \/>\n149. szoba<br \/>\n<a href=\"mailto:szabo.gabor7@semmelweis.hu\">szabo.gabor7@semmelweis.hu<\/a><\/p>\n<p>&nbsp;<\/p>\n<hr \/>\n<p><strong><a href=\"https:\/\/semmelweis.hu\/pak\/files\/2025\/12\/PAK_KPI_Dr.-Turi-Ibolya.jpg\"><img loading=\"lazy\" decoding=\"async\" class=\" wp-image-12984 alignleft\" src=\"https:\/\/semmelweis.hu\/pak\/files\/2025\/12\/PAK_KPI_Dr.-Turi-Ibolya-320x400.jpg\" alt=\"\" width=\"134\" height=\"168\" srcset=\"https:\/\/semmelweis.hu\/pak\/files\/2025\/12\/PAK_KPI_Dr.-Turi-Ibolya-320x400.jpg 320w, https:\/\/semmelweis.hu\/pak\/files\/2025\/12\/PAK_KPI_Dr.-Turi-Ibolya-819x1024.jpg 819w, https:\/\/semmelweis.hu\/pak\/files\/2025\/12\/PAK_KPI_Dr.-Turi-Ibolya-768x960.jpg 768w, https:\/\/semmelweis.hu\/pak\/files\/2025\/12\/PAK_KPI_Dr.-Turi-Ibolya-753x941.jpg 753w, https:\/\/semmelweis.hu\/pak\/files\/2025\/12\/PAK_KPI_Dr.-Turi-Ibolya.jpg 960w\" sizes=\"auto, (max-width: 134px) 100vw, 134px\" \/><\/a>T\u00fari Ibolya Dr.<\/strong><br \/>\nPhD f\u0151iskolai tan\u00e1r<br \/>\n218. szoba<br \/>\n<a href=\"mailto:turi.ibolya@semmelweis.hu\">turi.ibolya@semmelweis.hu<\/a><\/p>\n<p>&nbsp;<\/p>\n<hr \/>\n<p><strong><a href=\"https:\/\/semmelweis.hu\/pak\/files\/2025\/12\/PAK_KPI_Dr.-Vissi-Timea-Aliz.jpg\"><img loading=\"lazy\" decoding=\"async\" class=\" wp-image-12985 alignleft\" src=\"https:\/\/semmelweis.hu\/pak\/files\/2025\/12\/PAK_KPI_Dr.-Vissi-Timea-Aliz-320x400.jpg\" alt=\"\" width=\"134\" height=\"168\" srcset=\"https:\/\/semmelweis.hu\/pak\/files\/2025\/12\/PAK_KPI_Dr.-Vissi-Timea-Aliz-320x400.jpg 320w, https:\/\/semmelweis.hu\/pak\/files\/2025\/12\/PAK_KPI_Dr.-Vissi-Timea-Aliz-819x1024.jpg 819w, https:\/\/semmelweis.hu\/pak\/files\/2025\/12\/PAK_KPI_Dr.-Vissi-Timea-Aliz-768x960.jpg 768w, https:\/\/semmelweis.hu\/pak\/files\/2025\/12\/PAK_KPI_Dr.-Vissi-Timea-Aliz-753x941.jpg 753w, https:\/\/semmelweis.hu\/pak\/files\/2025\/12\/PAK_KPI_Dr.-Vissi-Timea-Aliz.jpg 960w\" sizes=\"auto, (max-width: 134px) 100vw, 134px\" \/><\/a>Vissi T\u00edmea Dr.<\/strong><br \/>\nPhD f\u0151iskolai adjunktus<br \/>\n149. szoba<br \/>\n<a href=\"mailto:vissi.timea@semmelweis.hu\">vissi.timea@semmelweis.hu<\/a><\/p>\n<p>&nbsp;<\/p>\n<hr \/>\n<p><strong><a href=\"https:\/\/semmelweis.hu\/pak\/files\/2025\/12\/PAK_KPI_Zimonyi-Nora.jpg\"><img loading=\"lazy\" decoding=\"async\" class=\" wp-image-13013 alignleft\" src=\"https:\/\/semmelweis.hu\/pak\/files\/2025\/12\/PAK_KPI_Zimonyi-Nora-320x400.jpg\" alt=\"\" width=\"135\" height=\"169\" srcset=\"https:\/\/semmelweis.hu\/pak\/files\/2025\/12\/PAK_KPI_Zimonyi-Nora-320x400.jpg 320w, https:\/\/semmelweis.hu\/pak\/files\/2025\/12\/PAK_KPI_Zimonyi-Nora.jpg 480w\" sizes=\"auto, (max-width: 135px) 100vw, 135px\" \/><\/a>Zimonyi N\u00f3ra<\/strong><br \/>\ntan\u00e1rseg\u00e9d<br \/>\n149. szoba<br \/>\n<a href=\"zimonyi.nora@semmelweis.hu\">zimonyi.nora@semmelweis.hu<\/a><\/p>\n<p>&nbsp;<\/p>\n<hr \/>\n<\/div><\/div>\n<pre>\u00a0<\/pre>\n","protected":false},"excerpt":{"rendered":"<p>A Kondukt\u00edv Pedag\u00f3giai Int\u00e9zet (KPI) tev\u00e9kenys\u00e9g\u00e9nek bemutat\u00e1sa: <a href=\"https:\/\/semmelweis.hu\/pak\/files\/2023\/07\/RS64821_KA-20170721-KA__9658-scr.jpg\"><\/a> Az Int\u00e9zet alaptev\u00e9kenys\u00e9ge a hazai \u00e9s a nemzetk\u00f6zi hallgat\u00f3k felk\u00e9sz\u00edt\u00e9se a konduktori hivat\u00e1sra, a <a href=\"https:\/\/semmelweis.hu\/pak\/a-karrol\/peto-modszer\/\">kondukt\u00edv nevel\u00e9s<\/a> feladatainak eredm\u00e9nyes megold\u00e1s\u00e1ra. A hallgat\u00f3k <a href=\"https:\/\/semmelweis.hu\/pak\/oktatas\/oktatas-a-karon\/konduktor-alapszak\/\">k\u00e9pz\u00e9s\u00fck<\/a> sor\u00e1n k\u00e9pess\u00e9 v\u00e1lnak b\u00e1rmely \u00e9letkor\u00fa, els\u0151sorban a k\u00f6zponti idegrendszer s\u00e9r\u00fcl\u00e9se miatt k\u00e9pess\u00e9geiben akad\u00e1lyozott emberek kondukt\u00edv nevel\u00e9ssel val\u00f3 fejleszt\u00e9s\u00e9re, emellett az \u00f3voda \u00e9s iskola specializ\u00e1ci\u00f3t v\u00e1laszt\u00f3 hallgat\u00f3k az integr\u00e1lt csoportokban, &hellip;<\/p>\n","protected":false},"author":101406,"featured_media":0,"parent":3059,"menu_order":1,"comment_status":"closed","ping_status":"closed","template":"","meta":{"_acf_changed":false,"footnotes":""},"categories":[],"tags":[],"class_list":["post-5677","page","type-page","status-publish","hentry"],"acf":[],"_links":{"self":[{"href":"https:\/\/semmelweis.hu\/pak\/wp-json\/wp\/v2\/pages\/5677","targetHints":{"allow":["GET"]}}],"collection":[{"href":"https:\/\/semmelweis.hu\/pak\/wp-json\/wp\/v2\/pages"}],"about":[{"href":"https:\/\/semmelweis.hu\/pak\/wp-json\/wp\/v2\/types\/page"}],"author":[{"embeddable":true,"href":"https:\/\/semmelweis.hu\/pak\/wp-json\/wp\/v2\/users\/101406"}],"replies":[{"embeddable":true,"href":"https:\/\/semmelweis.hu\/pak\/wp-json\/wp\/v2\/comments?post=5677"}],"version-history":[{"count":11,"href":"https:\/\/semmelweis.hu\/pak\/wp-json\/wp\/v2\/pages\/5677\/revisions"}],"predecessor-version":[{"id":9094,"href":"https:\/\/semmelweis.hu\/pak\/wp-json\/wp\/v2\/pages\/5677\/revisions\/9094"}],"up":[{"embeddable":true,"href":"https:\/\/semmelweis.hu\/pak\/wp-json\/wp\/v2\/pages\/3059"}],"wp:attachment":[{"href":"https:\/\/semmelweis.hu\/pak\/wp-json\/wp\/v2\/media?parent=5677"}],"wp:term":[{"taxonomy":"category","embeddable":true,"href":"https:\/\/semmelweis.hu\/pak\/wp-json\/wp\/v2\/categories?post=5677"},{"taxonomy":"post_tag","embeddable":true,"href":"https:\/\/semmelweis.hu\/pak\/wp-json\/wp\/v2\/tags?post=5677"}],"curies":[{"name":"wp","href":"https:\/\/api.w.org\/{rel}","templated":true}]}}