{"id":5673,"date":"2021-01-12T13:28:11","date_gmt":"2021-01-12T12:28:11","guid":{"rendered":"https:\/\/semmelweis.hu\/pak\/?page_id=5673"},"modified":"2026-02-19T01:41:42","modified_gmt":"2026-02-19T00:41:42","slug":"humantudomanyi-intezet","status":"publish","type":"page","link":"https:\/\/semmelweis.hu\/pak\/a-karrol\/a-kar-intezetei\/humantudomanyi-intezet\/","title":{"rendered":"Hum\u00e1ntudom\u00e1nyi Int\u00e9zet"},"content":{"rendered":"<p style=\"text-align: justify\">\n<strong>A Hum\u00e1ntudom\u00e1nyi Int\u00e9zet (HTI) tev\u00e9kenys\u00e9g\u00e9nek bemutat\u00e1sa<\/strong><\/p>\n<p style=\"text-align: justify\">Az Int\u00e9zet alaptev\u00e9kenys\u00e9ge a hazai \u00e9s nemzetk\u00f6zi hallgat\u00f3k hum\u00e1ntudom\u00e1nyi m\u0171velts\u00e9g\u00e9nek alak\u00edt\u00e1sa, b\u0151v\u00edt\u00e9se, a hum\u00e1ntudom\u00e1nyok alapjainak \u00e9s leg\u00fajabb kutat\u00e1si eredm\u00e9nyeinek elsaj\u00e1t\u00edttat\u00e1sa, valamint tudom\u00e1nyos kutat\u00f3munk\u00e1k szervez\u00e9se. Tov\u00e1bbi fontos tev\u00e9kenys\u00e9ge a kondukt\u00edv pedag\u00f3gia elm\u00e9leti \u00e9s gyakorlati diszcipl\u00edn\u00e1inak elhelyez\u00e9se a hum\u00e1ntudom\u00e1nyok rendszer\u00e9ben a Kondukt\u00edv Pedag\u00f3giai Int\u00e9zettel szorosan egy\u00fcttm\u0171k\u00f6dve.<\/p>\n<div class=\"keretes w-100\">\n<p style=\"text-align: justify\">Pet\u0151 Andr\u00e1s m\u00f3dszer\u00e9nek egyik alapgondolata a komplexit\u00e1s, amely szerint a kondukt\u00edv nevel\u00e9snek a nap minden tev\u00e9kenys\u00e9g\u00e9t, \u00edgy a gyermekek<img loading=\"lazy\" decoding=\"async\" class=\"alignright wp-image-4371\" src=\"https:\/\/semmelweis.hu\/pak\/files\/2019\/11\/Pet\u0151_koll\u00e1zs-238x300.jpg\" alt=\"\" width=\"330\" height=\"415\" srcset=\"https:\/\/semmelweis.hu\/pak\/files\/2019\/11\/Pet\u0151_koll\u00e1zs-238x300.jpg 238w, https:\/\/semmelweis.hu\/pak\/files\/2019\/11\/Pet\u0151_koll\u00e1zs-768x966.jpg 768w, https:\/\/semmelweis.hu\/pak\/files\/2019\/11\/Pet\u0151_koll\u00e1zs-814x1024.jpg 814w, https:\/\/semmelweis.hu\/pak\/files\/2019\/11\/Pet\u0151_koll\u00e1zs-753x947.jpg 753w\" sizes=\"auto, (max-width: 330px) 100vw, 330px\" \/> oktat\u00e1s\u00e1t is \u00e1t kell hatnia. A konduktornak k\u00e9pesnek kell lennie a mozg\u00e1ss\u00e9r\u00fclt \u00f3vod\u00e1s \u00e9s a kisiskol\u00e1s kor\u00fa gyermekek oktat\u00e1s\u00e1ra, de a szabadid\u0151s tev\u00e9kenys\u00e9gek hasznos szervez\u00e9s\u00e9re is. <br \/>\nA HTI oktat\u00f3i a konduktork\u00e9pz\u00e9s iskola \u00e9s \u00f3voda specializ\u00e1ci\u00f3ihoz kapcsol\u00f3d\u00f3 tant\u00e1rgyelemek (magyar nyelv \u00e9s irodalom, besz\u00e9dm\u0171vel\u00e9s, matematika, term\u00e9szetismeret, testnevel\u00e9s, \u00e9nek-zene, vizu\u00e1lis \u00e9s technikai nevel\u00e9s, b\u00e1bj\u00e1t\u00e9k), valamint ezek metodik\u00e1j\u00e1nak oktat\u00e1s\u00e1t l\u00e1tj\u00e1k el. A pedag\u00f3giai rehabilit\u00e1ci\u00f3 specializ\u00e1ci\u00f3 k\u00e9pz\u00e9s\u00e9ben a didaktika mellett a dr\u00e1mapedag\u00f3gia, a zene \u00e9s t\u00e1nc, a vizu\u00e1lis nevel\u00e9s \u00e9s k\u00e9zm\u0171vess\u00e9g, a sport \u00e9s a parasport t\u00e9mak\u00f6r\u00f6kben vezetnek kurzusokat. A Hum\u00e1ntudom\u00e1nyi Int\u00e9zet kiemelt feladata a kondukt\u00edv pedag\u00f3giai k\u00e9pz\u00e9shez tartoz\u00f3 gyakorlatok \u00e9s a k\u00fcls\u0151 int\u00e9zm\u00e9nyekben folytatott integr\u00e1lt oktat\u00e1si gyakorlatok m\u00f3dszertan\u00e1nak, tant\u00e1rgypedag\u00f3giai vezet\u00e9se is.<\/p>\n<\/div>\n<p style=\"text-align: justify\">A Hum\u00e1ntudom\u00e1nyi Int\u00e9zet gondozza tov\u00e1bb\u00e1 a pedag\u00f3gia, a pszichol\u00f3gia \u00e9s a t\u00e1rsadalomtudom\u00e1nyok k\u00f6r\u00e9be tartoz\u00f3 tant\u00e1rgyelemeket. E tudom\u00e1nyter\u00fcletek szervesen illeszkednek a kondukt\u00edv pedag\u00f3gia elm\u00e9let\u00e9hez \u00e9s gyakorlat\u00e1hoz, ily m\u00f3don a hum\u00e1ntudom\u00e1nyok oldal\u00e1r\u00f3l alapozza meg a konduktork\u00e9pz\u00e9st. Az Egyetem Szaknyelvi Int\u00e9zet\u00e9vel egy\u00fcttm\u0171k\u00f6d\u00e9sben szervezz\u00fck az angol, francia, n\u00e9met, spanyol \u00e9s az orosz szaknyelv tanul\u00e1s\u00e1t, hogy a hallgat\u00f3k k\u00e9pess\u00e9 v\u00e1ljanak majdani munk\u00e1juk idegen nyelven t\u00f6rt\u00e9n\u0151 v\u00e9gz\u00e9s\u00e9re is. A HTI k\u00f6r\u00e9be tartoz\u00f3 szakdolgozati \u00e9s TDK-t\u00e9m\u00e1k mindennek jegy\u00e9ben k\u00edn\u00e1lnak sz\u00e9lesk\u00f6r\u0171 v\u00e1laszt\u00e1si lehet\u0151s\u00e9get. Fontosnak tartjuk a hallgat\u00f3k szellemi \u00e9s fizikai \u00e1llapot\u00e1nak jav\u00edt\u00e1s\u00e1t, \u00e1ltal\u00e1nos m\u0171velts\u00e9g\u00e9nek emel\u00e9s\u00e9t is, amelynek jelent\u0151s\u00e9ge az \u00e9rtelmis\u00e9gi attit\u0171d kialak\u00edt\u00e1sa szempontj\u00e1b\u00f3l is els\u0151rang\u00fa.<\/p>\n<p style=\"text-align: justify\">Int\u00e9zet\u00fcnk akt\u00edvan vesz r\u00e9szt a Pet\u0151 Andr\u00e1s Kar tudom\u00e1nyos kutat\u00f3munk\u00e1j\u00e1ban. A h\u00e9t <a href=\"https:\/\/semmelweis.hu\/pak\/kutatas\/kutatasi-muhelyek\/\">Kutat\u00e1si M\u0171hely<\/a> k\u00f6z\u00fcl n\u00e9gyet a Hum\u00e1ntudom\u00e1nyi Int\u00e9zet oktat\u00f3i ir\u00e1ny\u00edtanak. Kiemelt feladat tov\u00e1bb\u00e1 a hallgat\u00f3k kutat\u00e1sm\u00f3dszertani kult\u00far\u00e1j\u00e1nak kialak\u00edt\u00e1sa, amelynek jelent\u0151s\u00e9ge a kondukt\u00edv pedag\u00f3gia, mint kutat\u00f3 tudom\u00e1ny fenntart\u00e1s\u00e1nak, \u00e9s korszer\u0171s\u00f6d\u00e9s\u00e9nek tekintet\u00e9ben els\u0151rang\u00fa. Tant\u00e1rgyelemeinket, szabadon v\u00e1laszhat\u00f3 t\u00e1rgyainkat folyamatosan korszer\u0171s\u00edtj\u00fck, a kondukt\u00edv nevel\u00e9s tapasztalatinak \u00e9s a tudom\u00e1nyter\u00fcletek \u00faj eredm\u00e9nyeinek be\u00e9p\u00edt\u00e9s\u00e9vel.<\/p>\n<p style=\"text-align: justify\">A Hum\u00e1ntudom\u00e1nyi Int\u00e9zet munkat\u00e1rsai szerkeszt\u0151i \u00e9s rendszeres szerz\u0151i a Pet\u0151 Andr\u00e1s Kar online foly\u00f3irat\u00e1nak a <a href=\"https:\/\/semmelweis.hu\/pak\/kutatas\/tudomany-es-hivatas-folyoirat\/\">Tudom\u00e1ny \u00e9s Hivat\u00e1snak<\/a>.\u00a0<\/p>\n<div class=\"keretes w-100\">\n<p>Int\u00e9zetigazgat\u00f3: <strong>Dr. habil Mascher R\u00f3bert, f\u0151iskolai tan\u00e1r<br \/>\n<\/strong>C\u00edm: 1125 Budapest, K\u00fatv\u00f6lgyi \u00fat 8.\u00a0 304. szoba<br \/>\nTelefon: (1) 224-1500<br \/>\nE-mail: <a href=\"mascher.robert@semmelweis.hu\">mascher.robert@semmelweis.hu<\/a><\/p>\n<\/div>\n<hr \/>\n<p style=\"text-align: left\"><span style=\"font-size: 14pt\"><strong>A Hum\u00e1ntudom\u00e1nyi Int\u00e9zet oktat\u00f3i:<\/strong><\/span><\/p>\n<p style=\"text-align: left\"><span style=\"font-size: 14pt\"><strong><img loading=\"lazy\" decoding=\"async\" class=\"alignleft\" src=\"https:\/\/semmelweis.hu\/pak\/files\/2025\/11\/BB.jpg\" alt=\"BB\" width=\"144\" height=\"180\" \/>Balogh Brigitta Dr., <\/strong>f\u0151iskolai docens<\/span><br \/>\n<span style=\"font-size: 14pt\">305. szoba<\/span><br \/>\n<span style=\"font-size: 14pt\"><a href=\"balogh.brigitta.zsuzsanna@semmelweis.hu\">balogh.brigitta.zsuzsanna@semmelweis.hu<\/a><\/span><\/p>\n<p>&nbsp;<\/p>\n<hr \/>\n<p style=\"text-align: left\"><span style=\"font-size: 14pt\"><strong><img loading=\"lazy\" decoding=\"async\" class=\"alignleft\" src=\"https:\/\/semmelweis.hu\/pak\/files\/2025\/11\/CSG.jpg\" alt=\"CSG\" width=\"144\" height=\"180\" \/><br \/>\nCsik\u00f3s G\u00e1bor Dr., <\/strong>adjunktus<\/span><br \/>\n<span style=\"font-size: 14pt\">316. szoba<strong><br \/>\n<\/strong><a href=\"mailto:csikos.gabor@semmelweis.hu\">csikos.gabor@semmelweis.hu<\/a><\/span><\/p>\n<hr \/>\n<p style=\"text-align: left\"><span style=\"font-size: 14pt\"><strong><img loading=\"lazy\" decoding=\"async\" class=\"alignleft\" src=\"https:\/\/semmelweis.hu\/pak\/files\/2025\/11\/EA.jpg\" alt=\"E\u00c1\" width=\"144\" height=\"180\" \/>Elek \u00c1gnes, <\/strong>mesteroktat\u00f3<\/span><br \/>\n<span style=\"font-size: 14pt\">316. szoba<\/span><br \/>\n<span style=\"font-size: 14pt\"><a href=\"mailto:elek.agnes@semmelweis.hu\">elek.agnes@semmelweis.hu<\/a><\/span><\/p>\n<hr \/>\n<p style=\"text-align: left\"><span style=\"font-size: 14pt\"><strong><img loading=\"lazy\" decoding=\"async\" class=\"alignleft\" src=\"https:\/\/semmelweis.hu\/pak\/files\/2025\/11\/FT.jpg\" alt=\"FT\" width=\"144\" height=\"180\" \/><\/strong><\/span><\/p>\n<p style=\"text-align: left\"><span style=\"font-size: 14pt\"><strong>Frank Tam\u00e1s Dr.<\/strong>, adjunktus<\/span><br \/>\n<span style=\"font-size: 14pt\">303. szoba<\/span><br \/>\n<span style=\"font-size: 14pt\"><a href=\"mailto:frank.tamas.zsolt@semmelweis.hu\">frank.tamas.zsolt@semmelweis.hu<\/a><\/span><\/p>\n<p>&nbsp;<\/p>\n<hr \/>\n<p style=\"text-align: left\"><span style=\"font-size: 14pt\"><strong><img loading=\"lazy\" decoding=\"async\" class=\"alignleft\" src=\"https:\/\/semmelweis.hu\/pak\/files\/2025\/11\/HH.jpg\" alt=\"HH\" width=\"144\" height=\"180\" \/>Holl\u00f3sy Helga<\/strong>, nyelvtan\u00e1r<\/span><br \/>\n<span style=\"font-size: 14pt\">317. szoba<\/span><br \/>\n<span style=\"font-size: 14pt\"><a href=\"mailto:hollosy.helga@semmelweis.hu\">hollosy.helga@semmelweis.hu<\/a><\/span><\/p>\n<hr \/>\n<p style=\"text-align: left\"><span style=\"font-size: 14pt\"><strong><img loading=\"lazy\" decoding=\"async\" class=\"alignleft\" src=\"https:\/\/semmelweis.hu\/pak\/files\/2025\/11\/MR.jpg\" alt=\"MR\" width=\"135\" height=\"180\" \/>Mascher R\u00f3bert Dr. habil<\/strong>, f\u0151iskolai tan\u00e1r <br \/>\n<\/span><span style=\"font-size: 14pt\">(SE PAK HTI igazgat\u00f3)<\/span><br \/>\n<span style=\"font-size: 14pt\">304. szoba<\/span><br \/>\n<span style=\"font-size: 14pt\"><a href=\"mailto:mascher.robert@semmelweis.hu\">mascher.robert@semmelweis.hu<\/a><\/span><\/p>\n<hr \/>\n<p style=\"text-align: left\"><span style=\"font-size: 14pt\"><strong><img loading=\"lazy\" decoding=\"async\" class=\"alignleft\" src=\"https:\/\/semmelweis.hu\/pak\/files\/2025\/11\/ML.jpg\" alt=\"ML\" width=\"144\" height=\"180\" \/>Matos L\u00e1szl\u00f3 Dr.<\/strong>, f\u0151iskolai tan\u00e1r <br \/>\n(SE PAK Oktat\u00e1si d\u00e9k\u00e1nhelyettes)<\/span><br \/>\n<span style=\"font-size: 14pt\">B\/220. szoba<\/span><br \/>\n<span style=\"font-size: 14pt\"><a href=\"mailto:matos.laszlo@semmelweis.hu\">matos.laszlo@semmelweis.hu<\/a><\/span><\/p>\n<hr \/>\n<p style=\"text-align: left\"><span style=\"font-size: 14pt\"><strong><img loading=\"lazy\" decoding=\"async\" class=\"alignleft\" src=\"https:\/\/semmelweis.hu\/pak\/files\/2025\/11\/PAK-kutvolgyi-01.22.-portre_w-8_2.jpg\" alt=\"PE\" width=\"144\" height=\"180\" \/>P\u00e1zm\u00e1ndi Eszter, <\/strong>tan\u00e1rseg\u00e9d<\/span><br \/>\n<span style=\"font-size: 14pt\">305. szoba<strong><br \/>\n<\/strong><a href=\"mailto:pazmandi.eszter.melinda@semmelweis.hu\">pazmandi.eszter.melinda@semmelweis.hu<\/a><\/span><\/p>\n<hr \/>\n<p style=\"text-align: left\"><span style=\"font-size: 14pt\"><strong><img loading=\"lazy\" decoding=\"async\" class=\"alignleft\" src=\"https:\/\/semmelweis.hu\/pak\/files\/2025\/11\/PK.jpg\" alt=\"PK\" width=\"144\" height=\"180\" \/>Perger Katalin, <\/strong>mesteroktat\u00f3<\/span><br \/>\n<span style=\"font-size: 14pt\">317. szoba<\/span><br \/>\n<span style=\"font-size: 14pt\"><a href=\"mailto:perger.katalin1@semmelweis.hu\">perger.katalin1@semmelweis.hu<\/a><\/span><\/p>\n<hr \/>\n<p style=\"text-align: left\"><span style=\"font-size: 14pt\"><strong><img loading=\"lazy\" decoding=\"async\" class=\"alignleft\" src=\"https:\/\/semmelweis.hu\/pak\/files\/2025\/11\/PH.jpg\" alt=\"PH\" width=\"144\" height=\"180\" \/>Pint\u00e9r Henriett Dr.<\/strong>, f\u0151iskolai tan\u00e1r<\/span><br \/>\n<span style=\"font-size: 14pt\">315. szoba<\/span><br \/>\n<span style=\"font-size: 14pt\"><a href=\"mailto:pinter.henriett@semmelweis.hu\">pinter.henriett@semmelweis.hu<\/a><\/span><\/p>\n<hr \/>\n<p style=\"text-align: left\"><span style=\"font-size: 14pt\"><strong><img loading=\"lazy\" decoding=\"async\" class=\"alignleft\" src=\"https:\/\/semmelweis.hu\/pak\/files\/2025\/11\/SZZS.jpg\" alt=\"SZZS\" width=\"144\" height=\"180\" \/>Szil\u00e1rd Zsuzsanna Dr. habil<\/strong>, f\u0151iskolai tan\u00e1r\u00a0<\/span><br \/>\n<span style=\"font-size: 14pt\">305. szoba<\/span><br \/>\n<span style=\"font-size: 14pt\"><a href=\"mailto:szilard.zsuzsanna@semmelweis.hu\">szilard.zsuzsanna@semmelweis.hu<\/a><\/span><\/p>\n<hr \/>\n<p style=\"text-align: left\"><span style=\"font-size: 14pt\"><strong><img loading=\"lazy\" decoding=\"async\" class=\"alignleft\" src=\"https:\/\/semmelweis.hu\/pak\/files\/2025\/11\/TMZSA.jpg\" alt=\"ZSA\" width=\"144\" height=\"180\" \/>Dr. Tenk Mik\u00f3sn\u00e9 Dr. Zsebe Andrea<\/strong>, f\u0151iskolai tan\u00e1r <br \/>\n(SE PAK d\u00e9k\u00e1n)\u00a0<\/span><br \/>\n<span style=\"font-size: 14pt\"><a href=\"mailto:tenk.miklosne@semmelweis.hu\">tenk.miklosne@semmelweis.hu<\/a><\/span><\/p>\n<p style=\"text-align: left\">\u00a0<\/p>\n<hr \/>\n<p>A kar adminisztr\u00e1tora:<br \/>\n<strong>Mikl\u00f3s Emese, <\/strong>titk\u00e1rs\u00e1gi szak\u00e9rt\u0151 <br \/>\n147\/A szoba<br \/>\ntelefon: +36 1 224 1543\/62543<strong><br \/>\n<\/strong><a href=\"mailto:miklos.emese@semmelweis.hu\">miklos.emese@semmelweis.hu<\/a><\/p>\n<hr \/>\n<p style=\"text-align: left\"><span style=\"font-size: 14pt\">C\u00edm:<strong><br \/>\n<\/strong>Semmelweis Egyetem Pet\u0151 Andr\u00e1s Kar<\/span><br \/>\n<span style=\"font-size: 14pt\">1125 Budapest, K\u00fatv\u00f6lgyi \u00fat 8.<\/span><br \/>\n<span style=\"font-size: 14pt\">Telefon: 06-(1) 224-1500<\/span><\/p>\n","protected":false},"excerpt":{"rendered":"<p>A Hum\u00e1ntudom\u00e1nyi Int\u00e9zet (HTI) tev\u00e9kenys\u00e9g\u00e9nek bemutat\u00e1sa Az Int\u00e9zet alaptev\u00e9kenys\u00e9ge a hazai \u00e9s nemzetk\u00f6zi hallgat\u00f3k hum\u00e1ntudom\u00e1nyi m\u0171velts\u00e9g\u00e9nek alak\u00edt\u00e1sa, b\u0151v\u00edt\u00e9se, a hum\u00e1ntudom\u00e1nyok alapjainak \u00e9s leg\u00fajabb kutat\u00e1si eredm\u00e9nyeinek elsaj\u00e1t\u00edttat\u00e1sa, valamint tudom\u00e1nyos kutat\u00f3munk\u00e1k szervez\u00e9se. Tov\u00e1bbi fontos tev\u00e9kenys\u00e9ge a kondukt\u00edv pedag\u00f3gia elm\u00e9leti \u00e9s gyakorlati diszcipl\u00edn\u00e1inak elhelyez\u00e9se a hum\u00e1ntudom\u00e1nyok rendszer\u00e9ben a Kondukt\u00edv Pedag\u00f3giai Int\u00e9zettel szorosan egy\u00fcttm\u0171k\u00f6dve. Pet\u0151 Andr\u00e1s m\u00f3dszer\u00e9nek egyik alapgondolata &hellip;<\/p>\n","protected":false},"author":101407,"featured_media":0,"parent":3059,"menu_order":2,"comment_status":"closed","ping_status":"closed","template":"","meta":{"_acf_changed":false,"footnotes":""},"categories":[],"tags":[],"class_list":["post-5673","page","type-page","status-publish","hentry"],"acf":[],"_links":{"self":[{"href":"https:\/\/semmelweis.hu\/pak\/wp-json\/wp\/v2\/pages\/5673","targetHints":{"allow":["GET"]}}],"collection":[{"href":"https:\/\/semmelweis.hu\/pak\/wp-json\/wp\/v2\/pages"}],"about":[{"href":"https:\/\/semmelweis.hu\/pak\/wp-json\/wp\/v2\/types\/page"}],"author":[{"embeddable":true,"href":"https:\/\/semmelweis.hu\/pak\/wp-json\/wp\/v2\/users\/101407"}],"replies":[{"embeddable":true,"href":"https:\/\/semmelweis.hu\/pak\/wp-json\/wp\/v2\/comments?post=5673"}],"version-history":[{"count":11,"href":"https:\/\/semmelweis.hu\/pak\/wp-json\/wp\/v2\/pages\/5673\/revisions"}],"predecessor-version":[{"id":13184,"href":"https:\/\/semmelweis.hu\/pak\/wp-json\/wp\/v2\/pages\/5673\/revisions\/13184"}],"up":[{"embeddable":true,"href":"https:\/\/semmelweis.hu\/pak\/wp-json\/wp\/v2\/pages\/3059"}],"wp:attachment":[{"href":"https:\/\/semmelweis.hu\/pak\/wp-json\/wp\/v2\/media?parent=5673"}],"wp:term":[{"taxonomy":"category","embeddable":true,"href":"https:\/\/semmelweis.hu\/pak\/wp-json\/wp\/v2\/categories?post=5673"},{"taxonomy":"post_tag","embeddable":true,"href":"https:\/\/semmelweis.hu\/pak\/wp-json\/wp\/v2\/tags?post=5673"}],"curies":[{"name":"wp","href":"https:\/\/api.w.org\/{rel}","templated":true}]}}