{"id":5578,"date":"2020-12-10T15:07:12","date_gmt":"2020-12-10T14:07:12","guid":{"rendered":"https:\/\/semmelweis.hu\/pak\/?page_id=5578"},"modified":"2026-02-11T13:38:10","modified_gmt":"2026-02-11T12:38:10","slug":"kutatasetikai-kerelem","status":"publish","type":"page","link":"https:\/\/semmelweis.hu\/pak\/kutatas\/kutatasetikai-kerelem\/","title":{"rendered":"Kutat\u00e1setikai Bizotts\u00e1g"},"content":{"rendered":"<h5>\u00a0<\/h5>\n<div>\n<h4><strong>Pet\u0151 Andr\u00e1s Kar Tudom\u00e1nyos \u00e9s Kutat\u00e1setikai Bizotts\u00e1ga<\/strong><\/h4>\n<\/div>\n<div class=\"lead\">\u00a0<\/div>\n<p style=\"text-align: left\">Az etikai k\u00e9relmek beny\u00fajt\u00e1si hat\u00e1rideje:<\/p>\n<ul>\n<li>2026. febru\u00e1r 24.<\/li>\n<li>2026. m\u00e1rcius 17.<\/li>\n<li>2026. \u00e1prilis 15.<\/li>\n<li>2026. \u00e1prilis 28.<\/li>\n<li>2026. j\u00fanius 2.<\/li>\n<\/ul>\n<p>&nbsp;<\/p>\n<p><strong>Az etikai k\u00e9relmeket <em>kiz\u00e1r\u00f3lag elektronikus \u00faton<\/em> sz\u00fcks\u00e9ges beny\u00fajtani. <\/strong><\/p>\n<p><strong>A k\u00e9relmek elb\u00edr\u00e1l\u00e1s\u00e1nak felt\u00e9tele, hogy az adatlapok megfelel\u0151en kit\u00f6ltve, al\u00e1\u00edrva, szkennelve ker\u00fcljenek beny\u00fajt\u00e1sra. <\/strong>Az \u0171rlapokat<strong> m\u00f3dos\u00edt\u00e1s n\u00e9lk\u00fcl<\/strong>, a lent tal\u00e1lhat\u00f3 kit\u00f6lt\u00e9si \u00fatmutat\u00f3nak megfelel\u0151en kit\u00f6ltve kell beny\u00fajtani.<\/p>\n<p>A kutat\u00e1setikai enged\u00e9lyhez a kutat\u00e1s tartalm\u00e1t\u00f3l f\u00fcgg\u0151en sz\u00fcks\u00e9g lehet k\u00fcl\u00f6nb\u00f6z\u0151 nyilatkozatok beny\u00fajt\u00e1s\u00e1ra:<\/p>\n<ul style=\"list-style-type: square\">\n<li>Minden szem\u00e9lyes adat (adott szem\u00e9lyre vonatkoz\u00f3 b\u00e1rmely inform\u00e1ci\u00f3) szenzit\u00edv adatnak min\u0151s\u00fcl, ez\u00e9rt<b> <\/b>adatfelv\u00e9tel eset\u00e9n (bele\u00e9rtve az anonim adatfelv\u00e9telt is) sz\u00fcks\u00e9g van az<b> al\u00e1\u00edrt titoktart\u00e1si nyilatkozat<\/b> beny\u00fajt\u00e1s\u00e1ra.<\/li>\n<li>B\u00e1rmely kiskor\u00faakkal kapcsolatos adatfelv\u00e9tel, kutat\u00e1s, vizsg\u00e1lat eset\u00e9n<b> sz\u00fcl\u0151i beleegyez\u0151 nyilatkozat<\/b>, nagykor\u00fa r\u00e9sztvev\u0151k eset\u00e9n<b> r\u00e9sztvev\u0151i beleegyez\u0151 nyilatkozat <\/b>csatol\u00e1sa sz\u00fcks\u00e9ges. A nyilatkozato(ka)t <strong>a kutat\u00e1st v\u00e9gz\u0151 szem\u00e9ly \u00e1ltal al\u00e1\u00edrva<\/strong> sz\u00fcks\u00e9ges beny\u00fajtani. <strong><em>A k\u00e9relem j\u00f3v\u00e1hagy\u00e1sa eset\u00e9n a nyilatkozatot minden r\u00e9sztvev\u0151vel (kiskor\u00fa r\u00e9sztvev\u0151k eset\u00e9n \u00e9rtelemszer\u0171en a sz\u00fcl\u0151vel) sz\u00fcks\u00e9ges al\u00e1\u00edratni.<\/em><\/strong><\/li>\n<li>Amennyiben az adatfelv\u00e9tel, kutat\u00e1s valamely int\u00e9zm\u00e9nyben t\u00f6rt\u00e9nik, az int\u00e9zm\u00e9ny vezet\u0151j\u00e9nek j\u00f3v\u00e1hagy\u00e1sa sz\u00fcks\u00e9ges. Ebben az esetben a k\u00e9relemhez <strong>int\u00e9zm\u00e9nyi befogad\u00f3 nyilatkozatot<\/strong> is mell\u00e9kelni kell.<\/li>\n<\/ul>\n<p>K\u00e9rj\u00fck, hogy a szkennelt nyomtatv\u00e1nyokat <strong>egy f\u00e1jlban, pdf form\u00e1tumban<\/strong> ny\u00fajts\u00e1k be. Az <strong>al\u00e1\u00edr\u00e1s<\/strong> n\u00e9lk\u00fcl beny\u00fajtott adatlapok elutas\u00edt\u00e1sra ker\u00fclnek.<\/p>\n<p style=\"text-align: left\">K\u00e9rj\u00fck, az elb\u00edr\u00e1l\u00e1sra beny\u00fajtand\u00f3 etikai k\u00e9relmeket a <a href=\"pak.tukeb@semmelweis.hu\" target=\"_blank\" rel=\"noopener noreferrer\">pak.tukeb@semmelweis.hu <\/a>email-c\u00edmre juttass\u00e1k el.<\/p>\n<p>&nbsp;<\/p>\n<div class=\"keretes w-100\">Adatlap szakdolgozati kutat\u00e1setikai k\u00e9relmekhez:<\/p>\n<ul>\n<li><a href=\"https:\/\/semmelweis.hu\/pak\/files\/2025\/11\/adatlap_etikai_kerelem_szakdolgozoknak.docx\" target=\"_blank\" rel=\"noopener\">Adatlap szakdolgozati kutat\u00e1setikai k\u00e9relemhez<\/a>*<\/li>\n<li><a href=\"https:\/\/semmelweis.hu\/pak\/files\/2025\/01\/utmutato_etikai-kerelem.docx\" target=\"_blank\" rel=\"noopener\">Kit\u00f6lt\u00e9si \u00fatmutat\u00f3<\/a><\/li>\n<\/ul>\n<p style=\"padding-left: 40px\"><em>*A szakdolgozati kutat\u00e1setikai k\u00e9relmek beny\u00fajt\u00e1s\u00e1nak el\u0151felt\u00e9tele, hogy az ig\u00e9nyl\u0151 hallgat\u00f3 rendelkezzen a t\u00e9m\u00e1t befogad\u00f3 kutat\u00e1si m\u0171hely vezet\u0151je, illetve a szakdolgozat t\u00e9mavezet\u0151je \u00e1ltal j\u00f3v\u00e1hagyott (al\u00e1\u00edrt) kutat\u00e1si tervvel!<\/em><\/p>\n<p>&nbsp;<\/p>\n<p>Adatlap egy\u00e9b, nem szakdolgozati kutat\u00e1setikai k\u00e9relmekhez:<\/p>\n<ul>\n<li style=\"text-align: left\"><a href=\"https:\/\/semmelweis.hu\/pak\/files\/2025\/11\/adatlap_etikai_kerelem.docx\" target=\"_blank\" rel=\"noopener\">Adatlap etikai k\u00e9relem<\/a><\/li>\n<li style=\"text-align: left\"><a href=\"https:\/\/semmelweis.hu\/pak\/files\/2025\/01\/utmutato_etikai-kerelem.docx\" target=\"_blank\" rel=\"noopener\">Kit\u00f6lt\u00e9si \u00fatmutat\u00f3<\/a><\/li>\n<\/ul>\n<p>&nbsp;<\/p>\n<p>A kutat\u00e1s tartalm\u00e1t\u00f3l f\u00fcgg\u0151en beny\u00fajtand\u00f3 nyilatkozatok:<\/p>\n<ul>\n<li><a href=\"https:\/\/semmelweis.hu\/pak\/files\/2021\/09\/Titoktart\u00e1si-nyilatkozat_minta.docx\" target=\"_blank\" rel=\"noopener noreferrer\">Titoktart\u00e1si nyilatkozat<\/a><\/li>\n<li><a href=\"https:\/\/semmelweis.hu\/pak\/files\/2021\/09\/Int\u00e9zm\u00e9nyi-befogad\u00f3-nyilatkozat_minta1.doc\" target=\"_blank\" rel=\"noopener noreferrer\">Int\u00e9zm\u00e9nyi befogad\u00f3 nyilatkozat<\/a><\/li>\n<li><a href=\"https:\/\/semmelweis.hu\/pak\/files\/2021\/09\/Sz\u00fcl\u0151i-beleegyez\u0151-nyilatkozat_minta.docx\" target=\"_blank\" rel=\"noopener noreferrer\">Sz\u00fcl\u0151i hozz\u00e1j\u00e1rul\u00f3 nyilatkozat<\/a><\/li>\n<li><a href=\"https:\/\/semmelweis.hu\/pak\/files\/2025\/05\/Resztvevoi-beleegyezo-nyilatkozat_minta.docx\">R\u00e9sztvev\u0151i beleegyez\u0151 nyilatkozat<\/a><\/li>\n<\/ul>\n<\/div>\n<p>&nbsp;<\/p>\n<p>A bizotts\u00e1g <a href=\"https:\/\/semmelweis.hu\/pak\/files\/2021\/10\/Kutat\u00e1setikai-biz-\u00fcgyrend_2021_tiszt\u00e1zott.pdf\" target=\"_blank\" rel=\"noopener noreferrer\">\u00fcgyrendje<\/a> ezen a linken tekinthet\u0151 meg.<\/p>\n","protected":false},"excerpt":{"rendered":"<p>\u00a0 Pet\u0151 Andr\u00e1s Kar Tudom\u00e1nyos \u00e9s Kutat\u00e1setikai Bizotts\u00e1ga \u00a0 Az etikai k\u00e9relmek beny\u00fajt\u00e1si hat\u00e1rideje: 2026. febru\u00e1r 24. 2026. m\u00e1rcius 17. 2026. \u00e1prilis 15. 2026. \u00e1prilis 28. 2026. j\u00fanius 2. &nbsp; Az etikai k\u00e9relmeket kiz\u00e1r\u00f3lag elektronikus \u00faton sz\u00fcks\u00e9ges beny\u00fajtani. A k\u00e9relmek elb\u00edr\u00e1l\u00e1s\u00e1nak felt\u00e9tele, hogy az adatlapok megfelel\u0151en kit\u00f6ltve, al\u00e1\u00edrva, szkennelve ker\u00fcljenek beny\u00fajt\u00e1sra. Az \u0171rlapokat m\u00f3dos\u00edt\u00e1s n\u00e9lk\u00fcl, &hellip;<\/p>\n","protected":false},"author":101255,"featured_media":0,"parent":3265,"menu_order":2,"comment_status":"closed","ping_status":"closed","template":"","meta":{"_acf_changed":false,"footnotes":""},"categories":[],"tags":[],"class_list":["post-5578","page","type-page","status-publish","hentry"],"acf":[],"_links":{"self":[{"href":"https:\/\/semmelweis.hu\/pak\/wp-json\/wp\/v2\/pages\/5578","targetHints":{"allow":["GET"]}}],"collection":[{"href":"https:\/\/semmelweis.hu\/pak\/wp-json\/wp\/v2\/pages"}],"about":[{"href":"https:\/\/semmelweis.hu\/pak\/wp-json\/wp\/v2\/types\/page"}],"author":[{"embeddable":true,"href":"https:\/\/semmelweis.hu\/pak\/wp-json\/wp\/v2\/users\/101255"}],"replies":[{"embeddable":true,"href":"https:\/\/semmelweis.hu\/pak\/wp-json\/wp\/v2\/comments?post=5578"}],"version-history":[{"count":13,"href":"https:\/\/semmelweis.hu\/pak\/wp-json\/wp\/v2\/pages\/5578\/revisions"}],"predecessor-version":[{"id":13179,"href":"https:\/\/semmelweis.hu\/pak\/wp-json\/wp\/v2\/pages\/5578\/revisions\/13179"}],"up":[{"embeddable":true,"href":"https:\/\/semmelweis.hu\/pak\/wp-json\/wp\/v2\/pages\/3265"}],"wp:attachment":[{"href":"https:\/\/semmelweis.hu\/pak\/wp-json\/wp\/v2\/media?parent=5578"}],"wp:term":[{"taxonomy":"category","embeddable":true,"href":"https:\/\/semmelweis.hu\/pak\/wp-json\/wp\/v2\/categories?post=5578"},{"taxonomy":"post_tag","embeddable":true,"href":"https:\/\/semmelweis.hu\/pak\/wp-json\/wp\/v2\/tags?post=5578"}],"curies":[{"name":"wp","href":"https:\/\/api.w.org\/{rel}","templated":true}]}}