{"id":5147,"date":"2020-09-22T11:04:58","date_gmt":"2020-09-22T09:04:58","guid":{"rendered":"https:\/\/semmelweis.hu\/pak\/?page_id=5147"},"modified":"2024-06-19T11:18:38","modified_gmt":"2024-06-19T09:18:38","slug":"gyermekrehabilitacio","status":"publish","type":"page","link":"https:\/\/semmelweis.hu\/pak\/konduktiv-fejlesztes\/felnott-nevelesi-egyseg-fne\/gyermekrehabilitacio\/","title":{"rendered":"Gyermekrehabilit\u00e1ci\u00f3"},"content":{"rendered":"<h2>Gyermekrehabilit\u00e1ci\u00f3 szakrendel\u00e9s<\/h2>\n<p><strong>Munkat\u00e1rs:<\/strong> Bajnok Ildik\u00f3, konduktor<br \/>\n<strong>Rendel\u00e9s helye:<\/strong> 1125 Budapest, K\u00fatv\u00f6lgyi \u00fat 8., 1. em. 126.<br \/>\n<strong>Bejelentkez\u00e9s:<\/strong> + 36 20 313 8317<\/p>\n<p>&nbsp;<\/p>\n<h4>A habilit\u00e1ci\u00f3 \u2013 rehabilit\u00e1ci\u00f3 \u00e9rtelmez\u00e9se<\/h4>\n<h5>A habilit\u00e1ci\u00f3 \u00e1ltal\u00e1nos \u00e9rtelmez\u00e9se<\/h5>\n<p style=\"text-align: left\">A <strong>habilit\u00e1ci\u00f3<\/strong> az \u00e1ltal\u00e1ban haszn\u00e1lt fogalom szerint egyetemi mag\u00e1ntan\u00e1ri k\u00e9pes\u00edt\u00e9s. Az idegen szavak gy\u0171jtem\u00e9nye pl. ezt az egy \u00e9rtelmez\u00e9st adja. A sz\u00f3 teh\u00e1t eredeti \u00e9rtelm\u00e9ben k\u00e9pes\u00edt\u00e9st, k\u00e9pess\u00e9 tev\u00e9st jelent. Ebb\u0151l fakad az eg\u00e9szs\u00e9g\u00fcgyben haszn\u00e1lt \u00e9rtelmez\u00e9se is: a habilit\u00e1ci\u00f3 <strong>az az elj\u00e1r\u00e1s<\/strong> (k\u00e9pess\u00e9gfejleszt\u00e9s, eszk\u00f6zzel val\u00f3 ell\u00e1t\u00e1s), <strong>amelynek c\u00e9lja<\/strong> <strong>az elveszett k\u00e9pess\u00e9gek p\u00f3tl\u00e1sa.<br \/>\n<\/strong><span style=\"font-size: 1rem\">A <\/span>rehabilit\u00e1ci\u00f3<span style=\"font-size: 1rem\"> a megmaradt k\u00e9pess\u00e9gek fejleszt\u00e9s\u00e9n alapul, a habilit\u00e1ci\u00f3 m\u00e1s eszk\u00f6z\u00f6kkel az eredeti funkci\u00f3 p\u00f3tl\u00e1s\u00e1t jelenti.<\/span><\/p>\n<h5>A habilit\u00e1ci\u00f3 gy\u00f3gypedag\u00f3giai \u00e9rtelmez\u00e9se<\/h5>\n<p>Gy\u00f3gypedag\u00f3giai \u00e9rtelmez\u00e9s szerint a <strong>habilit\u00e1ci\u00f3<\/strong> a velesz\u00fcletett ok, fejl\u0151d\u00e9si rendelleness\u00e9g vagy betegs\u00e9g miatt fejl\u0151d\u00e9s\u00fckben megzavart \u00e9s ez\u00e9rt a k\u00f6z\u00f6ss\u00e9gi r\u00e9szv\u00e9telben akad\u00e1lyozott szem\u00e9lyekre ir\u00e1nyul. Olyan, a t\u00e1rsadalom \u00e1ltal biztos\u00edtott, szervezett tev\u00e9kenys\u00e9gek \u00e9s t\u00e1mogat\u00e1sok rendszere, amelyek seg\u00edts\u00e9g\u00e9vel e szem\u00e9lyeknek a k\u00f6z\u00f6ss\u00e9gi \u00e9letben val\u00f3 r\u00e9szv\u00e9tele jav\u00edthat\u00f3, kiteljes\u00edthet\u0151.<br \/>\nMivel a gy\u00f3gypedag\u00f3giai habilit\u00e1ci\u00f3ra leggyakrabban velesz\u00fcletett, vagy korai gyermekkorban keletkezett ok miatt van sz\u00fcks\u00e9g, ezt a kifejez\u00e9st r\u00e9szes\u00edtik el\u0151nyben a rehabilit\u00e1ci\u00f3val ellent\u00e9tben.<\/p>\n<hr \/>\n<h5>A rehabilit\u00e1ci\u00f3 \u00e1ltal\u00e1nos \u00e9rtelmez\u00e9se<\/h5>\n<p>A <strong>rehabilit\u00e1ci\u00f3<\/strong> olyan szervezett seg\u00edts\u00e9g, amelyre eg\u00e9szs\u00e9g\u00fckben, testi \u00e9s\/vagy szellemi \u00e9ps\u00e9g\u00fckben tart\u00f3san vagy v\u00e9glegesen k\u00e1rosodott emberek r\u00e1szorulnak a t\u00e1rsadalomba, a k\u00f6z\u00f6ss\u00e9gbe t\u00f6rt\u00e9n\u0151 visszailleszked\u00e9s\u00fck \u00e9rdek\u00e9ben.<br \/>\nOrvosi, pedag\u00f3giai, szoci\u00e1lis \u00e9s foglalkoz\u00e1si int\u00e9zked\u00e9sek koordin\u00e1lt, szem\u00e9lyre szabott \u00f6sszess\u00e9ge, melynek c\u00e9lja, hogy a rehabilit\u00e1lt egy\u00e9n boldog, \u00e9s lehet\u0151leg teljes \u00e9rt\u00e9k\u0171 polg\u00e1ra legyen a t\u00e1rsadalomnak.<\/p>\n<h5>A rehabilit\u00e1ci\u00f3 gy\u00f3gypedag\u00f3giai \u00e9rtelmez\u00e9se<\/h5>\n<p>A gy\u00f3gypedag\u00f3giai \u00e9rtelmez\u00e9s szerint a <strong>rehabilit\u00e1ci\u00f3<\/strong>: helyre\u00e1ll\u00edt\u00e1s, vissza\u00e1ll\u00edt\u00e1s; t\u00e1gabb \u00e9rtelemben minden eg\u00e9szs\u00e9g\u00fcgyi, pedag\u00f3giai \u00e9s ment\u00e1lhigi\u00e9niai tev\u00e9kenys\u00e9g, amely azt szolg\u00e1lja, hogy a saj\u00e1tos nevel\u00e9si ig\u00e9ny\u0171 gyermekeket a t\u00f6bbs\u00e9gi nevel\u00e9si, oktat\u00e1si int\u00e9zm\u00e9nyekbe, majd a t\u00f6bbs\u00e9gi t\u00e1rsadalomba min\u00e9l nagyobb sikerrel tudjuk visszahelyezni. A c\u00e9l a min\u00e9l nagyobb \u00f6n\u00e1ll\u00f3s\u00e1g el\u00e9r\u00e9se a sz\u00fcks\u00e9ges, de el\u00e9gs\u00e9ges t\u00e1mogat\u00e1s biztos\u00edt\u00e1s\u00e1val.<\/p>\n<hr \/>\n<p><strong>Koroszt\u00e1ly meghat\u00e1roz\u00e1sa: <\/strong>a gyermekrehabilit\u00e1ci\u00f3 szakrendel\u00e9s 0 &#8211; 18 \u00e9ves korig ny\u00fajt ell\u00e1t\u00e1st<\/p>\n<p><strong>Az al\u00e1bbi esetekben:<\/strong><\/p>\n<ul>\n<li>diagnosztiz\u00e1lt CP-sek<\/li>\n<li>CP t\u00fcneteit mutat\u00f3 m\u00e9g nem diagnosztiz\u00e1lt esetek<\/li>\n<li>b\u00e1rmilyen eredet\u0171 enyhe-, k\u00f6z\u00e9ps\u00falyos- \u00e9s s\u00falyos mozg\u00e1skorl\u00e1tozotts\u00e1got eredm\u00e9nyez\u0151 k\u00f3rk\u00e9pek<\/li>\n<li>mozg\u00e1skoordin\u00e1ci\u00f3s probl\u00e9m\u00e1k, mozg\u00e1sban \u00fcgyetlen,egyens\u00faly-zavarral k\u00fczd\u0151 gyermek<\/li>\n<li>DMP (progressz\u00edv izomsorvad\u00e1s)<\/li>\n<li>Spina bifida<\/li>\n<li>post traum\u00e1s baleseti s\u00e9r\u00fcltek<\/li>\n<li>SDR m\u0171t\u00e9t ut\u00e1ni rehabilit\u00e1ci\u00f3<\/li>\n<li>hiperakt\u00edv<\/li>\n<li>figyelemzavaros<\/li>\n<li>tanul\u00e1si, beilleszked\u00e9si zavarokkal, magatart\u00e1si k\u00fczd\u0151<\/li>\n<\/ul>\n<p><strong>Programok jellemz\u0151i:<\/strong><\/p>\n<ul>\n<li>egy\u00e9ni fejleszt\u00e9s<\/li>\n<li>kis csoportos (3-4 f\u0151 gyermek \u00e9s kort\u00f3l f\u00fcgg\u0151en sz\u00fcl\u0151)<\/li>\n<\/ul>\n<p><strong>\u00a0<\/strong><\/p>\n<p><a href=\"#_ftnref1\" name=\"_ftn1\"><\/a><\/p>\n<p>&nbsp;<\/p>\n","protected":false},"excerpt":{"rendered":"<p>Gyermekrehabilit\u00e1ci\u00f3 szakrendel\u00e9s Munkat\u00e1rs: Bajnok Ildik\u00f3, konduktor Rendel\u00e9s helye: 1125 Budapest, K\u00fatv\u00f6lgyi \u00fat 8., 1. em. 126. Bejelentkez\u00e9s: + 36 20 313 8317 &nbsp; A habilit\u00e1ci\u00f3 \u2013 rehabilit\u00e1ci\u00f3 \u00e9rtelmez\u00e9se A habilit\u00e1ci\u00f3 \u00e1ltal\u00e1nos \u00e9rtelmez\u00e9se A habilit\u00e1ci\u00f3 az \u00e1ltal\u00e1ban haszn\u00e1lt fogalom szerint egyetemi mag\u00e1ntan\u00e1ri k\u00e9pes\u00edt\u00e9s. Az idegen szavak gy\u0171jtem\u00e9nye pl. ezt az egy \u00e9rtelmez\u00e9st adja. A sz\u00f3 teh\u00e1t &hellip;<\/p>\n","protected":false},"author":101361,"featured_media":0,"parent":186,"menu_order":0,"comment_status":"closed","ping_status":"closed","template":"","meta":{"_acf_changed":false,"footnotes":""},"categories":[],"tags":[],"class_list":["post-5147","page","type-page","status-publish","hentry"],"acf":[],"_links":{"self":[{"href":"https:\/\/semmelweis.hu\/pak\/wp-json\/wp\/v2\/pages\/5147","targetHints":{"allow":["GET"]}}],"collection":[{"href":"https:\/\/semmelweis.hu\/pak\/wp-json\/wp\/v2\/pages"}],"about":[{"href":"https:\/\/semmelweis.hu\/pak\/wp-json\/wp\/v2\/types\/page"}],"author":[{"embeddable":true,"href":"https:\/\/semmelweis.hu\/pak\/wp-json\/wp\/v2\/users\/101361"}],"replies":[{"embeddable":true,"href":"https:\/\/semmelweis.hu\/pak\/wp-json\/wp\/v2\/comments?post=5147"}],"version-history":[{"count":7,"href":"https:\/\/semmelweis.hu\/pak\/wp-json\/wp\/v2\/pages\/5147\/revisions"}],"predecessor-version":[{"id":10479,"href":"https:\/\/semmelweis.hu\/pak\/wp-json\/wp\/v2\/pages\/5147\/revisions\/10479"}],"up":[{"embeddable":true,"href":"https:\/\/semmelweis.hu\/pak\/wp-json\/wp\/v2\/pages\/186"}],"wp:attachment":[{"href":"https:\/\/semmelweis.hu\/pak\/wp-json\/wp\/v2\/media?parent=5147"}],"wp:term":[{"taxonomy":"category","embeddable":true,"href":"https:\/\/semmelweis.hu\/pak\/wp-json\/wp\/v2\/categories?post=5147"},{"taxonomy":"post_tag","embeddable":true,"href":"https:\/\/semmelweis.hu\/pak\/wp-json\/wp\/v2\/tags?post=5147"}],"curies":[{"name":"wp","href":"https:\/\/api.w.org\/{rel}","templated":true}]}}