{"id":5144,"date":"2020-09-22T10:31:32","date_gmt":"2020-09-22T08:31:32","guid":{"rendered":"https:\/\/semmelweis.hu\/pak\/?page_id=5144"},"modified":"2025-05-13T09:54:18","modified_gmt":"2025-05-13T07:54:18","slug":"szakrendelesek","status":"publish","type":"page","link":"https:\/\/semmelweis.hu\/pak\/konduktiv-fejlesztes\/felnott-nevelesi-egyseg-fne\/szakrendelesek\/","title":{"rendered":"Szakrendel\u00e9sek"},"content":{"rendered":"<h4><strong>Az oszt\u00e1ly vezet\u0151i:<\/strong><\/h4>\n<p><strong>Prof. Dr. Sz\u0151ke Gy\u00f6rgy<br \/>\n<\/strong>oszt\u00e1lyvezet\u0151<br \/>\neg\u00e9szs\u00e9g\u00fcgyi ter\u00fclet\u00e9rt felel\u0151s vezet\u0151<\/p>\n<p><strong>Buri\u00e1n-Feh\u00e9r Anna<br \/>\n<\/strong>oszt\u00e1lyvezet\u0151<br \/>\npedag\u00f3giai rehabilit\u00e1ci\u00f3\u00e9rt felel\u0151s vezet\u0151<strong>\u00a0<\/strong><\/p>\n<div class=\"keretes w-100\">\n<h6><strong>Oszt\u00e1lyunk az al\u00e1bbi szakrendel\u00e9seket biztos\u00edtja, melyekhez el\u0151zetes bejelentkez\u00e9s \u00e9s beutal\u00f3 sz\u00fcks\u00e9ges!<\/strong><\/h6>\n<\/div>\n<h4><strong>Gyermekgy\u00f3gy\u00e1szati szakrendel\u00e9s<\/strong><\/h4>\n<p>Dr. Vig Olga<\/p>\n<p><strong>1125 Budapest, K\u00fatv\u00f6lgyi \u00fat 8.<br \/>\n<\/strong>H\u00e9tf\u0151: 09:00-13:00<\/p>\n<p><strong>1067 Budapest, Vill\u00e1nyi \u00fat 67.<br \/>\n<\/strong>H\u00e9tf\u0151-Szerda:10:00-15:00<\/p>\n<p><strong>Bejelentkez\u00e9s:\u00a0+ 36 1 224 &#8211; 1570<\/strong><\/p>\n<hr \/>\n<h4><strong>Gyermekneurol\u00f3giai szakrendel\u00e9s<\/strong><\/h4>\n<p>Dr. Vig Olga<\/p>\n<p><strong>1125 Budapest, K\u00fatv\u00f6lgyi \u00fat 8.<br \/>\n<\/strong>Szerda: 08:00-12:00<\/p>\n<p><strong>1067 Budapest, Vill\u00e1nyi \u00fat 67.<br \/>\n<\/strong>Cs\u00fct\u00f6rt\u00f6k: 14:00-16:00<\/p>\n<p><strong>Bejelentkez\u00e9s:\u00a0+ 36 1 224 &#8211; 1570<\/strong><\/p>\n<hr \/>\n<h4><strong>Ortop\u00e9diai szakrendel\u00e9s<\/strong><\/h4>\n<p>Prof. Dr. Sz\u0151ke Gy\u00f6rgy<\/p>\n<p><strong>1125 Budapest, K\u00fatv\u00f6lgyi \u00fat 8.<br \/>\n<\/strong>H\u00e9tf\u0151: 13:00-16:00 (k\u00e9thetente)<\/p>\n<p><strong>1067 Budapest, Vill\u00e1nyi \u00fat 67.<br \/>\n<\/strong>H\u00e9tf\u0151: 13:00-16:00\u00a0(k\u00e9thetente)<\/p>\n<p><strong>Bejelentkez\u00e9s:\u00a0+ 36 1 224 &#8211; 1570<\/strong><\/p>\n<hr \/>\n<h4><strong>Fog\u00e1szati szakrendel\u00e9s<\/strong><\/h4>\n<p>Dr. Juh\u00e1sz Katalin<\/p>\n<p><strong>1125 Budapest, K\u00fatv\u00f6lgyi \u00fat 8.<br \/>\n<\/strong>Cs\u00fct\u00f6rt\u00f6k: 07:00-13:00<strong>\u00a0<\/strong><\/p>\n<p><strong>1067 Budapest, Vill\u00e1nyi \u00fat 67.<br \/>\n<\/strong>H-K-Sze-P: 07:00-14:00<\/p>\n<p>Telefon: + 36 1 224 \u2013 1500\/1028<br \/>\n+ 36 1\u00a0372 7343<\/p>\n<hr \/>\n<h4><strong>Gyermekrehabilit\u00e1ci\u00f3s szakrendel\u00e9s<\/strong><\/h4>\n<p>Dr. Somogyi P\u00e9ter<\/p>\n<p><strong>1125 Budapest, K\u00fatv\u00f6lgyi \u00fat 8.<br \/>\n<\/strong>Rendel\u00e9s: el\u0151zetes egyeztet\u00e9s\/id\u0151pontfoglal\u00e1s alapj\u00e1n<\/p>\n<p>Bejelentkez\u00e9s:\u00a0+ 36 1 224 &#8211; 1570<\/p>\n<hr \/>\n<h4><strong>Feln\u0151ttrehabilit\u00e1ci\u00f3s szakrendel\u00e9s<\/strong><\/h4>\n<p>Dr. Csaba Attila<\/p>\n<p><strong>1125 Budapest, K\u00fatv\u00f6lgyi \u00fat 8.<br \/>\n<\/strong>P\u00e9ntek: 08:00-17:00<br \/>\n<em>(el\u0151re egyeztetett id\u0151pont alapj\u00e1n)<\/em><\/p>\n<p>Bejelentkez\u00e9s:\u00a0+ 36 1 224 &#8211; 1570<\/p>\n","protected":false},"excerpt":{"rendered":"<p>Az oszt\u00e1ly vezet\u0151i: Prof. Dr. Sz\u0151ke Gy\u00f6rgy oszt\u00e1lyvezet\u0151 eg\u00e9szs\u00e9g\u00fcgyi ter\u00fclet\u00e9rt felel\u0151s vezet\u0151 Buri\u00e1n-Feh\u00e9r Anna oszt\u00e1lyvezet\u0151 pedag\u00f3giai rehabilit\u00e1ci\u00f3\u00e9rt felel\u0151s vezet\u0151\u00a0 Oszt\u00e1lyunk az al\u00e1bbi szakrendel\u00e9seket biztos\u00edtja, melyekhez el\u0151zetes bejelentkez\u00e9s \u00e9s beutal\u00f3 sz\u00fcks\u00e9ges! Gyermekgy\u00f3gy\u00e1szati szakrendel\u00e9s Dr. Vig Olga 1125 Budapest, K\u00fatv\u00f6lgyi \u00fat 8. H\u00e9tf\u0151: 09:00-13:00 1067 Budapest, Vill\u00e1nyi \u00fat 67. H\u00e9tf\u0151-Szerda:10:00-15:00 Bejelentkez\u00e9s:\u00a0+ 36 1 224 &#8211; 1570 Gyermekneurol\u00f3giai &hellip;<\/p>\n","protected":false},"author":101361,"featured_media":0,"parent":186,"menu_order":0,"comment_status":"closed","ping_status":"closed","template":"","meta":{"_acf_changed":false,"footnotes":""},"categories":[],"tags":[],"class_list":["post-5144","page","type-page","status-publish","hentry"],"acf":[],"_links":{"self":[{"href":"https:\/\/semmelweis.hu\/pak\/wp-json\/wp\/v2\/pages\/5144","targetHints":{"allow":["GET"]}}],"collection":[{"href":"https:\/\/semmelweis.hu\/pak\/wp-json\/wp\/v2\/pages"}],"about":[{"href":"https:\/\/semmelweis.hu\/pak\/wp-json\/wp\/v2\/types\/page"}],"author":[{"embeddable":true,"href":"https:\/\/semmelweis.hu\/pak\/wp-json\/wp\/v2\/users\/101361"}],"replies":[{"embeddable":true,"href":"https:\/\/semmelweis.hu\/pak\/wp-json\/wp\/v2\/comments?post=5144"}],"version-history":[{"count":8,"href":"https:\/\/semmelweis.hu\/pak\/wp-json\/wp\/v2\/pages\/5144\/revisions"}],"predecessor-version":[{"id":12107,"href":"https:\/\/semmelweis.hu\/pak\/wp-json\/wp\/v2\/pages\/5144\/revisions\/12107"}],"up":[{"embeddable":true,"href":"https:\/\/semmelweis.hu\/pak\/wp-json\/wp\/v2\/pages\/186"}],"wp:attachment":[{"href":"https:\/\/semmelweis.hu\/pak\/wp-json\/wp\/v2\/media?parent=5144"}],"wp:term":[{"taxonomy":"category","embeddable":true,"href":"https:\/\/semmelweis.hu\/pak\/wp-json\/wp\/v2\/categories?post=5144"},{"taxonomy":"post_tag","embeddable":true,"href":"https:\/\/semmelweis.hu\/pak\/wp-json\/wp\/v2\/tags?post=5144"}],"curies":[{"name":"wp","href":"https:\/\/api.w.org\/{rel}","templated":true}]}}