{"id":51,"date":"2017-12-19T00:00:00","date_gmt":"2017-12-18T23:00:00","guid":{"rendered":"http:\/\/semmelweis.hu\/pak\/tudomany-es-hitvallas\/"},"modified":"2026-02-05T12:16:10","modified_gmt":"2026-02-05T11:16:10","slug":"tudomany-es-hivatas-folyoirat","status":"publish","type":"page","link":"https:\/\/semmelweis.hu\/pak\/kutatas\/tudomany-es-hivatas-folyoirat\/","title":{"rendered":"Tudom\u00e1ny \u00e9s Hivat\u00e1s szakmai foly\u00f3irat"},"content":{"rendered":"<p><strong>Impresszum: Tudom\u00e1ny \u00e9s Hivat\u00e1s &#8211; A Semmelweis Egyetem Pet\u0151 Andr\u00e1s Kar online foly\u00f3irata<\/strong><br \/>\n<strong><br \/>\nSzerkeszt\u0151bizotts\u00e1g: <\/strong><\/p>\n<ul>\n<li>F\u00f6ldesi Ren\u00e1ta<\/li>\n<li>K\u00e1llay Zs\u00f3fia<\/li>\n<li>Kollega Tarsoly Istv\u00e1n<\/li>\n<li>T\u00fari Ibolya<\/li>\n<li>Vissi T\u00edmea<\/li>\n<\/ul>\n<p><strong>F\u0151szerkeszt\u0151:<\/strong> F\u00f6ldesi Ren\u00e1ta<br \/>\n<strong>Szerkeszt\u0151:<\/strong> Kollega-Tarsoly Istv\u00e1n<br \/>\n<strong>Rovatvezet\u0151k:<\/strong><\/p>\n<ul>\n<li style=\"text-align: left\">K\u00e1llay Zs\u00f3fia (Szakmai m\u0171hely)<\/li>\n<li style=\"text-align: left\">Balogh Brigitta (Hallgat\u00f3i tehets\u00e9ggondoz\u00e1s)<\/li>\n<li style=\"text-align: left\">T\u00fari Ibolya (Tudom\u00e1nyos k\u00f6zlem\u00e9nyek)<\/li>\n<li style=\"text-align: left\">Pulay M\u00e1rk (H\u00edrek, esem\u00e9nyek)<\/li>\n<\/ul>\n<hr \/>\n<p style=\"text-align: left\"><strong>Kiad\u00f3 \u00e9s szerkeszt\u0151s\u00e9g:<\/strong><br \/>\nSemmelweis Egyetem Pet\u0151 Andr\u00e1s Kar<br \/>\n1125 Budapest, K\u00fatv\u00f6lgyi \u00fat 8.<br \/>\nTelefon: +36 1 224 1500<\/p>\n<hr \/>\n<p style=\"text-align: left\"><strong>Felel\u0151s kiad\u00f3:<\/strong> dr. Tenk Mikl\u00f3sn\u00e9 dr. Zsebe Andrea, a Semmelweis Egyetem Pet\u0151 Andr\u00e1s Kar d\u00e9k\u00e1nja<\/p>\n<hr \/>\n<p style=\"text-align: left\"><strong>Az al\u00e1bbi linken a Pet\u0151 Andr\u00e1s Kar hivatalos foly\u00f3irat\u00e1nak, a Tudom\u00e1ny \u00e9s Hivat\u00e1s c. \u00fajs\u00e1gnak internetes sz\u00e1mai olvashat\u00f3ak.<\/strong><\/p>\n<p style=\"text-align: left\"><a href=\"\/pak\/files\/2017\/12\/Tudomany_es_Hivatas_2016_junius.pdf\" target=\"_blank\" rel=\"noopener noreferrer\">I. \u00e9vf. 1. sz\u00e1m (2016)<\/a><\/p>\n<p style=\"text-align: left\"><a href=\"https:\/\/issuu.com\/petoandrasfoiskola\/docs\/tudom__ny___s_hivat__s_2\" target=\"_blank\" rel=\"noopener noreferrer\">I.\u00e9vf. 2. sz\u00e1m (2016)<\/a><\/p>\n<p style=\"text-align: left\"><a href=\"https:\/\/issuu.com\/petoandrasfoiskola\/docs\/tudom__ny___s_hivat__s_3\" target=\"_blank\" rel=\"noopener noreferrer\">II.\u00e9vf. 1. sz\u00e1m (2017)<\/a><\/p>\n<p style=\"text-align: left\"><a href=\"https:\/\/issuu.com\/petoandrasfoiskola\/docs\/tudom__ny___s_hivat__s_2017_2\" target=\"_blank\" rel=\"noopener noreferrer\">II. \u00e9vf. 2. sz\u00e1m (2017)<\/a><\/p>\n<p style=\"text-align: left\"><a href=\"https:\/\/issuu.com\/petoandrasfoiskola\/docs\/tudom_ny__s_hivat_s_2018_1a\">III. \u00e9vf. 1. sz\u00e1m (2018)<\/a><\/p>\n<p style=\"text-align: left\"><a href=\"https:\/\/semmelweis.hu\/pak\/files\/2019\/01\/Tudom\u00e1ny-\u00e9s-Hivat\u00e1s.pdf\" target=\"_blank\" rel=\"noopener\">III. \u00e9vf. 2. sz\u00e1m (2018)<\/a><\/p>\n<p style=\"text-align: left\"><a href=\"https:\/\/semmelweis.hu\/pak\/files\/2019\/06\/Tudom\u00e1ny-\u00e9s-Hivat\u00e1s_2019_1.pdf\" target=\"_blank\" rel=\"noopener noreferrer\">IV. \u00e9vf. 1. sz\u00e1m (2019)<\/a><\/p>\n<p style=\"text-align: left\"><a href=\"https:\/\/semmelweis.hu\/pak\/files\/2020\/01\/Tudom\u00e1ny-\u00e9s-Hivat\u00e1s_2019_2-2.pdf\" target=\"_blank\" rel=\"noopener noreferrer\">IV. \u00e9vf. 2. sz\u00e1m (2019)<\/a><\/p>\n<p style=\"text-align: left\"><a href=\"https:\/\/semmelweis.hu\/pak\/files\/2021\/09\/Tudom\u00e1ny-\u00e9s-Hivat\u00e1s_2020_1.pdf\" target=\"_blank\" rel=\"noopener noreferrer\">V. \u00e9vf. 1. sz\u00e1m (2020)<\/a><\/p>\n<p style=\"text-align: left\"><a href=\"https:\/\/semmelweis.hu\/pak\/files\/2021\/09\/Tudom\u00e1ny-\u00e9s-Hivat\u00e1s_2020_2.pdf\" target=\"_blank\" rel=\"noopener noreferrer\">V. \u00e9vf. 2. sz\u00e1m (2020)<\/a><\/p>\n<p style=\"text-align: left\"><a href=\"https:\/\/semmelweis.hu\/pak\/files\/2021\/06\/Tudom\u00e1ny-\u00e9s-Hivat\u00e1s_2021_1.pdf\" target=\"_blank\" rel=\"noopener noreferrer\">VI. \u00e9vf. 1. sz\u00e1m (2021)<\/a><\/p>\n<p style=\"text-align: left\"><a href=\"https:\/\/semmelweis.hu\/pak\/files\/2022\/01\/Tudomany-es-Hivatas_2021_2_kieg_UJ.pdf\" target=\"_blank\" rel=\"noopener\">VI. \u00e9vf. 2. sz\u00e1m (2021)<\/a><\/p>\n<p style=\"text-align: left\"><a href=\"https:\/\/semmelweis.hu\/pak\/files\/2022\/06\/Tudomany-es-Hivatas_2022_1_jav.pdf\" target=\"_blank\" rel=\"noopener\">VII. \u00e9vf. 1. sz\u00e1m (2022)<\/a><\/p>\n<p style=\"text-align: left\"><a href=\"https:\/\/semmelweis.hu\/pak\/files\/2023\/01\/Tudomany_es_hivatas_2022_2.pdf\" target=\"_blank\" rel=\"noopener\">VII. \u00e9vf. 2. sz\u00e1m (2022)<\/a><\/p>\n<p style=\"text-align: left\"><a href=\"https:\/\/semmelweis.hu\/pak\/files\/2023\/07\/Tudomany-es-Hivatas_2023_1.pdf\" target=\"_blank\" rel=\"noopener\">VIII. \u00e9vf. 1. sz\u00e1m (2023)<\/a><\/p>\n<p style=\"text-align: left\"><a href=\"https:\/\/semmelweis.hu\/pak\/files\/2024\/01\/Tudomany-es-Hivatas_2023_2.pdf\" target=\"_blank\" rel=\"noopener\">VIII. \u00e9vf. 2. sz\u00e1m (2023)<\/a><\/p>\n<p><a href=\"https:\/\/semmelweis.hu\/pak\/files\/2024\/07\/Tudomany-es-Hivatas_2024_1.pdf\" target=\"_blank\" rel=\"noopener\">IX. \u00e9vf. 1. sz\u00e1m (2024)<\/a><\/p>\n<p><a href=\"https:\/\/semmelweis.hu\/pak\/files\/2025\/01\/Tudomany-es-Hivatas_2024_2.pdf\" target=\"_blank\" rel=\"noopener\">IX. \u00e9vf. 2. sz\u00e1m (2024)<\/a><\/p>\n<p><a href=\"https:\/\/semmelweis.hu\/pak\/files\/2025\/07\/Tudomany-es-Hivatas_2025_1.pdf\">X. \u00e9vf. 1. sz\u00e1m (2025)<\/a><\/p>\n<p><a href=\"https:\/\/semmelweis.hu\/pak\/files\/2026\/02\/Tudomany-es-Hivatas_2025_2_szam.pdf\">X. \u00e9vf. 2. sz\u00e1m (2025)<\/a><\/p>\n","protected":false},"excerpt":{"rendered":"<p>Impresszum: Tudom\u00e1ny \u00e9s Hivat\u00e1s &#8211; A Semmelweis Egyetem Pet\u0151 Andr\u00e1s Kar online foly\u00f3irata Szerkeszt\u0151bizotts\u00e1g: F\u00f6ldesi Ren\u00e1ta K\u00e1llay Zs\u00f3fia Kollega Tarsoly Istv\u00e1n T\u00fari Ibolya Vissi T\u00edmea F\u0151szerkeszt\u0151: F\u00f6ldesi Ren\u00e1ta Szerkeszt\u0151: Kollega-Tarsoly Istv\u00e1n Rovatvezet\u0151k: K\u00e1llay Zs\u00f3fia (Szakmai m\u0171hely) Balogh Brigitta (Hallgat\u00f3i tehets\u00e9ggondoz\u00e1s) T\u00fari Ibolya (Tudom\u00e1nyos k\u00f6zlem\u00e9nyek) Pulay M\u00e1rk (H\u00edrek, esem\u00e9nyek) Kiad\u00f3 \u00e9s szerkeszt\u0151s\u00e9g: Semmelweis Egyetem Pet\u0151 Andr\u00e1s &hellip;<\/p>\n","protected":false},"author":101362,"featured_media":0,"parent":3265,"menu_order":6,"comment_status":"closed","ping_status":"closed","template":"","meta":{"_acf_changed":false,"footnotes":""},"categories":[],"tags":[],"class_list":["post-51","page","type-page","status-publish","hentry"],"acf":[],"_links":{"self":[{"href":"https:\/\/semmelweis.hu\/pak\/wp-json\/wp\/v2\/pages\/51","targetHints":{"allow":["GET"]}}],"collection":[{"href":"https:\/\/semmelweis.hu\/pak\/wp-json\/wp\/v2\/pages"}],"about":[{"href":"https:\/\/semmelweis.hu\/pak\/wp-json\/wp\/v2\/types\/page"}],"author":[{"embeddable":true,"href":"https:\/\/semmelweis.hu\/pak\/wp-json\/wp\/v2\/users\/101362"}],"replies":[{"embeddable":true,"href":"https:\/\/semmelweis.hu\/pak\/wp-json\/wp\/v2\/comments?post=51"}],"version-history":[{"count":14,"href":"https:\/\/semmelweis.hu\/pak\/wp-json\/wp\/v2\/pages\/51\/revisions"}],"predecessor-version":[{"id":13163,"href":"https:\/\/semmelweis.hu\/pak\/wp-json\/wp\/v2\/pages\/51\/revisions\/13163"}],"up":[{"embeddable":true,"href":"https:\/\/semmelweis.hu\/pak\/wp-json\/wp\/v2\/pages\/3265"}],"wp:attachment":[{"href":"https:\/\/semmelweis.hu\/pak\/wp-json\/wp\/v2\/media?parent=51"}],"wp:term":[{"taxonomy":"category","embeddable":true,"href":"https:\/\/semmelweis.hu\/pak\/wp-json\/wp\/v2\/categories?post=51"},{"taxonomy":"post_tag","embeddable":true,"href":"https:\/\/semmelweis.hu\/pak\/wp-json\/wp\/v2\/tags?post=51"}],"curies":[{"name":"wp","href":"https:\/\/api.w.org\/{rel}","templated":true}]}}